{"id":230,"date":"2023-11-28T19:02:10","date_gmt":"2023-11-28T16:02:10","guid":{"rendered":"https:\/\/tammetorubbq.ee\/?post_type=product&#038;p=230"},"modified":"2026-04-20T04:00:36","modified_gmt":"2026-04-20T01:00:36","slug":"poppamies-spg-rub-maustesekoitus","status":"publish","type":"product","link":"https:\/\/tammetorubbq.ee\/fi\/product-2\/poppamies-spg-rub-maustesekoitus\/","title":{"rendered":"Poppamies SPG Rub 200g"},"content":{"rendered":"<p>Sis\u00e4lt\u00e4\u00e4:<br \/>\nMustapippuri (36%), valkosipuli (36%), suola.<\/p>\n<p>Poppamiehe-mausteseokset valmistetaan parhaista raaka-aineista, ja ne soveltuvat erityisesti lihan kuivamarinointiin, mutta ovat my\u00f6s erinomaisia yleisi\u00e4 mausteita ruoanlaitossa.<\/p>\n<p>Poppamies RUB -mausteet ovat laktoosittomia ja gluteenittomia, eiv\u00e4tk\u00e4 ne sis\u00e4ll\u00e4 arominvahventeita.<\/p>","protected":false},"excerpt":{"rendered":"<p>Poppamien maustesekoitusten valikoimaan kuuluu legendaarinen SPG RUB -maustesekoitus, joka koostuu suolasta, mustapippurista ja valkosipulista.<\/p>\n<p>Suola-paprika-valkosipuli-mausteperinne on syv\u00e4ll\u00e4 - sit\u00e4 k\u00e4ytet\u00e4\u00e4n paljon grillauksessa ja grillimaailmassa.<\/p>\n<p>Mausta ruoka ennen kypsennyst\u00e4, hiero mausteseosta runsaasti lihan p\u00e4\u00e4lle, noin 40-50 g lihakiloa kohti.<\/p>\n<p>Kokeile sit\u00e4 kaikenlaisen kanssa ranskalaisista naudanlihapihveihin.<\/p>\n<p>SPG RUB -mausteseos sopii my\u00f6s erinomaisesti sek\u00e4 pihveille ett\u00e4 vihanneksille.<\/p>","protected":false},"featured_media":277,"comment_status":"open","ping_status":"closed","template":"","meta":{"_uf_show_specific_survey":0,"_uf_disable_surveys":false},"pwb-brand":[],"product_brand":[],"product_cat":[21],"product_tag":[176,121,319,114,122,123,119,165],"class_list":{"0":"post-230","1":"product","2":"type-product","3":"status-publish","4":"has-post-thumbnail","6":"product_cat-maitseainesegud","7":"product_tag-brisket","8":"product_tag-koogiviljad","9":"product_tag-pardi-rinnafilee","10":"product_tag-sealiha","11":"product_tag-searibi","12":"product_tag-steik","13":"product_tag-veiseliha","14":"product_tag-veiseribi","16":"first","17":"instock","18":"taxable","19":"shipping-taxable","20":"purchasable","21":"product-type-simple"},"brands":[],"_links":{"self":[{"href":"https:\/\/tammetorubbq.ee\/fi\/wp-json\/wp\/v2\/product\/230","targetHints":{"allow":["GET"]}}],"collection":[{"href":"https:\/\/tammetorubbq.ee\/fi\/wp-json\/wp\/v2\/product"}],"about":[{"href":"https:\/\/tammetorubbq.ee\/fi\/wp-json\/wp\/v2\/types\/product"}],"replies":[{"embeddable":true,"href":"https:\/\/tammetorubbq.ee\/fi\/wp-json\/wp\/v2\/comments?post=230"}],"wp:featuredmedia":[{"embeddable":true,"href":"https:\/\/tammetorubbq.ee\/fi\/wp-json\/wp\/v2\/media\/277"}],"wp:attachment":[{"href":"https:\/\/tammetorubbq.ee\/fi\/wp-json\/wp\/v2\/media?parent=230"}],"wp:term":[{"taxonomy":"pwb-brand","embeddable":true,"href":"https:\/\/tammetorubbq.ee\/fi\/wp-json\/wp\/v2\/pwb-brand?post=230"},{"taxonomy":"product_brand","embeddable":true,"href":"https:\/\/tammetorubbq.ee\/fi\/wp-json\/wp\/v2\/product_brand?post=230"},{"taxonomy":"product_cat","embeddable":true,"href":"https:\/\/tammetorubbq.ee\/fi\/wp-json\/wp\/v2\/product_cat?post=230"},{"taxonomy":"product_tag","embeddable":true,"href":"https:\/\/tammetorubbq.ee\/fi\/wp-json\/wp\/v2\/product_tag?post=230"}],"curies":[{"name":"wp","href":"https:\/\/api.w.org\/{rel}","templated":true}]}}