{"id":2305,"date":"2024-12-04T12:59:52","date_gmt":"2024-12-04T10:59:52","guid":{"rendered":"https:\/\/tammetorubbq.ee\/?post_type=product&#038;p=2305"},"modified":"2026-04-15T03:00:23","modified_gmt":"2026-04-15T00:00:23","slug":"lootn-booty-jolly-roger-jalapeno-valkosipuli-musta-rub-397g","status":"publish","type":"product","link":"https:\/\/tammetorubbq.ee\/fi\/product-2\/lootn-booty-jolly-roger-jalapeno-valkosipuli-musta-rub-397g\/","title":{"rendered":"Loot'n Booty Jolly Roger Jalapeno Garlic Black Rub 397g"},"content":{"rendered":"<p><strong>Ainesosat:<\/strong> suola, kuivattu valkosipuli ja sipuli, mausteet, jalape\u00f1ojauhe, natriumglutamaatti, aktiivihiili (kookosp\u00e4hkin\u00e4st\u00e4), worcestershire-kastike (etikka, melassi, maissisiirappi, suola, karamelliv\u00e4ri (sis\u00e4lt\u00e4\u00e4 sulfiitteja, mauste), sakkaroosia, valkosipulia, sakkaroositamarindia, luontaista aromia ja maltodekstriini\u00e4], soijakastikejauhetta (vehn\u00e4, soijapavut, suola), luontaista aromia ja enint\u00e4\u00e4n 2% trikalsiumfosfaattia paakkuuntumisen est\u00e4miseksi.<\/p>\n<p>ALLERGEENIT: Sis\u00e4lt\u00e4\u00e4 vehn\u00e4\u00e4 ja soijaa.<\/p>","protected":false},"excerpt":{"rendered":"<p><span style=\"color: #0000ff;\"><strong>SE TOIMII KAIKEN KANSSA! Kilpailussa testattu ja kotipuutarhassa testattu!<\/strong><\/span><\/p>\n<p>Loot N' Booty Jolly Roger Jalape\u00f1o &amp; Garlic Black rub on ainutlaatuinen maustesekoitus, joka tuo ruokiin mausteisen jalape\u00f1on ja valkosipulin tunnusomaisen maun.<\/p>\n<p>Mustan v\u00e4rin saa luonnollisesta aktiivihiilest\u00e4, joka on tehokasta ja tuo syvyytt\u00e4 grillattuihin ruokiin.<\/p>\n<p>Sopii erinomaisesti lihalle, kalalle, vihanneksille ja jopa erityisille v\u00e4lipaloille, sill\u00e4 se antaa kaikille ruokalajeille savuisen ja hieman mausteisen luonteen.<\/p>\n<p>&nbsp;<\/p>\n<p>T\u00e4ydellinen grillauksen yst\u00e4ville, jotka haluavat lis\u00e4t\u00e4 ruokiinsa luonnetta, ja niille, jotka etsiv\u00e4t rohkeita ja monipuolisia makuja!<\/p>\n<p><img loading=\"lazy\" decoding=\"async\" class=\"wp-image-1862\" src=\"http:\/\/tammetorubbq.ee\/wp-content\/uploads\/2024\/07\/Loot-n-Booty-logo.png\" alt=\"Loot-n-Booty-logo\" width=\"170\" height=\"170\" srcset=\"https:\/\/tammetorubbq.ee\/wp-content\/uploads\/2024\/07\/Loot-n-Booty-logo.png 300w, https:\/\/tammetorubbq.ee\/wp-content\/uploads\/2024\/07\/Loot-n-Booty-logo-150x150.png 150w, https:\/\/tammetorubbq.ee\/wp-content\/uploads\/2024\/07\/Loot-n-Booty-logo-12x12.png 12w, https:\/\/tammetorubbq.ee\/wp-content\/uploads\/2024\/07\/Loot-n-Booty-logo-64x64.png 64w\" sizes=\"auto, (max-width: 170px) 100vw, 170px\" \/><\/p>","protected":false},"featured_media":2306,"comment_status":"open","ping_status":"closed","template":"","meta":{"_uf_show_specific_survey":0,"_uf_disable_surveys":false},"pwb-brand":[98],"product_brand":[],"product_cat":[21],"product_tag":[],"class_list":{"0":"post-2305","1":"product","2":"type-product","3":"status-publish","4":"has-post-thumbnail","6":"pwb-brand-loot-n-booty-bbq","7":"product_cat-maitseainesegud","9":"first","10":"outofstock","11":"taxable","12":"shipping-taxable","13":"purchasable","14":"product-type-simple"},"brands":[{"id":98,"name":"Loot N' Booty BBQ","slug":"loot-n-booty-bbq"}],"_links":{"self":[{"href":"https:\/\/tammetorubbq.ee\/fi\/wp-json\/wp\/v2\/product\/2305","targetHints":{"allow":["GET"]}}],"collection":[{"href":"https:\/\/tammetorubbq.ee\/fi\/wp-json\/wp\/v2\/product"}],"about":[{"href":"https:\/\/tammetorubbq.ee\/fi\/wp-json\/wp\/v2\/types\/product"}],"replies":[{"embeddable":true,"href":"https:\/\/tammetorubbq.ee\/fi\/wp-json\/wp\/v2\/comments?post=2305"}],"wp:featuredmedia":[{"embeddable":true,"href":"https:\/\/tammetorubbq.ee\/fi\/wp-json\/wp\/v2\/media\/2306"}],"wp:attachment":[{"href":"https:\/\/tammetorubbq.ee\/fi\/wp-json\/wp\/v2\/media?parent=2305"}],"wp:term":[{"taxonomy":"pwb-brand","embeddable":true,"href":"https:\/\/tammetorubbq.ee\/fi\/wp-json\/wp\/v2\/pwb-brand?post=2305"},{"taxonomy":"product_brand","embeddable":true,"href":"https:\/\/tammetorubbq.ee\/fi\/wp-json\/wp\/v2\/product_brand?post=2305"},{"taxonomy":"product_cat","embeddable":true,"href":"https:\/\/tammetorubbq.ee\/fi\/wp-json\/wp\/v2\/product_cat?post=2305"},{"taxonomy":"product_tag","embeddable":true,"href":"https:\/\/tammetorubbq.ee\/fi\/wp-json\/wp\/v2\/product_tag?post=2305"}],"curies":[{"name":"wp","href":"https:\/\/api.w.org\/{rel}","templated":true}]}}