{"id":2328,"date":"2024-12-14T12:46:59","date_gmt":"2024-12-14T10:46:59","guid":{"rendered":"https:\/\/tammetorubbq.ee\/?post_type=product&#038;p=2328"},"modified":"2026-04-15T00:00:02","modified_gmt":"2026-04-14T21:00:02","slug":"saalis-nbooty-gimme-the-loot-rub-354g","status":"publish","type":"product","link":"https:\/\/tammetorubbq.ee\/fi\/product-2\/saalis-nbooty-gimme-the-loot-rub-354g\/","title":{"rendered":"Loot N'Booty Gimme THE LOOT Rub 354g"},"content":{"rendered":"<p>Ainesosat: suola, sokeri, mausteet, mukaan lukien chilipippuri, paprika, valkosipuli, sipuli, hiivauute, luonnollinen vaahtera-aromi, pekaanip\u00e4hkin\u00e4-savuaromi (torulahiiva, maltodekstriini, luonnollinen aromi (sis\u00e4lt\u00e4\u00e4 rypsi\u00f6ljy\u00e4), hiivauute, melassi, savu (sis\u00e4lt\u00e4\u00e4 auringonkukka\u00f6ljy\u00e4) ja enint\u00e4\u00e4n 2% trikalsiumfosfaattia paakkuuntumisen est\u00e4miseksi.<\/p>","protected":false},"excerpt":{"rendered":"<p>Huippuluokan makuyhdistelm\u00e4 mausteista pekaanip\u00e4hkin\u00e4\u00e4 ja makeaa vaahteraa.<\/p>\n<p>K\u00e4yt\u00e4 vapaasti sian-, naudan-, siipikarjan-, lampaan- ja merenel\u00e4ville sek\u00e4 vihanneksille.<\/p>\n<p><strong>Uskallan v\u00e4itt\u00e4\u00e4, ett\u00e4 t\u00e4m\u00e4 mausteseos on uusi suosikkimme - siin\u00e4 on kaikkea!<\/strong><\/p>\n<p>&nbsp;<\/p>\n<p><img loading=\"lazy\" decoding=\"async\" class=\"wp-image-1862\" src=\"http:\/\/tammetorubbq.ee\/wp-content\/uploads\/2024\/07\/Loot-n-Booty-logo.png\" alt=\"Loot-n-Booty-logo\" width=\"195\" height=\"195\" srcset=\"https:\/\/tammetorubbq.ee\/wp-content\/uploads\/2024\/07\/Loot-n-Booty-logo.png 300w, https:\/\/tammetorubbq.ee\/wp-content\/uploads\/2024\/07\/Loot-n-Booty-logo-150x150.png 150w, https:\/\/tammetorubbq.ee\/wp-content\/uploads\/2024\/07\/Loot-n-Booty-logo-12x12.png 12w, https:\/\/tammetorubbq.ee\/wp-content\/uploads\/2024\/07\/Loot-n-Booty-logo-64x64.png 64w\" sizes=\"auto, (max-width: 195px) 100vw, 195px\" \/><\/p>","protected":false},"featured_media":2329,"comment_status":"open","ping_status":"closed","template":"","meta":{"_uf_show_specific_survey":0,"_uf_disable_surveys":false},"pwb-brand":[98],"product_brand":[],"product_cat":[21],"product_tag":[],"class_list":{"0":"post-2328","1":"product","2":"type-product","3":"status-publish","4":"has-post-thumbnail","6":"pwb-brand-loot-n-booty-bbq","7":"product_cat-maitseainesegud","9":"first","10":"instock","11":"taxable","12":"shipping-taxable","13":"purchasable","14":"product-type-simple"},"brands":[{"id":98,"name":"Loot N' Booty BBQ","slug":"loot-n-booty-bbq"}],"_links":{"self":[{"href":"https:\/\/tammetorubbq.ee\/fi\/wp-json\/wp\/v2\/product\/2328","targetHints":{"allow":["GET"]}}],"collection":[{"href":"https:\/\/tammetorubbq.ee\/fi\/wp-json\/wp\/v2\/product"}],"about":[{"href":"https:\/\/tammetorubbq.ee\/fi\/wp-json\/wp\/v2\/types\/product"}],"replies":[{"embeddable":true,"href":"https:\/\/tammetorubbq.ee\/fi\/wp-json\/wp\/v2\/comments?post=2328"}],"wp:featuredmedia":[{"embeddable":true,"href":"https:\/\/tammetorubbq.ee\/fi\/wp-json\/wp\/v2\/media\/2329"}],"wp:attachment":[{"href":"https:\/\/tammetorubbq.ee\/fi\/wp-json\/wp\/v2\/media?parent=2328"}],"wp:term":[{"taxonomy":"pwb-brand","embeddable":true,"href":"https:\/\/tammetorubbq.ee\/fi\/wp-json\/wp\/v2\/pwb-brand?post=2328"},{"taxonomy":"product_brand","embeddable":true,"href":"https:\/\/tammetorubbq.ee\/fi\/wp-json\/wp\/v2\/product_brand?post=2328"},{"taxonomy":"product_cat","embeddable":true,"href":"https:\/\/tammetorubbq.ee\/fi\/wp-json\/wp\/v2\/product_cat?post=2328"},{"taxonomy":"product_tag","embeddable":true,"href":"https:\/\/tammetorubbq.ee\/fi\/wp-json\/wp\/v2\/product_tag?post=2328"}],"curies":[{"name":"wp","href":"https:\/\/api.w.org\/{rel}","templated":true}]}}