{"id":2334,"date":"2024-12-14T13:06:38","date_gmt":"2024-12-14T11:06:38","guid":{"rendered":"https:\/\/tammetorubbq.ee\/?post_type=product&#038;p=2334"},"modified":"2026-04-14T18:01:21","modified_gmt":"2026-04-14T15:01:21","slug":"killer-hogs-hot-bbq-rub-340g","status":"publish","type":"product","link":"https:\/\/tammetorubbq.ee\/fi\/product-2\/killer-hogs-hot-bbq-rub-340g\/","title":{"rendered":"Killer Hogs Hot BBQ Rub 340g"},"content":{"rendered":"<p>Ainesosat: suola, sokeri, mausteet, ruskea sokeri, paprika, valkosipulin kuivattu valkosipuli, sipulin kuivattu sipuli, dinatriuminosinaatti ja -guanylaatti, oleoresiinipaprika ja alle 2% trikalsiumfosfaattia paakkuuntumisen est\u00e4miseksi.<\/p>\n<p>Ei sis\u00e4ll\u00e4 gluteenia!<\/p>","protected":false},"excerpt":{"rendered":"<p>Et voita grillimestaruutta, jos et tied\u00e4 mit\u00e4\u00e4n lihan maustamisesta!<\/p>\n<p><span style=\"color: #ff9900;\"><strong>\"Color With a Kick\"<\/strong><\/span><\/p>\n<p>Malcolm Reed ja h\u00e4nen BBQ-tiimins\u00e4 Killer Hogs ovat koonneet juuri sinua varten Hot BBQ rubin - voimakkaan sekoituksen suolaisia, makeita ja mausteisia makuja, joita parhaat grillimestarit k\u00e4ytt\u00e4v\u00e4t t\u00e4\u00e4ll\u00e4 Euroopassa ja valtameren toisella puolella.<\/p>\n<p>Etk\u00e4 tietenk\u00e4\u00e4n voi unohtaa kaunista mahonginv\u00e4rist\u00e4 v\u00e4ri\u00e4, jonka t\u00e4m\u00e4 rub antaa herkulliselle sian-, naudan-, merenel\u00e4ville tai siipikarjalle.<\/p>\n<p>&nbsp;<\/p>\n<p><img loading=\"lazy\" decoding=\"async\" class=\"wp-image-2335\" src=\"http:\/\/tammetorubbq.ee\/wp-content\/uploads\/2024\/12\/Killer-Hogs-logo-300x300.webp\" alt=\"Killer hogs logo\" width=\"120\" height=\"120\" srcset=\"https:\/\/tammetorubbq.ee\/wp-content\/uploads\/2024\/12\/Killer-Hogs-logo-300x300.webp 300w, https:\/\/tammetorubbq.ee\/wp-content\/uploads\/2024\/12\/Killer-Hogs-logo-150x150.webp 150w, https:\/\/tammetorubbq.ee\/wp-content\/uploads\/2024\/12\/Killer-Hogs-logo-768x768.webp 768w, https:\/\/tammetorubbq.ee\/wp-content\/uploads\/2024\/12\/Killer-Hogs-logo-12x12.webp 12w, https:\/\/tammetorubbq.ee\/wp-content\/uploads\/2024\/12\/Killer-Hogs-logo-600x600.webp 600w, https:\/\/tammetorubbq.ee\/wp-content\/uploads\/2024\/12\/Killer-Hogs-logo-64x64.webp 64w, https:\/\/tammetorubbq.ee\/wp-content\/uploads\/2024\/12\/Killer-Hogs-logo.webp 800w\" sizes=\"auto, (max-width: 120px) 100vw, 120px\" \/><\/p>","protected":false},"featured_media":2903,"comment_status":"open","ping_status":"closed","template":"","meta":{"_uf_show_specific_survey":0,"_uf_disable_surveys":false},"pwb-brand":[103],"product_brand":[],"product_cat":[21],"product_tag":[],"class_list":{"0":"post-2334","1":"product","2":"type-product","3":"status-publish","4":"has-post-thumbnail","6":"pwb-brand-killer-hogs-bbq","7":"product_cat-maitseainesegud","9":"first","10":"instock","11":"taxable","12":"shipping-taxable","13":"purchasable","14":"product-type-simple"},"brands":[{"id":103,"name":"Killer Hogs BBQ","slug":"killer-hogs-bbq"}],"_links":{"self":[{"href":"https:\/\/tammetorubbq.ee\/fi\/wp-json\/wp\/v2\/product\/2334","targetHints":{"allow":["GET"]}}],"collection":[{"href":"https:\/\/tammetorubbq.ee\/fi\/wp-json\/wp\/v2\/product"}],"about":[{"href":"https:\/\/tammetorubbq.ee\/fi\/wp-json\/wp\/v2\/types\/product"}],"replies":[{"embeddable":true,"href":"https:\/\/tammetorubbq.ee\/fi\/wp-json\/wp\/v2\/comments?post=2334"}],"wp:featuredmedia":[{"embeddable":true,"href":"https:\/\/tammetorubbq.ee\/fi\/wp-json\/wp\/v2\/media\/2903"}],"wp:attachment":[{"href":"https:\/\/tammetorubbq.ee\/fi\/wp-json\/wp\/v2\/media?parent=2334"}],"wp:term":[{"taxonomy":"pwb-brand","embeddable":true,"href":"https:\/\/tammetorubbq.ee\/fi\/wp-json\/wp\/v2\/pwb-brand?post=2334"},{"taxonomy":"product_brand","embeddable":true,"href":"https:\/\/tammetorubbq.ee\/fi\/wp-json\/wp\/v2\/product_brand?post=2334"},{"taxonomy":"product_cat","embeddable":true,"href":"https:\/\/tammetorubbq.ee\/fi\/wp-json\/wp\/v2\/product_cat?post=2334"},{"taxonomy":"product_tag","embeddable":true,"href":"https:\/\/tammetorubbq.ee\/fi\/wp-json\/wp\/v2\/product_tag?post=2334"}],"curies":[{"name":"wp","href":"https:\/\/api.w.org\/{rel}","templated":true}]}}