{"id":2398,"date":"2025-01-15T18:57:47","date_gmt":"2025-01-15T16:57:47","guid":{"rendered":"https:\/\/tammetorubbq.ee\/?post_type=product&#038;p=2398"},"modified":"2026-04-29T22:00:06","modified_gmt":"2026-04-29T19:00:06","slug":"heath-riles-cajun-creole-valkosipulivoi-rub-326g","status":"publish","type":"product","link":"https:\/\/tammetorubbq.ee\/fi\/toode\/heath-riles-cajun-creole-garlic-butter-rub-326g\/","title":{"rendered":"Heath Riles Cajun Creole Valkosipulivoi Rub 326g"},"content":{"rendered":"<p><strong>Ainesosat<\/strong>: suola, mausteet, sokeri, kuivattu valkosipuli, kuivattu sipuli, luonnollinen voiaromi (heran kuiva-aine, entsyymimuunneltu voi, maltodekstriini, kuivattu voi, guarkumi, kurkuma), paprika, kuivattu persilja, kuivattu punainen paprika, jalapenojauhe, soija\u00f6ljy, beetakaroteeni, annatto-uute ja alle 2% kalsiumsilikaattia paakkuuntumisen est\u00e4miseksi.<\/p>\n<p><strong>Sis\u00e4lt\u00e4\u00e4<\/strong>: maito ja soija.<\/p>","protected":false},"excerpt":{"rendered":"<p>Heath Rilesin Cajun Creole -valkosipulivoi on herkullinen maustesekoitus, jossa yhdistyv\u00e4t Cajun- ja kreolikeitti\u00f6n mausteet ja Heath Rilesin tunnettu valkosipulivoi.<\/p>\n<p>T\u00e4m\u00e4 sekoitus tuo lounasaikaan mausteista makua erilaisiin ruokiin.<\/p>\n<p>Cajun Creole -valkosipulivoi sopii t\u00e4ydellisesti t\u00e4ydent\u00e4m\u00e4\u00e4n merenel\u00e4vi\u00e4, kalaa, kanaa, pihvej\u00e4, hampurilaisia, vihanneksia tai mit\u00e4 ikin\u00e4 haluatkaan, sill\u00e4 se antaa niille erityist\u00e4 Cajun-maustetta s\u00e4ilytt\u00e4en samalla rikkaan voisen maun, joka tekee alkuper\u00e4isest\u00e4 valkosipulivoista niin rakastetun.<\/p>\n<p><img loading=\"lazy\" decoding=\"async\" class=\"alignnone  wp-image-5481\" src=\"https:\/\/tammetorubbq.ee\/wp-content\/uploads\/2024\/02\/Heath-Riles-Logo-SQ-300x300.png\" alt=\"\" width=\"166\" height=\"166\" srcset=\"https:\/\/tammetorubbq.ee\/wp-content\/uploads\/2024\/02\/Heath-Riles-Logo-SQ-300x300.png 300w, https:\/\/tammetorubbq.ee\/wp-content\/uploads\/2024\/02\/Heath-Riles-Logo-SQ-150x150.png 150w, https:\/\/tammetorubbq.ee\/wp-content\/uploads\/2024\/02\/Heath-Riles-Logo-SQ-768x768.png 768w, https:\/\/tammetorubbq.ee\/wp-content\/uploads\/2024\/02\/Heath-Riles-Logo-SQ-12x12.png 12w, https:\/\/tammetorubbq.ee\/wp-content\/uploads\/2024\/02\/Heath-Riles-Logo-SQ-600x600.png 600w, https:\/\/tammetorubbq.ee\/wp-content\/uploads\/2024\/02\/Heath-Riles-Logo-SQ-64x64.png 64w, https:\/\/tammetorubbq.ee\/wp-content\/uploads\/2024\/02\/Heath-Riles-Logo-SQ.png 1000w\" sizes=\"auto, (max-width: 166px) 100vw, 166px\" \/><\/p>","protected":false},"featured_media":2709,"comment_status":"open","ping_status":"closed","template":"","meta":{"_uf_show_specific_survey":0,"_uf_disable_surveys":false},"pwb-brand":[84],"product_brand":[],"product_cat":[21],"product_tag":[347],"class_list":{"0":"post-2398","1":"product","2":"type-product","3":"status-publish","4":"has-post-thumbnail","6":"pwb-brand-heath-riles","7":"product_cat-maitseainesegud","8":"product_tag-heath-riles","10":"first","11":"outofstock","12":"taxable","13":"shipping-taxable","14":"purchasable","15":"product-type-simple"},"brands":[{"id":84,"name":"Heath Riles","slug":"heath-riles"}],"_links":{"self":[{"href":"https:\/\/tammetorubbq.ee\/fi\/wp-json\/wp\/v2\/product\/2398","targetHints":{"allow":["GET"]}}],"collection":[{"href":"https:\/\/tammetorubbq.ee\/fi\/wp-json\/wp\/v2\/product"}],"about":[{"href":"https:\/\/tammetorubbq.ee\/fi\/wp-json\/wp\/v2\/types\/product"}],"replies":[{"embeddable":true,"href":"https:\/\/tammetorubbq.ee\/fi\/wp-json\/wp\/v2\/comments?post=2398"}],"wp:featuredmedia":[{"embeddable":true,"href":"https:\/\/tammetorubbq.ee\/fi\/wp-json\/wp\/v2\/media\/2709"}],"wp:attachment":[{"href":"https:\/\/tammetorubbq.ee\/fi\/wp-json\/wp\/v2\/media?parent=2398"}],"wp:term":[{"taxonomy":"pwb-brand","embeddable":true,"href":"https:\/\/tammetorubbq.ee\/fi\/wp-json\/wp\/v2\/pwb-brand?post=2398"},{"taxonomy":"product_brand","embeddable":true,"href":"https:\/\/tammetorubbq.ee\/fi\/wp-json\/wp\/v2\/product_brand?post=2398"},{"taxonomy":"product_cat","embeddable":true,"href":"https:\/\/tammetorubbq.ee\/fi\/wp-json\/wp\/v2\/product_cat?post=2398"},{"taxonomy":"product_tag","embeddable":true,"href":"https:\/\/tammetorubbq.ee\/fi\/wp-json\/wp\/v2\/product_tag?post=2398"}],"curies":[{"name":"wp","href":"https:\/\/api.w.org\/{rel}","templated":true}]}}