{"id":2402,"date":"2025-01-15T19:46:00","date_gmt":"2025-01-15T17:46:00","guid":{"rendered":"https:\/\/tammetorubbq.ee\/?post_type=product&#038;p=2402"},"modified":"2026-04-15T00:00:13","modified_gmt":"2026-04-14T21:00:13","slug":"big-poppa-little-louies-valkosipuli-pippurihieronta-411g","status":"publish","type":"product","link":"https:\/\/tammetorubbq.ee\/fi\/product-2\/big-poppa-little-louies-valkosipuli-pippurihieronta-411g\/","title":{"rendered":"Big Poppa Little Louies valkosipuli-paprika Rub 411g"},"content":{"rendered":"<p><strong>Ainesosat<\/strong>: suola, sokeri, kuivattu valkosipuli ja sipuli, mustapippuri, paprika (v\u00e4ri), selleriuutteet, mauste, maissit\u00e4rkkelys, kurkuma (v\u00e4ri), paprikauutteet (v\u00e4ri) ja enint\u00e4\u00e4n 2% trikalsiumfosfaattia paakkuuntumisen est\u00e4miseksi.<\/p>","protected":false},"excerpt":{"rendered":"<p><strong>Big Poppa Little Louie`s Valkosipulipippuri on hyv\u00e4\u00e4 kaikkeen. <\/strong><\/p>\n<p><span style=\"color: #ff0000;\"><strong>Oikeasti!<\/strong><\/span><\/p>\n<p>Little Louie's on parannettu versio tavallisesta valkosipulisuolasta Big Poppa`s kehitti t\u00e4m\u00e4n tuotteen klassista rib-resepti\u00e4 silm\u00e4ll\u00e4 pit\u00e4en.<\/p>\n<p>Valkosipuli, suola ja pippuri tai <strong>SPG<\/strong>! Se on yksi markkinoiden parhaista perusmausteista ja erinomainen yleismauste.<\/p>\n<p>Little Louie's SPG tuo esiin sianlihan, ribsien, kanan ja naudan puhtaat maut.<\/p>\n<p>Little Louie's SPG tarjoaa tasapainoisen ja herkullisen sekoituksen kaikkia tuntemiasi ja rakastamiasi klassisia ainesosia: suolaa, pippuria ja valkosipulia.<\/p>\n<p>Yhdess\u00e4 n\u00e4m\u00e4 mausteet parantavat mink\u00e4 tahansa ruoan makua.<\/p>\n<p>Yleismauste on syy siihen, miksi BBQ-ammattilaiset ja takapihojen BBQ-mestarit ja kokit ovat luopuneet valkosipulisuolasta ja korvanneet sen Little Louie's -mausteseoksella.<\/p>\n<p><img loading=\"lazy\" decoding=\"async\" class=\"wp-image-1557\" src=\"http:\/\/tammetorubbq.ee\/wp-content\/uploads\/2024\/03\/Big-Poppa-Smokers-Logo-Vector-300x225.webp\" alt=\"Big Poppa Smokers\" width=\"197\" height=\"148\" srcset=\"https:\/\/tammetorubbq.ee\/wp-content\/uploads\/2024\/03\/Big-Poppa-Smokers-Logo-Vector-300x225.webp 300w, https:\/\/tammetorubbq.ee\/wp-content\/uploads\/2024\/03\/Big-Poppa-Smokers-Logo-Vector-768x576.webp 768w, https:\/\/tammetorubbq.ee\/wp-content\/uploads\/2024\/03\/Big-Poppa-Smokers-Logo-Vector-16x12.webp 16w, https:\/\/tammetorubbq.ee\/wp-content\/uploads\/2024\/03\/Big-Poppa-Smokers-Logo-Vector-600x450.webp 600w, https:\/\/tammetorubbq.ee\/wp-content\/uploads\/2024\/03\/Big-Poppa-Smokers-Logo-Vector-64x48.webp 64w, https:\/\/tammetorubbq.ee\/wp-content\/uploads\/2024\/03\/Big-Poppa-Smokers-Logo-Vector.webp 866w\" sizes=\"auto, (max-width: 197px) 100vw, 197px\" \/><\/p>\n<p>&nbsp;<\/p>","protected":false},"featured_media":2404,"comment_status":"open","ping_status":"closed","template":"","meta":{"_uf_show_specific_survey":0,"_uf_disable_surveys":false},"pwb-brand":[80],"product_brand":[],"product_cat":[21],"product_tag":[],"class_list":{"0":"post-2402","1":"product","2":"type-product","3":"status-publish","4":"has-post-thumbnail","6":"pwb-brand-big-poppas","7":"product_cat-maitseainesegud","9":"first","10":"outofstock","11":"taxable","12":"shipping-taxable","13":"purchasable","14":"product-type-simple"},"brands":[{"id":80,"name":"Big Poppa's","slug":"big-poppas"}],"_links":{"self":[{"href":"https:\/\/tammetorubbq.ee\/fi\/wp-json\/wp\/v2\/product\/2402","targetHints":{"allow":["GET"]}}],"collection":[{"href":"https:\/\/tammetorubbq.ee\/fi\/wp-json\/wp\/v2\/product"}],"about":[{"href":"https:\/\/tammetorubbq.ee\/fi\/wp-json\/wp\/v2\/types\/product"}],"replies":[{"embeddable":true,"href":"https:\/\/tammetorubbq.ee\/fi\/wp-json\/wp\/v2\/comments?post=2402"}],"wp:featuredmedia":[{"embeddable":true,"href":"https:\/\/tammetorubbq.ee\/fi\/wp-json\/wp\/v2\/media\/2404"}],"wp:attachment":[{"href":"https:\/\/tammetorubbq.ee\/fi\/wp-json\/wp\/v2\/media?parent=2402"}],"wp:term":[{"taxonomy":"pwb-brand","embeddable":true,"href":"https:\/\/tammetorubbq.ee\/fi\/wp-json\/wp\/v2\/pwb-brand?post=2402"},{"taxonomy":"product_brand","embeddable":true,"href":"https:\/\/tammetorubbq.ee\/fi\/wp-json\/wp\/v2\/product_brand?post=2402"},{"taxonomy":"product_cat","embeddable":true,"href":"https:\/\/tammetorubbq.ee\/fi\/wp-json\/wp\/v2\/product_cat?post=2402"},{"taxonomy":"product_tag","embeddable":true,"href":"https:\/\/tammetorubbq.ee\/fi\/wp-json\/wp\/v2\/product_tag?post=2402"}],"curies":[{"name":"wp","href":"https:\/\/api.w.org\/{rel}","templated":true}]}}