{"id":2413,"date":"2025-01-17T12:28:29","date_gmt":"2025-01-17T10:28:29","guid":{"rendered":"https:\/\/tammetorubbq.ee\/?post_type=product&#038;p=2413"},"modified":"2026-04-14T18:00:04","modified_gmt":"2026-04-14T15:00:04","slug":"frankys-pork-prank-bbq-rub-750g","status":"publish","type":"product","link":"https:\/\/tammetorubbq.ee\/fi\/product-2\/frankys-pork-prank-bbq-rub-750g\/","title":{"rendered":"Franky's Pork Prank BBQ Rub 750g"},"content":{"rendered":"<p><strong>Ainesosat<\/strong>: sokeri, suola, yrtit\/mausteet (pippuri, juustokumina, oregano, paprika, kaneli, laakerinlehdet, chili, persilja), kuivatut kasvikset (valkosipuli, sipuli), kasvi\u00f6ljy (auringonkukka), aromi, arominvahventeet E621, v\u00e4ri E160c, paakkuuntumisenestoaine E551.<\/p>","protected":false},"excerpt":{"rendered":"<p>Franky's Pork Prank on loistava rub sianlihalle - mukavan makea ja mausteinen (vaatimattomalla cayenne-potkulla).<\/p>\n<p>Sopii erinomaisesti porsaankyljyksiin tai pulled porkiin, mutta my\u00f6s kanaan, ranskalaisiin - lyhyesti sanottuna mihin tahansa, koska se on yleisk\u00e4ytt\u00f6inen mauste.<\/p>\n<p><span style=\"color: #0000ff;\"><strong>Palkittu yleismauste sianlihalle!<\/strong><\/span><\/p>\n<p>Franky's Pork Prank on Bughouse Smokers -tiimin j\u00e4senen ja BBQ-ON:n perustajan Frank Klijnin idea.<\/p>\n<p><img loading=\"lazy\" decoding=\"async\" class=\"wp-image-2415\" src=\"http:\/\/www.tammetorubbq.ee\/wp-content\/uploads\/2025\/01\/Frankys-Pork-Prank-BBQ-On-229x300.webp\" alt=\"Frankyn sianlihapila (BBQ-On)\" width=\"154\" height=\"202\" srcset=\"https:\/\/tammetorubbq.ee\/wp-content\/uploads\/2025\/01\/Frankys-Pork-Prank-BBQ-On-229x300.webp 229w, https:\/\/tammetorubbq.ee\/wp-content\/uploads\/2025\/01\/Frankys-Pork-Prank-BBQ-On-9x12.webp 9w, https:\/\/tammetorubbq.ee\/wp-content\/uploads\/2025\/01\/Frankys-Pork-Prank-BBQ-On-600x786.webp 600w, https:\/\/tammetorubbq.ee\/wp-content\/uploads\/2025\/01\/Frankys-Pork-Prank-BBQ-On-64x84.webp 64w, https:\/\/tammetorubbq.ee\/wp-content\/uploads\/2025\/01\/Frankys-Pork-Prank-BBQ-On.webp 720w\" sizes=\"auto, (max-width: 154px) 100vw, 154px\" \/><\/p>","protected":false},"featured_media":2414,"comment_status":"open","ping_status":"closed","template":"","meta":{"_uf_show_specific_survey":0,"_uf_disable_surveys":false},"pwb-brand":[],"product_brand":[],"product_cat":[21],"product_tag":[],"class_list":{"0":"post-2413","1":"product","2":"type-product","3":"status-publish","4":"has-post-thumbnail","6":"product_cat-maitseainesegud","8":"first","9":"instock","10":"taxable","11":"shipping-taxable","12":"purchasable","13":"product-type-simple"},"brands":[],"_links":{"self":[{"href":"https:\/\/tammetorubbq.ee\/fi\/wp-json\/wp\/v2\/product\/2413","targetHints":{"allow":["GET"]}}],"collection":[{"href":"https:\/\/tammetorubbq.ee\/fi\/wp-json\/wp\/v2\/product"}],"about":[{"href":"https:\/\/tammetorubbq.ee\/fi\/wp-json\/wp\/v2\/types\/product"}],"replies":[{"embeddable":true,"href":"https:\/\/tammetorubbq.ee\/fi\/wp-json\/wp\/v2\/comments?post=2413"}],"wp:featuredmedia":[{"embeddable":true,"href":"https:\/\/tammetorubbq.ee\/fi\/wp-json\/wp\/v2\/media\/2414"}],"wp:attachment":[{"href":"https:\/\/tammetorubbq.ee\/fi\/wp-json\/wp\/v2\/media?parent=2413"}],"wp:term":[{"taxonomy":"pwb-brand","embeddable":true,"href":"https:\/\/tammetorubbq.ee\/fi\/wp-json\/wp\/v2\/pwb-brand?post=2413"},{"taxonomy":"product_brand","embeddable":true,"href":"https:\/\/tammetorubbq.ee\/fi\/wp-json\/wp\/v2\/product_brand?post=2413"},{"taxonomy":"product_cat","embeddable":true,"href":"https:\/\/tammetorubbq.ee\/fi\/wp-json\/wp\/v2\/product_cat?post=2413"},{"taxonomy":"product_tag","embeddable":true,"href":"https:\/\/tammetorubbq.ee\/fi\/wp-json\/wp\/v2\/product_tag?post=2413"}],"curies":[{"name":"wp","href":"https:\/\/api.w.org\/{rel}","templated":true}]}}