{"id":2417,"date":"2025-01-17T12:56:10","date_gmt":"2025-01-17T10:56:10","guid":{"rendered":"https:\/\/tammetorubbq.ee\/?post_type=product&#038;p=2417"},"modified":"2026-04-15T05:00:07","modified_gmt":"2026-04-15T02:00:07","slug":"etelaisen-hollannin-alkuperainen-bbq-kastike-500ml","status":"publish","type":"product","link":"https:\/\/tammetorubbq.ee\/fi\/product-2\/etelaisen-hollannin-alkuperainen-bbq-kastike-500ml\/","title":{"rendered":"Southern Dutch Original BBQ-kastike 500ml"},"content":{"rendered":"<p><strong>Ainesosat<\/strong>: tomusokeri, vesi, kasvikset (tomaattipyree, valkosipulijauhe, sipulijauhe, paprika), sokeri, dekstroosi, siiderietikka (sis\u00e4lt\u00e4\u00e4 sulfiitteja), suola, melassi, yrtit\/mausteet (mustapippuri, paprika), chilipippuri, kaneli, persilja, neilikka, fenkoli), etikka, happo (E325, E270), muunnettu t\u00e4rkkelys (maissi), sakeuttamisaine (E412), s\u00e4il\u00f6nt\u00e4aine, savusokeri, luontainen aromi, aromi.<\/p>\n<p>&nbsp;<\/p>\n<p><strong>Kes on Southern Dutch BBQ<\/strong><\/p>\n<p class=\"\" data-start=\"24\" data-end=\"609\">Southern Dutch BBQ on Tom Raesin ja Dorine van Geffenin yhteinen projekti. T\u00e4m\u00e4 vahva tandem aloitti matkansa vuonna 2012 blogilla, jossa he jakavat BBQ-seikkailunsa maailman kanssa. Halu oppia kaikkea amerikkalaisesta grillauksesta johti heid\u00e4t KCBS (Kansas City Barbeque Society) -kilpailuun. Vuonna 2013 he osallistuivat ensimm\u00e4iseen kilpailuunsa - ja siit\u00e4 tuli k\u00e4\u00e4nnekohta. Siit\u00e4 l\u00e4htien he ovat tempautuneet mukaan kilpailullisen grillauksen maailmaan ja osallistuvat kilpailuihin eri puolilla maailmaa pyrkien aina tarjoamaan parhaan ja maukkaimman valikoiman niin tuomareille kuin hyville yst\u00e4villeenkin.<\/p>\n<p class=\"\" data-start=\"611\" data-end=\"748\"><em>Halu kehitty\u00e4 joka p\u00e4iv\u00e4 paremmaksi on johtanut siihen, ett\u00e4 Tom ja Dorine ovat saaneet opastusta joiltakin Yhdysvaltojen parhaista BBQ-mestareista, kuten Tuffy Stonelta ja Travis Clarkilta.<\/em><\/p>\n<p class=\"\" data-start=\"750\" data-end=\"1093\">Nyky\u00e4\u00e4n heid\u00e4n teht\u00e4v\u00e4n\u00e4\u00e4n on el\u00e4\u00e4 ja hengitt\u00e4\u00e4 BBQ:ta joka p\u00e4iv\u00e4 ja tuoda intohimonsa ja tietonsa kaikille, jotka ovat kiinnostuneita kulttuurista, urheilusta tai vain hyv\u00e4st\u00e4 ruoasta. Grillaaminen ja kilpaileminen ei ole heille vain harrastus - se on el\u00e4m\u00e4ntapa. BBQ on vienyt heid\u00e4t paikkoihin, joihin he eiv\u00e4t muuten koskaan menisi, ja luonut elinik\u00e4isi\u00e4 yst\u00e4vyyssuhteita.<\/p>","protected":false},"excerpt":{"rendered":"<p class=\"\" data-start=\"0\" data-end=\"43\"><strong data-start=\"0\" data-end=\"43\">Southern Dutch BBQ \"Alkuper\u00e4inen BBQ-kastike\"<\/strong><\/p>\n<p class=\"\" data-start=\"45\" data-end=\"357\"><strong><em>Klassinen, t\u00e4ytel\u00e4isen makuinen BBQ-kastike<\/em><\/strong>, jota tukee maailmankuulu tiimi kilpailun takana. <strong data-start=\"136\" data-end=\"158\">Southern Dutch BBQ<\/strong>. Alkuper\u00e4isess\u00e4 BBQ-kastikkeessa yhdistyv\u00e4t <em>tasapainoinen makeus, hieman savuinen vivahde ja hienovarainen mausteisuus tekev\u00e4t siit\u00e4 t\u00e4ydellisen lisukkeen mink\u00e4 tahansa lihan kanssa.<\/em> - olipa kyseess\u00e4 sitten ribsit, kana, hampurilainen tai pulled pork.<\/p>\n<p class=\"\" data-start=\"359\" data-end=\"541\">T\u00e4m\u00e4 kastike on luotu samojen periaatteiden mukaisesti, jotka ovat tehneet Tom Raesista ja Dorine van Geffenist\u00e4 menestyksekk\u00e4it\u00e4 BBQ-kilpailuissa ymp\u00e4ri maailmaa - aito maku, rehelliset raaka-aineet ja intohimo grillaamiseen.<\/p>\n<ul data-start=\"557\" data-end=\"808\">\n<li class=\"\" data-start=\"557\" data-end=\"615\">\n<p class=\"\" data-start=\"559\" data-end=\"615\">Klassinen BBQ-maku, jossa on makea ja savuinen tasapaino.<\/p>\n<\/li>\n<li class=\"\" data-start=\"616\" data-end=\"697\">\n<p class=\"\" data-start=\"618\" data-end=\"697\">Sopii erinomaisesti sianlihan, kanan, naudanlihan ja grillattujen vihannesten kanssa.<\/p>\n<\/li>\n<li class=\"\" data-start=\"698\" data-end=\"754\">\n<p class=\"\" data-start=\"700\" data-end=\"754\">Kilpailulaatua, sopii my\u00f6s kaikille kotigrillin harrastajille.<\/p>\n<\/li>\n<li class=\"\" data-start=\"755\" data-end=\"808\">\n<p class=\"\" data-start=\"757\" data-end=\"808\">Tehty rakkaudesta amerikkalaiseen BBQ-kulttuuriin<\/p>\n<\/li>\n<\/ul>\n<p>Sopii t\u00e4ydellisesti Southern Dutch -mausteseosten kanssa, kuten \"<strong><a href=\"https:\/\/tammetorubbq.ee\/fi\/product-2\/southern-dutch-bbq-a-pinch-of-heat-rub-275g\/\">Ripaus l\u00e4mp\u00f6\u00e4<\/a><\/strong>\" kyll\u00e4 \"<strong><a href=\"https:\/\/tammetorubbq.ee\/fi\/product-2\/southern-dutch-bbq-a-touch-of-sweet-rub-290g\/\">A Touch of Sweet<\/a><\/strong>&#8220;.<\/p>\n<p><strong>T\u00e4ydenn\u00e4 BBQ-arsenaaliasi Southern Dutch Original -kastikkeella - sill\u00e4 todellinen kokemus alkaa hyv\u00e4st\u00e4 kastikkeesta!<\/strong><\/p>\n<p><em><strong>Etel\u00e4-Hollanti on Euroopan viime vuosien menestynein BBQ-joukkue.<\/strong><\/em><\/p>\n<p><img loading=\"lazy\" decoding=\"async\" class=\"alignnone wp-image-2012\" src=\"http:\/\/tammetorubbq.ee\/wp-content\/uploads\/2024\/11\/southern-dutch-bbq.svg\" alt=\"Southern Dutch BBQ\" width=\"150\" height=\"54\" \/><\/p>","protected":false},"featured_media":2418,"comment_status":"open","ping_status":"closed","template":"","meta":{"_uf_show_specific_survey":0,"_uf_disable_surveys":false},"pwb-brand":[174],"product_brand":[],"product_cat":[22],"product_tag":[138,118,166,114,122],"class_list":{"0":"post-2417","1":"product","2":"type-product","3":"status-publish","4":"has-post-thumbnail","6":"pwb-brand-southern-dutch-bbq","7":"product_cat-kastmed-ja-marinaadid","8":"product_tag-burger","9":"product_tag-kanaliha","10":"product_tag-rebitudliha","11":"product_tag-sealiha","12":"product_tag-searibi","14":"first","15":"outofstock","16":"taxable","17":"shipping-taxable","18":"purchasable","19":"product-type-simple"},"brands":[{"id":174,"name":"Southern Dutch BBQ","slug":"southern-dutch-bbq"}],"_links":{"self":[{"href":"https:\/\/tammetorubbq.ee\/fi\/wp-json\/wp\/v2\/product\/2417","targetHints":{"allow":["GET"]}}],"collection":[{"href":"https:\/\/tammetorubbq.ee\/fi\/wp-json\/wp\/v2\/product"}],"about":[{"href":"https:\/\/tammetorubbq.ee\/fi\/wp-json\/wp\/v2\/types\/product"}],"replies":[{"embeddable":true,"href":"https:\/\/tammetorubbq.ee\/fi\/wp-json\/wp\/v2\/comments?post=2417"}],"wp:featuredmedia":[{"embeddable":true,"href":"https:\/\/tammetorubbq.ee\/fi\/wp-json\/wp\/v2\/media\/2418"}],"wp:attachment":[{"href":"https:\/\/tammetorubbq.ee\/fi\/wp-json\/wp\/v2\/media?parent=2417"}],"wp:term":[{"taxonomy":"pwb-brand","embeddable":true,"href":"https:\/\/tammetorubbq.ee\/fi\/wp-json\/wp\/v2\/pwb-brand?post=2417"},{"taxonomy":"product_brand","embeddable":true,"href":"https:\/\/tammetorubbq.ee\/fi\/wp-json\/wp\/v2\/product_brand?post=2417"},{"taxonomy":"product_cat","embeddable":true,"href":"https:\/\/tammetorubbq.ee\/fi\/wp-json\/wp\/v2\/product_cat?post=2417"},{"taxonomy":"product_tag","embeddable":true,"href":"https:\/\/tammetorubbq.ee\/fi\/wp-json\/wp\/v2\/product_tag?post=2417"}],"curies":[{"name":"wp","href":"https:\/\/api.w.org\/{rel}","templated":true}]}}