{"id":242,"date":"2023-11-28T19:20:17","date_gmt":"2023-11-28T16:20:17","guid":{"rendered":"https:\/\/tammetorubbq.ee\/?post_type=product&#038;p=242"},"modified":"2026-04-19T20:00:49","modified_gmt":"2026-04-19T17:00:49","slug":"yleinen-tex-mex-bbq-mausteseos","status":"publish","type":"product","link":"https:\/\/tammetorubbq.ee\/fi\/product-2\/yleinen-tex-mex-bbq-mausteseos\/","title":{"rendered":"A&amp;O The General Rub 200g"},"content":{"rendered":"<p>Ainesosat:<br \/>\nSokeri, suola, kuivattu chili, savupaprika, paprika, mustapippuri, sipulijauhe, kuivattu valkosipuli, fenkolinsiemenet, korianterijauhe, yrtit, oregano, laakerinlehti.<\/p>","protected":false},"excerpt":{"rendered":"<p>The General voi olla suosikkimausteesi grilliruoalle tai jopa yksinkertaiselle hampurilaiselle.<br \/>\nSe sopii erinomaisesti my\u00f6s ribseille ja sianlihalle.<\/p>\n<p>Sopii erinomaisesti naudan-, sian-, lampaan- ja kananlihalle sek\u00e4 vihanneksille.<\/p>\n<p>Gluteeniton<br \/>\nSopii vegaaneille<\/p>\n<p>Ei sis\u00e4ll\u00e4 keinotekoisia v\u00e4riaineita, keinotekoisia aromeja, paakkuuntumisenestoaineita tai s\u00e4il\u00f6nt\u00e4aineita.<\/p>","protected":false},"featured_media":263,"comment_status":"open","ping_status":"closed","template":"","meta":{"_uf_show_specific_survey":0,"_uf_disable_surveys":false},"pwb-brand":[105],"product_brand":[],"product_cat":[20,21],"product_tag":[118,121,114,122,123,119,165],"class_list":{"0":"post-242","1":"product","2":"type-product","3":"status-publish","4":"has-post-thumbnail","6":"pwb-brand-angus-oink","7":"product_cat-kampaania","8":"product_cat-maitseainesegud","9":"product_tag-kanaliha","10":"product_tag-koogiviljad","11":"product_tag-sealiha","12":"product_tag-searibi","13":"product_tag-steik","14":"product_tag-veiseliha","15":"product_tag-veiseribi","17":"first","18":"instock","19":"sale","20":"taxable","21":"shipping-taxable","22":"purchasable","23":"product-type-simple"},"brands":[{"id":105,"name":"Angus &amp; Oink","slug":"angus-oink"}],"_links":{"self":[{"href":"https:\/\/tammetorubbq.ee\/fi\/wp-json\/wp\/v2\/product\/242","targetHints":{"allow":["GET"]}}],"collection":[{"href":"https:\/\/tammetorubbq.ee\/fi\/wp-json\/wp\/v2\/product"}],"about":[{"href":"https:\/\/tammetorubbq.ee\/fi\/wp-json\/wp\/v2\/types\/product"}],"replies":[{"embeddable":true,"href":"https:\/\/tammetorubbq.ee\/fi\/wp-json\/wp\/v2\/comments?post=242"}],"wp:featuredmedia":[{"embeddable":true,"href":"https:\/\/tammetorubbq.ee\/fi\/wp-json\/wp\/v2\/media\/263"}],"wp:attachment":[{"href":"https:\/\/tammetorubbq.ee\/fi\/wp-json\/wp\/v2\/media?parent=242"}],"wp:term":[{"taxonomy":"pwb-brand","embeddable":true,"href":"https:\/\/tammetorubbq.ee\/fi\/wp-json\/wp\/v2\/pwb-brand?post=242"},{"taxonomy":"product_brand","embeddable":true,"href":"https:\/\/tammetorubbq.ee\/fi\/wp-json\/wp\/v2\/product_brand?post=242"},{"taxonomy":"product_cat","embeddable":true,"href":"https:\/\/tammetorubbq.ee\/fi\/wp-json\/wp\/v2\/product_cat?post=242"},{"taxonomy":"product_tag","embeddable":true,"href":"https:\/\/tammetorubbq.ee\/fi\/wp-json\/wp\/v2\/product_tag?post=242"}],"curies":[{"name":"wp","href":"https:\/\/api.w.org\/{rel}","templated":true}]}}