{"id":2430,"date":"2025-02-06T13:07:57","date_gmt":"2025-02-06T11:07:57","guid":{"rendered":"https:\/\/tammetorubbq.ee\/?post_type=product&#038;p=2430"},"modified":"2026-04-17T00:00:03","modified_gmt":"2026-04-16T21:00:03","slug":"kamado-joe-yhdistetty-iso-joe","status":"publish","type":"product","link":"https:\/\/tammetorubbq.ee\/fi\/product-2\/kamado-joe-yhdistetty-iso-joe\/","title":{"rendered":"Kamado Joe Konnected Big Joe"},"content":{"rendered":"<h2>GRILLAUKSEN TULEVAISUUS - KONNECTED JOE\u2122 DIGITAALINEN KERAAMINEN HIILIGRILLI JA SAVUSTIN YHDESS\u00c4!<\/h2>\n<p>Koe uusi keraamisen grillauksen aikakausi Kamado Joe Konnected Joe\u2122 -digitaalisella hiiligrillill\u00e4. Konnected Joe\u2122 tekee grillin sytytt\u00e4misest\u00e4 helppoa. Sytyt\u00e4 hiilet yksinkertaisesti painamalla Automatic Fire Start (AFS\u2122) -painiketta. Aseta haluamasi kypsennysl\u00e4mp\u00f6tila digitaalisella Kontrol Board\u2122-ohjauspaneelilla\u2122 tai Kamado Joe -sovelluksella ja anna Kontrol Fan\u2122 -tuulettimen tehd\u00e4 loput ty\u00f6st\u00e4. Monien kypsennystoimintojen ansiosta Konnected Joe\u2122 antaa sinun nauttia Kamado grillauksesta parhaimmillaan. Automaattinen kypsennystila tarjoaa t\u00e4yden digitaalisen hallinnan, tai kokeile klassista tilaa ilman automatiikkaa perinteist\u00e4 Kamado-kokemusta varten.<\/p>\n<h2>T\u00c4YNN\u00c4 OMINAISUUKSIA!<\/h2>\n<ul>\n<li>Keraaminen grilli WiFi<\/li>\n<li>AFS (Automatic Fire Starter) -painike, jolla hiilet voidaan sytytt\u00e4\u00e4 v\u00e4litt\u00f6m\u00e4sti.<\/li>\n<li>Digitaalinen ohjauspaneeli l\u00e4mp\u00f6tilakuvaajia, varoituksia ja useita kypsennystiloja varten.<\/li>\n<li>Kamado Joe -sovelluksella voit asettaa l\u00e4mp\u00f6tilan ja ajan, seurata lihan ominaisuuksia ja l\u00f6yt\u00e4\u00e4 uusia reseptej\u00e4.<\/li>\n<li>Kontrol Fan yll\u00e4pit\u00e4\u00e4 automaattisesti haluamasi l\u00e4mp\u00f6tilan 107 \u00b0C:sta 370 \u00b0C:een.<\/li>\n<li>Automaattinen kypsennystila digitaalisesti yhdistetty\u00e4 kypsennyst\u00e4 varten tai manuaalinen kypsennystila perinteist\u00e4 kamadogrillausta varten.<\/li>\n<li>Kontrol Tower\u2122 -tuuletin yll\u00e4pit\u00e4\u00e4 tasaisen ilmavirran, kun kansi avataan ja suljetaan.<\/li>\n<li>Sis\u00e4lt\u00e4\u00e4 nostokahvat grillin helppoa ja turvallista nostamista varten.<\/li>\n<li>Air Lift\u2122-sarana v\u00e4hent\u00e4\u00e4 merkitt\u00e4v\u00e4sti kupolin eli grillikannen painoa.<\/li>\n<li>2-tasoinen Divide &amp; Conquer -monitoimikeittoj\u00e4rjestelm\u00e4 eri ruokien kypsennykseen eri l\u00e4mp\u00f6tiloissa.<\/li>\n<li>Raskas ja tukeva jauhemaalattu ter\u00e4srunko, jossa on lukittavat py\u00f6r\u00e4t.<\/li>\n<li>Muut mukana tulevat ominaisuudet ja lis\u00e4varusteet: ruostumattomasta ter\u00e4ksest\u00e4 valmistettu kannen tulppa, Advanced Multi-panel (AMP) -tulipes\u00e4, ruostumattomasta ter\u00e4ksest\u00e4 valmistetut keittotelineet, taitettavat alumiiniset sivuhyllyt, grilliritil\u00e4n nostin tai pihdit grilliritil\u00e4n nostamista varten, tuhka-astia, l\u00e4mp\u00f6levyt (puolikuun muotoiset kivilevyt), lis\u00e4varusteena k\u00e4ytett\u00e4v\u00e4 kela ja 1 lihanerotin.<\/li>\n<li>Konnected Joe\u2122 on yhteensopiva kentt\u00e4keitti\u00f6iden kanssa, eli sit\u00e4 voidaan k\u00e4ytt\u00e4\u00e4 my\u00f6s niin sanotuissa \"kentt\u00e4keitti\u00f6iss\u00e4\".\u00a0<em>Stand Alone<\/em>'na. Katso lis\u00e4tietoja k\u00e4ytt\u00f6oppaasta.<\/li>\n<li>Yhteensopiva Classic\/Big Joe\u2122 -suojien ja lis\u00e4varusteiden kanssa, mutta ei hiilikorin kanssa.<\/li>\n<\/ul>\n<p>L\u00e4mp\u00f6tila-alue: 100\u00b0C - 400\u00b0C<\/p>\n<p><strong>Garantii<\/strong> &#8211; Kamado Joe keraamilistele osadele kehtib piiratud eluaegne garantii (garantiitingimused: <strong><a href=\"https:\/\/tammetorubbq.ee\/wp-content\/uploads\/2026\/02\/Kamado_Joe_garantii.pdf\">katso t\u00e4st\u00e4<\/a><\/strong>); mukaan lukien keraamiset laatat, l\u00e4mp\u00f6heijastimet ja tiivistyslaatat 3 vuotta; metalli ja valurauta 5 vuotta; l\u00e4mp\u00f6mittari ja tiivisteet 1 vuosi.<\/p>\n<p>&nbsp;<\/p>\n<div style=\"width: 1920px;\" class=\"wp-video\"><video class=\"wp-video-shortcode\" id=\"video-2430-1\" width=\"1920\" height=\"1080\" preload=\"metadata\" controls=\"controls\"><source type=\"video\/mp4\" src=\"http:\/\/tammetorubbq.ee\/wp-content\/uploads\/2025\/02\/Kamado-Joe-\u00ae-KONNECTED-BIG-JOE\u2122_1.mp4?_=1\" \/><a href=\"http:\/\/tammetorubbq.ee\/wp-content\/uploads\/2025\/02\/Kamado-Joe-\u00ae-KONNECTED-BIG-JOE\u2122_1.mp4\">http:\/\/tammetorubbq.ee\/wp-content\/uploads\/2025\/02\/Kamado-Joe-\u00ae-KONNECTED-BIG-JOE\u2122_1.mp4<\/a><\/video><\/div>\n<p>&nbsp;<\/p>\n<div style=\"width: 1920px;\" class=\"wp-video\"><video class=\"wp-video-shortcode\" id=\"video-2430-2\" width=\"1920\" height=\"1080\" preload=\"metadata\" controls=\"controls\"><source type=\"video\/mp4\" src=\"http:\/\/tammetorubbq.ee\/wp-content\/uploads\/2025\/02\/Kamado-Joe-\u00ae-KONNECTED-BIG-JOE\u2122.mp4?_=2\" \/><a href=\"http:\/\/tammetorubbq.ee\/wp-content\/uploads\/2025\/02\/Kamado-Joe-\u00ae-KONNECTED-BIG-JOE\u2122.mp4\">http:\/\/tammetorubbq.ee\/wp-content\/uploads\/2025\/02\/Kamado-Joe-\u00ae-KONNECTED-BIG-JOE\u2122.mp4<\/a><\/video><\/div>\n<p>&nbsp;<\/p>","protected":false},"excerpt":{"rendered":"<h4>Kaasa kingitus + TASUTA tarne.<\/h4>\n<h3><strong>Kamado Joe \u00ae KONNECTED BIG JOE\u2122 - Digitaalinen keraaminen grilliuuni\u00a0<\/strong><\/h3>\n<ul>\n<li>BIG JOE KONNECTED - enemm\u00e4n tilaa, enemm\u00e4n ruokaa, enemm\u00e4n ihmisi\u00e4, enemm\u00e4n seikkailuja!<\/li>\n<li>T\u00e4h\u00e4nastinen suosikkisi on ollut Konnected Joe Classic - nyt on aika vied\u00e4 se seuraavalle tasolle. Esittelyss\u00e4 on Konnected Big Joe, joka tuo saman, peli\u00e4 muuttavan \u00e4lykk\u00e4\u00e4n grillausteknologian entist\u00e4 suurempaan mittakaavaan. Suurempi kypsennyskapasiteetti antaa sinulle vapauden hallita jokaista tilannetta - yksityisist\u00e4 illallisista eeppisiin puutarhajuhliin.<\/li>\n<li>Koe ensimm\u00e4isten joukossa ulkokeitt\u00e4misen uusi ulottuvuus!<\/li>\n<li>UUSI innovatiivinen ainutlaatuinen Kamado Big Joe digitaalinen keraaminen grilli:\n<ul>\n<li>Maailman parasta laatua! Paras vastine rahalle!<\/li>\n<li>Ylivoimaisesti paras valinta keraamisissa grilleiss\u00e4!<\/li>\n<li>Sytytet\u00e4\u00e4n puuhiili napista!<\/li>\n<li>Yhteyden muodostaminen sovellukseen!<\/li>\n<li>Digitaalinen ohjauspaneeli!<\/li>\n<li>Graafinen tabloo l\u00e4mp\u00f6tilan s\u00e4\u00e4t\u00f6\u00e4 varten!<\/li>\n<\/ul>\n<\/li>\n<\/ul>\n<p>Kindlasti soovitame ka juurde osta\u00a0<a href=\"https:\/\/tammetorubbq.ee\/fi\/product-2\/kamado-joe-big-ilmastikukindel-grillikate\/\"><strong>ilmastikukindla grillikatte<\/strong><\/a>\u00a0mis pakub usaldusv\u00e4\u00e4rset kaitset vihma, lume, p\u00e4ikese ja mustuse eest, pikendades grilli eluiga ning hoides selle puhtana j\u00e4rgmiseks kasutuskorraks.<\/p>\n<p><span style=\"color: #000000;\"><strong>Oleme tootja Kamado Joe ametlik esindaja, edasim\u00fc\u00fcja Eestis!<\/strong><\/span><\/p>\n<p><img loading=\"lazy\" decoding=\"async\" class=\"wp-image-1531\" src=\"http:\/\/tammetorubbq.ee\/wp-content\/uploads\/2024\/03\/kamado-joe-logo-300x40.webp\" alt=\"Kamado Joe -logo\" width=\"218\" height=\"29\" srcset=\"https:\/\/tammetorubbq.ee\/wp-content\/uploads\/2024\/03\/kamado-joe-logo-300x40.webp 300w, https:\/\/tammetorubbq.ee\/wp-content\/uploads\/2024\/03\/kamado-joe-logo-768x104.webp 768w, https:\/\/tammetorubbq.ee\/wp-content\/uploads\/2024\/03\/kamado-joe-logo-18x2.webp 18w, https:\/\/tammetorubbq.ee\/wp-content\/uploads\/2024\/03\/kamado-joe-logo-600x81.webp 600w, https:\/\/tammetorubbq.ee\/wp-content\/uploads\/2024\/03\/kamado-joe-logo-64x9.webp 64w, https:\/\/tammetorubbq.ee\/wp-content\/uploads\/2024\/03\/kamado-joe-logo.webp 1024w\" sizes=\"auto, (max-width: 218px) 100vw, 218px\" \/><\/p>\n<p><a href=\"https:\/\/tammetorubbq.ee\/fi\/maksa-myohemmin\/\"><strong>OSTA NYT, MAKSA MY\u00d6HEMMIN<\/strong><\/a>\u00a0- korotonta!<\/p>\n<p><img loading=\"lazy\" decoding=\"async\" class=\"alignnone wp-image-2646\" src=\"http:\/\/tammetorubbq.ee\/wp-content\/uploads\/2023\/12\/inbank-wordmark.png\" alt=\"Inbank\" width=\"167\" height=\"75\" srcset=\"https:\/\/tammetorubbq.ee\/wp-content\/uploads\/2023\/12\/inbank-wordmark.png 300w, https:\/\/tammetorubbq.ee\/wp-content\/uploads\/2023\/12\/inbank-wordmark-18x8.png 18w, https:\/\/tammetorubbq.ee\/wp-content\/uploads\/2023\/12\/inbank-wordmark-64x29.png 64w\" sizes=\"auto, (max-width: 167px) 100vw, 167px\" \/><\/p>\n<p>Tarjoamme my\u00f6s mahdollisuuden maksaa my\u00f6hemmin - yhdess\u00e4, kahdessa tai kolmessa samansuuruisessa er\u00e4ss\u00e4 ilman korkoa tai lis\u00e4maksua.<\/p>\n<p>L\u00f6yd\u00e4t valikoiman eri maksuvaihtoehtoja ostoskoristamme.<\/p>\n<h5><\/h5>","protected":false},"featured_media":2432,"comment_status":"open","ping_status":"closed","template":"","meta":{"_uf_show_specific_survey":0,"_uf_disable_surveys":false},"pwb-brand":[69],"product_brand":[],"product_cat":[55],"product_tag":[126,326,316,127,346,78],"class_list":{"0":"post-2430","1":"product","2":"type-product","3":"status-publish","4":"has-post-thumbnail","6":"pwb-brand-kamado-joe","7":"product_cat-keraamilised-grillid","8":"product_tag-kamado-joe","9":"product_tag-kamado-joe-big-joe","10":"product_tag-kamado-joe-keraamiline-grill","11":"product_tag-keraamilised-grillid","12":"product_tag-konnected-joe","13":"product_tag-soegrill","15":"first","16":"instock","17":"taxable","18":"shipping-taxable","19":"purchasable","20":"product-type-simple"},"brands":[{"id":69,"name":"Kamado Joe","slug":"kamado-joe"}],"_links":{"self":[{"href":"https:\/\/tammetorubbq.ee\/fi\/wp-json\/wp\/v2\/product\/2430","targetHints":{"allow":["GET"]}}],"collection":[{"href":"https:\/\/tammetorubbq.ee\/fi\/wp-json\/wp\/v2\/product"}],"about":[{"href":"https:\/\/tammetorubbq.ee\/fi\/wp-json\/wp\/v2\/types\/product"}],"replies":[{"embeddable":true,"href":"https:\/\/tammetorubbq.ee\/fi\/wp-json\/wp\/v2\/comments?post=2430"}],"wp:featuredmedia":[{"embeddable":true,"href":"https:\/\/tammetorubbq.ee\/fi\/wp-json\/wp\/v2\/media\/2432"}],"wp:attachment":[{"href":"https:\/\/tammetorubbq.ee\/fi\/wp-json\/wp\/v2\/media?parent=2430"}],"wp:term":[{"taxonomy":"pwb-brand","embeddable":true,"href":"https:\/\/tammetorubbq.ee\/fi\/wp-json\/wp\/v2\/pwb-brand?post=2430"},{"taxonomy":"product_brand","embeddable":true,"href":"https:\/\/tammetorubbq.ee\/fi\/wp-json\/wp\/v2\/product_brand?post=2430"},{"taxonomy":"product_cat","embeddable":true,"href":"https:\/\/tammetorubbq.ee\/fi\/wp-json\/wp\/v2\/product_cat?post=2430"},{"taxonomy":"product_tag","embeddable":true,"href":"https:\/\/tammetorubbq.ee\/fi\/wp-json\/wp\/v2\/product_tag?post=2430"}],"curies":[{"name":"wp","href":"https:\/\/api.w.org\/{rel}","templated":true}]}}