{"id":254,"date":"2023-11-29T08:33:25","date_gmt":"2023-11-29T05:33:25","guid":{"rendered":"https:\/\/tammetorubbq.ee\/?post_type=product&#038;p=254"},"modified":"2026-04-16T19:00:04","modified_gmt":"2026-04-16T16:00:04","slug":"musta-kulta-spg-rommi-mausteseos","status":"publish","type":"product","link":"https:\/\/tammetorubbq.ee\/fi\/product-2\/musta-kulta-spg-rommi-mausteseos\/","title":{"rendered":"A&amp;O Black Gold SPG Rub 215g"},"content":{"rendered":"<p><strong>Ainesosat:<\/strong> Suola, mustapippuri, savusuola, valkosipulirakeet, sellerisuola (selleri), luontainen aromi, muskottip\u00e4hkin\u00e4, etikkajauhe, natriumglutamaatti, dinatriuminosinaatti, aktiivihiili.<\/p>","protected":false},"excerpt":{"rendered":"<h5><strong>Supercharged SPG (sool, pipar, k\u00fc\u00fcslauk)<\/strong><\/h5>\n<p data-start=\"92\" data-end=\"220\">See maitseainesegu loodi \u00fche eesm\u00e4rgiga \u2013 viia teie veiseliha kogemus t\u00e4iesti uuele tasemele!<\/p>\n<p data-start=\"222\" data-end=\"416\">J\u00f5uline, umami-rikas segu, mis loob liha pinnale intensiivse kooriku ja s\u00fcgava, t\u00e4idlase maitsealuse. Ideaalne neile, kes hindavad mahlast ja t\u00e4idlase iseloomuga liha, ilma liigse keerukuseta.<\/p>\n<p>GLUTEENIVABA<\/p>\n<p><img loading=\"lazy\" decoding=\"async\" class=\"alignnone  wp-image-279\" src=\"https:\/\/tammetorubbq.ee\/wp-content\/uploads\/2023\/11\/Angus-Oink.png\" alt=\"\" width=\"171\" height=\"171\" srcset=\"https:\/\/tammetorubbq.ee\/wp-content\/uploads\/2023\/11\/Angus-Oink.png 225w, https:\/\/tammetorubbq.ee\/wp-content\/uploads\/2023\/11\/Angus-Oink-150x150.png 150w, https:\/\/tammetorubbq.ee\/wp-content\/uploads\/2023\/11\/Angus-Oink-12x12.png 12w, https:\/\/tammetorubbq.ee\/wp-content\/uploads\/2023\/11\/Angus-Oink-64x64.png 64w\" sizes=\"auto, (max-width: 171px) 100vw, 171px\" \/><\/p>","protected":false},"featured_media":272,"comment_status":"open","ping_status":"closed","template":"","meta":{"_uf_show_specific_survey":0,"_uf_disable_surveys":false},"pwb-brand":[],"product_brand":[],"product_cat":[21],"product_tag":[123,119,165],"class_list":{"0":"post-254","1":"product","2":"type-product","3":"status-publish","4":"has-post-thumbnail","6":"product_cat-maitseainesegud","7":"product_tag-steik","8":"product_tag-veiseliha","9":"product_tag-veiseribi","11":"first","12":"instock","13":"taxable","14":"shipping-taxable","15":"purchasable","16":"product-type-simple"},"brands":[],"_links":{"self":[{"href":"https:\/\/tammetorubbq.ee\/fi\/wp-json\/wp\/v2\/product\/254","targetHints":{"allow":["GET"]}}],"collection":[{"href":"https:\/\/tammetorubbq.ee\/fi\/wp-json\/wp\/v2\/product"}],"about":[{"href":"https:\/\/tammetorubbq.ee\/fi\/wp-json\/wp\/v2\/types\/product"}],"replies":[{"embeddable":true,"href":"https:\/\/tammetorubbq.ee\/fi\/wp-json\/wp\/v2\/comments?post=254"}],"wp:featuredmedia":[{"embeddable":true,"href":"https:\/\/tammetorubbq.ee\/fi\/wp-json\/wp\/v2\/media\/272"}],"wp:attachment":[{"href":"https:\/\/tammetorubbq.ee\/fi\/wp-json\/wp\/v2\/media?parent=254"}],"wp:term":[{"taxonomy":"pwb-brand","embeddable":true,"href":"https:\/\/tammetorubbq.ee\/fi\/wp-json\/wp\/v2\/pwb-brand?post=254"},{"taxonomy":"product_brand","embeddable":true,"href":"https:\/\/tammetorubbq.ee\/fi\/wp-json\/wp\/v2\/product_brand?post=254"},{"taxonomy":"product_cat","embeddable":true,"href":"https:\/\/tammetorubbq.ee\/fi\/wp-json\/wp\/v2\/product_cat?post=254"},{"taxonomy":"product_tag","embeddable":true,"href":"https:\/\/tammetorubbq.ee\/fi\/wp-json\/wp\/v2\/product_tag?post=254"}],"curies":[{"name":"wp","href":"https:\/\/api.w.org\/{rel}","templated":true}]}}