{"id":2566,"date":"2025-03-27T10:16:13","date_gmt":"2025-03-27T08:16:13","guid":{"rendered":"https:\/\/tammetorubbq.ee\/?post_type=product&#038;p=2566"},"modified":"2026-04-15T04:00:10","modified_gmt":"2026-04-15T01:00:10","slug":"inkbird-ibt-2x-2-anturia-digitaalinen-lampomittari","status":"publish","type":"product","link":"https:\/\/tammetorubbq.ee\/fi\/product-2\/inkbird-ibt-2x-2-anturia-digitaalinen-lampomittari\/","title":{"rendered":"Inkbird IBT-2X 2 anturin digitaalinen l\u00e4mp\u00f6mittari"},"content":{"rendered":"<p><strong data-start=\"531\" data-end=\"545\">Tuotteen nimi:<\/strong> Inkbird IBT-2X<br data-start=\"560\" data-end=\"563\" \/><strong data-start=\"563\" data-end=\"572\">Tyyppi:<\/strong> Digitaalinen ruoanl\u00e4mp\u00f6mittari<br data-start=\"600\" data-end=\"603\" \/><strong data-start=\"603\" data-end=\"614\">Anturit:<\/strong> 2 ruostumattomasta ter\u00e4ksest\u00e4 valmistettua anturia<br data-start=\"644\" data-end=\"647\" \/><strong data-start=\"647\" data-end=\"671\">L\u00e4mp\u00f6tila-alue:<\/strong> 0-300\u00b0C<br data-start=\"679\" data-end=\"682\" \/><strong data-start=\"682\" data-end=\"694\">Yhteis\u00f6:<\/strong> Bluetooth 4.0, jopa 50 m kantama<br data-start=\"728\" data-end=\"731\" data-is-only-node=\"\" \/><strong data-start=\"731\" data-end=\"754\">Toimii sovelluksen kanssa:<\/strong> Inkbird BBQ Go (iOS\/Android)<br data-start=\"783\" data-end=\"786\" \/><strong data-start=\"786\" data-end=\"796\">Virtal\u00e4hde:<\/strong> 2 \u00d7 AAA-paristoa (ei sis\u00e4lly)<br data-start=\"834\" data-end=\"837\" \/><strong data-start=\"837\" data-end=\"848\">N\u00e4ytt\u00f6:<\/strong> LED<br data-start=\"852\" data-end=\"855\" \/><strong data-start=\"855\" data-end=\"868\">Vahvistus:<\/strong> Magneettikiinnitys metallipintoihin<br data-start=\"899\" data-end=\"902\" \/><strong data-start=\"902\" data-end=\"913\">Mitat:<\/strong> 64 \u00d7 85 \u00d7 25 mm<br data-start=\"929\" data-end=\"932\" \/><strong data-start=\"932\" data-end=\"941\">Paino:<\/strong> noin 170 g<br data-start=\"950\" data-end=\"953\" \/><strong data-start=\"953\" data-end=\"963\">Sopii:<\/strong> Grilli-, uuni-, savustus- ja BBQ-k\u00e4ytt\u00f6\u00f6n.<\/p>","protected":false},"excerpt":{"rendered":"<p>INKBIRD IBR-2X Smart on \u00e4lyk\u00e4s langaton digitaalinen l\u00e4mp\u00f6mittari, jonka avulla voit seurata ruoan l\u00e4mp\u00f6tilaa l\u00e4mp\u00f6mittarin lis\u00e4ksi my\u00f6s \u00e4lypuhelimella tai tietokoneella. Valitse vain valmistettava ruoka, aseta l\u00e4mp\u00f6tila ja l\u00e4mp\u00f6mittari ilmoittaa sinulle, kun ruoka on valmis.<\/p>\n<p>- Eritt\u00e4in k\u00e4yt\u00e4nn\u00f6llinen pitk\u00e4n tai kylm\u00e4n s\u00e4\u00e4n ulkokeitt\u00e4misess\u00e4, koska sinun ei tarvitse seist\u00e4 grillin vieress\u00e4 ja tarkkailla ruoan sis\u00e4l\u00e4mp\u00f6tilaa.<\/p>\n<p>- L\u00e4mp\u00f6mittari on yhteensopiva puhelimesi kanssa Bluetoothin kautta.<\/p>\n<p>- IBT-2X Smart -l\u00e4mp\u00f6mittarissa on LED-n\u00e4ytt\u00f6, kaksi ruostumattomasta ter\u00e4ksest\u00e4 valmistettua anturia ja yksi anturin pidike.<\/p>\n<p>- Voit seurata l\u00e4mp\u00f6mittaria \u00e4lylaitteellasi lataamalla ilmaisen BBQ GO -sovelluksen, jossa on l\u00e4mp\u00f6tilaohjeita. Voit asettaa ruoalle yksil\u00f6llisen l\u00e4mp\u00f6tilan. L\u00e4mp\u00f6mittarissa on muiden toimintojen lis\u00e4ksi ajastin ja ALARM-toiminto, jos l\u00e4mp\u00f6tila nousee odottamattomasti (- L\u00e4mp\u00f6tila-alue: 0-300 \u00b0C, mahdollinen ero +-1 \u00b0C).<\/p>\n<p>- L\u00e4mp\u00f6mittari on suojattava sateelta, joten \u00e4l\u00e4 j\u00e4t\u00e4 sit\u00e4 suojaamatta.<\/p>\n<p><strong>T\u00e4rke\u00e4\u00e4:<\/strong> L\u00e4mp\u00f6mittari on tarkoitettu k\u00e4ytett\u00e4v\u00e4ksi vain ep\u00e4suorassa l\u00e4mm\u00f6ss\u00e4. Pid\u00e4 anturikaapelit ja anturit kaukana suorasta l\u00e4mm\u00f6st\u00e4.<\/p>\n<p>Ihanteellinen seuraaville grilleille\u00a0<a href=\"https:\/\/tammetorubbq.ee\/fi\/luokka\/grillit\/keraamiset-grillit\/\">Kamado Joe<\/a>, , <a href=\"https:\/\/tammetorubbq.ee\/fi\/?s=Napoleon&amp;post_type=product&amp;dgwt_wcas=1\">Napoleon<\/a>, <a href=\"https:\/\/tammetorubbq.ee\/fi\/?s=Char-Griller&amp;post_type=product&amp;dgwt_wcas=1\">Char-Griller<\/a>, <a href=\"https:\/\/tammetorubbq.ee\/fi\/?s=Traeger+&amp;post_type=product&amp;dgwt_wcas=1\">Traeger<\/a> , <a href=\"https:\/\/tammetorubbq.ee\/fi\/?s=Ahja+Smoker&amp;post_type=product&amp;dgwt_wcas=1\">Ahja Smoker<\/a> jne.<\/p>\n<p><img loading=\"lazy\" decoding=\"async\" class=\"alignnone wp-image-3250\" src=\"http:\/\/tammetorubbq.ee\/wp-content\/uploads\/2025\/05\/Inkbird-logo-PNG-300x85.png\" alt=\"\" width=\"176\" height=\"50\" srcset=\"https:\/\/tammetorubbq.ee\/wp-content\/uploads\/2025\/05\/Inkbird-logo-PNG-300x85.png 300w, https:\/\/tammetorubbq.ee\/wp-content\/uploads\/2025\/05\/Inkbird-logo-PNG-1024x290.png 1024w, https:\/\/tammetorubbq.ee\/wp-content\/uploads\/2025\/05\/Inkbird-logo-PNG-768x218.png 768w, https:\/\/tammetorubbq.ee\/wp-content\/uploads\/2025\/05\/Inkbird-logo-PNG-18x5.png 18w, https:\/\/tammetorubbq.ee\/wp-content\/uploads\/2025\/05\/Inkbird-logo-PNG-600x170.png 600w, https:\/\/tammetorubbq.ee\/wp-content\/uploads\/2025\/05\/Inkbird-logo-PNG-64x18.png 64w, https:\/\/tammetorubbq.ee\/wp-content\/uploads\/2025\/05\/Inkbird-logo-PNG.png 1192w\" sizes=\"auto, (max-width: 176px) 100vw, 176px\" \/><\/p>","protected":false},"featured_media":2567,"comment_status":"open","ping_status":"closed","template":"","meta":{"_uf_show_specific_survey":0,"_uf_disable_surveys":false},"pwb-brand":[67],"product_brand":[],"product_cat":[66,30],"product_tag":[134,116,115],"class_list":{"0":"post-2566","1":"product","2":"type-product","3":"status-publish","4":"has-post-thumbnail","6":"pwb-brand-inkbird","7":"product_cat-termomeetrid","8":"product_cat-grillimise-tarvikud","9":"product_tag-grillimise-tarvikud","10":"product_tag-inkbird","11":"product_tag-termomeeter","13":"first","14":"instock","15":"taxable","16":"shipping-taxable","17":"purchasable","18":"product-type-simple"},"brands":[{"id":67,"name":"Inkbird","slug":"inkbird"}],"_links":{"self":[{"href":"https:\/\/tammetorubbq.ee\/fi\/wp-json\/wp\/v2\/product\/2566","targetHints":{"allow":["GET"]}}],"collection":[{"href":"https:\/\/tammetorubbq.ee\/fi\/wp-json\/wp\/v2\/product"}],"about":[{"href":"https:\/\/tammetorubbq.ee\/fi\/wp-json\/wp\/v2\/types\/product"}],"replies":[{"embeddable":true,"href":"https:\/\/tammetorubbq.ee\/fi\/wp-json\/wp\/v2\/comments?post=2566"}],"wp:featuredmedia":[{"embeddable":true,"href":"https:\/\/tammetorubbq.ee\/fi\/wp-json\/wp\/v2\/media\/2567"}],"wp:attachment":[{"href":"https:\/\/tammetorubbq.ee\/fi\/wp-json\/wp\/v2\/media?parent=2566"}],"wp:term":[{"taxonomy":"pwb-brand","embeddable":true,"href":"https:\/\/tammetorubbq.ee\/fi\/wp-json\/wp\/v2\/pwb-brand?post=2566"},{"taxonomy":"product_brand","embeddable":true,"href":"https:\/\/tammetorubbq.ee\/fi\/wp-json\/wp\/v2\/product_brand?post=2566"},{"taxonomy":"product_cat","embeddable":true,"href":"https:\/\/tammetorubbq.ee\/fi\/wp-json\/wp\/v2\/product_cat?post=2566"},{"taxonomy":"product_tag","embeddable":true,"href":"https:\/\/tammetorubbq.ee\/fi\/wp-json\/wp\/v2\/product_tag?post=2566"}],"curies":[{"name":"wp","href":"https:\/\/api.w.org\/{rel}","templated":true}]}}