{"id":2579,"date":"2025-03-27T10:56:48","date_gmt":"2025-03-27T08:56:48","guid":{"rendered":"https:\/\/tammetorubbq.ee\/?post_type=product&#038;p=2579"},"modified":"2026-04-15T03:00:21","modified_gmt":"2026-04-15T00:00:21","slug":"ao-red-house-bbq-glaze-300ml","status":"publish","type":"product","link":"https:\/\/tammetorubbq.ee\/fi\/product-2\/ao-red-house-bbq-glaze-300ml\/","title":{"rendered":"A&amp;O Red House BBQ glaze -kastike 300ml"},"content":{"rendered":"<p><strong>Ainesosat<\/strong>: sokeri, ketsuppi (fruktoosisiirappi, tomaattipyre, etikka, sokeri, suola, s\u00e4il\u00f6nt\u00e4aine (kaliumsorbaatti), mauste- ja yrttisekoitus (MYYNTI), omenaviinietikka, sokerisiirappi, omena- ja ananasmehu, suola, paprika, chili, mustapippuri, valkosipuli, inkiv\u00e4\u00e4ri, vaniljauute, juustokumina, savuaromi, tamarindi, kaneli, timjami, karamelli, appelsiiniuute.<\/p>","protected":false},"excerpt":{"rendered":"<p>Angus &amp; Oink Red House -kastike on makea savuinen BBQ-kastike sianlihalle ja kanalle.<\/p>\n<p>Ammattimaiset BBQ- ja grillimestarit ovat antaneet t\u00e4lle kuorrutteelle korkeat arviot.<\/p>\n<p>Sopii hyvin ribsien, pekonin, kanan, naudanlihan ja hampurilaisten kanssa.<\/p>\n<p>\ud83d\udca1 Ammattilaisvinkki: Jos haluat nesteytt\u00e4\u00e4 kastikkeen hieman kuorrutusta varten, kuumenna sit\u00e4 lyhyesti kattilassa lusikallisen veden tai hunajan kanssa.<\/p>\n<p><img loading=\"lazy\" decoding=\"async\" class=\"alignnone wp-image-279\" src=\"http:\/\/tammetorubbq.ee\/wp-content\/uploads\/2023\/11\/Angus-Oink.png\" alt=\"\" width=\"130\" height=\"130\" srcset=\"https:\/\/tammetorubbq.ee\/wp-content\/uploads\/2023\/11\/Angus-Oink.png 225w, https:\/\/tammetorubbq.ee\/wp-content\/uploads\/2023\/11\/Angus-Oink-150x150.png 150w, https:\/\/tammetorubbq.ee\/wp-content\/uploads\/2023\/11\/Angus-Oink-12x12.png 12w, https:\/\/tammetorubbq.ee\/wp-content\/uploads\/2023\/11\/Angus-Oink-64x64.png 64w\" sizes=\"auto, (max-width: 130px) 100vw, 130px\" \/><\/p>","protected":false},"featured_media":2580,"comment_status":"open","ping_status":"closed","template":"","meta":{"_uf_show_specific_survey":0,"_uf_disable_surveys":false},"pwb-brand":[105],"product_brand":[],"product_cat":[22,20],"product_tag":[118,159,114,122],"class_list":{"0":"post-2579","1":"product","2":"type-product","3":"status-publish","4":"has-post-thumbnail","6":"pwb-brand-angus-oink","7":"product_cat-kastmed-ja-marinaadid","8":"product_cat-kampaania","9":"product_tag-kanaliha","10":"product_tag-kanatiivad","11":"product_tag-sealiha","12":"product_tag-searibi","14":"first","15":"outofstock","16":"sale","17":"taxable","18":"shipping-taxable","19":"purchasable","20":"product-type-simple"},"brands":[{"id":105,"name":"Angus &amp; Oink","slug":"angus-oink"}],"_links":{"self":[{"href":"https:\/\/tammetorubbq.ee\/fi\/wp-json\/wp\/v2\/product\/2579","targetHints":{"allow":["GET"]}}],"collection":[{"href":"https:\/\/tammetorubbq.ee\/fi\/wp-json\/wp\/v2\/product"}],"about":[{"href":"https:\/\/tammetorubbq.ee\/fi\/wp-json\/wp\/v2\/types\/product"}],"replies":[{"embeddable":true,"href":"https:\/\/tammetorubbq.ee\/fi\/wp-json\/wp\/v2\/comments?post=2579"}],"wp:featuredmedia":[{"embeddable":true,"href":"https:\/\/tammetorubbq.ee\/fi\/wp-json\/wp\/v2\/media\/2580"}],"wp:attachment":[{"href":"https:\/\/tammetorubbq.ee\/fi\/wp-json\/wp\/v2\/media?parent=2579"}],"wp:term":[{"taxonomy":"pwb-brand","embeddable":true,"href":"https:\/\/tammetorubbq.ee\/fi\/wp-json\/wp\/v2\/pwb-brand?post=2579"},{"taxonomy":"product_brand","embeddable":true,"href":"https:\/\/tammetorubbq.ee\/fi\/wp-json\/wp\/v2\/product_brand?post=2579"},{"taxonomy":"product_cat","embeddable":true,"href":"https:\/\/tammetorubbq.ee\/fi\/wp-json\/wp\/v2\/product_cat?post=2579"},{"taxonomy":"product_tag","embeddable":true,"href":"https:\/\/tammetorubbq.ee\/fi\/wp-json\/wp\/v2\/product_tag?post=2579"}],"curies":[{"name":"wp","href":"https:\/\/api.w.org\/{rel}","templated":true}]}}