{"id":2654,"date":"2025-03-31T22:12:04","date_gmt":"2025-03-31T19:12:04","guid":{"rendered":"https:\/\/tammetorubbq.ee\/?post_type=product&#038;p=2654"},"modified":"2026-04-15T00:00:11","modified_gmt":"2026-04-14T21:00:11","slug":"hunsaker-vortex-rumpu-pro-savustin","status":"publish","type":"product","link":"https:\/\/tammetorubbq.ee\/fi\/product-2\/hunsaker-vortex-rumpu-pro-savustin\/","title":{"rendered":"Hunsaker Vortex Drum Pro savustin"},"content":{"rendered":"<h3 data-start=\"0\" data-end=\"63\"><strong data-start=\"0\" data-end=\"61\">Hunsaker Smokers - innovaatioita ja laatua BBQ-maailmassa!<\/strong><\/h3>\n<p>Hunsaker Smokers on yhdysvaltalainen valmistaja, joka on erikoistunut korkealaatuisiin savustimiin ja grillaustarvikkeisiin. Heid\u00e4n innovatiivinen Vortex-teknologiansa takaa paremman ilmavirran, tasaisemmat l\u00e4mp\u00f6tilat ja t\u00e4ydellisen savun maun. Hunsakerin tuotteet on suunniteltu sek\u00e4 ammattilaisille ett\u00e4 vakaville grillauksen harrastajille, ja ne tarjoavat kest\u00e4v\u00e4\u00e4 rakennetta ja erinomaista helppok\u00e4ytt\u00f6isyytt\u00e4.<\/p>\n<p data-start=\"309\" data-end=\"333\"><strong>Uunin t\u00e4rkeimm\u00e4t ominaisuudet:<\/strong><\/p>\n<ul data-start=\"334\" data-end=\"1194\">\n<li data-start=\"334\" data-end=\"413\">Vortex-hiilihuppu takaa tasaisen ilmavirran ja pit\u00e4\u00e4 l\u00e4mp\u00f6tilan vakaana.<\/li>\n<li data-start=\"510\" data-end=\"590\">Lukittavan k\u00e4\u00e4ntyv\u00e4n py\u00f6r\u00e4n ansiosta savustinta voi siirt\u00e4\u00e4 helposti mihin suuntaan tahansa.<\/li>\n<li data-start=\"591\" data-end=\"684\">Ylimitoitettujen 8 tuuman takapy\u00f6rien ansiosta uunia on helppo kuljettaa my\u00f6s ep\u00e4tasaisilla pinnoilla.<\/li>\n<li data-start=\"685\" data-end=\"795\">S\u00e4\u00e4dett\u00e4v\u00e4n grillaustelinej\u00e4rjestelm\u00e4n avulla voit asettaa halutun kypsennyskorkeuden (mahtuu jopa 5 grillaustelinett\u00e4).<\/li>\n<li data-start=\"796\" data-end=\"879\">Raskas grilliritil\u00e4 takaa kest\u00e4vyyden my\u00f6s suuremmille lihapaloille.<\/li>\n<li data-start=\"880\" data-end=\"973\">Saranoitu kansij\u00e4rjestelm\u00e4 pit\u00e4\u00e4 kannen auki ilman lis\u00e4tukea ja sulkee sen tarkasti.<\/li>\n<li data-start=\"974\" data-end=\"1111\">Savupiippuun kiinnitett\u00e4v\u00e4n l\u00e4mp\u00f6mittarin avulla l\u00e4mp\u00f6tilaa voidaan seurata tarkasti, ja se on sijoitettu siten, ett\u00e4 vaurioitumisriski on mahdollisimman pieni.<\/li>\n<li>S\u00e4\u00e4dett\u00e4v\u00e4t ilmanohjaimet tarkkaa l\u00e4mp\u00f6tilan s\u00e4\u00e4t\u00f6\u00e4 varten.<\/li>\n<li data-start=\"1112\" data-end=\"1194\">T\u00e4ysin koottu - k\u00e4ytt\u00f6valmis heti toimituksen j\u00e4lkeen.<\/li>\n<li data-start=\"1112\" data-end=\"1194\">Helppo puhdistaa ja huoltaa.<\/li>\n<\/ul>","protected":false},"excerpt":{"rendered":"<p data-start=\"37\" data-end=\"297\">Hunsaker Vortex Pro -savustusuuni (113,5 l) on ammattik\u00e4ytt\u00f6\u00f6n tarkoitettu lieri\u00f6m\u00e4inen savustusuuni, joka takaa tasaisen l\u00e4mp\u00f6tilan ja maksimaalisen savun maun. Innovatiivinen Vortex-tekniikka parantaa ilmavirtaa ja l\u00e4mm\u00f6n jakautumista, jolloin liha kypsyy nopeammin ja tasaisemmin.<\/p>\n<p data-start=\"37\" data-end=\"297\">Yksi Viron menestyneimmist\u00e4 BBQ-tiimeist\u00e4 \"BBQ Symphony\" valmistaa ruokaa t\u00e4ll\u00e4 savustimella.<\/p>\n<p data-start=\"37\" data-end=\"297\">Hunsaker Vortex Pro Smokerin lis\u00e4ksi sarjaan kuuluu grillausteline , ripustusteline kuudella koukulla ja s\u00e4\u00e4nkest\u00e4v\u00e4 grillipeite.<\/p>\n<p data-start=\"37\" data-end=\"297\">Sopii erinomaisesti ribseille, rintafileelle, kanalle ja muulle BBQ-lihalle, sill\u00e4 se antaa aitoa savun makua ja aromia.<\/p>\n<p data-start=\"37\" data-end=\"297\"><img loading=\"lazy\" decoding=\"async\" class=\"alignnone wp-image-2655\" src=\"http:\/\/tammetorubbq.ee\/wp-content\/uploads\/2025\/03\/Hunsaker-Vortex-300x149.webp\" alt=\"Hunsaker Vortex\" width=\"169\" height=\"84\" srcset=\"https:\/\/tammetorubbq.ee\/wp-content\/uploads\/2025\/03\/Hunsaker-Vortex-300x149.webp 300w, https:\/\/tammetorubbq.ee\/wp-content\/uploads\/2025\/03\/Hunsaker-Vortex-768x382.webp 768w, https:\/\/tammetorubbq.ee\/wp-content\/uploads\/2025\/03\/Hunsaker-Vortex-18x9.webp 18w, https:\/\/tammetorubbq.ee\/wp-content\/uploads\/2025\/03\/Hunsaker-Vortex-600x298.webp 600w, https:\/\/tammetorubbq.ee\/wp-content\/uploads\/2025\/03\/Hunsaker-Vortex-64x32.webp 64w, https:\/\/tammetorubbq.ee\/wp-content\/uploads\/2025\/03\/Hunsaker-Vortex.webp 780w\" sizes=\"auto, (max-width: 169px) 100vw, 169px\" \/><\/p>\n<p><a href=\"https:\/\/tammetorubbq.ee\/fi\/maksa-myohemmin\/\"><strong>OSTA NYT, MAKSA MY\u00d6HEMMIN<\/strong><\/a>\u00a0- korotonta!<\/p>\n<p><img loading=\"lazy\" decoding=\"async\" class=\"alignnone wp-image-2646\" src=\"http:\/\/tammetorubbq.ee\/wp-content\/uploads\/2023\/12\/inbank-wordmark.png\" alt=\"Inbank\" width=\"169\" height=\"76\" srcset=\"https:\/\/tammetorubbq.ee\/wp-content\/uploads\/2023\/12\/inbank-wordmark.png 300w, https:\/\/tammetorubbq.ee\/wp-content\/uploads\/2023\/12\/inbank-wordmark-18x8.png 18w, https:\/\/tammetorubbq.ee\/wp-content\/uploads\/2023\/12\/inbank-wordmark-64x29.png 64w\" sizes=\"auto, (max-width: 169px) 100vw, 169px\" \/><\/p>\n<p>Tarjoamme my\u00f6s mahdollisuuden maksaa my\u00f6hemmin - yhdess\u00e4, kahdessa tai kolmessa samansuuruisessa er\u00e4ss\u00e4 ilman korkoa tai lis\u00e4maksua.<\/p>\n<p>L\u00f6yd\u00e4t valikoiman eri maksuvaihtoehtoja ostoskoristamme.<\/p>","protected":false},"featured_media":2656,"comment_status":"open","ping_status":"closed","template":"","meta":{"_uf_show_specific_survey":0,"_uf_disable_surveys":false},"pwb-brand":[107],"product_brand":[],"product_cat":[57],"product_tag":[77,143,76],"class_list":{"0":"post-2654","1":"product","2":"type-product","3":"status-publish","4":"has-post-thumbnail","6":"pwb-brand-hunsaker-smokers","7":"product_cat-bbq-suitsuahjud","8":"product_tag-bbq-ahi","9":"product_tag-hunsaker-vortex","10":"product_tag-suitsuahi","12":"first","13":"instock","14":"taxable","15":"shipping-taxable","16":"purchasable","17":"product-type-simple"},"brands":[{"id":107,"name":"Hunsakerin savustimet","slug":"hunsaker-smokers"}],"_links":{"self":[{"href":"https:\/\/tammetorubbq.ee\/fi\/wp-json\/wp\/v2\/product\/2654","targetHints":{"allow":["GET"]}}],"collection":[{"href":"https:\/\/tammetorubbq.ee\/fi\/wp-json\/wp\/v2\/product"}],"about":[{"href":"https:\/\/tammetorubbq.ee\/fi\/wp-json\/wp\/v2\/types\/product"}],"replies":[{"embeddable":true,"href":"https:\/\/tammetorubbq.ee\/fi\/wp-json\/wp\/v2\/comments?post=2654"}],"wp:featuredmedia":[{"embeddable":true,"href":"https:\/\/tammetorubbq.ee\/fi\/wp-json\/wp\/v2\/media\/2656"}],"wp:attachment":[{"href":"https:\/\/tammetorubbq.ee\/fi\/wp-json\/wp\/v2\/media?parent=2654"}],"wp:term":[{"taxonomy":"pwb-brand","embeddable":true,"href":"https:\/\/tammetorubbq.ee\/fi\/wp-json\/wp\/v2\/pwb-brand?post=2654"},{"taxonomy":"product_brand","embeddable":true,"href":"https:\/\/tammetorubbq.ee\/fi\/wp-json\/wp\/v2\/product_brand?post=2654"},{"taxonomy":"product_cat","embeddable":true,"href":"https:\/\/tammetorubbq.ee\/fi\/wp-json\/wp\/v2\/product_cat?post=2654"},{"taxonomy":"product_tag","embeddable":true,"href":"https:\/\/tammetorubbq.ee\/fi\/wp-json\/wp\/v2\/product_tag?post=2654"}],"curies":[{"name":"wp","href":"https:\/\/api.w.org\/{rel}","templated":true}]}}