{"id":2660,"date":"2025-03-31T22:45:55","date_gmt":"2025-03-31T19:45:55","guid":{"rendered":"https:\/\/tammetorubbq.ee\/?post_type=product&#038;p=2660"},"modified":"2026-04-15T00:00:04","modified_gmt":"2026-04-14T21:00:04","slug":"napoleon-rogue-eq-365-alykas-sahkogrilli-jossa-on-bluetooth-ja-wi-fi-yhteys","status":"publish","type":"product","link":"https:\/\/tammetorubbq.ee\/fi\/product-2\/napoleon-rogue-eq-365-alykas-sahkogrilli-jossa-on-bluetooth-ja-wi-fi-yhteys\/","title":{"rendered":"Napoleon Rogue EQ 365 \u00e4lyk\u00e4s s\u00e4hk\u00f6grilli"},"content":{"rendered":"<h3 data-start=\"0\" data-end=\"31\"><strong data-start=\"0\" data-end=\"31\">Miksi valita Napoleon Grilli?<\/strong><\/h3>\n<p class=\"\" data-start=\"33\" data-end=\"253\">Napoleon on kanadalainen perheyritys, joka on keskittynyt korkealaatuisten grillien ja ulkokeitinratkaisujen kehitt\u00e4miseen vuosikymmeni\u00e4. Br\u00e4ndi tunnetaan kaikkialla maailmassa luotettavuudesta, innovatiivisuudesta ja pitk\u00e4ik\u00e4isyydest\u00e4.<\/p>\n<p class=\"\" data-start=\"255\" data-end=\"629\">Jokainen Napoleon-grilli on suunniteltu tarjoamaan tarkkaa l\u00e4mm\u00f6ns\u00e4\u00e4t\u00f6\u00e4, vankkaa rakennetta ja harkittua helppok\u00e4ytt\u00f6isyytt\u00e4. Olipa kyseess\u00e4 hiili-, kaasu- tai pellettigrilli, Napoleon yhdist\u00e4\u00e4 modernin muotoilun k\u00e4yt\u00e4nn\u00f6llisiin ratkaisuihin: ruostumattomasta ter\u00e4ksest\u00e4 valmistetut polttimet, valurautagrillit, JETFIRE\u2122-sytytysj\u00e4rjestelm\u00e4, ACCU-PROBE\u2122-l\u00e4mp\u00f6mittari ja \u00e4lykk\u00e4\u00e4t s\u00e4ilytysratkaisut ovat vain muutamia esimerkkej\u00e4.<\/p>\n<p class=\"\" data-start=\"631\" data-end=\"859\">Napoleonin valikoima kattaa kaikki tarpeet - kannettavista malleista t\u00e4ysratkaisuihin kentt\u00e4keitti\u00f6ihin. Jos arvostat luotettavuutta, toiminnallisuutta ja monipuolisuutta grillata ymp\u00e4ri vuoden, Napoleon on oikea valinta.<\/p>\n<p class=\"\" data-start=\"750\" data-end=\"772\"><strong data-start=\"750\" data-end=\"772\">Grillin t\u00e4rkeimm\u00e4t ominaisuudet:<\/strong><\/p>\n<ul data-start=\"773\" data-end=\"1286\">\n<li class=\"\" data-start=\"773\" data-end=\"795\">\n<p class=\"\" data-start=\"775\" data-end=\"795\">jopa 700 \u00b0C:n l\u00e4mp\u00f6<\/p>\n<\/li>\n<li class=\"\" data-start=\"796\" data-end=\"827\">\n<p class=\"\" data-start=\"798\" data-end=\"827\">virtal\u00e4hde: 220 V s\u00e4hk\u00f6verkosta<\/p>\n<\/li>\n<li class=\"\" data-start=\"828\" data-end=\"867\">\n<p class=\"\" data-start=\"830\" data-end=\"867\">3 itsen\u00e4isesti ohjattavaa l\u00e4mmitysvy\u00f6hykett\u00e4<\/p>\n<\/li>\n<li class=\"\" data-start=\"868\" data-end=\"903\">\n<p class=\"\" data-start=\"870\" data-end=\"903\">sis\u00e4\u00e4nrakennettu lihasanturin liit\u00e4nt\u00e4<\/p>\n<\/li>\n<li class=\"\" data-start=\"904\" data-end=\"973\">\n<p class=\"\" data-start=\"906\" data-end=\"973\">ohjaus laitepaneelista tai \u00e4lypuhelimesta (Bluetooth &amp; Wi-Fi)<\/p>\n<\/li>\n<li class=\"\" data-start=\"974\" data-end=\"1027\">\n<p class=\"\" data-start=\"976\" data-end=\"1027\">54 \u00d7 37 cm:n grillausalue (sopii jopa 13 hengelle).<\/p>\n<\/li>\n<li class=\"\" data-start=\"1028\" data-end=\"1090\">\n<p class=\"\" data-start=\"1030\" data-end=\"1090\">integroitu l\u00e4mp\u00f6mittari ja automaattinen l\u00e4mp\u00f6tilan hallinta<\/p>\n<\/li>\n<li class=\"\" data-start=\"1091\" data-end=\"1131\">\n<p class=\"\" data-start=\"1093\" data-end=\"1131\">valaistut hallintalaitteet ja kosketusn\u00e4ytt\u00f6<\/p>\n<\/li>\n<li class=\"\" data-start=\"1132\" data-end=\"1211\">\n<p class=\"\" data-start=\"1134\" data-end=\"1211\">rasva- ja tippalevyt ovat helposti irrotettavia ja astianpesukoneen kest\u00e4vi\u00e4.<\/p>\n<\/li>\n<li class=\"\" data-start=\"1212\" data-end=\"1286\">\n<p class=\"\" data-start=\"1214\" data-end=\"1286\">sopii parvekkeille, terasseille tai tiloihin, joissa avotulet eiv\u00e4t ole sallittuja.<\/p>\n<\/li>\n<\/ul>","protected":false},"excerpt":{"rendered":"<p class=\"\" data-start=\"192\" data-end=\"415\">Napoleon Rogue EQ 365 on \u00e4lyk\u00e4s s\u00e4hk\u00f6grilli, jossa on Bluetooth- ja Wi-Fi-yhteys ja joka on my\u00f6s ensimm\u00e4inen s\u00e4hk\u00f6grilli, joka tarjoaa saman tehon ja k\u00e4ytt\u00f6kokemuksen kuin kaasu- tai hiiligrilli.<\/p>\n<p class=\"\" data-start=\"192\" data-end=\"415\"><strong>Se on suunniteltu grillaamiseen parvekkeella, terassilla tai puutarhassa - kaikkialla, miss\u00e4 kaasu tai avotuli eiv\u00e4t ole sallittuja.<\/strong><\/p>\n<p data-start=\"192\" data-end=\"415\">Grilli saa virtansa 220 V:n s\u00e4hk\u00f6verkosta, ja se saavuttaa jopa 700 \u00b0C:n korkean l\u00e4mp\u00f6tilan, joka on ihanteellinen lihan ruskistamiseen ja rapeiden grilliruokien valmistamiseen. Grillin tehoa ja l\u00e4mp\u00f6tilaa ohjataan \u00e4lykk\u00e4\u00e4ll\u00e4 ohjausj\u00e4rjestelm\u00e4ll\u00e4, jota voidaan k\u00e4ytt\u00e4\u00e4 joko ohjauspaneelista tai Napoleon-sovelluksen kautta - Bluetooth- ja Wi-Fi-yhteyden avulla.<\/p>\n<p><img loading=\"lazy\" decoding=\"async\" class=\"wp-image-2098\" src=\"http:\/\/tammetorubbq.ee\/wp-content\/uploads\/2024\/11\/napoleon-gas-grills-logo-vector-1-300x124.png\" alt=\"napoleon kaasugrillit logo vektori\" width=\"157\" height=\"65\" srcset=\"https:\/\/tammetorubbq.ee\/wp-content\/uploads\/2024\/11\/napoleon-gas-grills-logo-vector-1-300x124.png 300w, https:\/\/tammetorubbq.ee\/wp-content\/uploads\/2024\/11\/napoleon-gas-grills-logo-vector-1-768x317.png 768w, https:\/\/tammetorubbq.ee\/wp-content\/uploads\/2024\/11\/napoleon-gas-grills-logo-vector-1-18x7.png 18w, https:\/\/tammetorubbq.ee\/wp-content\/uploads\/2024\/11\/napoleon-gas-grills-logo-vector-1-600x248.png 600w, https:\/\/tammetorubbq.ee\/wp-content\/uploads\/2024\/11\/napoleon-gas-grills-logo-vector-1-64x26.png 64w, https:\/\/tammetorubbq.ee\/wp-content\/uploads\/2024\/11\/napoleon-gas-grills-logo-vector-1.png 847w\" sizes=\"auto, (max-width: 157px) 100vw, 157px\" \/><\/p>\n<p><a href=\"https:\/\/tammetorubbq.ee\/fi\/maksa-myohemmin\/\"><strong>OSTA NYT, MAKSA MY\u00d6HEMMIN<\/strong><\/a>\u00a0- korotonta!<\/p>\n<p><img loading=\"lazy\" decoding=\"async\" class=\"alignnone wp-image-2646\" src=\"http:\/\/tammetorubbq.ee\/wp-content\/uploads\/2023\/12\/inbank-wordmark.png\" alt=\"Inbank\" width=\"169\" height=\"76\" srcset=\"https:\/\/tammetorubbq.ee\/wp-content\/uploads\/2023\/12\/inbank-wordmark.png 300w, https:\/\/tammetorubbq.ee\/wp-content\/uploads\/2023\/12\/inbank-wordmark-18x8.png 18w, https:\/\/tammetorubbq.ee\/wp-content\/uploads\/2023\/12\/inbank-wordmark-64x29.png 64w\" sizes=\"auto, (max-width: 169px) 100vw, 169px\" \/><\/p>\n<p>Tarjoamme my\u00f6s mahdollisuuden maksaa my\u00f6hemmin - yhdess\u00e4, kahdessa tai kolmessa samansuuruisessa er\u00e4ss\u00e4 ilman korkoa tai lis\u00e4maksua.<\/p>\n<p>L\u00f6yd\u00e4t valikoiman eri maksuvaihtoehtoja ostoskoristamme.<\/p>","protected":false},"featured_media":2661,"comment_status":"open","ping_status":"closed","template":"","meta":{"_uf_show_specific_survey":0,"_uf_disable_surveys":false},"pwb-brand":[101],"product_brand":[],"product_cat":[108],"product_tag":[109,148],"class_list":{"0":"post-2660","1":"product","2":"type-product","3":"status-publish","4":"has-post-thumbnail","6":"pwb-brand-napoleon","7":"product_cat-elektrigrillid","8":"product_tag-elektrigrill","9":"product_tag-napoleon","11":"first","12":"instock","13":"taxable","14":"shipping-taxable","15":"purchasable","16":"product-type-simple"},"brands":[{"id":101,"name":"Napoleon","slug":"napoleon"}],"_links":{"self":[{"href":"https:\/\/tammetorubbq.ee\/fi\/wp-json\/wp\/v2\/product\/2660","targetHints":{"allow":["GET"]}}],"collection":[{"href":"https:\/\/tammetorubbq.ee\/fi\/wp-json\/wp\/v2\/product"}],"about":[{"href":"https:\/\/tammetorubbq.ee\/fi\/wp-json\/wp\/v2\/types\/product"}],"replies":[{"embeddable":true,"href":"https:\/\/tammetorubbq.ee\/fi\/wp-json\/wp\/v2\/comments?post=2660"}],"wp:featuredmedia":[{"embeddable":true,"href":"https:\/\/tammetorubbq.ee\/fi\/wp-json\/wp\/v2\/media\/2661"}],"wp:attachment":[{"href":"https:\/\/tammetorubbq.ee\/fi\/wp-json\/wp\/v2\/media?parent=2660"}],"wp:term":[{"taxonomy":"pwb-brand","embeddable":true,"href":"https:\/\/tammetorubbq.ee\/fi\/wp-json\/wp\/v2\/pwb-brand?post=2660"},{"taxonomy":"product_brand","embeddable":true,"href":"https:\/\/tammetorubbq.ee\/fi\/wp-json\/wp\/v2\/product_brand?post=2660"},{"taxonomy":"product_cat","embeddable":true,"href":"https:\/\/tammetorubbq.ee\/fi\/wp-json\/wp\/v2\/product_cat?post=2660"},{"taxonomy":"product_tag","embeddable":true,"href":"https:\/\/tammetorubbq.ee\/fi\/wp-json\/wp\/v2\/product_tag?post=2660"}],"curies":[{"name":"wp","href":"https:\/\/api.w.org\/{rel}","templated":true}]}}