{"id":2675,"date":"2025-04-02T10:15:52","date_gmt":"2025-04-02T07:15:52","guid":{"rendered":"https:\/\/tammetorubbq.ee\/?post_type=product&#038;p=2675"},"modified":"2026-04-29T07:00:05","modified_gmt":"2026-04-29T04:00:05","slug":"napoleon-travelq-pro285x-kannettava-kaasugrilli","status":"publish","type":"product","link":"https:\/\/tammetorubbq.ee\/fi\/toode\/napoleon-travelq-pro285x-kaasaskantav-gaasigrill\/","title":{"rendered":"Napoleon TravelQ PRO285X kannettava kaasugrilli"},"content":{"rendered":"<h3 data-start=\"0\" data-end=\"31\"><strong data-start=\"0\" data-end=\"31\">Miksi valita Napoleon Grilli?<\/strong><\/h3>\n<p class=\"\" data-start=\"33\" data-end=\"253\">Napoleon on kanadalainen perheyritys, joka on keskittynyt korkealaatuisten grillien ja ulkokeitinratkaisujen kehitt\u00e4miseen vuosikymmeni\u00e4. Br\u00e4ndi tunnetaan kaikkialla maailmassa luotettavuudesta, innovatiivisuudesta ja pitk\u00e4ik\u00e4isyydest\u00e4.<\/p>\n<p class=\"\" data-start=\"255\" data-end=\"629\">Jokainen Napoleon-grilli on suunniteltu tarjoamaan tarkkaa l\u00e4mm\u00f6ns\u00e4\u00e4t\u00f6\u00e4, vankkaa rakennetta ja harkittua helppok\u00e4ytt\u00f6isyytt\u00e4. Olipa kyseess\u00e4 hiili-, kaasu- tai pellettigrilli, Napoleon yhdist\u00e4\u00e4 modernin muotoilun k\u00e4yt\u00e4nn\u00f6llisiin ratkaisuihin: ruostumattomasta ter\u00e4ksest\u00e4 valmistetut polttimet, valurautagrillit, JETFIRE\u2122-sytytysj\u00e4rjestelm\u00e4, ACCU-PROBE\u2122-l\u00e4mp\u00f6mittari ja \u00e4lykk\u00e4\u00e4t s\u00e4ilytysratkaisut ovat vain muutamia esimerkkej\u00e4.<\/p>\n<p class=\"\" data-start=\"631\" data-end=\"859\">Napoleonin valikoima kattaa kaikki tarpeet - kannettavista malleista t\u00e4ysratkaisuihin kentt\u00e4keitti\u00f6ihin. Jos arvostat luotettavuutta, toiminnallisuutta ja monipuolisuutta grillata ymp\u00e4ri vuoden, Napoleon on oikea valinta.<\/p>\n<p class=\"\" data-start=\"74\" data-end=\"166\"><strong data-start=\"74\" data-end=\"166\">Ominaisuudet ja tekniset tiedot \u00a0<\/strong><\/p>\n<ul data-start=\"168\" data-end=\"731\" data-is-last-node=\"\" data-is-only-node=\"\">\n<li class=\"\" data-start=\"168\" data-end=\"186\">\n<p class=\"\" data-start=\"170\" data-end=\"186\">polttoaine: propaani<\/p>\n<\/li>\n<li class=\"\" data-start=\"187\" data-end=\"206\">\n<p class=\"\" data-start=\"189\" data-end=\"206\">teho: 4,1 kW<\/p>\n<\/li>\n<li class=\"\" data-start=\"207\" data-end=\"242\">\n<p class=\"\" data-start=\"209\" data-end=\"242\">2 ruostumattomasta ter\u00e4ksest\u00e4 valmistettua poltinta<\/p>\n<\/li>\n<li class=\"\" data-start=\"243\" data-end=\"305\">\n<p class=\"\" data-start=\"245\" data-end=\"305\">p\u00e4\u00e4grillauspinta-ala: 54 \u00d7 37 cm<\/p>\n<\/li>\n<li class=\"\" data-start=\"306\" data-end=\"339\">\n<p class=\"\" data-start=\"308\" data-end=\"339\">kokonaisgrillauspinta-ala: 1 840 cm\u00b2<\/p>\n<\/li>\n<li class=\"\" data-start=\"340\" data-end=\"382\">\n<p class=\"\" data-start=\"342\" data-end=\"382\">kest\u00e4v\u00e4 painevalettu alumiinikansi<\/p>\n<\/li>\n<li class=\"\" data-start=\"383\" data-end=\"424\">\n<p class=\"\" data-start=\"385\" data-end=\"424\">kokoontaitettava perusrunko suurilla py\u00f6rill\u00e4<\/p>\n<\/li>\n<li class=\"\" data-start=\"425\" data-end=\"473\">\n<p class=\"\" data-start=\"427\" data-end=\"473\">sivuhyllyt, joissa on pyyhe- ja tarvikekoukut<\/p>\n<\/li>\n<li class=\"\" data-start=\"474\" data-end=\"502\">\n<p class=\"\" data-start=\"476\" data-end=\"502\">ergonomiset hallintalaitteet<\/p>\n<\/li>\n<li class=\"\" data-start=\"503\" data-end=\"528\">\n<p class=\"\" data-start=\"505\" data-end=\"528\">JETFIRE\u2122-sytytysj\u00e4rjestelm\u00e4<\/p>\n<\/li>\n<li class=\"\" data-start=\"529\" data-end=\"556\">\n<p class=\"\" data-start=\"531\" data-end=\"556\">Accu-Probe\u2122-l\u00e4mp\u00f6mittari<\/p>\n<\/li>\n<li class=\"\" data-start=\"557\" data-end=\"590\">\n<p class=\"\" data-start=\"559\" data-end=\"590\">helposti puhdistettava rasvalaatikko<\/p>\n<\/li>\n<li class=\"\" data-start=\"591\" data-end=\"631\">\n<p class=\"\" data-start=\"593\" data-end=\"631\">rotaisserie tanko: ei toimiteta<\/p>\n<\/li>\n<li class=\"\" data-start=\"632\" data-end=\"667\">\n<p class=\"\" data-start=\"634\" data-end=\"667\">korkeus: 101 cm (131 cm avattuna)<\/p>\n<\/li>\n<li class=\"\" data-start=\"668\" data-end=\"714\">\n<p class=\"\" data-start=\"670\" data-end=\"714\">leveys: 112 cm (108 cm hyllyt alasp\u00e4in)<\/p>\n<\/li>\n<li class=\"\" data-start=\"715\" data-end=\"731\">\n<p class=\"\" data-start=\"717\" data-end=\"731\">syvyys: 51 cm<\/p>\n<\/li>\n<\/ul>\n<p>&nbsp;<\/p>\n<p>Paino: 24,3 kg<br \/>\nMitat: 43,2 \u00d7 54,6 \u00d7 110 cm.<\/p>\n<p>&nbsp;<\/p>\n<p class=\"\" data-start=\"0\" data-end=\"53\"><em><strong data-start=\"0\" data-end=\"53\">TravelQ PRO285X:n ja Phantom PRO285X:n eroavaisuudet<\/strong><\/em><\/p>\n<p class=\"\" data-start=\"55\" data-end=\"287\"><em>Phantomissa on ylellinen mattamusta viimeistely (mukaan lukien kahvat ja hyllyt) ja saranoitu l\u00e4mmitysteline, jonka ansiosta grillialueelle p\u00e4\u00e4see paremmin k\u00e4siksi. PRO285X-vakiomallissa on yksinkertainen musta viimeistely, eik\u00e4 siin\u00e4 ole t\u00e4t\u00e4 lis\u00e4ominaisuutta.<\/em><\/p>","protected":false},"excerpt":{"rendered":"<p><strong>Kannettava kaasugrilli, jossa on kokoontaitettava runko, 2 poltinta.<\/strong><\/p>\n<p class=\"\" data-start=\"95\" data-end=\"353\">Napoleon Phantom TravelQ PRO285X on kompakti mutta tehokas kaasugrilli, joka sopii t\u00e4ydellisesti niille, jotka arvostavat liikkuvuutta, tyyli\u00e4 ja toimivuutta. Ylellinen mattamusta viimeistely ulottuu grillin kannesta runkoon, mik\u00e4 luo yhten\u00e4isen ja eksklusiivisen ilmeen.<\/p>\n<p class=\"\" data-start=\"355\" data-end=\"616\">Kahden ruostumattomasta ter\u00e4ksest\u00e4 valmistetun polttimen, korkean kannen ja valurautaisilla ritil\u00f6ill\u00e4 varustetun grillausalueen ansiosta voit valmistaa jopa 20 hampurilaista kerrallaan tai kypsent\u00e4\u00e4 kokonaisen kanan, kalkkunan tai paahtopaistin. Ulosvedett\u00e4v\u00e4 l\u00e4mmitinteline taittuu kokoon ja vapauttaa tarvittaessa koko grillauspinnan.<\/p>\n<p class=\"\" data-start=\"618\" data-end=\"838\">Suurilla py\u00f6rill\u00e4 varustetun kokoontaitettavan rungon ansiosta grilli on helppo siirt\u00e4\u00e4 miss\u00e4 tahansa ymp\u00e4rist\u00f6ss\u00e4. K\u00e4tev\u00e4 s\u00e4ilytys, nopea pystytys ja kaasupullon turvallinen kiinnitys tekev\u00e4t t\u00e4st\u00e4 k\u00e4yt\u00e4nn\u00f6llisen ja liikkuvan grillauskokemuksen.<\/p>\n<p data-start=\"618\" data-end=\"838\">Katso esite\u00a0<a href=\"https:\/\/www.youtube.com\/watch?v=15P296JW2rs&amp;t=52s&amp;ab_channel=NapoleonProductsEurope\">videot<\/a>!<\/p>\n<p><img loading=\"lazy\" decoding=\"async\" class=\"wp-image-2098\" src=\"http:\/\/tammetorubbq.ee\/wp-content\/uploads\/2024\/11\/napoleon-gas-grills-logo-vector-1-300x124.png\" alt=\"napoleon kaasugrillit logo vektori\" width=\"174\" height=\"72\" srcset=\"https:\/\/tammetorubbq.ee\/wp-content\/uploads\/2024\/11\/napoleon-gas-grills-logo-vector-1-300x124.png 300w, https:\/\/tammetorubbq.ee\/wp-content\/uploads\/2024\/11\/napoleon-gas-grills-logo-vector-1-768x317.png 768w, https:\/\/tammetorubbq.ee\/wp-content\/uploads\/2024\/11\/napoleon-gas-grills-logo-vector-1-18x7.png 18w, https:\/\/tammetorubbq.ee\/wp-content\/uploads\/2024\/11\/napoleon-gas-grills-logo-vector-1-600x248.png 600w, https:\/\/tammetorubbq.ee\/wp-content\/uploads\/2024\/11\/napoleon-gas-grills-logo-vector-1-64x26.png 64w, https:\/\/tammetorubbq.ee\/wp-content\/uploads\/2024\/11\/napoleon-gas-grills-logo-vector-1.png 847w\" sizes=\"auto, (max-width: 174px) 100vw, 174px\" \/><\/p>\n<p><a href=\"https:\/\/tammetorubbq.ee\/fi\/maksa-myohemmin\/\"><strong>OSTA NYT, MAKSA MY\u00d6HEMMIN<\/strong><\/a>\u00a0- korotonta!<\/p>\n<p><img loading=\"lazy\" decoding=\"async\" class=\"alignnone wp-image-2646\" src=\"http:\/\/tammetorubbq.ee\/wp-content\/uploads\/2023\/12\/inbank-wordmark.png\" alt=\"Inbank\" width=\"164\" height=\"74\" srcset=\"https:\/\/tammetorubbq.ee\/wp-content\/uploads\/2023\/12\/inbank-wordmark.png 300w, https:\/\/tammetorubbq.ee\/wp-content\/uploads\/2023\/12\/inbank-wordmark-18x8.png 18w, https:\/\/tammetorubbq.ee\/wp-content\/uploads\/2023\/12\/inbank-wordmark-64x29.png 64w\" sizes=\"auto, (max-width: 164px) 100vw, 164px\" \/><\/p>\n<p>Tarjoamme my\u00f6s mahdollisuuden maksaa my\u00f6hemmin - yhdess\u00e4, kahdessa tai kolmessa samansuuruisessa er\u00e4ss\u00e4 ilman korkoa tai lis\u00e4maksua.<\/p>\n<p>L\u00f6yd\u00e4t valikoiman eri maksuvaihtoehtoja ostoskoristamme.<\/p>","protected":false},"featured_media":2676,"comment_status":"open","ping_status":"closed","template":"","meta":{"_uf_show_specific_survey":0,"_uf_disable_surveys":false},"pwb-brand":[101],"product_brand":[389],"product_cat":[100],"product_tag":[110,365,148,390],"class_list":{"0":"post-2675","1":"product","2":"type-product","3":"status-publish","4":"has-post-thumbnail","6":"pwb-brand-napoleon","7":"product_brand-napoleon","8":"product_cat-gaasigrillid","9":"product_tag-gaasigrill","10":"product_tag-napoleo-gaasigrill","11":"product_tag-napoleon","12":"product_tag-napoleon-travelq","14":"first","15":"instock","16":"taxable","17":"shipping-taxable","18":"purchasable","19":"product-type-simple"},"brands":[{"id":101,"name":"Napoleon","slug":"napoleon"}],"_links":{"self":[{"href":"https:\/\/tammetorubbq.ee\/fi\/wp-json\/wp\/v2\/product\/2675","targetHints":{"allow":["GET"]}}],"collection":[{"href":"https:\/\/tammetorubbq.ee\/fi\/wp-json\/wp\/v2\/product"}],"about":[{"href":"https:\/\/tammetorubbq.ee\/fi\/wp-json\/wp\/v2\/types\/product"}],"replies":[{"embeddable":true,"href":"https:\/\/tammetorubbq.ee\/fi\/wp-json\/wp\/v2\/comments?post=2675"}],"wp:featuredmedia":[{"embeddable":true,"href":"https:\/\/tammetorubbq.ee\/fi\/wp-json\/wp\/v2\/media\/2676"}],"wp:attachment":[{"href":"https:\/\/tammetorubbq.ee\/fi\/wp-json\/wp\/v2\/media?parent=2675"}],"wp:term":[{"taxonomy":"pwb-brand","embeddable":true,"href":"https:\/\/tammetorubbq.ee\/fi\/wp-json\/wp\/v2\/pwb-brand?post=2675"},{"taxonomy":"product_brand","embeddable":true,"href":"https:\/\/tammetorubbq.ee\/fi\/wp-json\/wp\/v2\/product_brand?post=2675"},{"taxonomy":"product_cat","embeddable":true,"href":"https:\/\/tammetorubbq.ee\/fi\/wp-json\/wp\/v2\/product_cat?post=2675"},{"taxonomy":"product_tag","embeddable":true,"href":"https:\/\/tammetorubbq.ee\/fi\/wp-json\/wp\/v2\/product_tag?post=2675"}],"curies":[{"name":"wp","href":"https:\/\/api.w.org\/{rel}","templated":true}]}}