{"id":2694,"date":"2025-04-02T13:39:02","date_gmt":"2025-04-02T10:39:02","guid":{"rendered":"https:\/\/tammetorubbq.ee\/?post_type=product&#038;p=2694"},"modified":"2026-04-15T03:00:05","modified_gmt":"2026-04-15T00:00:05","slug":"kukkojen-mestaruus-kylkihieronta-328g","status":"publish","type":"product","link":"https:\/\/tammetorubbq.ee\/fi\/product-2\/kukkojen-mestaruus-kylkihieronta-328g\/","title":{"rendered":"Roosters Championship Rib Rub 328g"},"content":{"rendered":"<p>Ainesosat:\u00a0<span class=\"Y2IQFc\" lang=\"et\">sokeri, suola, ruskea sokeri, paprika, mausteet, mukaan lukien chili, sipuli, valkosipuli ja enint\u00e4\u00e4n 2% trikalsiumfosfaattia paakkuuntumisen est\u00e4miseksi.<\/span><\/p>","protected":false},"excerpt":{"rendered":"<div class=\"x11i5rnm xat24cr x1mh8g0r x1vvkbs xtlvy1s x126k92a\">\n<h6 dir=\"auto\">Roosters Championship Rib Rub kuulostaa todella erikoiselta! He n\u00e4ytt\u00e4v\u00e4t kiinnitt\u00e4neen huomiota siihen, ett\u00e4 lihan yst\u00e4ville tarjotaan t\u00e4ydellinen ja tasapainoinen makuel\u00e4mys.<\/h6>\n<\/div>\n<p dir=\"auto\">\"All in one\" -rub, joka sis\u00e4lt\u00e4\u00e4 jo kaikki tarvittavat ainesosat - suola, pippuri, sokeri ja maustesekoitus - tekee t\u00e4m\u00e4n sekoituksen ty\u00f6st\u00e4misest\u00e4 eritt\u00e4in nopeaa ja helppoa.<\/p>\n<p dir=\"auto\">Kyljykset, joiden liha on jo valmiiksi maukasta ja mehukasta, saavat t\u00e4st\u00e4 hieronnasta varmasti lis\u00e4\u00e4 s\u00e4vy\u00e4 ja syvyytt\u00e4.<\/p>\n<p dir=\"auto\">Mausteisuus, joka saattaa aluksi tuntua voimakkaalta, mutta joka hellitt\u00e4\u00e4 ja muuttuu makeammaksi lihan kypsennytty\u00e4, on juuri sit\u00e4, mit\u00e4 monet lihan yst\u00e4v\u00e4t etsiv\u00e4t - tasapainoista ja ei liian ter\u00e4v\u00e4\u00e4 makua.<\/p>\n<p dir=\"auto\">N\u00e4in saat mahdollisuuden nauttia herkusta ilman, ett\u00e4 se on liian voimakas. Ja kun Euroopan KCBS-mestari on hyv\u00e4ksynyt sen, on selv\u00e4\u00e4, ett\u00e4 laadun ja maun osalta kyseess\u00e4 on vakavasti otettava tuote!<\/p>\n<p dir=\"auto\">Oletko kokeillut t\u00e4t\u00e4 hierontaa kylkiluiden kanssa?<\/p>\n<h5><img loading=\"lazy\" decoding=\"async\" class=\"wp-image-2521\" src=\"http:\/\/tammetorubbq.ee\/wp-content\/uploads\/2025\/03\/Roosters-Logo.png\" alt=\"Roosters BBQ\" width=\"117\" height=\"124\" srcset=\"https:\/\/tammetorubbq.ee\/wp-content\/uploads\/2025\/03\/Roosters-Logo.png 162w, https:\/\/tammetorubbq.ee\/wp-content\/uploads\/2025\/03\/Roosters-Logo-11x12.png 11w, https:\/\/tammetorubbq.ee\/wp-content\/uploads\/2025\/03\/Roosters-Logo-64x68.png 64w\" sizes=\"auto, (max-width: 117px) 100vw, 117px\" \/><\/h5>","protected":false},"featured_media":2696,"comment_status":"open","ping_status":"closed","template":"","meta":{"_uf_show_specific_survey":0,"_uf_disable_surveys":false},"pwb-brand":[104],"product_brand":[],"product_cat":[21,20],"product_tag":[113,114],"class_list":{"0":"post-2694","1":"product","2":"type-product","3":"status-publish","4":"has-post-thumbnail","6":"pwb-brand-roosters","7":"product_cat-maitseainesegud","8":"product_cat-kampaania","9":"product_tag-ribi","10":"product_tag-sealiha","12":"first","13":"instock","14":"sale","15":"taxable","16":"shipping-taxable","17":"purchasable","18":"product-type-simple"},"brands":[{"id":104,"name":"Kukkoja","slug":"roosters"}],"_links":{"self":[{"href":"https:\/\/tammetorubbq.ee\/fi\/wp-json\/wp\/v2\/product\/2694","targetHints":{"allow":["GET"]}}],"collection":[{"href":"https:\/\/tammetorubbq.ee\/fi\/wp-json\/wp\/v2\/product"}],"about":[{"href":"https:\/\/tammetorubbq.ee\/fi\/wp-json\/wp\/v2\/types\/product"}],"replies":[{"embeddable":true,"href":"https:\/\/tammetorubbq.ee\/fi\/wp-json\/wp\/v2\/comments?post=2694"}],"wp:featuredmedia":[{"embeddable":true,"href":"https:\/\/tammetorubbq.ee\/fi\/wp-json\/wp\/v2\/media\/2696"}],"wp:attachment":[{"href":"https:\/\/tammetorubbq.ee\/fi\/wp-json\/wp\/v2\/media?parent=2694"}],"wp:term":[{"taxonomy":"pwb-brand","embeddable":true,"href":"https:\/\/tammetorubbq.ee\/fi\/wp-json\/wp\/v2\/pwb-brand?post=2694"},{"taxonomy":"product_brand","embeddable":true,"href":"https:\/\/tammetorubbq.ee\/fi\/wp-json\/wp\/v2\/product_brand?post=2694"},{"taxonomy":"product_cat","embeddable":true,"href":"https:\/\/tammetorubbq.ee\/fi\/wp-json\/wp\/v2\/product_cat?post=2694"},{"taxonomy":"product_tag","embeddable":true,"href":"https:\/\/tammetorubbq.ee\/fi\/wp-json\/wp\/v2\/product_tag?post=2694"}],"curies":[{"name":"wp","href":"https:\/\/api.w.org\/{rel}","templated":true}]}}