{"id":2717,"date":"2025-04-03T20:16:26","date_gmt":"2025-04-03T17:16:26","guid":{"rendered":"https:\/\/tammetorubbq.ee\/?post_type=product&#038;p=2717"},"modified":"2026-04-14T18:01:35","modified_gmt":"2026-04-14T15:01:35","slug":"turnpike-bbq-butter-n-garlic-rub-750g","status":"publish","type":"product","link":"https:\/\/tammetorubbq.ee\/fi\/product-2\/turnpike-bbq-butter-n-garlic-rub-750g\/","title":{"rendered":"Turnpike BBQ Butter 'n Garlic Rub 750g"},"content":{"rendered":"<p>Ainesosat: sokeri, valkosipuli, valkosipulijauhe, suola, mustapippuri, valkopippuri, juustokumina, maltodekstriini, mauste (e621), tarragon, oregano, fenkoli, hiivauute, inaktiivinen hiiva, valkosipuliuute, paakkuuntumisenestoaine (e551), kasvi\u00f6ljyt\/rasvat, luontainen aromi, voi sis\u00e4lt\u00e4\u00e4 pieni\u00e4 m\u00e4\u00e4ri\u00e4 maitoa ja gluteenia.<\/p>","protected":false},"excerpt":{"rendered":"<p class=\"\" data-start=\"0\" data-end=\"369\">Butter 'n Garlic on v\u00e4ltt\u00e4m\u00e4t\u00f6n perusmauste naudan- ja sianlihalle, kanalle, vihanneksille ja merenel\u00e4ville.<\/p>\n<p class=\"\" data-start=\"0\" data-end=\"369\">Mausteseoksessa on ylim\u00e4\u00e4r\u00e4ist\u00e4 valkosipulia, suolaisia vivahteita ja \u00e4\u00e4rimm\u00e4ist\u00e4 pehmeytt\u00e4, mutta siin\u00e4 on t\u00e4ytel\u00e4inen voinen maku.<\/p>\n<p class=\"\" data-start=\"0\" data-end=\"369\">K\u00e4yt\u00e4 miss\u00e4 haluat - mahdollisuudet ovat rajattomat.<\/p>\n<p class=\"\" data-start=\"0\" data-end=\"369\">Butter 'n Garlic rub on kehitetty erityisesti pohjakerrokseksi, mutta se sopii my\u00f6s erinomaisesti erilliseksi mausteeksi pihveille, pastoille ja monille muille ruokalajeille.<\/p>\n<p class=\"\" data-start=\"371\" data-end=\"458\">Yhdist\u00e4 muiden mausteseosten kanssa luodaksesi oman ainutlaatuisen makuprofiilisi!<\/p>\n<p><img loading=\"lazy\" decoding=\"async\" class=\"wp-image-2719\" src=\"http:\/\/tammetorubbq.ee\/wp-content\/uploads\/2025\/04\/Turnpike-BBQ-logo-300x300.webp\" alt=\"Turnpike BBQ -logo\" width=\"177\" height=\"177\" srcset=\"https:\/\/tammetorubbq.ee\/wp-content\/uploads\/2025\/04\/Turnpike-BBQ-logo-300x300.webp 300w, https:\/\/tammetorubbq.ee\/wp-content\/uploads\/2025\/04\/Turnpike-BBQ-logo-150x150.webp 150w, https:\/\/tammetorubbq.ee\/wp-content\/uploads\/2025\/04\/Turnpike-BBQ-logo-12x12.webp 12w, https:\/\/tammetorubbq.ee\/wp-content\/uploads\/2025\/04\/Turnpike-BBQ-logo-600x600.webp 600w, https:\/\/tammetorubbq.ee\/wp-content\/uploads\/2025\/04\/Turnpike-BBQ-logo-64x64.webp 64w, https:\/\/tammetorubbq.ee\/wp-content\/uploads\/2025\/04\/Turnpike-BBQ-logo.webp 720w\" sizes=\"auto, (max-width: 177px) 100vw, 177px\" \/><\/p>","protected":false},"featured_media":2718,"comment_status":"open","ping_status":"closed","template":"","meta":{"_uf_show_specific_survey":0,"_uf_disable_surveys":false},"pwb-brand":[117],"product_brand":[],"product_cat":[21],"product_tag":[203,118,121,120,114,119],"class_list":{"0":"post-2717","1":"product","2":"type-product","3":"status-publish","4":"has-post-thumbnail","6":"pwb-brand-turnpike-bbq","7":"product_cat-maitseainesegud","8":"product_tag-butter-n-garlic","9":"product_tag-kanaliha","10":"product_tag-koogiviljad","11":"product_tag-mereannid","12":"product_tag-sealiha","13":"product_tag-veiseliha","15":"first","16":"instock","17":"taxable","18":"shipping-taxable","19":"purchasable","20":"product-type-simple"},"brands":[{"id":117,"name":"Turnpike BBQ","slug":"turnpike-bbq"}],"_links":{"self":[{"href":"https:\/\/tammetorubbq.ee\/fi\/wp-json\/wp\/v2\/product\/2717","targetHints":{"allow":["GET"]}}],"collection":[{"href":"https:\/\/tammetorubbq.ee\/fi\/wp-json\/wp\/v2\/product"}],"about":[{"href":"https:\/\/tammetorubbq.ee\/fi\/wp-json\/wp\/v2\/types\/product"}],"replies":[{"embeddable":true,"href":"https:\/\/tammetorubbq.ee\/fi\/wp-json\/wp\/v2\/comments?post=2717"}],"wp:featuredmedia":[{"embeddable":true,"href":"https:\/\/tammetorubbq.ee\/fi\/wp-json\/wp\/v2\/media\/2718"}],"wp:attachment":[{"href":"https:\/\/tammetorubbq.ee\/fi\/wp-json\/wp\/v2\/media?parent=2717"}],"wp:term":[{"taxonomy":"pwb-brand","embeddable":true,"href":"https:\/\/tammetorubbq.ee\/fi\/wp-json\/wp\/v2\/pwb-brand?post=2717"},{"taxonomy":"product_brand","embeddable":true,"href":"https:\/\/tammetorubbq.ee\/fi\/wp-json\/wp\/v2\/product_brand?post=2717"},{"taxonomy":"product_cat","embeddable":true,"href":"https:\/\/tammetorubbq.ee\/fi\/wp-json\/wp\/v2\/product_cat?post=2717"},{"taxonomy":"product_tag","embeddable":true,"href":"https:\/\/tammetorubbq.ee\/fi\/wp-json\/wp\/v2\/product_tag?post=2717"}],"curies":[{"name":"wp","href":"https:\/\/api.w.org\/{rel}","templated":true}]}}