{"id":2736,"date":"2025-04-03T22:15:33","date_gmt":"2025-04-03T19:15:33","guid":{"rendered":"https:\/\/tammetorubbq.ee\/?post_type=product&#038;p=2736"},"modified":"2026-04-15T18:00:12","modified_gmt":"2026-04-15T15:00:12","slug":"turnpike-bbq-kirsikkapuun-savupalikka-25kg","status":"publish","type":"product","link":"https:\/\/tammetorubbq.ee\/fi\/product-2\/turnpike-bbq-kirsikkapuun-savupalikka-25kg\/","title":{"rendered":"Turnpike BBQ suitsuklots &#8211; kirsipuust 2,5kg"},"content":{"rendered":"<p>Pakkaus 2,5 kg, 8 litraa<\/p>","protected":false},"excerpt":{"rendered":"<p>Kirsikkapuu tuo makean, hedelm\u00e4isen ja houkuttelevan maun kaikkiin suosikkiliha- ja kasvisruokiin.<\/p>\n<p>Koska savu on hentoa ja hedelm\u00e4ist\u00e4, se sopii erinomaisesti sekoitettavaksi muiden lehtipuiden, kuten hickoryn tai tammen, kanssa.<\/p>\n<p>N\u00e4m\u00e4 kaksi makua t\u00e4ydent\u00e4v\u00e4t toisiaan, ja lopputulos on erinomainen sek\u00e4 maultaan ett\u00e4 v\u00e4rilt\u00e4\u00e4n.<\/p>\n<p>Kirsikkapalat tuottavat savua nopeasti, palavat suhteellisen pitk\u00e4\u00e4n ja tuottavat hyv\u00e4n m\u00e4\u00e4r\u00e4n savua, joten niit\u00e4 ei tarvitse lis\u00e4t\u00e4 liian usein pitk\u00e4n savustusprosessin aikana.<\/p>\n<p>Ihanteellinen k\u00e4ytett\u00e4v\u00e4ksi, kun lis\u00e4t\u00e4\u00e4n polttoainetta tuleen <a href=\"https:\/\/tammetorubbq.ee\/fi\/luokka\/grillit\/keraamiset-grillit\/\">Kamado Joe<\/a>-s tai <a href=\"https:\/\/tammetorubbq.ee\/fi\/luokka\/grillit\/bbq-savustusuunit\/\">BBQ-uuni<\/a>.<\/p>\n<p><img loading=\"lazy\" decoding=\"async\" class=\"wp-image-2719\" src=\"http:\/\/tammetorubbq.ee\/wp-content\/uploads\/2025\/04\/Turnpike-BBQ-logo-300x300.webp\" alt=\"Turnpike BBQ -logo\" width=\"172\" height=\"172\" srcset=\"https:\/\/tammetorubbq.ee\/wp-content\/uploads\/2025\/04\/Turnpike-BBQ-logo-300x300.webp 300w, https:\/\/tammetorubbq.ee\/wp-content\/uploads\/2025\/04\/Turnpike-BBQ-logo-150x150.webp 150w, https:\/\/tammetorubbq.ee\/wp-content\/uploads\/2025\/04\/Turnpike-BBQ-logo-12x12.webp 12w, https:\/\/tammetorubbq.ee\/wp-content\/uploads\/2025\/04\/Turnpike-BBQ-logo-600x600.webp 600w, https:\/\/tammetorubbq.ee\/wp-content\/uploads\/2025\/04\/Turnpike-BBQ-logo-64x64.webp 64w, https:\/\/tammetorubbq.ee\/wp-content\/uploads\/2025\/04\/Turnpike-BBQ-logo.webp 720w\" sizes=\"auto, (max-width: 172px) 100vw, 172px\" \/><\/p>","protected":false},"featured_media":2737,"comment_status":"open","ping_status":"closed","template":"","meta":{"_uf_show_specific_survey":0,"_uf_disable_surveys":false},"pwb-brand":[117],"product_brand":[391],"product_cat":[28,59],"product_tag":[163,118,114,124],"class_list":{"0":"post-2736","1":"product","2":"type-product","3":"status-publish","4":"has-post-thumbnail","6":"pwb-brand-turnpike-bbq","7":"product_brand-turnpike-bbq","8":"product_cat-grillsusi","9":"product_cat-suitsuklotsid","10":"product_tag-kala","11":"product_tag-kanaliha","12":"product_tag-sealiha","13":"product_tag-suitsuklots","15":"first","16":"outofstock","17":"taxable","18":"shipping-taxable","19":"purchasable","20":"product-type-simple"},"brands":[{"id":117,"name":"Turnpike BBQ","slug":"turnpike-bbq"}],"_links":{"self":[{"href":"https:\/\/tammetorubbq.ee\/fi\/wp-json\/wp\/v2\/product\/2736","targetHints":{"allow":["GET"]}}],"collection":[{"href":"https:\/\/tammetorubbq.ee\/fi\/wp-json\/wp\/v2\/product"}],"about":[{"href":"https:\/\/tammetorubbq.ee\/fi\/wp-json\/wp\/v2\/types\/product"}],"replies":[{"embeddable":true,"href":"https:\/\/tammetorubbq.ee\/fi\/wp-json\/wp\/v2\/comments?post=2736"}],"wp:featuredmedia":[{"embeddable":true,"href":"https:\/\/tammetorubbq.ee\/fi\/wp-json\/wp\/v2\/media\/2737"}],"wp:attachment":[{"href":"https:\/\/tammetorubbq.ee\/fi\/wp-json\/wp\/v2\/media?parent=2736"}],"wp:term":[{"taxonomy":"pwb-brand","embeddable":true,"href":"https:\/\/tammetorubbq.ee\/fi\/wp-json\/wp\/v2\/pwb-brand?post=2736"},{"taxonomy":"product_brand","embeddable":true,"href":"https:\/\/tammetorubbq.ee\/fi\/wp-json\/wp\/v2\/product_brand?post=2736"},{"taxonomy":"product_cat","embeddable":true,"href":"https:\/\/tammetorubbq.ee\/fi\/wp-json\/wp\/v2\/product_cat?post=2736"},{"taxonomy":"product_tag","embeddable":true,"href":"https:\/\/tammetorubbq.ee\/fi\/wp-json\/wp\/v2\/product_tag?post=2736"}],"curies":[{"name":"wp","href":"https:\/\/api.w.org\/{rel}","templated":true}]}}