{"id":2742,"date":"2025-04-03T22:56:59","date_gmt":"2025-04-03T19:56:59","guid":{"rendered":"https:\/\/tammetorubbq.ee\/?post_type=product&#038;p=2742"},"modified":"2026-04-29T19:00:22","modified_gmt":"2026-04-29T16:00:22","slug":"turnpike-bbq-savustettu-tammipuu-15kg","status":"publish","type":"product","link":"https:\/\/tammetorubbq.ee\/fi\/toode\/turnpike-bbq-suitsulaast-tammepuust-15kg\/","title":{"rendered":"Turnpike BBQ suitsulaast &#8211; tammepuust 1,5kg"},"content":{"rendered":"<p>Pakkaus 1,5 kg, 8 litraa<\/p>","protected":false},"excerpt":{"rendered":"<p>Tammi on ihanteellinen puu lihan savustamiseen. Jos olet vasta aloittanut lihan tai kalan savustamisen, se on hyv\u00e4 paikka aloittaa.<\/p>\n<p>Tammi antaa keskivahvan tai voimakkaan maun ja savun (riippuen siit\u00e4, kuinka paljon sit\u00e4 lis\u00e4t\u00e4\u00e4n).<\/p>\n<p>Tammihake tuottaa savua nopeasti ja antaa hyv\u00e4n m\u00e4\u00e4r\u00e4n savua. Lastut ovat pieni\u00e4, mik\u00e4 nopeuttaa palamista savuhalkoihin verrattuna.<\/p>\n<p>Olisi suositeltavaa k\u00e4ytt\u00e4\u00e4 savustuslaatikkoa tai tehd\u00e4 foliopussi, johon savustuspurut lis\u00e4t\u00e4\u00e4n - t\u00e4m\u00e4 hidastaa palamista v\u00e4hent\u00e4m\u00e4ll\u00e4 hapen saantia.<\/p>\n<p>Ihanteellinen k\u00e4ytett\u00e4v\u00e4ksi <a href=\"https:\/\/tammetorubbq.ee\/fi\/luokka\/grillit\/keraamiset-grillit\/\">Kamado Joe<\/a>-s, <a href=\"https:\/\/tammetorubbq.ee\/fi\/luokka\/grillit\/bbq-savustusuunit\/\">savustin ja grilliuuni<\/a> tai jos haluatte lis\u00e4\u00e4 savuista makua <a href=\"https:\/\/tammetorubbq.ee\/fi\/luokka\/grillit\/kaasugrillit\/\">kaasugrilli<\/a>.<\/p>","protected":false},"featured_media":2743,"comment_status":"open","ping_status":"closed","template":"","meta":{"_uf_show_specific_survey":0,"_uf_disable_surveys":false},"pwb-brand":[117],"product_brand":[391],"product_cat":[28,59],"product_tag":[118,114,125,119],"class_list":{"0":"post-2742","1":"product","2":"type-product","3":"status-publish","4":"has-post-thumbnail","6":"pwb-brand-turnpike-bbq","7":"product_brand-turnpike-bbq","8":"product_cat-grillsusi","9":"product_cat-suitsuklotsid","10":"product_tag-kanaliha","11":"product_tag-sealiha","12":"product_tag-suitsulaast","13":"product_tag-veiseliha","15":"first","16":"instock","17":"taxable","18":"shipping-taxable","19":"purchasable","20":"product-type-simple"},"brands":[{"id":117,"name":"Turnpike BBQ","slug":"turnpike-bbq"}],"_links":{"self":[{"href":"https:\/\/tammetorubbq.ee\/fi\/wp-json\/wp\/v2\/product\/2742","targetHints":{"allow":["GET"]}}],"collection":[{"href":"https:\/\/tammetorubbq.ee\/fi\/wp-json\/wp\/v2\/product"}],"about":[{"href":"https:\/\/tammetorubbq.ee\/fi\/wp-json\/wp\/v2\/types\/product"}],"replies":[{"embeddable":true,"href":"https:\/\/tammetorubbq.ee\/fi\/wp-json\/wp\/v2\/comments?post=2742"}],"wp:featuredmedia":[{"embeddable":true,"href":"https:\/\/tammetorubbq.ee\/fi\/wp-json\/wp\/v2\/media\/2743"}],"wp:attachment":[{"href":"https:\/\/tammetorubbq.ee\/fi\/wp-json\/wp\/v2\/media?parent=2742"}],"wp:term":[{"taxonomy":"pwb-brand","embeddable":true,"href":"https:\/\/tammetorubbq.ee\/fi\/wp-json\/wp\/v2\/pwb-brand?post=2742"},{"taxonomy":"product_brand","embeddable":true,"href":"https:\/\/tammetorubbq.ee\/fi\/wp-json\/wp\/v2\/product_brand?post=2742"},{"taxonomy":"product_cat","embeddable":true,"href":"https:\/\/tammetorubbq.ee\/fi\/wp-json\/wp\/v2\/product_cat?post=2742"},{"taxonomy":"product_tag","embeddable":true,"href":"https:\/\/tammetorubbq.ee\/fi\/wp-json\/wp\/v2\/product_tag?post=2742"}],"curies":[{"name":"wp","href":"https:\/\/api.w.org\/{rel}","templated":true}]}}