{"id":2771,"date":"2025-04-05T09:35:05","date_gmt":"2025-04-05T06:35:05","guid":{"rendered":"https:\/\/tammetorubbq.ee\/?post_type=product&#038;p=2771"},"modified":"2026-04-26T19:00:01","modified_gmt":"2026-04-26T16:00:01","slug":"napoleon-ruostumattomasta-teraksesta-valmistettu-savustuslaatikko-puulastuille","status":"publish","type":"product","link":"https:\/\/tammetorubbq.ee\/fi\/product-2\/napoleon-ruostumattomasta-teraksesta-valmistettu-savustuslaatikko-puulastuille\/","title":{"rendered":"Napoleon ruostumattomasta ter\u00e4ksest\u00e4 valmistettu savustuslaatikko puulastuille"},"content":{"rendered":"<p class=\"\" data-start=\"0\" data-end=\"326\">Juuri niin! Napoleonin ruostumattomasta ter\u00e4ksest\u00e4 valmistettu savustin on todella hyv\u00e4 valinta, jos haluat lis\u00e4t\u00e4 savun makua grillattuun ruokaan ilman erillist\u00e4 savugeneraattoria. T\u00e4m\u00e4 savustin tarjoaa k\u00e4tev\u00e4n ja yksinkertaisen ratkaisun savustamisesta nauttimiseen, sill\u00e4 sen avulla voit savustaa ruokia grilliss\u00e4si nopeasti ja helposti.<\/p>\n<p class=\"\" data-start=\"328\" data-end=\"346\"><strong data-start=\"328\" data-end=\"346\">Joitakin etuja:<\/strong><\/p>\n<ul data-start=\"347\" data-end=\"858\">\n<li class=\"\" data-start=\"347\" data-end=\"528\">\n<p class=\"\" data-start=\"349\" data-end=\"528\"><strong data-start=\"349\" data-end=\"369\">Helppo k\u00e4ytt\u00e4\u00e4:<\/strong> Sinun ei tarvitse huolehtia erillisen savugeneraattorin ostamisesta tai asentamisesta. T\u00e4yt\u00e4 savulaatikko yksinkertaisesti kostutetulla <a href=\"https:\/\/tammetorubbq.ee\/fi\/product-2\/turnpike-bbq-savustettu-tammipuu-15kg\/\">lehtipuuhakkeilla<\/a> ja asenna se grilliin.<\/p>\n<\/li>\n<li class=\"\" data-start=\"529\" data-end=\"690\">\n<p class=\"\" data-start=\"531\" data-end=\"690\"><strong data-start=\"531\" data-end=\"551\">Savun lis\u00e4\u00e4minen:<\/strong> Jos grillaat lihaa tai kalaa, voit lis\u00e4t\u00e4 savun makua muutamalla yksinkertaisella toimenpiteell\u00e4 ilman monimutkaisten laitteiden asentamista tai k\u00e4ytt\u00f6\u00e4.<\/p>\n<\/li>\n<li class=\"\" data-start=\"691\" data-end=\"858\">\n<p class=\"\" data-start=\"693\" data-end=\"858\"><strong data-start=\"693\" data-end=\"712\">T\u00e4ydellinen savulle<\/strong>: Koska savustin toimii t\u00e4sm\u00e4lleen Napoleonin grillausj\u00e4rjestelm\u00e4n kanssa, se takaa tasaisen savun ja l\u00e4mp\u00f6tilan, joka antaa t\u00e4ydellisen savuisen maun jokaiselle ruoalle.<\/p>\n<\/li>\n<\/ul>\n<p class=\"\" data-start=\"860\" data-end=\"1039\">Kaiken kaikkiaan, jos haluat savun makua ilman lis\u00e4varusteita ja monimutkaisia menettelyj\u00e4, t\u00e4m\u00e4 savustin on t\u00e4ydellinen valinta tekem\u00e4\u00e4n jokaisesta grillijuhlasta erityisen savun makuista!<\/p>\n<p><strong data-start=\"611\" data-end=\"622\">Mitat:<\/strong><br data-start=\"622\" data-end=\"625\" \/>Leveys: 7 cm<br data-start=\"636\" data-end=\"639\" \/>Syvyys: 16,5 cm<br data-start=\"655\" data-end=\"658\" \/>Korkeus: 7 cm<\/p>\n<h3 data-start=\"0\" data-end=\"222\">Miksi valita savupelti.<\/h3>\n<p class=\"\" data-start=\"0\" data-end=\"222\">Savustuslaatikoilla on useita etuja savuputkij\u00e4rjestelmiin verrattuna, erityisesti kun on kyse grillausprosessin pident\u00e4misest\u00e4 ja savun m\u00e4\u00e4r\u00e4n hallinnasta. Seuraavassa on kattavampi katsaus savustuslaatikon eduista:<\/p>\n<p data-start=\"224\" data-end=\"274\"><strong data-start=\"228\" data-end=\"274\">Muoto: matala ja leve\u00e4 laatikko, usein kannellinen.<\/strong><\/p>\n<p data-start=\"224\" data-end=\"274\">Savupes\u00e4 on yleens\u00e4 matalampi ja leve\u00e4mpi kuin savupiippu, mik\u00e4 tarkoittaa, ett\u00e4 se mahdollistaa suuremman pinta-alan savukkeille tai pelleteille ja tarjoaa enemm\u00e4n tilaa savun tuotannolle. Savulaatikossa on usein kansi, joka auttaa pit\u00e4m\u00e4\u00e4n ja hallitsemaan savua, jotta savu pysyy koko ajan grilliss\u00e4 eik\u00e4 h\u00e4vi\u00e4 nopeasti.<\/p>\n<p data-start=\"588\" data-end=\"674\"><strong data-start=\"592\" data-end=\"674\">Sijainti grilliss\u00e4: yleens\u00e4 polttimien yl\u00e4puolella, paistolevyn paikalla.<\/strong><\/p>\n<p class=\"\" data-start=\"680\" data-end=\"993\">Savustuslaatikko sijoitetaan yleens\u00e4 grilliin sellaiseen paikkaan, jossa se hy\u00f6tyy l\u00e4mm\u00f6st\u00e4 ja savu peitt\u00e4\u00e4 tehokkaasti koko grillausalueen. Koska se on l\u00e4hemp\u00e4n\u00e4 l\u00e4mp\u00f6\u00e4, savukapasiteettia on paljon helpompi s\u00e4\u00e4t\u00e4\u00e4 ja savu pysyy koko ajan oikeassa l\u00e4mp\u00f6tilassa tasaisen savustuksen varmistamiseksi.<\/p>\n<p data-start=\"995\" data-end=\"1058\"><strong data-start=\"999\" data-end=\"1058\">Kapasiteetti: mahtuu enemm\u00e4n savua tai pellettej\u00e4<\/strong><\/p>\n<p class=\"\" data-start=\"1064\" data-end=\"1408\">Savustimessa on suuri kapasiteetti, joten voit lis\u00e4t\u00e4 savua tai pellettej\u00e4 kerrallaan. T\u00e4m\u00e4 on erityisen t\u00e4rke\u00e4\u00e4, kun savustat suurempia lihapaloja, sill\u00e4 savun m\u00e4\u00e4r\u00e4n on oltava riitt\u00e4v\u00e4n suuri, jotta savun maku saadaan tasaiseksi. Suurempi kapasiteetti tarkoittaa my\u00f6s sit\u00e4, ett\u00e4 savua voidaan tuottaa pidemm\u00e4n aikaa.<\/p>\n<p data-start=\"1410\" data-end=\"1488\"><strong data-start=\"1414\" data-end=\"1488\">Soveltuu pitk\u00e4kestoiseen savustamiseen - esimerkiksi isommille lihapaloille.<\/strong><\/p>\n<p class=\"\" data-start=\"1494\" data-end=\"1797\">Koska savustimeen mahtuu enemm\u00e4n savua tai pellettej\u00e4, se on ihanteellinen valinta pitk\u00e4aikaisiin savustusprosesseihin. Jos grillaat suuria lihapaloja, kuten reippaita tai kokonaisia kananlihoja, savustin tuottaa pitk\u00e4kestoista savua, jolloin ruoka saa parempaa ja syvemp\u00e4\u00e4 savua.<\/p>\n<p data-start=\"1801\" data-end=\"1863\"><strong data-start=\"1805\" data-end=\"1863\">Kest\u00e4\u00e4 pidemp\u00e4\u00e4n ja tuottaa enemm\u00e4n savua kerrallaan.<\/strong><\/p>\n<p class=\"\" data-start=\"1869\" data-end=\"2230\">Savukotelot on suunniteltu kest\u00e4m\u00e4\u00e4n pidemp\u00e4\u00e4n ja tuottamaan savua tasaisesti pitk\u00e4n aikaa. N\u00e4in voit savustaa pidemp\u00e4\u00e4n ilman, ett\u00e4 sinun tarvitsee jatkuvasti lis\u00e4t\u00e4 savua, sill\u00e4 savustin pystyy pit\u00e4m\u00e4\u00e4n savun grilliss\u00e4 koko ajan. Verrattuna savuputkeen, jota saatetaan joutua t\u00e4ytt\u00e4m\u00e4\u00e4n useammin, savustin tarjoaa enemm\u00e4n mukavuutta ja v\u00e4hemm\u00e4n sekoittamista grillauksen aikana.<\/p>\n<p class=\"\" data-start=\"2256\" data-end=\"2635\">Yhteenvetona voidaan todeta, ett\u00e4 savustin on hyv\u00e4 valinta, jos haluat savustaa pidemp\u00e4\u00e4n isompia lihapaloja, sill\u00e4 se tarjoaa enemm\u00e4n kapasiteettia, tuottaa enemm\u00e4n savua kerrallaan ja pit\u00e4\u00e4 savun tasaisesti jakautuneena grilliss\u00e4. Sit\u00e4 on my\u00f6s helpompi hallita ja se vaatii v\u00e4hemm\u00e4n jatkuvia toimenpiteit\u00e4 kuin savuputkij\u00e4rjestelm\u00e4t, mik\u00e4 lis\u00e4\u00e4 mukavuutta ja parantaa savustustulosten tasaisuutta.<\/p>","protected":false},"excerpt":{"rendered":"<p class=\"\" data-start=\"0\" data-end=\"193\">T\u00e4m\u00e4 Napoleonin kest\u00e4v\u00e4, ruostumattomasta ter\u00e4ksest\u00e4 valmistettu savustin on loistava valinta kaikille grillauksen harrastajille, jotka haluavat s\u00e4ilytt\u00e4\u00e4 <a href=\"https:\/\/tammetorubbq.ee\/fi\/luokka\/grillit\/kaasugrillit\/?orderby=price\">kaasu<\/a>- ja <a href=\"https:\/\/tammetorubbq.ee\/fi\/luokka\/grillit\/sahkolasit\/\">electrigrillidel<\/a> kokea tupakointia. Sill\u00e4 on useita etuja:<\/p>\n<h3 class=\"\" data-start=\"195\" data-end=\"212\"><strong data-start=\"199\" data-end=\"212\">Ominaisuudet:<\/strong><\/h3>\n<p class=\"\" data-start=\"215\" data-end=\"332\"><strong data-start=\"215\" data-end=\"228\">Materiaali per\u00e4isin<\/strong> - Valmistettu vahvasta ruostumattomasta ter\u00e4ksest\u00e4, joka takaa pitk\u00e4aikaisen kest\u00e4vyyden ja korroosionkest\u00e4vyyden.<\/p>\n<p class=\"\" data-start=\"335\" data-end=\"489\"><strong data-start=\"335\" data-end=\"354\">Suuri kapasiteetti <\/strong>- Suuressa savupakkauksessa on tarpeeksi tilaa <a href=\"https:\/\/tammetorubbq.ee\/fi\/product-2\/turnpike-bbq-savustettu-tammipuu-15kg\/\">Kovapuinen sahatavara<\/a>voimakkaan savustusmaun saavuttamiseksi, ihanteellinen my\u00f6s suurille m\u00e4\u00e4rille.<\/p>\n<p class=\"\" data-start=\"492\" data-end=\"642\"><strong data-start=\"492\" data-end=\"513\">Helppo asennus <\/strong>- Savustuslaatikko on helppo asentaa Napoleon-grillien paahtolevyjen tilalle, joten se mahtuu hyvin grillien alle.<\/p>\n<p class=\"\" data-start=\"645\" data-end=\"823\"><strong data-start=\"645\" data-end=\"678\">Sopii eri malleihin <\/strong>- Sopii Napoleonille <strong data-start=\"685\" data-end=\"720\"><a href=\"https:\/\/tammetorubbq.ee\/fi\/?s=Prestige+PRO&amp;post_type=product&amp;dgwt_wcas=1\">Prestige PRO<\/a>, <a href=\"https:\/\/tammetorubbq.ee\/fi\/?s=Prestige&amp;post_type=product&amp;dgwt_wcas=1\">Prestige<\/a><\/strong> ja <a href=\"https:\/\/tammetorubbq.ee\/fi\/?s=Rogue&amp;post_type=product&amp;dgwt_wcas=1\"><strong data-start=\"724\" data-end=\"733\">Rogue<\/strong><\/a> sarja kaasugrillej\u00e4 varten, ja <strong><a href=\"https:\/\/tammetorubbq.ee\/fi\/product-2\/napoleon-rogue-eq-365-alykas-sahkogrilli-jossa-on-bluetooth-ja-wi-fi-yhteys\/\">Rogue<\/a> <\/strong>sarjan s\u00e4hk\u00f6grilli, joten se on suosittu valinta Napoleon-grillien omistajien keskuudessa.<\/p>\n<h3 class=\"\" data-start=\"825\" data-end=\"844\"><strong data-start=\"829\" data-end=\"844\">K\u00e4ytt\u00f6:<\/strong><\/h3>\n<p class=\"\" data-start=\"848\" data-end=\"980\"><strong data-start=\"848\" data-end=\"878\">Aseta savustin grilliin <\/strong>- Aseta savustuslaatikko grilliritil\u00f6iden alle ja varmista, ett\u00e4 se on oikeassa asennossa liekin levi\u00e4misprofiilin kanssa.<\/p>\n<p class=\"\" data-start=\"984\" data-end=\"1104\"><strong data-start=\"984\" data-end=\"1017\">Lis\u00e4\u00e4 kostutettua lehtipuun haketta <\/strong>- Aseta valmiiksi kostutetut kovapuunlastut savustuslaatikkoon savustusprosessin aloittamiseksi.<\/p>\n<p class=\"\" data-start=\"1108\" data-end=\"1181\"><strong data-start=\"1108\" data-end=\"1126\">Aloita grillaus <\/strong>- Laita grilli p\u00e4\u00e4lle ja odota, ett\u00e4 savu alkaa.<\/p>\n<p class=\"\" data-start=\"1185\" data-end=\"1292\"><strong data-start=\"1185\" data-end=\"1201\">L\u00e4mp\u00f6tila <\/strong>- S\u00e4\u00e4d\u00e4 grillin l\u00e4mp\u00f6tila 100 \u00b0C:n ja 120 \u00b0C:n v\u00e4lille parhaan savustustuloksen saavuttamiseksi.<\/p>\n<h3 class=\"\" data-start=\"1294\" data-end=\"1329\"><strong data-start=\"1298\" data-end=\"1329\">Miksi valita t\u00e4m\u00e4 savukammio?<\/strong><\/h3>\n<p class=\"\" data-start=\"1332\" data-end=\"1458\"><strong data-start=\"1332\" data-end=\"1364\">K\u00e4yt\u00e4nn\u00f6llinen ja luotettava <\/strong>- Suuren kapasiteettinsa ja vankan rakenteensa ansiosta savustin sopii erinomaisesti usein k\u00e4ytett\u00e4v\u00e4ksi.<\/p>\n<p class=\"\" data-start=\"1461\" data-end=\"1623\"><strong data-start=\"1461\" data-end=\"1481\">Maunparannusaine <\/strong>- Jos nautit savustetuista elintarvikkeista, t\u00e4m\u00e4 savustin lis\u00e4\u00e4 aitoa savun makua mihin tahansa grilliruokaan ja tekee ruokalajeista entist\u00e4 maukkaampia ja t\u00e4ytel\u00e4isempi\u00e4.<\/p>\n<p class=\"\" data-start=\"1461\" data-end=\"1623\"><strong data-start=\"1626\" data-end=\"1646\">Helppo yll\u00e4pit\u00e4\u00e4<\/strong> - Ruostumattomasta ter\u00e4ksest\u00e4 valmistetun rakenteen ansiosta se on helppo puhdistaa, mik\u00e4 on erityisen t\u00e4rke\u00e4\u00e4, jos k\u00e4yt\u00e4t savustinta usein.<\/p>\n<p class=\"\" data-start=\"1774\" data-end=\"1955\"><strong>Kaiken kaikkiaan t\u00e4m\u00e4 Napoleon-savustin on loistava lis\u00e4 grillivarusteisiisi, jos etsit yksinkertaista ja tehokasta tapaa valmistaa savustettuja ruokia Napoleon-kaasugrilliss\u00e4si.<\/strong><\/p>\n<p><img loading=\"lazy\" decoding=\"async\" class=\"wp-image-2098\" src=\"http:\/\/tammetorubbq.ee\/wp-content\/uploads\/2024\/11\/napoleon-gas-grills-logo-vector-1-300x124.png\" alt=\"napoleon kaasugrillit logo vektori\" width=\"177\" height=\"73\" srcset=\"https:\/\/tammetorubbq.ee\/wp-content\/uploads\/2024\/11\/napoleon-gas-grills-logo-vector-1-300x124.png 300w, https:\/\/tammetorubbq.ee\/wp-content\/uploads\/2024\/11\/napoleon-gas-grills-logo-vector-1-768x317.png 768w, https:\/\/tammetorubbq.ee\/wp-content\/uploads\/2024\/11\/napoleon-gas-grills-logo-vector-1-18x7.png 18w, https:\/\/tammetorubbq.ee\/wp-content\/uploads\/2024\/11\/napoleon-gas-grills-logo-vector-1-600x248.png 600w, https:\/\/tammetorubbq.ee\/wp-content\/uploads\/2024\/11\/napoleon-gas-grills-logo-vector-1-64x26.png 64w, https:\/\/tammetorubbq.ee\/wp-content\/uploads\/2024\/11\/napoleon-gas-grills-logo-vector-1.png 847w\" sizes=\"auto, (max-width: 177px) 100vw, 177px\" \/><\/p>","protected":false},"featured_media":2772,"comment_status":"open","ping_status":"closed","template":"","meta":{"_uf_show_specific_survey":0,"_uf_disable_surveys":false},"pwb-brand":[101],"product_brand":[389],"product_cat":[30],"product_tag":[109,110,128],"class_list":{"0":"post-2771","1":"product","2":"type-product","3":"status-publish","4":"has-post-thumbnail","6":"pwb-brand-napoleon","7":"product_brand-napoleon","8":"product_cat-grillimise-tarvikud","9":"product_tag-elektrigrill","10":"product_tag-gaasigrill","11":"product_tag-suitsukarp","13":"first","14":"instock","15":"taxable","16":"shipping-taxable","17":"purchasable","18":"product-type-simple"},"brands":[{"id":101,"name":"Napoleon","slug":"napoleon"}],"_links":{"self":[{"href":"https:\/\/tammetorubbq.ee\/fi\/wp-json\/wp\/v2\/product\/2771","targetHints":{"allow":["GET"]}}],"collection":[{"href":"https:\/\/tammetorubbq.ee\/fi\/wp-json\/wp\/v2\/product"}],"about":[{"href":"https:\/\/tammetorubbq.ee\/fi\/wp-json\/wp\/v2\/types\/product"}],"replies":[{"embeddable":true,"href":"https:\/\/tammetorubbq.ee\/fi\/wp-json\/wp\/v2\/comments?post=2771"}],"wp:featuredmedia":[{"embeddable":true,"href":"https:\/\/tammetorubbq.ee\/fi\/wp-json\/wp\/v2\/media\/2772"}],"wp:attachment":[{"href":"https:\/\/tammetorubbq.ee\/fi\/wp-json\/wp\/v2\/media?parent=2771"}],"wp:term":[{"taxonomy":"pwb-brand","embeddable":true,"href":"https:\/\/tammetorubbq.ee\/fi\/wp-json\/wp\/v2\/pwb-brand?post=2771"},{"taxonomy":"product_brand","embeddable":true,"href":"https:\/\/tammetorubbq.ee\/fi\/wp-json\/wp\/v2\/product_brand?post=2771"},{"taxonomy":"product_cat","embeddable":true,"href":"https:\/\/tammetorubbq.ee\/fi\/wp-json\/wp\/v2\/product_cat?post=2771"},{"taxonomy":"product_tag","embeddable":true,"href":"https:\/\/tammetorubbq.ee\/fi\/wp-json\/wp\/v2\/product_tag?post=2771"}],"curies":[{"name":"wp","href":"https:\/\/api.w.org\/{rel}","templated":true}]}}