{"id":2785,"date":"2025-04-05T11:40:15","date_gmt":"2025-04-05T08:40:15","guid":{"rendered":"https:\/\/tammetorubbq.ee\/?post_type=product&#038;p=2785"},"modified":"2026-04-05T22:01:00","modified_gmt":"2026-04-05T19:01:00","slug":"everdure-uuni-2-kaasu-pizza-uuni-cream-beez","status":"publish","type":"product","link":"https:\/\/tammetorubbq.ee\/fi\/product-2\/everdure-uuni-2-kaasu-pizza-uuni-cream-beez\/","title":{"rendered":"Everdure KILN 2 kaasupizzauuni (beige)"},"content":{"rendered":"<h5 data-start=\"0\" data-end=\"18\"><strong>Toimii kaasupullokaasulla.<\/strong><\/h5>\n<h5 data-start=\"0\" data-end=\"18\">Setti sis\u00e4lt\u00e4\u00e4:<\/h5>\n<p class=\"\" data-start=\"21\" data-end=\"47\">1 x KILN R-sarjan pizzauuni<\/p>\n<p class=\"\" data-start=\"50\" data-end=\"85\">1 x 40cm py\u00f6re\u00e4 pitsikivi<\/p>\n<p class=\"\" data-start=\"88\" data-end=\"110\">1 x pitsikivi<\/p>\n<p class=\"\" data-start=\"113\" data-end=\"129\">1 x virtal\u00e4hde<\/p>\n<p class=\"\" data-start=\"132\" data-end=\"145\">1 x k\u00e4ytt\u00f6ohje<\/p>\n<p data-start=\"132\" data-end=\"145\">** 5 x AA-paristot (4 x py\u00f6riv\u00e4\u00e4 pitsikive\u00e4 varten, 1 x s\u00e4hk\u00f6ist\u00e4 sytytyst\u00e4 varten) - - <strong>paristot eiv\u00e4t sis\u00e4lly<\/strong>.<\/p>\n<h5 data-start=\"0\" data-end=\"23\">Tekniset tiedot:<\/h5>\n<p class=\"\" data-start=\"26\" data-end=\"53\">25 450 BTU 2-polttimen teho<\/p>\n<p class=\"\" data-start=\"56\" data-end=\"76\">Kaasun paine: 2,75 kPa<\/p>\n<p class=\"\" data-start=\"80\" data-end=\"110\">Nettopaino: 29,2 kg<\/p>\n<p class=\"\" data-start=\"113\" data-end=\"142\">Bruttopaino: 35 kg<\/p>\n<h5 data-start=\"12\" data-end=\"29\"><strong data-start=\"12\" data-end=\"29\">Tuotteen mitat:<\/strong><\/h5>\n<p class=\"\" data-start=\"32\" data-end=\"59\">Leveys: 660 mm<\/p>\n<p class=\"\" data-start=\"62\" data-end=\"90\">Syvyys: 740 mm<\/p>\n<p class=\"\" data-start=\"93\" data-end=\"121\">Korkeus: 380 mm<\/p>\n<h5 data-start=\"123\" data-end=\"142\"><strong data-start=\"123\" data-end=\"142\">Pakkauksen mitat:<\/strong><\/h5>\n<p class=\"\" data-start=\"145\" data-end=\"172\">Leveys: 820 mm<\/p>\n<p class=\"\" data-start=\"175\" data-end=\"204\">Syvyys: 740 mm<\/p>\n<p class=\"\" data-start=\"207\" data-end=\"235\">Korkeus: 435 mm<\/p>\n<h5 data-start=\"0\" data-end=\"18\">Huolto-opas<\/h5>\n<p class=\"\" data-start=\"20\" data-end=\"399\">Kun pizzauuni on j\u00e4\u00e4htynyt tai ennen kuin aloitat paistamisen pizzauunissa, k\u00e4yt\u00e4. <a href=\"https:\/\/tammetorubbq.ee\/fi\/product-2\/everdure-uunin-pizzauunin-puhdistusharja\/\"><strong data-start=\"121\" data-end=\"148\">Everdure pizzauunin harja<\/strong><\/a>puhdistaaksesi pizzakivi, poltin ja sis\u00e4kotelo kaikista j\u00e4\u00e4mist\u00e4, joita on voinut kerty\u00e4 uunissa kypsennyksen aikana. K\u00e4yt\u00e4 <a href=\"https:\/\/tammetorubbq.ee\/fi\/product-2\/everdure-saankestava-suojus-pizzauunille-uunin-uunille-uuniin\/\"><strong data-start=\"282\" data-end=\"309\">Everdure pizzauunin kansi<\/strong><\/a>kun pizzauuni ei ole k\u00e4yt\u00f6ss\u00e4, jotta se ei p\u00f6lyyntyisi tai likaantuisi.<\/p>\n<div style=\"width: 1920px;\" class=\"wp-video\"><video class=\"wp-video-shortcode\" id=\"video-2785-1\" width=\"1920\" height=\"1080\" preload=\"metadata\" controls=\"controls\"><source type=\"video\/mp4\" src=\"http:\/\/tammetorubbq.ee\/wp-content\/uploads\/2025\/04\/c6552e8778b5452583821469d2945d44.HD-1080p-2.5Mbps-41793897.mp4?_=1\" \/><a href=\"http:\/\/tammetorubbq.ee\/wp-content\/uploads\/2025\/04\/c6552e8778b5452583821469d2945d44.HD-1080p-2.5Mbps-41793897.mp4\">http:\/\/tammetorubbq.ee\/wp-content\/uploads\/2025\/04\/c6552e8778b5452583821469d2945d44.HD-1080p-2.5Mbps-41793897.mp4<\/a><\/video><\/div>\n<p class=\"\" data-start=\"0\" data-end=\"75\"><strong data-start=\"0\" data-end=\"75\">Everdure by Heston Blumenthal - t\u00e4ydellinen sekoitus muotoilua ja teknologiaa!<\/strong><\/p>\n<p class=\"\" data-start=\"77\" data-end=\"327\"><strong data-start=\"77\" data-end=\"110\">Everdure by Heston Blumenthal<\/strong> tuotteet ovat ainutlaatuisia ja eriytyneit\u00e4. Yhdess\u00e4 suunnittelijoiden ja insin\u00f6\u00f6rien kanssa Heston Blumenthal pyrkii luomaan tuotteita, joissa jokainen yksityiskohta on tarkkaan harkittu ja joissa huipputeknologia yhdistyy kauniiseen muotoiluun.<\/p>","protected":false},"excerpt":{"rendered":"<p data-start=\"0\" data-end=\"37\"><strong data-start=\"0\" data-end=\"75\">Everdure by Heston Blumenthal - t\u00e4ydellinen sekoitus muotoilua ja teknologiaa!<\/strong><\/p>\n<p class=\"\" data-start=\"0\" data-end=\"37\"><em><strong>Perinteinen pizza uudella twistill\u00e4!<\/strong><\/em><\/p>\n<p class=\"\" data-start=\"39\" data-end=\"279\">Everdure KILN R -sarjan propaanipizzauuni on suunniteltu ainutlaatuisella tavalla luomaan vaivaton ja aito kokemus kotona. Monipuolisten ominaisuuksiensa ansiosta KILN voi paistaa suuren pizzan alle 2 minuutissa ja friteerata tai paistaa monenlaisia ruokia.<\/p>\n<p class=\"\" data-start=\"281\" data-end=\"594\">KILNin py\u00f6riv\u00e4 pizzakivi ja U-muotoinen poltin poistavat tarpeen k\u00e4\u00e4nt\u00e4\u00e4 pizzaa k\u00e4sin ja takaavat tasaisen kypsymisen joka kerta.<\/p>\n<p class=\"\" data-start=\"281\" data-end=\"594\">Helppo asentaa, valmistaa, puhdistaa ja s\u00e4ilytt\u00e4\u00e4 - KILN R -sarja on t\u00e4ydellinen lis\u00e4 ulkokeitti\u00f6\u00f6si.<\/p>\n<p class=\"\" data-start=\"281\" data-end=\"594\">Nauti perinteisest\u00e4 pizzasta, mutta uudella twistill\u00e4.<\/p>\n<h5 data-start=\"0\" data-end=\"21\">T\u00e4rkeimm\u00e4t ominaisuudet<\/h5>\n<p class=\"\" data-start=\"25\" data-end=\"93\"><strong data-start=\"25\" data-end=\"52\">Monik\u00e4ytt\u00f6inen uuni<\/strong> - sopii monenlaisten ruokien valmistukseen.<\/p>\n<p class=\"\" data-start=\"96\" data-end=\"127\"><strong data-start=\"96\" data-end=\"126\">Kaunis ja moderni muotoilu<\/strong>.<\/p>\n<p class=\"\" data-start=\"130\" data-end=\"188\"><strong data-start=\"130\" data-end=\"160\">Jopa 50 tunnin akunkesto<\/strong> py\u00f6riv\u00e4\u00e4 pitsikive\u00e4 varten.<\/p>\n<p class=\"\" data-start=\"191\" data-end=\"276\"><strong data-start=\"191\" data-end=\"222\">Kaksinkertaisesti eristetty kotelo<\/strong>, joka maksimoi sis\u00e4puolisen eristyksen energiatehokkuuden.<\/p>\n<p class=\"\" data-start=\"279\" data-end=\"367\"><strong>Leivinpelti on riitt\u00e4v\u00e4n suuri, jotta siihen mahtuu jopa 40 cm:n kokoinen<\/strong> pizza tai erilaiset ruoanlaitto- ja keittov\u00e4lineet.<\/p>\n<p class=\"\" data-start=\"370\" data-end=\"424\"><strong data-start=\"370\" data-end=\"423\">Paistuu jopa 400 \u00b0C:ssa alle 15 minuutissa.<\/strong>.<\/p>\n<p class=\"\" data-start=\"427\" data-end=\"472\"><strong data-start=\"427\" data-end=\"471\">Paistaa t\u00e4ydellisen pizzan alle 2 minuutissa<\/strong>.<\/p>\n<p class=\"\" data-start=\"475\" data-end=\"517\"><strong data-start=\"475\" data-end=\"516\">Nuppi py\u00f6riv\u00e4n pitsikiven ohjausta varten<\/strong>.<\/p>\n<p class=\"\" data-start=\"520\" data-end=\"637\"><strong data-start=\"520\" data-end=\"591\">Py\u00f6riv\u00e4 pitsitiili, joka saa virtansa paristosta tai verkkovirrasta.<\/strong>, jolloin pizzaa ei tarvitse k\u00e4\u00e4nt\u00e4\u00e4 k\u00e4sin.<\/p>\n<p class=\"\" data-start=\"640\" data-end=\"689\"><strong data-start=\"640\" data-end=\"665\">Irrotettava p\u00e4\u00e4llystekivi<\/strong> helppo puhdistaa.<\/p>\n<p class=\"\" data-start=\"640\" data-end=\"689\"><strong data-start=\"692\" data-end=\"745\">Suunniteltu sopimaan tavallisiin ty\u00f6tasokokoihin<\/strong>.<\/p>\n<p class=\"\" data-start=\"749\" data-end=\"823\"><strong data-start=\"749\" data-end=\"774\">Pitsin alla oleva poltin<\/strong>varmistaa t\u00e4ydellisesti kypsennetyn pohjan joka kerta.<\/p>\n<p class=\"\" data-start=\"826\" data-end=\"891\"><strong data-start=\"826\" data-end=\"847\">U-muotoinen poltin<\/strong> varmistaa l\u00e4mm\u00f6n tasaisen jakautumisen kypsennyksen aikana.<\/p>\n<p><img loading=\"lazy\" decoding=\"async\" class=\"wp-image-1517\" src=\"http:\/\/tammetorubbq.ee\/wp-content\/uploads\/2024\/03\/Everdure-by-Heston-Blumenthal-logo-300x58.png\" alt=\"Everdure by Heston Blumenthal -logo\" width=\"228\" height=\"44\" srcset=\"https:\/\/tammetorubbq.ee\/wp-content\/uploads\/2024\/03\/Everdure-by-Heston-Blumenthal-logo-300x58.png 300w, https:\/\/tammetorubbq.ee\/wp-content\/uploads\/2024\/03\/Everdure-by-Heston-Blumenthal-logo-768x147.png 768w, https:\/\/tammetorubbq.ee\/wp-content\/uploads\/2024\/03\/Everdure-by-Heston-Blumenthal-logo-18x3.png 18w, https:\/\/tammetorubbq.ee\/wp-content\/uploads\/2024\/03\/Everdure-by-Heston-Blumenthal-logo-600x115.png 600w, https:\/\/tammetorubbq.ee\/wp-content\/uploads\/2024\/03\/Everdure-by-Heston-Blumenthal-logo-64x12.png 64w, https:\/\/tammetorubbq.ee\/wp-content\/uploads\/2024\/03\/Everdure-by-Heston-Blumenthal-logo.png 1000w\" sizes=\"auto, (max-width: 228px) 100vw, 228px\" \/><\/p>\n<p>&nbsp;<\/p>\n<p><a href=\"https:\/\/tammetorubbq.ee\/fi\/maksa-myohemmin\/\"><strong>OSTA NYT, MAKSA MY\u00d6HEMMIN<\/strong><\/a>\u00a0- korotonta!<\/p>\n<p><img loading=\"lazy\" decoding=\"async\" class=\"alignnone wp-image-2646\" src=\"http:\/\/tammetorubbq.ee\/wp-content\/uploads\/2023\/12\/inbank-wordmark.png\" alt=\"Inbank\" width=\"169\" height=\"76\" srcset=\"https:\/\/tammetorubbq.ee\/wp-content\/uploads\/2023\/12\/inbank-wordmark.png 300w, https:\/\/tammetorubbq.ee\/wp-content\/uploads\/2023\/12\/inbank-wordmark-18x8.png 18w, https:\/\/tammetorubbq.ee\/wp-content\/uploads\/2023\/12\/inbank-wordmark-64x29.png 64w\" sizes=\"auto, (max-width: 169px) 100vw, 169px\" \/><\/p>\n<p>Tarjoamme my\u00f6s mahdollisuuden maksaa my\u00f6hemmin - yhdess\u00e4, kahdessa tai kolmessa samansuuruisessa er\u00e4ss\u00e4 ilman korkoa tai lis\u00e4maksua.<\/p>\n<p>L\u00f6yd\u00e4t valikoiman eri maksuvaihtoehtoja ostoskoristamme.<\/p>","protected":false},"featured_media":2796,"comment_status":"open","ping_status":"closed","template":"","meta":{"_uf_show_specific_survey":0,"_uf_disable_surveys":false},"pwb-brand":[132],"product_brand":[],"product_cat":[131],"product_tag":[149,133],"class_list":{"0":"post-2785","1":"product","2":"type-product","3":"status-publish","4":"has-post-thumbnail","6":"pwb-brand-everdure","7":"product_cat-pizzaahjud","8":"product_tag-everdure","9":"product_tag-pizzaahi","11":"first","12":"instock","13":"taxable","14":"shipping-taxable","15":"purchasable","16":"product-type-simple"},"brands":[{"id":132,"name":"Everdure","slug":"everdure"}],"_links":{"self":[{"href":"https:\/\/tammetorubbq.ee\/fi\/wp-json\/wp\/v2\/product\/2785","targetHints":{"allow":["GET"]}}],"collection":[{"href":"https:\/\/tammetorubbq.ee\/fi\/wp-json\/wp\/v2\/product"}],"about":[{"href":"https:\/\/tammetorubbq.ee\/fi\/wp-json\/wp\/v2\/types\/product"}],"replies":[{"embeddable":true,"href":"https:\/\/tammetorubbq.ee\/fi\/wp-json\/wp\/v2\/comments?post=2785"}],"wp:featuredmedia":[{"embeddable":true,"href":"https:\/\/tammetorubbq.ee\/fi\/wp-json\/wp\/v2\/media\/2796"}],"wp:attachment":[{"href":"https:\/\/tammetorubbq.ee\/fi\/wp-json\/wp\/v2\/media?parent=2785"}],"wp:term":[{"taxonomy":"pwb-brand","embeddable":true,"href":"https:\/\/tammetorubbq.ee\/fi\/wp-json\/wp\/v2\/pwb-brand?post=2785"},{"taxonomy":"product_brand","embeddable":true,"href":"https:\/\/tammetorubbq.ee\/fi\/wp-json\/wp\/v2\/product_brand?post=2785"},{"taxonomy":"product_cat","embeddable":true,"href":"https:\/\/tammetorubbq.ee\/fi\/wp-json\/wp\/v2\/product_cat?post=2785"},{"taxonomy":"product_tag","embeddable":true,"href":"https:\/\/tammetorubbq.ee\/fi\/wp-json\/wp\/v2\/product_tag?post=2785"}],"curies":[{"name":"wp","href":"https:\/\/api.w.org\/{rel}","templated":true}]}}