{"id":2815,"date":"2025-04-05T12:48:42","date_gmt":"2025-04-05T09:48:42","guid":{"rendered":"https:\/\/tammetorubbq.ee\/?post_type=product&#038;p=2815"},"modified":"2026-04-20T01:00:58","modified_gmt":"2026-04-19T22:00:58","slug":"everdure-saankestava-suojus-pizzauunille-uunin-uunille-uuniin","status":"publish","type":"product","link":"https:\/\/tammetorubbq.ee\/fi\/product-2\/everdure-saankestava-suojus-pizzauunille-uunin-uunille-uuniin\/","title":{"rendered":"Everdure s\u00e4\u00e4nkest\u00e4v\u00e4 suojus pizzauunille KILN"},"content":{"rendered":"<h5 data-start=\"0\" data-end=\"22\">Tekniset tiedot:<\/h5>\n<p class=\"\" data-start=\"25\" data-end=\"51\">Nettopaino: 670 g<\/p>\n<p class=\"\" data-start=\"54\" data-end=\"81\">Bruttopaino: 940 g<\/p>\n<h5 data-start=\"0\" data-end=\"20\">Hoito-ohjeet:<\/h5>\n<p class=\"\" data-start=\"23\" data-end=\"65\">K\u00e4sinpesu ja ilmakuivaus.<\/p>\n<p class=\"\" data-start=\"68\" data-end=\"119\">Puhdista varovasti l\u00e4mpim\u00e4ll\u00e4 vedell\u00e4 ja miedolla pesuaineella.<\/p>\n<p class=\"\" data-start=\"122\" data-end=\"196\">\u00c4l\u00e4 silitys, valkaisu, rumpukuivaus tai kemiallinen pesu.<\/p>\n<p data-start=\"122\" data-end=\"196\"><strong data-start=\"77\" data-end=\"110\">Everdure by Heston Blumenthal<\/strong>\u00a0tuotteet ovat ainutlaatuisia ja eriytyneit\u00e4. Yhdess\u00e4 suunnittelijoiden ja insin\u00f6\u00f6rien kanssa Heston Blumenthal pyrkii luomaan tuotteita, joissa jokainen yksityiskohta on tarkkaan harkittu ja joissa huipputeknologia yhdistyy kauniiseen muotoiluun.<\/p>","protected":false},"excerpt":{"rendered":"<p data-start=\"0\" data-end=\"166\"><strong data-start=\"0\" data-end=\"75\">Everdure by Heston Blumenthal - t\u00e4ydellinen sekoitus muotoilua ja teknologiaa!<\/strong><\/p>\n<p class=\"\" data-start=\"0\" data-end=\"166\">Suojaa KILN-pizzauunisi s\u00e4\u00e4lt\u00e4 varmistamalla sen pitk\u00e4ik\u00e4isyys t\u00e4ll\u00e4 kest\u00e4v\u00e4ll\u00e4 pinnoitteella.<br data-start=\"86\" data-end=\"89\" \/>KILN-peite on suunniteltu suojaamaan pizzauunia s\u00e4\u00e4lt\u00e4.<\/p>\n<p class=\"\" data-start=\"168\" data-end=\"248\">Valmistettu kest\u00e4v\u00e4st\u00e4 vedenpit\u00e4v\u00e4st\u00e4 materiaalista - suunniteltu kest\u00e4m\u00e4\u00e4n.<\/p>\n<p class=\"\" data-start=\"250\" data-end=\"340\">Kansi on vetoketjullinen, joten KILN-pizzauuni pysyy kuivana ja turvallisena ymp\u00e4ri vuoden.<\/p>\n<h5 data-start=\"0\" data-end=\"21\">T\u00e4rkeimm\u00e4t ominaisuudet<\/h5>\n<p>Kiristysnauha ja vetoketju takaavat turvallisen ja tiiviin suojan.<\/p>\n<p>Vedenpit\u00e4v\u00e4 rakenne pit\u00e4\u00e4 uunin kuivana ja suojattuna.<\/p>\n<p class=\"\" data-start=\"83\" data-end=\"119\">Valmistettu 600D-polyesterikankaasta - ihanteellinen ulkovarastointiin.<\/p>\n<p>Suunniteltu erityisesti Everdure KILN 2-poltin-pizzauunille.<\/p>\n<p><img loading=\"lazy\" decoding=\"async\" class=\"wp-image-1517\" src=\"http:\/\/tammetorubbq.ee\/wp-content\/uploads\/2024\/03\/Everdure-by-Heston-Blumenthal-logo-300x58.png\" alt=\"Everdure by Heston Blumenthal -logo\" width=\"228\" height=\"44\" srcset=\"https:\/\/tammetorubbq.ee\/wp-content\/uploads\/2024\/03\/Everdure-by-Heston-Blumenthal-logo-300x58.png 300w, https:\/\/tammetorubbq.ee\/wp-content\/uploads\/2024\/03\/Everdure-by-Heston-Blumenthal-logo-768x147.png 768w, https:\/\/tammetorubbq.ee\/wp-content\/uploads\/2024\/03\/Everdure-by-Heston-Blumenthal-logo-18x3.png 18w, https:\/\/tammetorubbq.ee\/wp-content\/uploads\/2024\/03\/Everdure-by-Heston-Blumenthal-logo-600x115.png 600w, https:\/\/tammetorubbq.ee\/wp-content\/uploads\/2024\/03\/Everdure-by-Heston-Blumenthal-logo-64x12.png 64w, https:\/\/tammetorubbq.ee\/wp-content\/uploads\/2024\/03\/Everdure-by-Heston-Blumenthal-logo.png 1000w\" sizes=\"auto, (max-width: 228px) 100vw, 228px\" \/><\/p>","protected":false},"featured_media":2820,"comment_status":"open","ping_status":"closed","template":"","meta":{"_uf_show_specific_survey":0,"_uf_disable_surveys":false},"pwb-brand":[132],"product_brand":[],"product_cat":[88],"product_tag":[149,239,133],"class_list":{"0":"post-2815","1":"product","2":"type-product","3":"status-publish","4":"has-post-thumbnail","6":"pwb-brand-everdure","7":"product_cat-grillide-lisatarvikud","8":"product_tag-everdure","9":"product_tag-ilmastikukindel-kate","10":"product_tag-pizzaahi","12":"first","13":"instock","14":"taxable","15":"shipping-taxable","16":"purchasable","17":"product-type-simple"},"brands":[{"id":132,"name":"Everdure","slug":"everdure"}],"_links":{"self":[{"href":"https:\/\/tammetorubbq.ee\/fi\/wp-json\/wp\/v2\/product\/2815","targetHints":{"allow":["GET"]}}],"collection":[{"href":"https:\/\/tammetorubbq.ee\/fi\/wp-json\/wp\/v2\/product"}],"about":[{"href":"https:\/\/tammetorubbq.ee\/fi\/wp-json\/wp\/v2\/types\/product"}],"replies":[{"embeddable":true,"href":"https:\/\/tammetorubbq.ee\/fi\/wp-json\/wp\/v2\/comments?post=2815"}],"wp:featuredmedia":[{"embeddable":true,"href":"https:\/\/tammetorubbq.ee\/fi\/wp-json\/wp\/v2\/media\/2820"}],"wp:attachment":[{"href":"https:\/\/tammetorubbq.ee\/fi\/wp-json\/wp\/v2\/media?parent=2815"}],"wp:term":[{"taxonomy":"pwb-brand","embeddable":true,"href":"https:\/\/tammetorubbq.ee\/fi\/wp-json\/wp\/v2\/pwb-brand?post=2815"},{"taxonomy":"product_brand","embeddable":true,"href":"https:\/\/tammetorubbq.ee\/fi\/wp-json\/wp\/v2\/product_brand?post=2815"},{"taxonomy":"product_cat","embeddable":true,"href":"https:\/\/tammetorubbq.ee\/fi\/wp-json\/wp\/v2\/product_cat?post=2815"},{"taxonomy":"product_tag","embeddable":true,"href":"https:\/\/tammetorubbq.ee\/fi\/wp-json\/wp\/v2\/product_tag?post=2815"}],"curies":[{"name":"wp","href":"https:\/\/api.w.org\/{rel}","templated":true}]}}