{"id":2822,"date":"2025-04-05T13:20:42","date_gmt":"2025-04-05T10:20:42","guid":{"rendered":"https:\/\/tammetorubbq.ee\/?post_type=product&#038;p=2822"},"modified":"2026-04-20T02:00:02","modified_gmt":"2026-04-19T23:00:02","slug":"napoleon-pizza-rakastaja-pizza-toimitus-setti","status":"publish","type":"product","link":"https:\/\/tammetorubbq.ee\/fi\/product-2\/napoleon-pizza-rakastaja-pizza-toimitus-setti\/","title":{"rendered":"Napoleon Pizza Lover pizzailuv\u00e4lineet t\u00e4ydellinen setti"},"content":{"rendered":"<h5 data-start=\"812\" data-end=\"825\"><strong data-start=\"812\" data-end=\"823\">Mitat:<\/strong><\/h5>\n<p class=\"\" data-start=\"828\" data-end=\"858\">Pizzakiven l\u00e4vist\u00e4j\u00e4: 30 cm<\/p>","protected":false},"excerpt":{"rendered":"<p class=\"\" data-start=\"0\" data-end=\"227\">Napoleon's Pizza Lover -pakkaus sis\u00e4lt\u00e4\u00e4 kaiken, mit\u00e4 tarvitset pizzeriatyylisten pizzojen valmistamiseen kotona - lis\u00e4\u00e4 vain suosikkiraaka-aineesi.<\/p>\n<p class=\"\" data-start=\"0\" data-end=\"227\"><strong>Settiin kuuluu pizzakivi, pizzaleikkuri, lastat ja lastat, joissa on raastin.<\/strong><\/p>\n<p class=\"\" data-start=\"229\" data-end=\"454\">Pizzakiven huokoinen pinta imee ylim\u00e4\u00e4r\u00e4isen kosteuden taikinasta, jolloin pohjan kuori kypsyy rapeaksi. Kive\u00e4 voidaan k\u00e4ytt\u00e4\u00e4 my\u00f6s leiv\u00e4n tai keksien paistamiseen, ja se paranee jokaisella k\u00e4ytt\u00f6kerralla, aivan kuten valurauta.<\/p>\n<p class=\"\" data-start=\"746\" data-end=\"810\">Pizzakivi voidaan pest\u00e4 k\u00e4sin (ei saippuaa tai hankaavia puhdistusaineita).<\/p>\n<p data-start=\"746\" data-end=\"810\">Soveltuu k\u00e4ytett\u00e4v\u00e4ksi <strong><a href=\"https:\/\/tammetorubbq.ee\/fi\/luokka\/grillit\/kaasugrillit\/\">kaasu<\/a><\/strong>- ja <strong><a href=\"https:\/\/tammetorubbq.ee\/fi\/luokka\/grillit\/sahkolasit\/\">s\u00e4hk\u00f6pora<\/a><\/strong>, hiili <a href=\"https:\/\/tammetorubbq.ee\/fi\/luokka\/grillit\/keraamiset-grillit\/\"><strong>keraaminen grilli<\/strong><\/a>, <strong><a href=\"https:\/\/tammetorubbq.ee\/fi\/luokka\/grillit\/pellettigrillit\/\">pellettigrilliss\u00e4<\/a><\/strong> ja tietenkin <strong><a href=\"https:\/\/tammetorubbq.ee\/fi\/?s=pizzaahi&amp;post_type=product&amp;dgwt_wcas=1\">pizzauuni<\/a><\/strong>.<\/p>\n<p><img loading=\"lazy\" decoding=\"async\" class=\"wp-image-2098\" src=\"http:\/\/tammetorubbq.ee\/wp-content\/uploads\/2024\/11\/napoleon-gas-grills-logo-vector-1-300x124.png\" alt=\"napoleon kaasugrillit logo vektori\" width=\"184\" height=\"76\" srcset=\"https:\/\/tammetorubbq.ee\/wp-content\/uploads\/2024\/11\/napoleon-gas-grills-logo-vector-1-300x124.png 300w, https:\/\/tammetorubbq.ee\/wp-content\/uploads\/2024\/11\/napoleon-gas-grills-logo-vector-1-768x317.png 768w, https:\/\/tammetorubbq.ee\/wp-content\/uploads\/2024\/11\/napoleon-gas-grills-logo-vector-1-18x7.png 18w, https:\/\/tammetorubbq.ee\/wp-content\/uploads\/2024\/11\/napoleon-gas-grills-logo-vector-1-600x248.png 600w, https:\/\/tammetorubbq.ee\/wp-content\/uploads\/2024\/11\/napoleon-gas-grills-logo-vector-1-64x26.png 64w, https:\/\/tammetorubbq.ee\/wp-content\/uploads\/2024\/11\/napoleon-gas-grills-logo-vector-1.png 847w\" sizes=\"auto, (max-width: 184px) 100vw, 184px\" \/><\/p>","protected":false},"featured_media":2824,"comment_status":"open","ping_status":"closed","template":"","meta":{"_uf_show_specific_survey":0,"_uf_disable_surveys":false},"pwb-brand":[101],"product_brand":[],"product_cat":[30],"product_tag":[134,133],"class_list":{"0":"post-2822","1":"product","2":"type-product","3":"status-publish","4":"has-post-thumbnail","6":"pwb-brand-napoleon","7":"product_cat-grillimise-tarvikud","8":"product_tag-grillimise-tarvikud","9":"product_tag-pizzaahi","11":"first","12":"instock","13":"taxable","14":"shipping-taxable","15":"purchasable","16":"product-type-simple"},"brands":[{"id":101,"name":"Napoleon","slug":"napoleon"}],"_links":{"self":[{"href":"https:\/\/tammetorubbq.ee\/fi\/wp-json\/wp\/v2\/product\/2822","targetHints":{"allow":["GET"]}}],"collection":[{"href":"https:\/\/tammetorubbq.ee\/fi\/wp-json\/wp\/v2\/product"}],"about":[{"href":"https:\/\/tammetorubbq.ee\/fi\/wp-json\/wp\/v2\/types\/product"}],"replies":[{"embeddable":true,"href":"https:\/\/tammetorubbq.ee\/fi\/wp-json\/wp\/v2\/comments?post=2822"}],"wp:featuredmedia":[{"embeddable":true,"href":"https:\/\/tammetorubbq.ee\/fi\/wp-json\/wp\/v2\/media\/2824"}],"wp:attachment":[{"href":"https:\/\/tammetorubbq.ee\/fi\/wp-json\/wp\/v2\/media?parent=2822"}],"wp:term":[{"taxonomy":"pwb-brand","embeddable":true,"href":"https:\/\/tammetorubbq.ee\/fi\/wp-json\/wp\/v2\/pwb-brand?post=2822"},{"taxonomy":"product_brand","embeddable":true,"href":"https:\/\/tammetorubbq.ee\/fi\/wp-json\/wp\/v2\/product_brand?post=2822"},{"taxonomy":"product_cat","embeddable":true,"href":"https:\/\/tammetorubbq.ee\/fi\/wp-json\/wp\/v2\/product_cat?post=2822"},{"taxonomy":"product_tag","embeddable":true,"href":"https:\/\/tammetorubbq.ee\/fi\/wp-json\/wp\/v2\/product_tag?post=2822"}],"curies":[{"name":"wp","href":"https:\/\/api.w.org\/{rel}","templated":true}]}}