{"id":2840,"date":"2025-04-05T13:44:00","date_gmt":"2025-04-05T10:44:00","guid":{"rendered":"https:\/\/tammetorubbq.ee\/?post_type=product&#038;p=2840"},"modified":"2026-04-26T21:00:02","modified_gmt":"2026-04-26T18:00:02","slug":"everdure-uunin-pizzaleikkuri-pizzaleikkuri-veitsi","status":"publish","type":"product","link":"https:\/\/tammetorubbq.ee\/fi\/product-2\/everdure-uunin-pizzaleikkuri-pizzaleikkuri-veitsi\/","title":{"rendered":"Everdure KILN pizzaleikkuri \/ pizzaleikkuriveitsi"},"content":{"rendered":"<p><strong data-start=\"77\" data-end=\"110\">Everdure by Heston Blumenthal<\/strong>\u00a0tuotteet ovat ainutlaatuisia ja eriytyneit\u00e4. Yhdess\u00e4 suunnittelijoiden ja insin\u00f6\u00f6rien kanssa Heston Blumenthal pyrkii luomaan tuotteita, joissa jokainen yksityiskohta on tarkkaan harkittu ja joissa huipputeknologia yhdistyy kauniiseen muotoiluun.<\/p>","protected":false},"excerpt":{"rendered":"<p><strong data-start=\"0\" data-end=\"75\">Everdure by Heston Blumenthal - t\u00e4ydellinen sekoitus muotoilua ja teknologiaa!<\/strong><\/p>\n<p class=\"\" data-start=\"56\" data-end=\"288\">Everdure KILN -pizzaleikkuri leikkaa helposti rapean pizzan l\u00e4pi vahingoittamatta t\u00e4ytett\u00e4. Ruostumattomasta ter\u00e4ksest\u00e4 valmistettu ter\u00e4 on kest\u00e4v\u00e4 ja helppo huoltaa. Ergonomisesta kahvasta saa mukavan otteen, ja leikkurissa on my\u00f6s turvallinen s\u00e4ilytyskansi.<\/p>\n<p class=\"\" data-start=\"290\" data-end=\"332\">Sopii my\u00f6s piiraiden ja kakkujen leikkaamiseen.<\/p>\n<p><img loading=\"lazy\" decoding=\"async\" class=\"wp-image-1517\" src=\"http:\/\/tammetorubbq.ee\/wp-content\/uploads\/2024\/03\/Everdure-by-Heston-Blumenthal-logo-300x58.png\" alt=\"Everdure by Heston Blumenthal -logo\" width=\"228\" height=\"44\" srcset=\"https:\/\/tammetorubbq.ee\/wp-content\/uploads\/2024\/03\/Everdure-by-Heston-Blumenthal-logo-300x58.png 300w, https:\/\/tammetorubbq.ee\/wp-content\/uploads\/2024\/03\/Everdure-by-Heston-Blumenthal-logo-768x147.png 768w, https:\/\/tammetorubbq.ee\/wp-content\/uploads\/2024\/03\/Everdure-by-Heston-Blumenthal-logo-18x3.png 18w, https:\/\/tammetorubbq.ee\/wp-content\/uploads\/2024\/03\/Everdure-by-Heston-Blumenthal-logo-600x115.png 600w, https:\/\/tammetorubbq.ee\/wp-content\/uploads\/2024\/03\/Everdure-by-Heston-Blumenthal-logo-64x12.png 64w, https:\/\/tammetorubbq.ee\/wp-content\/uploads\/2024\/03\/Everdure-by-Heston-Blumenthal-logo.png 1000w\" sizes=\"auto, (max-width: 228px) 100vw, 228px\" \/><\/p>","protected":false},"featured_media":2841,"comment_status":"open","ping_status":"closed","template":"","meta":{"_uf_show_specific_survey":0,"_uf_disable_surveys":false},"pwb-brand":[132],"product_brand":[],"product_cat":[30],"product_tag":[134,133],"class_list":{"0":"post-2840","1":"product","2":"type-product","3":"status-publish","4":"has-post-thumbnail","6":"pwb-brand-everdure","7":"product_cat-grillimise-tarvikud","8":"product_tag-grillimise-tarvikud","9":"product_tag-pizzaahi","11":"first","12":"instock","13":"taxable","14":"shipping-taxable","15":"purchasable","16":"product-type-simple"},"brands":[{"id":132,"name":"Everdure","slug":"everdure"}],"_links":{"self":[{"href":"https:\/\/tammetorubbq.ee\/fi\/wp-json\/wp\/v2\/product\/2840","targetHints":{"allow":["GET"]}}],"collection":[{"href":"https:\/\/tammetorubbq.ee\/fi\/wp-json\/wp\/v2\/product"}],"about":[{"href":"https:\/\/tammetorubbq.ee\/fi\/wp-json\/wp\/v2\/types\/product"}],"replies":[{"embeddable":true,"href":"https:\/\/tammetorubbq.ee\/fi\/wp-json\/wp\/v2\/comments?post=2840"}],"wp:featuredmedia":[{"embeddable":true,"href":"https:\/\/tammetorubbq.ee\/fi\/wp-json\/wp\/v2\/media\/2841"}],"wp:attachment":[{"href":"https:\/\/tammetorubbq.ee\/fi\/wp-json\/wp\/v2\/media?parent=2840"}],"wp:term":[{"taxonomy":"pwb-brand","embeddable":true,"href":"https:\/\/tammetorubbq.ee\/fi\/wp-json\/wp\/v2\/pwb-brand?post=2840"},{"taxonomy":"product_brand","embeddable":true,"href":"https:\/\/tammetorubbq.ee\/fi\/wp-json\/wp\/v2\/product_brand?post=2840"},{"taxonomy":"product_cat","embeddable":true,"href":"https:\/\/tammetorubbq.ee\/fi\/wp-json\/wp\/v2\/product_cat?post=2840"},{"taxonomy":"product_tag","embeddable":true,"href":"https:\/\/tammetorubbq.ee\/fi\/wp-json\/wp\/v2\/product_tag?post=2840"}],"curies":[{"name":"wp","href":"https:\/\/api.w.org\/{rel}","templated":true}]}}