{"id":2859,"date":"2025-04-05T14:23:02","date_gmt":"2025-04-05T11:23:02","guid":{"rendered":"https:\/\/tammetorubbq.ee\/?post_type=product&#038;p=2859"},"modified":"2026-04-14T22:00:40","modified_gmt":"2026-04-14T19:00:40","slug":"kamado-joe-pizza-kytkenta-dojoe-iso","status":"publish","type":"product","link":"https:\/\/tammetorubbq.ee\/fi\/product-2\/kamado-joe-pizza-kytkenta-dojoe-iso\/","title":{"rendered":"Kamado Joe pizzanpaistoj\u00e4rjestelm\u00e4 DoJoe Big"},"content":{"rendered":"<p class=\"\" data-start=\"0\" data-end=\"324\"><a href=\"https:\/\/tammetorubbq.ee\/fi\/?s=kamado+joe&amp;post_type=product&amp;dgwt_wcas=1\"><strong data-start=\"0\" data-end=\"27\">Kamado Joe\u00a0<\/strong><\/a>lis\u00e4varusteet on suunniteltu t\u00e4ydent\u00e4m\u00e4\u00e4n ja laajentamaan Kamado Joe -grillien ominaisuuksia ja tarjoamaan enemm\u00e4n mukavuutta, monipuolisemman ruoanlaittokokemuksen ja parempia tuloksia. Kamado Joe -lis\u00e4varusteiden avulla voit grillata, savustaa, paistaa ja valmistaa erilaisia ruokia ammattilaistasolla.<\/p>\n<p class=\"\" data-start=\"326\" data-end=\"748\">Yksi erityinen lis\u00e4varuste on Kamado Joe -pizzanvalmistusj\u00e4rjestelm\u00e4 (DoJoe), joka muuttaa Kamado Joe -grillin aidoksi pizzauuniksi. T\u00e4m\u00e4n j\u00e4rjestelm\u00e4n avulla voit paistaa t\u00e4ydellisi\u00e4 pizzoja, jolloin l\u00e4mp\u00f6 ja ilmankierto ovat t\u00e4ydellisi\u00e4 rapean kuoren ja tasaisesti kypsennettyjen t\u00e4ytteiden aikaansaamiseksi. T\u00e4m\u00e4 lis\u00e4varuste t\u00e4ydent\u00e4\u00e4 t\u00e4ydellisesti grillausvaihtoehtojasi ja tarjoaa lis\u00e4\u00e4 luovuutta ja monipuolisuutta kaikenlaisten ruokien valmistukseen.<\/p>\n<p class=\"\" data-start=\"750\" data-end=\"881\">Kamado Joe -lis\u00e4varusteet on tarkoitettu kaikille, jotka arvostavat t\u00e4ydellist\u00e4 ruoanlaittoa ja haluavat laajentaa grillausmahdollisuuksiaan.<\/p>","protected":false},"excerpt":{"rendered":"<p class=\"\" data-start=\"56\" data-end=\"347\">Kamado Joe DoJoe Big on erityinen pizzanvalmistusj\u00e4rjestelm\u00e4, joka on suunniteltu tekem\u00e4\u00e4n Kamado Joe -grillist\u00e4si ihanteellisen pizzanvalmistukseen. T\u00e4m\u00e4 j\u00e4rjestelm\u00e4 auttaa saavuttamaan t\u00e4ydellisen l\u00e4mm\u00f6n ja ilmankierron pizzaa paistettaessa, mik\u00e4 takaa t\u00e4ydellisen rapean kuoren ja tasaisesti kypsennetyt t\u00e4ytteet.<\/p>\n<p class=\"\" data-start=\"349\" data-end=\"607\">DoJoe Big muuttaa Kamado Joe -grillisi tavalliseksi pizzauuniksi ja antaa sinulle mahdollisuuden leipoa aitoja pizzeria-tyylisi\u00e4 pizzoja kotona. T\u00e4m\u00e4n j\u00e4rjestelm\u00e4n avulla voit valmistaa pizzat nopeasti s\u00e4ilytt\u00e4en samalla perinteisen puu- tai kiviuunin maun ja rakenteen.<\/p>\n<p class=\"\" data-start=\"609\" data-end=\"618\"><strong>Ominaisuudet:<\/strong><\/p>\n<p class=\"\" data-start=\"621\" data-end=\"666\">Korkean l\u00e4mp\u00f6tilan yll\u00e4pito ja tasainen l\u00e4mp\u00f6.<\/p>\n<p class=\"\" data-start=\"669\" data-end=\"703\">Vahva ja kest\u00e4v\u00e4 rakenne.<\/p>\n<p class=\"\" data-start=\"706\" data-end=\"756\">Helppo asentaa ja k\u00e4ytt\u00e4\u00e4 Kamado Joe -grilleiss\u00e4.<\/p>\n<p class=\"\" data-start=\"759\" data-end=\"831\">Yksik\u00e4\u00e4n pizza ei ole koskaan liian paksu tai liian pehme\u00e4 pohja.<\/p>\n<p class=\"\" data-start=\"833\" data-end=\"933\">T\u00e4ydellinen ty\u00f6kalu kaikille pizzan yst\u00e4ville, jotka haluavat valmistaa ravintolalaatuisia pizzoja omalla takapihallaan!<\/p>\n<p data-start=\"833\" data-end=\"933\">DoJoe Big on yhteensopiva seuraavien kanssa <a href=\"https:\/\/tammetorubbq.ee\/fi\/?s=kamadi+joe+big&amp;post_type=product&amp;dgwt_wcas=1\"><strong>Kamado Joe hiiligrillien kanssa<\/strong><\/a>.<\/p>\n<p data-start=\"833\" data-end=\"933\"><img loading=\"lazy\" decoding=\"async\" class=\"alignnone wp-image-647\" src=\"http:\/\/tammetorubbq.ee\/wp-content\/uploads\/2023\/11\/kamadojoe-300x40.png\" alt=\"kamadojoe logo\" width=\"180\" height=\"24\" srcset=\"https:\/\/tammetorubbq.ee\/wp-content\/uploads\/2023\/11\/kamadojoe-300x40.png 300w, https:\/\/tammetorubbq.ee\/wp-content\/uploads\/2023\/11\/kamadojoe-768x104.png 768w, https:\/\/tammetorubbq.ee\/wp-content\/uploads\/2023\/11\/kamadojoe-18x2.png 18w, https:\/\/tammetorubbq.ee\/wp-content\/uploads\/2023\/11\/kamadojoe-600x81.png 600w, https:\/\/tammetorubbq.ee\/wp-content\/uploads\/2023\/11\/kamadojoe-64x9.png 64w, https:\/\/tammetorubbq.ee\/wp-content\/uploads\/2023\/11\/kamadojoe.png 1024w\" sizes=\"auto, (max-width: 180px) 100vw, 180px\" \/><\/p>\n<p><a href=\"https:\/\/tammetorubbq.ee\/fi\/maksa-myohemmin\/\"><strong>OSTA NYT, MAKSA MY\u00d6HEMMIN<\/strong><\/a>\u00a0- korotonta!<\/p>\n<p><img loading=\"lazy\" decoding=\"async\" class=\"alignnone wp-image-2646\" src=\"http:\/\/tammetorubbq.ee\/wp-content\/uploads\/2023\/12\/inbank-wordmark.png\" alt=\"\" width=\"167\" height=\"75\" srcset=\"https:\/\/tammetorubbq.ee\/wp-content\/uploads\/2023\/12\/inbank-wordmark.png 300w, https:\/\/tammetorubbq.ee\/wp-content\/uploads\/2023\/12\/inbank-wordmark-18x8.png 18w, https:\/\/tammetorubbq.ee\/wp-content\/uploads\/2023\/12\/inbank-wordmark-64x29.png 64w\" sizes=\"auto, (max-width: 167px) 100vw, 167px\" \/><\/p>\n<p>Tarjoamme my\u00f6s mahdollisuuden maksaa my\u00f6hemmin - yhdess\u00e4, kahdessa tai kolmessa samansuuruisessa er\u00e4ss\u00e4 ilman korkoa tai lis\u00e4maksua.<\/p>\n<p>L\u00f6yd\u00e4t valikoiman eri maksuvaihtoehtoja ostoskoristamme.<\/p>\n<h5><strong>Kamado Joe on valmistajan Kamado Joe virallinen edustaja Virossa!<\/strong><\/h5>","protected":false},"featured_media":2858,"comment_status":"open","ping_status":"closed","template":"","meta":{"_uf_show_specific_survey":0,"_uf_disable_surveys":false},"pwb-brand":[69],"product_brand":[],"product_cat":[131,88],"product_tag":[322,136,126,326,323,127,133],"class_list":{"0":"post-2859","1":"product","2":"type-product","3":"status-publish","4":"has-post-thumbnail","6":"pwb-brand-kamado-joe","7":"product_cat-pizzaahjud","8":"product_cat-grillide-lisatarvikud","9":"product_tag-dojoe","10":"product_tag-grillide-lisatarvikud","11":"product_tag-kamado-joe","12":"product_tag-kamado-joe-big-joe","13":"product_tag-kamado-joe-lisatarvikud","14":"product_tag-keraamilised-grillid","15":"product_tag-pizzaahi","17":"first","18":"instock","19":"taxable","20":"shipping-taxable","21":"purchasable","22":"product-type-simple"},"brands":[{"id":69,"name":"Kamado Joe","slug":"kamado-joe"}],"_links":{"self":[{"href":"https:\/\/tammetorubbq.ee\/fi\/wp-json\/wp\/v2\/product\/2859","targetHints":{"allow":["GET"]}}],"collection":[{"href":"https:\/\/tammetorubbq.ee\/fi\/wp-json\/wp\/v2\/product"}],"about":[{"href":"https:\/\/tammetorubbq.ee\/fi\/wp-json\/wp\/v2\/types\/product"}],"replies":[{"embeddable":true,"href":"https:\/\/tammetorubbq.ee\/fi\/wp-json\/wp\/v2\/comments?post=2859"}],"wp:featuredmedia":[{"embeddable":true,"href":"https:\/\/tammetorubbq.ee\/fi\/wp-json\/wp\/v2\/media\/2858"}],"wp:attachment":[{"href":"https:\/\/tammetorubbq.ee\/fi\/wp-json\/wp\/v2\/media?parent=2859"}],"wp:term":[{"taxonomy":"pwb-brand","embeddable":true,"href":"https:\/\/tammetorubbq.ee\/fi\/wp-json\/wp\/v2\/pwb-brand?post=2859"},{"taxonomy":"product_brand","embeddable":true,"href":"https:\/\/tammetorubbq.ee\/fi\/wp-json\/wp\/v2\/product_brand?post=2859"},{"taxonomy":"product_cat","embeddable":true,"href":"https:\/\/tammetorubbq.ee\/fi\/wp-json\/wp\/v2\/product_cat?post=2859"},{"taxonomy":"product_tag","embeddable":true,"href":"https:\/\/tammetorubbq.ee\/fi\/wp-json\/wp\/v2\/product_tag?post=2859"}],"curies":[{"name":"wp","href":"https:\/\/api.w.org\/{rel}","templated":true}]}}