{"id":2881,"date":"2025-04-07T18:46:47","date_gmt":"2025-04-07T15:46:47","guid":{"rendered":"https:\/\/tammetorubbq.ee\/?post_type=product&#038;p=2881"},"modified":"2026-04-29T16:00:15","modified_gmt":"2026-04-29T13:00:15","slug":"masterbuilt-gravity-series-800-digitaalinen-soegrilleri","status":"publish","type":"product","link":"https:\/\/tammetorubbq.ee\/fi\/toode\/masterbuilt-gravity-series-800-digitaalne-soegrill\/","title":{"rendered":"Masterbuilt Gravity Series 800 digitaalinen puuhiiligrilli"},"content":{"rendered":"<h5><strong>Tekniset tiedot<\/strong><\/h5>\n<ul data-start=\"189\" data-end=\"1612\">\n<li data-section-id=\"11jg2q7\" data-start=\"189\" data-end=\"214\"><strong data-start=\"191\" data-end=\"201\">Malli:<\/strong> MB20040221<\/li>\n<li data-section-id=\"1k9xezc\" data-start=\"215\" data-end=\"295\"><strong data-start=\"217\" data-end=\"234\">Keittopinta:<\/strong> 800 in\u00b2 (u 5160 cm\u00b2)<\/li>\n<li data-section-id=\"8gzt5f\" data-start=\"296\" data-end=\"406\"><strong data-start=\"298\" data-end=\"323\">Leivontatoiminnot:<\/strong> grillaus, savustaminen, paistaminen, paahtaminen + grillilevy (litte\u00e4 levy)<\/li>\n<li data-section-id=\"rnjzeu\" data-start=\"407\" data-end=\"469\"><strong data-start=\"409\" data-end=\"433\">L\u00e4mp\u00f6tila-alue:<\/strong> u 107 \u00b0C - 370 \u00b0C<\/li>\n<li data-section-id=\"28t355\" data-start=\"470\" data-end=\"605\"><strong data-start=\"472\" data-end=\"488\">L\u00e4mmitysaika:<\/strong>\n<ul data-start=\"493\" data-end=\"605\">\n<li data-section-id=\"81oh9l\" data-start=\"493\" data-end=\"515\">110\u00b0C ~ 8 minuuttia<\/li>\n<li data-section-id=\"1fg8xp0\" data-start=\"518\" data-end=\"541\">230\u00b0C ~ 10 minuuttia<\/li>\n<li data-section-id=\"15tf8sr\" data-start=\"544\" data-end=\"605\">370\u00b0C ~ 14 minuuttia<\/li>\n<\/ul>\n<\/li>\n<li data-section-id=\"1j6fcwq\" data-start=\"607\" data-end=\"725\"><strong data-start=\"609\" data-end=\"637\">Hiilen varastointi (GravityFed\u2122):<\/strong>\n<ul data-start=\"642\" data-end=\"725\">\n<li data-section-id=\"15kyude\" data-start=\"642\" data-end=\"725\">enint\u00e4\u00e4n ~7,2 kg <a href=\"https:\/\/tammetorubbq.ee\/fi\/luokka\/grilli\/grilli-sushia\/\">briketit tai hiilet<\/a><\/li>\n<\/ul>\n<\/li>\n<li data-section-id=\"kk9vz2\" data-start=\"727\" data-end=\"846\"><strong data-start=\"729\" data-end=\"740\">Ty\u00f6aika:<\/strong> jopa ~10 tuntia yhdell\u00e4 latauksella (l\u00e4mp\u00f6tilasta ja polttoaineesta riippuen).<\/li>\n<li data-section-id=\"1oiewfd\" data-start=\"848\" data-end=\"969\"><strong data-start=\"850\" data-end=\"864\">Hallinto:<\/strong>\n<ul data-start=\"869\" data-end=\"969\">\n<li data-section-id=\"29kbl4\" data-start=\"869\" data-end=\"894\">digitaalinen ohjauspaneeli<\/li>\n<li data-section-id=\"11ewgsc\" data-start=\"897\" data-end=\"935\">WiFi + Masterbuiltin mobiilisovellus<\/li>\n<li data-section-id=\"vqrwsl\" data-start=\"938\" data-end=\"969\">tuki jopa 4 lihasluulle<\/li>\n<\/ul>\n<\/li>\n<li data-section-id=\"w35ddm\" data-start=\"971\" data-end=\"1069\"><strong data-start=\"973\" data-end=\"991\">Ilmanvaihto:<\/strong> DigitalFan\u2122 automaattinen ilmavirran s\u00e4\u00e4t\u00f6 yll\u00e4pit\u00e4\u00e4 tasaista l\u00e4mp\u00f6tilaa.<\/li>\n<li data-section-id=\"1clbfc5\" data-start=\"1071\" data-end=\"1282\"><strong data-start=\"1073\" data-end=\"1102\">Rakenne ja pinnat:<\/strong>\n<ul data-start=\"1107\" data-end=\"1282\">\n<li data-section-id=\"c8hbd0\" data-start=\"1107\" data-end=\"1157\">valurautaristikot (py\u00f6riv\u00e4\/erotteleva + savutila)<\/li>\n<li data-section-id=\"85bli8\" data-start=\"1160\" data-end=\"1197\">irrotettava t\u00e4yspitk\u00e4 grillilevy<\/li>\n<li data-section-id=\"216d4j\" data-start=\"1200\" data-end=\"1236\">2 l\u00e4mmitystelinett\u00e4 (l\u00e4mmitystelineet)<\/li>\n<li data-section-id=\"5hn1hy\" data-start=\"1239\" data-end=\"1282\">ruostumattomasta ter\u00e4ksest\u00e4 valmistettu ty\u00f6taso \/ hyllyt<\/li>\n<\/ul>\n<\/li>\n<li data-section-id=\"1lm7usw\" data-start=\"1284\" data-end=\"1454\"><strong data-start=\"1286\" data-end=\"1303\">Ominaisuudet:<\/strong>\n<ul data-start=\"1308\" data-end=\"1454\">\n<li data-section-id=\"1725t8k\" data-start=\"1308\" data-end=\"1348\">nopea syttyminen ja l\u00e4mp\u00f6tilan nousu<\/li>\n<li data-section-id=\"1tsrddt\" data-start=\"1351\" data-end=\"1410\">matala ja hidas savustus + korkealla l\u00e4mm\u00f6ll\u00e4 kypsent\u00e4minen<\/li>\n<li data-section-id=\"145du9f\" data-start=\"1413\" data-end=\"1454\">automaattinen hiilen sy\u00f6tt\u00f6 (GravityFed\u2122)<\/li>\n<\/ul>\n<\/li>\n<li data-section-id=\"ncwonu\" data-start=\"1456\" data-end=\"1585\"><strong data-start=\"1458\" data-end=\"1483\">Mitat (likim\u00e4\u00e4r\u00e4iset):<\/strong>\n<ul data-start=\"1488\" data-end=\"1585\">\n<li data-section-id=\"1hveo7j\" data-start=\"1488\" data-end=\"1505\">leveys 139 cm<\/li>\n<li data-section-id=\"1avn6q7\" data-start=\"1508\" data-end=\"1526\">korkeus 130 cm<\/li>\n<li data-section-id=\"162sx24\" data-start=\"1529\" data-end=\"1585\">syvyys 77 cm<\/li>\n<\/ul>\n<\/li>\n<\/ul>\n<p><strong>Pakkauksen mitat:<\/strong>120 \u00d7 80 \u00d7 70 cm<\/p>\n<p><strong>Pakkauksen paino:<\/strong> 100,00 kg<\/p>\n<p>&nbsp;<\/p>\n<p><iframe loading=\"lazy\" title=\"Esittelyss\u00e4 Gravity Series 800 -grillilevy\" width=\"500\" height=\"281\" src=\"https:\/\/www.youtube.com\/embed\/HnZhpm_95CU?feature=oembed&#038;enablejsapi=1&#038;origin=https:\/\/tammetorubbq.ee\" frameborder=\"0\" allow=\"accelerometer; autoplay; clipboard-write; encrypted-media; gyroscope; picture-in-picture; web-share\" referrerpolicy=\"strict-origin-when-cross-origin\" allowfullscreen><\/iframe><\/p>\n<h5>Masterbuilt Gravity Series 600 vs. 800<\/h5>\n<table>\n<thead>\n<tr>\n<th>Ominaisuus<\/th>\n<th>Painovoima Sarja 600<\/th>\n<th>Gravity-sarja 800<\/th>\n<\/tr>\n<\/thead>\n<tbody>\n<tr>\n<td>Keittoalue<\/td>\n<td>~600 in\u00b2 (u 3870 cm\u00b2)<\/td>\n<td>~800 in\u00b2 (u 5160 cm\u00b2)<\/td>\n<\/tr>\n<tr>\n<td>P\u00e4\u00e4tarkoitus<\/td>\n<td>Grilli + savustusuuni<\/td>\n<td>Grilli + savustin + paistinpannu<\/td>\n<\/tr>\n<tr>\n<td>Leivontatilat<\/td>\n<td>Grillaus, savustus, korkea l\u00e4mp\u00f6tila<\/td>\n<td>Grillaus, savustus, korkea kuumuus + tasainen paisto<\/td>\n<\/tr>\n<tr>\n<td>Enimm\u00e4isl\u00e4mp\u00f6tila<\/td>\n<td>jopa ~700\u00b0F (\u2248370\u00b0C) saakka.<\/td>\n<td>jopa ~700\u00b0F (\u2248370\u00b0C) saakka.<\/td>\n<\/tr>\n<tr>\n<td>Hallinto<\/td>\n<td>Digitaalinen + WiFi (sovellus)<\/td>\n<td>Digitaalinen + WiFi (sovellus)<\/td>\n<\/tr>\n<tr>\n<td>Hiilij\u00e4rjestelm\u00e4<\/td>\n<td>GravityFed\u2122 automaattinen hiilen sy\u00f6tt\u00f6laite<\/td>\n<td>GravityFed\u2122 automaattinen hiilen sy\u00f6tt\u00f6laite<\/td>\n<\/tr>\n<tr>\n<td>Kivihiilikapasiteetti<\/td>\n<td>jopa ~12 lbs<\/td>\n<td>jopa ~16 lbs<\/td>\n<\/tr>\n<tr>\n<td>Matalal\u00e4mp\u00f6tilatoiminta<\/td>\n<td>jopa ~18 tuntia<\/td>\n<td>jopa ~10-16+ tuntia (k\u00e4yt\u00f6st\u00e4 riippuen).<\/td>\n<\/tr>\n<tr>\n<td>Lis\u00e4tilaa<\/td>\n<td>Perinteiset lepotauot<\/td>\n<td>Grilli + irrotettava grillilevy<\/td>\n<\/tr>\n<tr>\n<td>K\u00e4yt\u00f6n painopiste<\/td>\n<td>Kompakti, klassinen BBQ<\/td>\n<td>Monipuolinen \u201culkokeitti\u00f6\u201d<\/td>\n<\/tr>\n<tr>\n<td>Sopii parhaiten<\/td>\n<td>Kotikokki, BBQ-harrastaja<\/td>\n<td>Suuret ryhm\u00e4t, monipuolinen ruoanlaitto<\/td>\n<\/tr>\n<\/tbody>\n<\/table>","protected":false},"excerpt":{"rendered":"<h5>Masterbuilt Gravity Series 800 yhdist\u00e4\u00e4 klassisen hiiligrillin maun ja digitaalisen grillin mukavuuden.<\/h5>\n<p data-start=\"195\" data-end=\"470\">Se on tehokas ja monipuolinen digitaalinen hiiligrilli, jossa yhdistyv\u00e4t aidon hiiligrillin maku, savustusuunin toiminnallisuus ja nykyaikaiset \u00e4lykk\u00e4\u00e4t s\u00e4\u00e4timet. T\u00e4m\u00e4 malli on suunniteltu niille, jotka haluavat suuremman paistopinnan ja entist\u00e4 enemm\u00e4n vaihtoehtoja ulkokeitt\u00e4miseen.<\/p>\n<p data-start=\"472\" data-end=\"756\">Innovatiivisen <strong data-start=\"491\" data-end=\"520\">GravityFed\u2122 hiilij\u00e4rjestelm\u00e4\u00e4 varten<\/strong> hiili siirtyy automaattisesti polttokammioon, mik\u00e4 takaa tasaisen l\u00e4mm\u00f6n koko kypsennysprosessin ajan. WiFi-yhteydell\u00e4 varustetun digitaalisen ohjauspaneelin avulla voit asettaa ja valvoa l\u00e4mp\u00f6tilaa suoraan laitteessa tai mobiilisovelluksen avulla.<\/p>\n<p data-start=\"758\" data-end=\"1025\">Grilli saavuttaa nopeasti halutun l\u00e4mp\u00f6tilan ja pit\u00e4\u00e4 sen tarkassa hallinnassa. <strong data-start=\"848\" data-end=\"877\">DigitalFan\u2122-tekniikka<\/strong>, joka s\u00e4\u00e4t\u00e4\u00e4 ilmavirtaa tarpeen mukaan. T\u00e4m\u00e4 mahdollistaa sek\u00e4 hitaan savustamisen ett\u00e4 eritt\u00e4in korkean l\u00e4mp\u00f6tilan grillaamisen jopa 370 \u00b0C:een asti.<\/p>\n<p data-start=\"1027\" data-end=\"1246\">800-malli tarjoaa erityisen paljon joustavuutta - klassisten valurautaristikoiden lis\u00e4ksi siin\u00e4 on my\u00f6s <strong data-start=\"1121\" data-end=\"1165\">t\u00e4yspitk\u00e4 irrotettava grillilevy (grillilevy)<\/strong>, jonka avulla voit valmistaa aamiaisia, hampurilaisia ja fajitoja suoraan yhdell\u00e4 pinnalla.<\/p>\n<p data-start=\"1248\" data-end=\"1367\">Suuren keittoalustan ja \u00e4lykk\u00e4\u00e4n muotoilun ansiosta se on ihanteellinen valinta sek\u00e4 perhejuhliin ett\u00e4 suurempiin grillijuhliin.<\/p>\n<h5 data-section-id=\"1y4hasx\" data-start=\"1374\" data-end=\"1398\"><strong>T\u00e4rkeimm\u00e4t edut:<\/strong><\/h5>\n<ul data-start=\"1399\" data-end=\"1855\">\n<li data-section-id=\"mpojal\" data-start=\"1399\" data-end=\"1467\">Digitaalinen l\u00e4mp\u00f6tilan s\u00e4\u00e4t\u00f6 WiFi:n ja mobiilisovelluksen kautta<\/li>\n<li data-section-id=\"qg471a\" data-start=\"1468\" data-end=\"1525\">GravityFed\u2122 automaattinen hiilen sy\u00f6tt\u00f6laite vakaata l\u00e4mmityst\u00e4 varten.<\/li>\n<li data-section-id=\"1nn8ti3\" data-start=\"1526\" data-end=\"1588\">Laaja l\u00e4mp\u00f6tila-alue: savustuksesta 700\u00b0F\/370\u00b0C asti<\/li>\n<li data-section-id=\"sqvppm\" data-start=\"1589\" data-end=\"1636\">Eritt\u00e4in suuri <strong>5160 cm\u00b2 keittoala<\/strong><\/li>\n<li data-section-id=\"wnae06\" data-start=\"1637\" data-end=\"1694\">Irrotettava t\u00e4yspitk\u00e4 ritil\u00e4 + valurautaiset ritil\u00e4t<\/li>\n<li data-section-id=\"e5v1id\" data-start=\"1695\" data-end=\"1763\">Sopii grillaukseen, savustukseen, leivontaan ja paahtamiseen.<\/li>\n<li data-section-id=\"1ebnn\" data-start=\"1764\" data-end=\"1816\">Nopea l\u00e4mmitys ja tarkka l\u00e4mp\u00f6tilan yll\u00e4pito<\/li>\n<li data-section-id=\"pavcns\" data-start=\"1817\" data-end=\"1855\">Vahva ja kest\u00e4v\u00e4 rakenne<\/li>\n<\/ul>\n<h5 data-start=\"1323\" data-end=\"1459\">T\u00e4m\u00e4 grilli sopii kaikille grillauksen ja savustuksen harrastajille, jotka etsiv\u00e4t k\u00e4tev\u00e4\u00e4 ja monik\u00e4ytt\u00f6ist\u00e4 ratkaisua ulkokeitti\u00f6\u00f6n tai terassille.<\/h5>\n<p><img loading=\"lazy\" decoding=\"async\" class=\"wp-image-2882\" src=\"http:\/\/tammetorubbq.ee\/wp-content\/uploads\/2025\/04\/Masterbuilt-logo-300x195.gif\" alt=\"Masterbuilt \" width=\"171\" height=\"111\" srcset=\"https:\/\/tammetorubbq.ee\/wp-content\/uploads\/2025\/04\/Masterbuilt-logo-300x195.gif 300w, https:\/\/tammetorubbq.ee\/wp-content\/uploads\/2025\/04\/Masterbuilt-logo-18x12.gif 18w, https:\/\/tammetorubbq.ee\/wp-content\/uploads\/2025\/04\/Masterbuilt-logo-600x391.gif 600w, https:\/\/tammetorubbq.ee\/wp-content\/uploads\/2025\/04\/Masterbuilt-logo-64x42.gif 64w\" sizes=\"auto, (max-width: 171px) 100vw, 171px\" \/><\/p>\n<p><a href=\"https:\/\/tammetorubbq.ee\/fi\/maksa-myohemmin\/\"><strong>OSTA NYT, MAKSA MY\u00d6HEMMIN<\/strong><\/a>\u00a0- korotonta!<\/p>\n<p><img loading=\"lazy\" decoding=\"async\" class=\"alignnone wp-image-2646\" src=\"http:\/\/tammetorubbq.ee\/wp-content\/uploads\/2023\/12\/inbank-wordmark.png\" alt=\"Inbank\" width=\"169\" height=\"76\" srcset=\"https:\/\/tammetorubbq.ee\/wp-content\/uploads\/2023\/12\/inbank-wordmark.png 300w, https:\/\/tammetorubbq.ee\/wp-content\/uploads\/2023\/12\/inbank-wordmark-18x8.png 18w, https:\/\/tammetorubbq.ee\/wp-content\/uploads\/2023\/12\/inbank-wordmark-64x29.png 64w\" sizes=\"auto, (max-width: 169px) 100vw, 169px\" \/><\/p>\n<p>Tarjoamme my\u00f6s mahdollisuuden maksaa my\u00f6hemmin - yhdess\u00e4, kahdessa tai kolmessa samansuuruisessa er\u00e4ss\u00e4 ilman korkoa tai lis\u00e4maksua.<\/p>\n<p>L\u00f6yd\u00e4t valikoiman eri maksuvaihtoehtoja ostoskoristamme.<\/p>","protected":false},"featured_media":2883,"comment_status":"open","ping_status":"closed","template":"","meta":{"_uf_show_specific_survey":0,"_uf_disable_surveys":false},"pwb-brand":[380],"product_brand":[379],"product_cat":[57,169],"product_tag":[77,142,78,76],"class_list":{"0":"post-2881","1":"product","2":"type-product","3":"status-publish","4":"has-post-thumbnail","6":"pwb-brand-masterbuilt","7":"product_brand-masterbuilt","8":"product_cat-bbq-suitsuahjud","9":"product_cat-soegrillid","10":"product_tag-bbq-ahi","11":"product_tag-masterbuilt","12":"product_tag-soegrill","13":"product_tag-suitsuahi","15":"first","16":"instock","17":"taxable","18":"shipping-taxable","19":"purchasable","20":"product-type-simple"},"brands":[{"id":380,"name":"Masterbuilt","slug":"masterbuilt"}],"_links":{"self":[{"href":"https:\/\/tammetorubbq.ee\/fi\/wp-json\/wp\/v2\/product\/2881","targetHints":{"allow":["GET"]}}],"collection":[{"href":"https:\/\/tammetorubbq.ee\/fi\/wp-json\/wp\/v2\/product"}],"about":[{"href":"https:\/\/tammetorubbq.ee\/fi\/wp-json\/wp\/v2\/types\/product"}],"replies":[{"embeddable":true,"href":"https:\/\/tammetorubbq.ee\/fi\/wp-json\/wp\/v2\/comments?post=2881"}],"wp:featuredmedia":[{"embeddable":true,"href":"https:\/\/tammetorubbq.ee\/fi\/wp-json\/wp\/v2\/media\/2883"}],"wp:attachment":[{"href":"https:\/\/tammetorubbq.ee\/fi\/wp-json\/wp\/v2\/media?parent=2881"}],"wp:term":[{"taxonomy":"pwb-brand","embeddable":true,"href":"https:\/\/tammetorubbq.ee\/fi\/wp-json\/wp\/v2\/pwb-brand?post=2881"},{"taxonomy":"product_brand","embeddable":true,"href":"https:\/\/tammetorubbq.ee\/fi\/wp-json\/wp\/v2\/product_brand?post=2881"},{"taxonomy":"product_cat","embeddable":true,"href":"https:\/\/tammetorubbq.ee\/fi\/wp-json\/wp\/v2\/product_cat?post=2881"},{"taxonomy":"product_tag","embeddable":true,"href":"https:\/\/tammetorubbq.ee\/fi\/wp-json\/wp\/v2\/product_tag?post=2881"}],"curies":[{"name":"wp","href":"https:\/\/api.w.org\/{rel}","templated":true}]}}