{"id":2946,"date":"2025-04-11T16:32:00","date_gmt":"2025-04-11T13:32:00","guid":{"rendered":"https:\/\/tammetorubbq.ee\/?post_type=product&#038;p=2946"},"modified":"2026-04-08T23:00:26","modified_gmt":"2026-04-08T20:00:26","slug":"taottu-katai-kokanugalla-205cm","status":"publish","type":"product","link":"https:\/\/tammetorubbq.ee\/fi\/product-2\/taottu-katai-kokanugalla-205cm\/","title":{"rendered":"Forged KATAI kokanuga 20,5cm"},"content":{"rendered":"<p class=\"\" data-start=\"136\" data-end=\"378\"><strong data-start=\"136\" data-end=\"147\">Valmistaja:<\/strong> Style de Vie Authentique<br data-start=\"172\" data-end=\"175\" \/><strong data-start=\"175\" data-end=\"192\">Alkuper\u00e4maa:<\/strong> Alankomaat<br data-start=\"200\" data-end=\"203\" \/><strong data-start=\"203\" data-end=\"217\">Tuotekoodi:<\/strong> KatKoksmes<br data-start=\"228\" data-end=\"231\" \/><strong data-start=\"231\" data-end=\"243\" data-is-only-node=\"\">Caredus:<\/strong> 60 HRC (Rockwellin asteikko)<br data-start=\"275\" data-end=\"278\" \/><strong data-start=\"278\" data-end=\"294\">Ter\u00e4n pituus:<\/strong> 20,5 cm<br data-start=\"302\" data-end=\"305\" \/><strong data-start=\"305\" data-end=\"321\">Viljan paksuus:<\/strong> 2,5 mm<br data-start=\"328\" data-end=\"331\" \/><strong data-start=\"331\" data-end=\"347\">Osoituskulma:<\/strong> 18\u00b0<br data-start=\"351\" data-end=\"354\" \/><strong data-start=\"354\" data-end=\"367\">Takuu:<\/strong> 2 vuotta<\/p>\n<p class=\"\" data-start=\"380\" data-end=\"428\"><strong>Huomautus: Veitsi\u00e4 ei saa pest\u00e4 astianpesukoneessa.<\/strong><\/p>\n<p class=\"\" data-start=\"430\" data-end=\"545\"><strong data-start=\"430\" data-end=\"447\">Lis\u00e4takuu:<\/strong> <em data-start=\"448\" data-end=\"474\">Style de Vie Authentique<\/em> antaa 10 vuoden takuun veitsen materiaalille ja ty\u00f6nj\u00e4ljelle.<\/p>","protected":false},"excerpt":{"rendered":"<p class=\"\" data-start=\"134\" data-end=\"190\"><strong data-start=\"134\" data-end=\"190\">Taotut KATAI-ruoat - ainutlaatuisuutta joka yksityiskohdassa<\/strong><\/p>\n<p class=\"\" data-start=\"192\" data-end=\"605\">KATAI-astiasarjan inspiraationa ovat aaltoilevat muodot, jotka on kudottu tyylikk\u00e4\u00e4sti ter\u00e4n ja kahvan muotoiluun. Jokainen ter\u00e4 on t\u00e4ysin k\u00e4sin taottu viisikerroksisesta japanilaisesta VG10-ter\u00e4ksest\u00e4, mik\u00e4 takaa poikkeuksellisen kest\u00e4vyyden ja ter\u00e4n tarkkuuden. Perinteisten vasaraterien lis\u00e4ksi veitselle on tehty lis\u00e4viimeistely hienolla vasaralla, mik\u00e4 antaa veitselle hienovaraisen tekstuurin ja ainutlaatuisen visuaalisen luonteen.<\/p>\n<p class=\"\" data-start=\"607\" data-end=\"915\">Kahva on valmistettu luonnollisesta juuripuusta, joka on t\u00e4ytetty hartsilla, puristettu ja huolellisesti muotoiltu. Lopputulos on joka kerta erityinen - jokainen veitsi eroaa viimeistelylt\u00e4\u00e4n, kooltaan, v\u00e4rilt\u00e4\u00e4n ja puun jyv\u00e4kuvioinniltaan.<\/p>\n<p class=\"\" data-start=\"607\" data-end=\"915\">Se ei ole pelkk\u00e4 ty\u00f6kalu - se on k\u00e4sity\u00f6taidon ja muotoilun symbioosi.<\/p>\n<p data-start=\"607\" data-end=\"915\"><strong>KATAI-malliston palkituin veitsi!<\/strong> Vuonna 2020 se voitti arvostetun RED DOT -palkinnon ruoanlaittov\u00e4lineiden kategoriassa! RED DOT -palkinnoista kilpaili 6 500 tuotetta yli 60 maasta. Riippumaton tuomaristo, joka on kokoontunut jo 65 vuoden ajan, valitsee voittajat visuaalisen ilmeen, toiminnallisuuden, omaper\u00e4isen muotoilun, innovaation, k\u00e4ytettyjen materiaalien ja valmistuksen erinomaisuuden perusteella.<\/p>\n<p data-start=\"607\" data-end=\"915\">Katso my\u00f6s: <a href=\"https:\/\/tammetorubbq.ee\/fi\/product-2\/taottu-nahkainen-nuolenkarki-kokanoalle-205-cm\/\">Taottu nahkainen veitsikuppi kokanoale - 20,5 cm<\/a><\/p>\n<p><img loading=\"lazy\" decoding=\"async\" class=\"wp-image-2962\" src=\"http:\/\/tammetorubbq.ee\/wp-content\/uploads\/2025\/04\/Forged-KATAI-logo-211x300.png\" alt=\"Taottu KATAI-logo\" width=\"102\" height=\"145\" srcset=\"https:\/\/tammetorubbq.ee\/wp-content\/uploads\/2025\/04\/Forged-KATAI-logo-211x300.png 211w, https:\/\/tammetorubbq.ee\/wp-content\/uploads\/2025\/04\/Forged-KATAI-logo-8x12.png 8w, https:\/\/tammetorubbq.ee\/wp-content\/uploads\/2025\/04\/Forged-KATAI-logo-64x91.png 64w, https:\/\/tammetorubbq.ee\/wp-content\/uploads\/2025\/04\/Forged-KATAI-logo.png 229w\" sizes=\"auto, (max-width: 102px) 100vw, 102px\" \/><\/p>","protected":false},"featured_media":5532,"comment_status":"open","ping_status":"closed","template":"","meta":{"_uf_show_specific_survey":0,"_uf_disable_surveys":false},"pwb-brand":[156],"product_brand":[],"product_cat":[27],"product_tag":[157,315],"class_list":{"0":"post-2946","1":"product","2":"type-product","3":"status-publish","4":"has-post-thumbnail","6":"pwb-brand-forged","7":"product_cat-noad","8":"product_tag-forged","9":"product_tag-kokanuga","11":"first","12":"instock","13":"taxable","14":"shipping-taxable","15":"purchasable","16":"product-type-simple"},"brands":[{"id":156,"name":"Taotut","slug":"taotut"}],"_links":{"self":[{"href":"https:\/\/tammetorubbq.ee\/fi\/wp-json\/wp\/v2\/product\/2946","targetHints":{"allow":["GET"]}}],"collection":[{"href":"https:\/\/tammetorubbq.ee\/fi\/wp-json\/wp\/v2\/product"}],"about":[{"href":"https:\/\/tammetorubbq.ee\/fi\/wp-json\/wp\/v2\/types\/product"}],"replies":[{"embeddable":true,"href":"https:\/\/tammetorubbq.ee\/fi\/wp-json\/wp\/v2\/comments?post=2946"}],"wp:featuredmedia":[{"embeddable":true,"href":"https:\/\/tammetorubbq.ee\/fi\/wp-json\/wp\/v2\/media\/5532"}],"wp:attachment":[{"href":"https:\/\/tammetorubbq.ee\/fi\/wp-json\/wp\/v2\/media?parent=2946"}],"wp:term":[{"taxonomy":"pwb-brand","embeddable":true,"href":"https:\/\/tammetorubbq.ee\/fi\/wp-json\/wp\/v2\/pwb-brand?post=2946"},{"taxonomy":"product_brand","embeddable":true,"href":"https:\/\/tammetorubbq.ee\/fi\/wp-json\/wp\/v2\/product_brand?post=2946"},{"taxonomy":"product_cat","embeddable":true,"href":"https:\/\/tammetorubbq.ee\/fi\/wp-json\/wp\/v2\/product_cat?post=2946"},{"taxonomy":"product_tag","embeddable":true,"href":"https:\/\/tammetorubbq.ee\/fi\/wp-json\/wp\/v2\/product_tag?post=2946"}],"curies":[{"name":"wp","href":"https:\/\/api.w.org\/{rel}","templated":true}]}}