{"id":2964,"date":"2025-04-11T17:20:22","date_gmt":"2025-04-11T14:20:22","guid":{"rendered":"https:\/\/tammetorubbq.ee\/?post_type=product&#038;p=2964"},"modified":"2026-04-09T00:00:04","modified_gmt":"2026-04-08T21:00:04","slug":"taottu-nahkainen-nuolenkarki-kokanoalle-205-cm","status":"publish","type":"product","link":"https:\/\/tammetorubbq.ee\/fi\/product-2\/taottu-nahkainen-nuolenkarki-kokanoalle-205-cm\/","title":{"rendered":"Taottu nahkainen veitsikuppi kokanoale - 20,5 cm"},"content":{"rendered":"<p><strong data-start=\"618\" data-end=\"629\">Valmistaja:<\/strong> Style de Vie Authentique<br data-start=\"654\" data-end=\"657\" \/><strong data-start=\"657\" data-end=\"674\">Alkuper\u00e4maa:<\/strong> Alankomaat<br data-start=\"682\" data-end=\"685\" \/><strong data-start=\"685\" data-end=\"698\">Materiaali:<\/strong> aitoa nahkaa<br data-start=\"709\" data-end=\"712\" \/><strong data-start=\"712\" data-end=\"721\">V\u00e4ri:<\/strong> tummanruskea mustalla yksityiskohdalla<\/p>","protected":false},"excerpt":{"rendered":"<p class=\"\" data-start=\"170\" data-end=\"365\">Nahkainen kirjekuori <em data-start=\"184\" data-end=\"205\">Nahasta taottu kokki<\/em> on luotu erityisesti STYLE DE VIE -yleiskeittoastioita varten.<\/p>\n<p class=\"\" data-start=\"367\" data-end=\"616\">Laadukkaasta nahasta valmistettu veitsiteline takaa turvallisen s\u00e4ilytyksen ja k\u00e4tev\u00e4n kuljetuksen.<\/p>\n<p class=\"\" data-start=\"367\" data-end=\"616\">Tyylikk\u00e4\u00e4ss\u00e4 muotoilussa yhdistyv\u00e4t kest\u00e4vyys ja tyyli, ja se sopii t\u00e4ydellisesti jokap\u00e4iv\u00e4iseen k\u00e4ytt\u00f6\u00f6n sek\u00e4 kotikeitti\u00f6ss\u00e4 ett\u00e4 ammatillisessa ymp\u00e4rist\u00f6ss\u00e4.<\/p>\n<p><img loading=\"lazy\" decoding=\"async\" class=\"wp-image-2962\" src=\"http:\/\/tammetorubbq.ee\/wp-content\/uploads\/2025\/04\/Forged-KATAI-logo-211x300.png\" alt=\"Taottu KATAI-logo\" width=\"99\" height=\"141\" srcset=\"https:\/\/tammetorubbq.ee\/wp-content\/uploads\/2025\/04\/Forged-KATAI-logo-211x300.png 211w, https:\/\/tammetorubbq.ee\/wp-content\/uploads\/2025\/04\/Forged-KATAI-logo-8x12.png 8w, https:\/\/tammetorubbq.ee\/wp-content\/uploads\/2025\/04\/Forged-KATAI-logo-64x91.png 64w, https:\/\/tammetorubbq.ee\/wp-content\/uploads\/2025\/04\/Forged-KATAI-logo.png 229w\" sizes=\"auto, (max-width: 99px) 100vw, 99px\" \/><\/p>","protected":false},"featured_media":2965,"comment_status":"open","ping_status":"closed","template":"","meta":{"_uf_show_specific_survey":0,"_uf_disable_surveys":false},"pwb-brand":[156],"product_brand":[],"product_cat":[27],"product_tag":[157,155],"class_list":{"0":"post-2964","1":"product","2":"type-product","3":"status-publish","4":"has-post-thumbnail","6":"pwb-brand-forged","7":"product_cat-noad","8":"product_tag-forged","9":"product_tag-noad","11":"first","12":"instock","13":"taxable","14":"shipping-taxable","15":"purchasable","16":"product-type-simple"},"brands":[{"id":156,"name":"Taotut","slug":"taotut"}],"_links":{"self":[{"href":"https:\/\/tammetorubbq.ee\/fi\/wp-json\/wp\/v2\/product\/2964","targetHints":{"allow":["GET"]}}],"collection":[{"href":"https:\/\/tammetorubbq.ee\/fi\/wp-json\/wp\/v2\/product"}],"about":[{"href":"https:\/\/tammetorubbq.ee\/fi\/wp-json\/wp\/v2\/types\/product"}],"replies":[{"embeddable":true,"href":"https:\/\/tammetorubbq.ee\/fi\/wp-json\/wp\/v2\/comments?post=2964"}],"wp:featuredmedia":[{"embeddable":true,"href":"https:\/\/tammetorubbq.ee\/fi\/wp-json\/wp\/v2\/media\/2965"}],"wp:attachment":[{"href":"https:\/\/tammetorubbq.ee\/fi\/wp-json\/wp\/v2\/media?parent=2964"}],"wp:term":[{"taxonomy":"pwb-brand","embeddable":true,"href":"https:\/\/tammetorubbq.ee\/fi\/wp-json\/wp\/v2\/pwb-brand?post=2964"},{"taxonomy":"product_brand","embeddable":true,"href":"https:\/\/tammetorubbq.ee\/fi\/wp-json\/wp\/v2\/product_brand?post=2964"},{"taxonomy":"product_cat","embeddable":true,"href":"https:\/\/tammetorubbq.ee\/fi\/wp-json\/wp\/v2\/product_cat?post=2964"},{"taxonomy":"product_tag","embeddable":true,"href":"https:\/\/tammetorubbq.ee\/fi\/wp-json\/wp\/v2\/product_tag?post=2964"}],"curies":[{"name":"wp","href":"https:\/\/api.w.org\/{rel}","templated":true}]}}