{"id":2975,"date":"2025-04-14T20:40:57","date_gmt":"2025-04-14T17:40:57","guid":{"rendered":"https:\/\/tammetorubbq.ee\/?post_type=product&#038;p=2975"},"modified":"2026-04-17T05:00:33","modified_gmt":"2026-04-17T02:00:33","slug":"lihakirkon-pyha-voodoo-rub-396g","status":"publish","type":"product","link":"https:\/\/tammetorubbq.ee\/fi\/product-2\/lihakirkon-pyha-voodoo-rub-396g\/","title":{"rendered":"Lihakirkon Pyh\u00e4 Voodoo Rub 396g"},"content":{"rendered":"<p>Ainesosat: suola, sokeri, ruskea sokeri, mausteet (mukaan lukien paprika), kuivattu valkosipuli, kuivattu jalape\u00f1o, natriumglutamaatti, kuivattu sipuli ja rypsi\u00f6ljy.<\/p>\n<p>Gluteeniton.<\/p>","protected":false},"excerpt":{"rendered":"<p class=\"\" data-start=\"0\" data-end=\"260\">Koge South -alueen makujen voima <strong data-start=\"26\" data-end=\"53\">Lihakirkko Pyh\u00e4 Voodoo<\/strong> mausteita!<\/p>\n<p class=\"\" data-start=\"0\" data-end=\"260\">T\u00e4ss\u00e4 perinteisen Cajun-keitti\u00f6n inspiroimassa BBQ-mausteseoksessa yhdistyv\u00e4t runsaat suolaiset mausteet ja jalape\u00f1on mieto tulisuus, mik\u00e4 tekee siit\u00e4 monipuolisen kumppanin kaikenlaisiin ruokiin.<\/p>\n<p class=\"\" data-start=\"262\" data-end=\"427\">Holy Voodoon hienojakoinen rakenne takaa tasaisen peitt\u00e4vyyden ja syv\u00e4n maun jokaisessa suupalassa. Se sopii erinomaisesti siipikarjalle, porsaankyljyksille, vihanneksille ja monille muille ruokalajeille.<\/p>\n<p class=\"\" data-start=\"429\" data-end=\"700\">Olipa kyseess\u00e4 kalkkunan savustaminen, kanan paahtaminen tai vihannesten grillaaminen, t\u00e4m\u00e4 gluteeniton sekoitus tuo jokaiseen ruokalajiin s\u00e4rm\u00e4\u00e4 ja aitoa etel\u00e4n makua.<br data-start=\"581\" data-end=\"584\" \/>Holy Voodoo sopii kaikkialle, miss\u00e4 arvostetaan aitoa etel\u00e4n BBQ-kokemusta.<\/p>\n<ul>\n<li>Todellinen Cajun-tyylinen makuel\u00e4mys.<\/li>\n<li>T\u00e4ydellinen siipikarjalle, porsaankyljyksille, vihanneksille ja muulle.<\/li>\n<li>Sopii erityisen hyvin paistetun ja savustetun kalkkunan p\u00e4\u00e4lle.<\/li>\n<\/ul>\n<p><img loading=\"lazy\" decoding=\"async\" class=\"wp-image-1702\" src=\"https:\/\/tammetorubbq.ee\/wp-content\/uploads\/2024\/02\/Meat-Church-logo-scaled-300x300.webp\" alt=\"Lihakirkon logo\" width=\"206\" height=\"206\" srcset=\"https:\/\/tammetorubbq.ee\/wp-content\/uploads\/2024\/02\/Meat-Church-logo-scaled-300x300.webp 300w, https:\/\/tammetorubbq.ee\/wp-content\/uploads\/2024\/02\/Meat-Church-logo-scaled-1024x1024.webp 1024w, https:\/\/tammetorubbq.ee\/wp-content\/uploads\/2024\/02\/Meat-Church-logo-scaled-150x150.webp 150w, https:\/\/tammetorubbq.ee\/wp-content\/uploads\/2024\/02\/Meat-Church-logo-scaled-768x768.webp 768w, https:\/\/tammetorubbq.ee\/wp-content\/uploads\/2024\/02\/Meat-Church-logo-scaled-1536x1536.webp 1536w, https:\/\/tammetorubbq.ee\/wp-content\/uploads\/2024\/02\/Meat-Church-logo-scaled-2048x2048.webp 2048w, https:\/\/tammetorubbq.ee\/wp-content\/uploads\/2024\/02\/Meat-Church-logo-scaled-12x12.webp 12w, https:\/\/tammetorubbq.ee\/wp-content\/uploads\/2024\/02\/Meat-Church-logo-scaled-600x600.webp 600w, https:\/\/tammetorubbq.ee\/wp-content\/uploads\/2024\/02\/Meat-Church-logo-scaled-64x64.webp 64w\" sizes=\"auto, (max-width: 206px) 100vw, 206px\" \/><\/p>","protected":false},"featured_media":2976,"comment_status":"open","ping_status":"closed","template":"","meta":{"_uf_show_specific_survey":0,"_uf_disable_surveys":false},"pwb-brand":[96],"product_brand":[382],"product_cat":[21],"product_tag":[118,120,114],"class_list":{"0":"post-2975","1":"product","2":"type-product","3":"status-publish","4":"has-post-thumbnail","6":"pwb-brand-meat-church","7":"product_brand-meat-church","8":"product_cat-maitseainesegud","9":"product_tag-kanaliha","10":"product_tag-mereannid","11":"product_tag-sealiha","13":"first","14":"outofstock","15":"taxable","16":"shipping-taxable","17":"purchasable","18":"product-type-simple"},"brands":[{"id":96,"name":"Lihakirkko","slug":"meat-church"}],"_links":{"self":[{"href":"https:\/\/tammetorubbq.ee\/fi\/wp-json\/wp\/v2\/product\/2975","targetHints":{"allow":["GET"]}}],"collection":[{"href":"https:\/\/tammetorubbq.ee\/fi\/wp-json\/wp\/v2\/product"}],"about":[{"href":"https:\/\/tammetorubbq.ee\/fi\/wp-json\/wp\/v2\/types\/product"}],"replies":[{"embeddable":true,"href":"https:\/\/tammetorubbq.ee\/fi\/wp-json\/wp\/v2\/comments?post=2975"}],"wp:featuredmedia":[{"embeddable":true,"href":"https:\/\/tammetorubbq.ee\/fi\/wp-json\/wp\/v2\/media\/2976"}],"wp:attachment":[{"href":"https:\/\/tammetorubbq.ee\/fi\/wp-json\/wp\/v2\/media?parent=2975"}],"wp:term":[{"taxonomy":"pwb-brand","embeddable":true,"href":"https:\/\/tammetorubbq.ee\/fi\/wp-json\/wp\/v2\/pwb-brand?post=2975"},{"taxonomy":"product_brand","embeddable":true,"href":"https:\/\/tammetorubbq.ee\/fi\/wp-json\/wp\/v2\/product_brand?post=2975"},{"taxonomy":"product_cat","embeddable":true,"href":"https:\/\/tammetorubbq.ee\/fi\/wp-json\/wp\/v2\/product_cat?post=2975"},{"taxonomy":"product_tag","embeddable":true,"href":"https:\/\/tammetorubbq.ee\/fi\/wp-json\/wp\/v2\/product_tag?post=2975"}],"curies":[{"name":"wp","href":"https:\/\/api.w.org\/{rel}","templated":true}]}}