{"id":2980,"date":"2025-04-14T21:04:11","date_gmt":"2025-04-14T18:04:11","guid":{"rendered":"https:\/\/tammetorubbq.ee\/?post_type=product&#038;p=2980"},"modified":"2026-05-12T15:00:06","modified_gmt":"2026-05-12T12:00:06","slug":"killer-hogs-kuuma-kastike-bbq-tahna-360g","status":"publish","type":"product","link":"https:\/\/tammetorubbq.ee\/fi\/toode\/killer-hogs-hot-sauce-bbq-kaste-360g\/","title":{"rendered":"Killer Hogs Hot Sauce BBQ-kastike 360g"},"content":{"rendered":"<p><strong>Ainesosat<\/strong>: fermentoitu pippuripasta, etikka, valkosipuli, suola, selluloosakumi, F.D.&amp;C. punainen v\u00e4riaine 40.<\/p>\n<p>&nbsp;<\/p>\n<p><strong>Kommentti Malcolm Reed of Killer Hogs...<\/strong><\/p>\n<p class=\"\" data-start=\"0\" data-end=\"130\"><strong data-start=\"0\" data-end=\"31\">KILPAILULUOKAN KUUMA KASTIKE<\/strong> - T\u00e4m\u00e4n kastikkeen on luonut ja sit\u00e4 k\u00e4ytt\u00e4\u00e4 palkittu <em data-start=\"83\" data-end=\"113\">Killer Hogs Championship BBQ<\/em> ryhm\u00e4n toimesta.<\/p>\n<p class=\"\" data-start=\"132\" data-end=\"358\"><strong data-start=\"132\" data-end=\"163\">TUNNUSTETTU JA ARVOSTETTU<\/strong> - Olemme valmistaneet t\u00e4t\u00e4 kastiketta yli 10 vuotta, l\u00e4hett\u00e4neet kymmeni\u00e4 tuhansia pulloja ymp\u00e4ri Yhdysvaltoja ja ilahduttaneet niin ammattimaisia BBQ-mestareita, harrastajakokkeja kuin kotigrilliharrastajiakin.<\/p>\n<p class=\"\" data-start=\"360\" data-end=\"590\"><strong data-start=\"360\" data-end=\"398\">HYVIN HARKITTU VAKAA LOPPUTULOS<\/strong> - Olemme kehitt\u00e4neet t\u00e4m\u00e4n tulisen kastikkeen erityisesti siksi, ettei sinun tarvitse huolehtia mausteisuuden tasapainosta - se tarjoaa tasaisen voimakkaan ja herkullisen kokemuksen joka kerta, siit\u00e4 voit olla varma.<\/p>\n<p class=\"\" data-start=\"804\" data-end=\"936\">","protected":false},"excerpt":{"rendered":"<p class=\"\" data-start=\"153\" data-end=\"199\"><strong data-start=\"153\" data-end=\"199\">Killer Hogs Garlic Pepper Hot Sauce.<\/strong><\/p>\n<p class=\"\" data-start=\"201\" data-end=\"296\">Malcolm Reed tiet\u00e4\u00e4, miten etel\u00e4n makua lis\u00e4t\u00e4\u00e4n - ja t\u00e4m\u00e4 kastike tuo juuri oikean m\u00e4\u00e4r\u00e4n s\u00e4rm\u00e4\u00e4!<\/p>\n<p class=\"\" data-start=\"298\" data-end=\"561\">T\u00e4ydellinen valinta, jos haluat lis\u00e4t\u00e4 mausteisuutta mihin tahansa ruokaan. Kastike on valmistettu kypsytetyist\u00e4 punaisista paprikoista, joissa on ripaus hapanta etikkaa ja lempe\u00e4 valkosipulin vivahde - tuloksena on yksi herkullisimmista tulisista kastikkeista, joita olet koskaan maistanut.<\/p>\n<p class=\"\" data-start=\"563\" data-end=\"674\">Ei liian tulinen - juuri sopiva jokap\u00e4iv\u00e4iseen nautintoon. Killer Hogs kutsuu sit\u00e4 yksinkertaisesti \"ruokakastikkeeksi\".<\/p>\n<p><strong>Huomautus<\/strong>: t\u00e4m\u00e4 tuote ei vanhene, mutta noin kahden vuoden kuluttua sen teho voi hieman v\u00e4henty\u00e4.<\/p>\n<p><img loading=\"lazy\" decoding=\"async\" class=\"wp-image-2335\" src=\"http:\/\/tammetorubbq.ee\/wp-content\/uploads\/2024\/12\/Killer-Hogs-logo-300x300.webp\" alt=\"Killer hogs logo\" width=\"129\" height=\"129\" srcset=\"https:\/\/tammetorubbq.ee\/wp-content\/uploads\/2024\/12\/Killer-Hogs-logo-300x300.webp 300w, https:\/\/tammetorubbq.ee\/wp-content\/uploads\/2024\/12\/Killer-Hogs-logo-150x150.webp 150w, https:\/\/tammetorubbq.ee\/wp-content\/uploads\/2024\/12\/Killer-Hogs-logo-768x768.webp 768w, https:\/\/tammetorubbq.ee\/wp-content\/uploads\/2024\/12\/Killer-Hogs-logo-12x12.webp 12w, https:\/\/tammetorubbq.ee\/wp-content\/uploads\/2024\/12\/Killer-Hogs-logo-600x600.webp 600w, https:\/\/tammetorubbq.ee\/wp-content\/uploads\/2024\/12\/Killer-Hogs-logo-64x64.webp 64w, https:\/\/tammetorubbq.ee\/wp-content\/uploads\/2024\/12\/Killer-Hogs-logo.webp 800w\" sizes=\"auto, (max-width: 129px) 100vw, 129px\" \/><\/p>","protected":false},"featured_media":2982,"comment_status":"open","ping_status":"closed","template":"","meta":{"_uf_show_specific_survey":0,"_uf_disable_surveys":false},"pwb-brand":[103],"product_brand":[],"product_cat":[22],"product_tag":[118,159,158,114,122],"class_list":{"0":"post-2980","1":"product","2":"type-product","3":"status-publish","4":"has-post-thumbnail","6":"pwb-brand-killer-hogs-bbq","7":"product_cat-kastmed-ja-marinaadid","8":"product_tag-kanaliha","9":"product_tag-kanatiivad","10":"product_tag-killer-hogs","11":"product_tag-sealiha","12":"product_tag-searibi","14":"first","15":"outofstock","16":"taxable","17":"shipping-taxable","18":"purchasable","19":"product-type-simple"},"brands":[{"id":103,"name":"Killer Hogs BBQ","slug":"killer-hogs-bbq"}],"_links":{"self":[{"href":"https:\/\/tammetorubbq.ee\/fi\/wp-json\/wp\/v2\/product\/2980","targetHints":{"allow":["GET"]}}],"collection":[{"href":"https:\/\/tammetorubbq.ee\/fi\/wp-json\/wp\/v2\/product"}],"about":[{"href":"https:\/\/tammetorubbq.ee\/fi\/wp-json\/wp\/v2\/types\/product"}],"replies":[{"embeddable":true,"href":"https:\/\/tammetorubbq.ee\/fi\/wp-json\/wp\/v2\/comments?post=2980"}],"wp:featuredmedia":[{"embeddable":true,"href":"https:\/\/tammetorubbq.ee\/fi\/wp-json\/wp\/v2\/media\/2982"}],"wp:attachment":[{"href":"https:\/\/tammetorubbq.ee\/fi\/wp-json\/wp\/v2\/media?parent=2980"}],"wp:term":[{"taxonomy":"pwb-brand","embeddable":true,"href":"https:\/\/tammetorubbq.ee\/fi\/wp-json\/wp\/v2\/pwb-brand?post=2980"},{"taxonomy":"product_brand","embeddable":true,"href":"https:\/\/tammetorubbq.ee\/fi\/wp-json\/wp\/v2\/product_brand?post=2980"},{"taxonomy":"product_cat","embeddable":true,"href":"https:\/\/tammetorubbq.ee\/fi\/wp-json\/wp\/v2\/product_cat?post=2980"},{"taxonomy":"product_tag","embeddable":true,"href":"https:\/\/tammetorubbq.ee\/fi\/wp-json\/wp\/v2\/product_tag?post=2980"}],"curies":[{"name":"wp","href":"https:\/\/api.w.org\/{rel}","templated":true}]}}