{"id":2993,"date":"2025-04-14T21:32:08","date_gmt":"2025-04-14T18:32:08","guid":{"rendered":"https:\/\/tammetorubbq.ee\/?post_type=product&#038;p=2993"},"modified":"2026-04-14T11:00:06","modified_gmt":"2026-04-14T08:00:06","slug":"plowboys-tarheel-tang-bbq-kastike-512g","status":"publish","type":"product","link":"https:\/\/tammetorubbq.ee\/fi\/product-2\/plowboys-tarheel-tang-bbq-kastike-512g\/","title":{"rendered":"Plowboys Tarheel Tang BBQ-kastike 512g"},"content":{"rendered":"<p>Ainesosat: vesi, maissisiirappi, omenaviinietikka, tislattu etikka, tomaattipyree, korkeafruktoosinen maissisiirappi, suola, habaneropaprika (punainen habaneropaprika ja suola), mausteet (mm. chilipaprika ja sinappi), kuivattu sipuli.<\/p>","protected":false},"excerpt":{"rendered":"<p class=\"\" data-start=\"0\" data-end=\"54\"><strong data-start=\"0\" data-end=\"54\">Plowboys Tarheel Tang - Carolina-tyylinen BBQ-kastike!<\/strong><\/p>\n<p class=\"\" data-start=\"56\" data-end=\"252\">Plowboys BBQ on luonut t\u00e4m\u00e4n carolinalaistyylisen kastikkeen, jossa yhdistyv\u00e4t makeus ja etikkainen vivahde, ja joka p\u00e4\u00e4ttyy kevyesti savuiseen vivahteeseen.<\/p>\n<p class=\"\" data-start=\"254\" data-end=\"395\">Tarheel Tang sopii t\u00e4ydellisesti pulled pork- ja kanaruokien seuraksi - se on kuin Carolina BBQ, mutta ilman matkustamista ja tulleja!<\/p>\n<p class=\"\" data-start=\"397\" data-end=\"633\">Jos rakastat makeaa ja hapanta makua, jossa on hieman savuinen j\u00e4lkimaku, t\u00e4m\u00e4 kastike voi tulla sinulle yht\u00e4 tarpeelliseksi kuin itse grillaus.<\/p>\n<p class=\"\" data-start=\"397\" data-end=\"633\">Ja hei, voiko sit\u00e4 todella vastustaa? Emme luota sinuun, jos et yrit\u00e4!<\/p>\n<p data-start=\"397\" data-end=\"633\">","protected":false},"featured_media":3014,"comment_status":"open","ping_status":"closed","template":"","meta":{"_uf_show_specific_survey":0,"_uf_disable_surveys":false},"pwb-brand":[79],"product_brand":[],"product_cat":[22],"product_tag":[118,114],"class_list":{"0":"post-2993","1":"product","2":"type-product","3":"status-publish","4":"has-post-thumbnail","6":"pwb-brand-plowboys","7":"product_cat-kastmed-ja-marinaadid","8":"product_tag-kanaliha","9":"product_tag-sealiha","11":"first","12":"instock","13":"taxable","14":"shipping-taxable","15":"purchasable","16":"product-type-simple"},"brands":[{"id":79,"name":"Plowboy's","slug":"plowboys"}],"_links":{"self":[{"href":"https:\/\/tammetorubbq.ee\/fi\/wp-json\/wp\/v2\/product\/2993","targetHints":{"allow":["GET"]}}],"collection":[{"href":"https:\/\/tammetorubbq.ee\/fi\/wp-json\/wp\/v2\/product"}],"about":[{"href":"https:\/\/tammetorubbq.ee\/fi\/wp-json\/wp\/v2\/types\/product"}],"replies":[{"embeddable":true,"href":"https:\/\/tammetorubbq.ee\/fi\/wp-json\/wp\/v2\/comments?post=2993"}],"wp:featuredmedia":[{"embeddable":true,"href":"https:\/\/tammetorubbq.ee\/fi\/wp-json\/wp\/v2\/media\/3014"}],"wp:attachment":[{"href":"https:\/\/tammetorubbq.ee\/fi\/wp-json\/wp\/v2\/media?parent=2993"}],"wp:term":[{"taxonomy":"pwb-brand","embeddable":true,"href":"https:\/\/tammetorubbq.ee\/fi\/wp-json\/wp\/v2\/pwb-brand?post=2993"},{"taxonomy":"product_brand","embeddable":true,"href":"https:\/\/tammetorubbq.ee\/fi\/wp-json\/wp\/v2\/product_brand?post=2993"},{"taxonomy":"product_cat","embeddable":true,"href":"https:\/\/tammetorubbq.ee\/fi\/wp-json\/wp\/v2\/product_cat?post=2993"},{"taxonomy":"product_tag","embeddable":true,"href":"https:\/\/tammetorubbq.ee\/fi\/wp-json\/wp\/v2\/product_tag?post=2993"}],"curies":[{"name":"wp","href":"https:\/\/api.w.org\/{rel}","templated":true}]}}