{"id":2996,"date":"2025-04-14T21:52:50","date_gmt":"2025-04-14T18:52:50","guid":{"rendered":"https:\/\/tammetorubbq.ee\/?post_type=product&#038;p=2996"},"modified":"2026-04-15T02:00:06","modified_gmt":"2026-04-14T23:00:06","slug":"ao-omg-sianliha-injektio-sianrasva-500g","status":"publish","type":"product","link":"https:\/\/tammetorubbq.ee\/fi\/product-2\/ao-omg-sianliha-injektio-sianrasva-500g\/","title":{"rendered":"A&amp;O OMG Pork Injection (injektioneste) 500g"},"content":{"rendered":"<p class=\"\" data-start=\"0\" data-end=\"58\">Ainesosat: maissit\u00e4rkkelys, maltodekstriini, suola, stabilointiaineet (difosfaatit E450), arominvahventeet E621, luontainen aromi, riisijauho, hydrolysoitu kasviproteiini, mausteuute, yrttiuute.<\/p>","protected":false},"excerpt":{"rendered":"<p>Angus&amp;Oink OMG Pork Injection (injektioneste, liuos).<\/p>\n<p class=\"\" data-start=\"0\" data-end=\"96\">Valmistettu vahvistamaan makua ja s\u00e4ilytt\u00e4m\u00e4\u00e4n lihan mehukkuus pitk\u00e4n kypsennyksen aikana.<\/p>\n<p class=\"\" data-start=\"98\" data-end=\"225\">T\u00e4ydellinen valinta kilpailugrillaukseen ja vakavaan grillaukseen - jossa jokainen lis\u00e4piste tuo lis\u00e4makua ja mehukkaan suupalan!<\/p>\n<p data-start=\"98\" data-end=\"225\">K\u00e4yt\u00e4 sekoittaessasi rohkeasti sianlihan kanssa hyvin yhteensopivia mehuja - esimerkiksi omenamehua, mutta my\u00f6s persikat ovat eritt\u00e4in hyvi\u00e4.<\/p>\n<p data-start=\"98\" data-end=\"225\"><strong>Jos haluat, ett\u00e4 tuomarit (tai yst\u00e4v\u00e4si) haukkuvat henke\u00e4\u00e4n ensimm\u00e4isest\u00e4 suupalasta, tarvitset t\u00e4t\u00e4!<\/strong><\/p>\n<p data-start=\"98\" data-end=\"225\"><img loading=\"lazy\" decoding=\"async\" class=\"alignnone wp-image-279\" src=\"http:\/\/tammetorubbq.ee\/wp-content\/uploads\/2023\/11\/Angus-Oink.png\" alt=\"\" width=\"132\" height=\"132\" srcset=\"https:\/\/tammetorubbq.ee\/wp-content\/uploads\/2023\/11\/Angus-Oink.png 225w, https:\/\/tammetorubbq.ee\/wp-content\/uploads\/2023\/11\/Angus-Oink-150x150.png 150w, https:\/\/tammetorubbq.ee\/wp-content\/uploads\/2023\/11\/Angus-Oink-12x12.png 12w, https:\/\/tammetorubbq.ee\/wp-content\/uploads\/2023\/11\/Angus-Oink-64x64.png 64w\" sizes=\"auto, (max-width: 132px) 100vw, 132px\" \/><\/p>","protected":false},"featured_media":2997,"comment_status":"open","ping_status":"closed","template":"","meta":{"_uf_show_specific_survey":0,"_uf_disable_surveys":false},"pwb-brand":[105],"product_brand":[],"product_cat":[22],"product_tag":[114],"class_list":{"0":"post-2996","1":"product","2":"type-product","3":"status-publish","4":"has-post-thumbnail","6":"pwb-brand-angus-oink","7":"product_cat-kastmed-ja-marinaadid","8":"product_tag-sealiha","10":"first","11":"outofstock","12":"taxable","13":"shipping-taxable","14":"purchasable","15":"product-type-simple"},"brands":[{"id":105,"name":"Angus &amp; Oink","slug":"angus-oink"}],"_links":{"self":[{"href":"https:\/\/tammetorubbq.ee\/fi\/wp-json\/wp\/v2\/product\/2996","targetHints":{"allow":["GET"]}}],"collection":[{"href":"https:\/\/tammetorubbq.ee\/fi\/wp-json\/wp\/v2\/product"}],"about":[{"href":"https:\/\/tammetorubbq.ee\/fi\/wp-json\/wp\/v2\/types\/product"}],"replies":[{"embeddable":true,"href":"https:\/\/tammetorubbq.ee\/fi\/wp-json\/wp\/v2\/comments?post=2996"}],"wp:featuredmedia":[{"embeddable":true,"href":"https:\/\/tammetorubbq.ee\/fi\/wp-json\/wp\/v2\/media\/2997"}],"wp:attachment":[{"href":"https:\/\/tammetorubbq.ee\/fi\/wp-json\/wp\/v2\/media?parent=2996"}],"wp:term":[{"taxonomy":"pwb-brand","embeddable":true,"href":"https:\/\/tammetorubbq.ee\/fi\/wp-json\/wp\/v2\/pwb-brand?post=2996"},{"taxonomy":"product_brand","embeddable":true,"href":"https:\/\/tammetorubbq.ee\/fi\/wp-json\/wp\/v2\/product_brand?post=2996"},{"taxonomy":"product_cat","embeddable":true,"href":"https:\/\/tammetorubbq.ee\/fi\/wp-json\/wp\/v2\/product_cat?post=2996"},{"taxonomy":"product_tag","embeddable":true,"href":"https:\/\/tammetorubbq.ee\/fi\/wp-json\/wp\/v2\/product_tag?post=2996"}],"curies":[{"name":"wp","href":"https:\/\/api.w.org\/{rel}","templated":true}]}}