{"id":3008,"date":"2025-04-14T22:32:20","date_gmt":"2025-04-14T19:32:20","guid":{"rendered":"https:\/\/tammetorubbq.ee\/?post_type=product&#038;p=3008"},"modified":"2026-04-15T03:00:07","modified_gmt":"2026-04-15T00:00:07","slug":"jds-xxtra-hot-honey-habanero-hunaja-350g","status":"publish","type":"product","link":"https:\/\/tammetorubbq.ee\/fi\/product-2\/jds-xxtra-hot-honey-habanero-hunaja-350g\/","title":{"rendered":"JD`s Xxtra HOT Honey Habanero mesi 260g"},"content":{"rendered":"<p class=\"\" data-start=\"0\" data-end=\"108\"><strong data-start=\"0\" data-end=\"16\">Ainesosat:<\/strong> hunaja, habanero chilipaprika (sis\u00e4lt\u00e4\u00e4 suolaa, etikkahappoa), konjakkietikka, luonnollinen aromi.<\/p>\n<p class=\"\" data-start=\"110\" data-end=\"151\"><strong data-start=\"110\" data-end=\"149\">Tyypillinen ravintoarvo 100 grammaa kohti:<\/strong><\/p>\n<ul data-start=\"152\" data-end=\"311\" data-is-last-node=\"\" data-is-only-node=\"\">\n<li class=\"\" data-start=\"152\" data-end=\"183\">\n<p class=\"\" data-start=\"154\" data-end=\"183\">Energia: 296 kcal \/ 1241 kJ<\/p>\n<\/li>\n<li class=\"\" data-start=\"184\" data-end=\"242\">\n<p class=\"\" data-start=\"186\" data-end=\"242\">Rasva: 0,0 g<br data-start=\"197\" data-end=\"200\" \/>- josta tyydyttyneit\u00e4 rasvahappoja: 0,0 g.<\/p>\n<\/li>\n<li class=\"\" data-start=\"243\" data-end=\"295\">\n<p class=\"\" data-start=\"245\" data-end=\"295\">Hiilihydraatit: 77,0 g<br data-start=\"264\" data-end=\"267\" \/>- josta sokereita: 76,6 g<\/p>\n<\/li>\n<li class=\"\" data-start=\"296\" data-end=\"311\">\n<p class=\"\" data-start=\"298\" data-end=\"311\">Proteiinia: 0,4 g<\/p>\n<\/li>\n<\/ul>","protected":false},"excerpt":{"rendered":"<p data-start=\"313\" data-end=\"518\">JD:n alkuper\u00e4isen sekoituksen menestyksen pohjalta se on nyt lis\u00e4nnyt kuumuutta - vain niille, jotka kest\u00e4v\u00e4t sen! JD:n tunnusomaiseen makeaan hunajasekoitukseen on nyt sekoitettu tulinen habanero-uute ja chilipaloja - tuloksena on <strong data-start=\"230\" data-end=\"254\">XXTRA mausteinen sekoitus<\/strong>joka vie makunystyr\u00e4t aivan uudelle tasolle.<\/p>\n<p class=\"\" data-start=\"313\" data-end=\"518\">Makeus tulee aina ensin, mutta sitten \"tulisuus\" alkaa v\u00e4hitellen lis\u00e4\u00e4nty\u00e4 voimakkaamman habanero chilin ansiosta.<\/p>\n<p class=\"\" data-start=\"313\" data-end=\"518\">Se ei ole vain \"suts ter\u00e4v\u00e4\", se on kuin chili, joka sanoo: \"Hei, oletko vapaa t\u00e4n\u00e4 iltana?\" \ud83d\ude08<\/p>\n<p class=\"\" data-start=\"520\" data-end=\"986\">\ud83d\udca5 T\u00e4ydellinen kastike, jos haluat lis\u00e4t\u00e4 kunnon tulisuutta:<br data-start=\"580\" data-end=\"583\" \/>\ud83c\udf2e Jotta tacot olisivat paitsi herkullisia, my\u00f6s todella mausteisia.<br data-start=\"662\" data-end=\"665\" \/>\ud83c\udf55 Pizzoille niin, ett\u00e4 jokainen pala on kuin tulinen tanssi makunystyr\u00f6iss\u00e4si.<br data-start=\"728\" data-end=\"731\" \/>\ud83c\udf54 Hampurilaisille niin, ett\u00e4 lihapullatkin alkavat hieman hikoilla.<br data-start=\"792\" data-end=\"795\" \/>\ud83d\udc1f Tuoksun vuoksi, jotta h\u00e4nkin tiet\u00e4\u00e4, mit\u00e4 \"kuuma\" tarkoittaa.<br data-start=\"851\" data-end=\"854\" \/>\ud83e\udd61 Vokiroogille, jotta et unohda, ett\u00e4 el\u00e4m\u00e4ss\u00e4 on kuumia hetki\u00e4.<br data-start=\"918\" data-end=\"921\" \/>\ud83d\udd25 Grillausta varten, koska miksei grillaamisesta voisi tehd\u00e4 helvetin hauskaa!<\/p>\n<p class=\"\" data-start=\"988\" data-end=\"1119\">...tai mit\u00e4 ikin\u00e4 rakastatkaan tulisesti! Jos kielell\u00e4si ei ole tapana pudota ulos, olet luultavasti jo hyv\u00e4 ehdokas.<\/p>\n<p data-start=\"988\" data-end=\"1119\"><img loading=\"lazy\" decoding=\"async\" class=\"alignnone size-full wp-image-3002\" src=\"http:\/\/tammetorubbq.ee\/wp-content\/uploads\/2025\/04\/JDs-logo.avif\" alt=\"\" width=\"120\" height=\"105\" srcset=\"https:\/\/tammetorubbq.ee\/wp-content\/uploads\/2025\/04\/JDs-logo.avif 120w, https:\/\/tammetorubbq.ee\/wp-content\/uploads\/2025\/04\/JDs-logo-14x12.avif 14w, https:\/\/tammetorubbq.ee\/wp-content\/uploads\/2025\/04\/JDs-logo-64x56.avif 64w\" sizes=\"auto, (max-width: 120px) 100vw, 120px\" \/><\/p>","protected":false},"featured_media":6464,"comment_status":"open","ping_status":"closed","template":"","meta":{"_uf_show_specific_survey":0,"_uf_disable_surveys":false},"pwb-brand":[160],"product_brand":[],"product_cat":[22],"product_tag":[192,163,118,159,161,164],"class_list":{"0":"post-3008","1":"product","2":"type-product","3":"status-publish","4":"has-post-thumbnail","6":"pwb-brand-jds","7":"product_cat-kastmed-ja-marinaadid","8":"product_tag-jds","9":"product_tag-kala","10":"product_tag-kanaliha","11":"product_tag-kanatiivad","12":"product_tag-pizza","13":"product_tag-vokiroog","15":"first","16":"instock","17":"taxable","18":"shipping-taxable","19":"purchasable","20":"product-type-simple"},"brands":[{"id":160,"name":"JD`s","slug":"jds"}],"_links":{"self":[{"href":"https:\/\/tammetorubbq.ee\/fi\/wp-json\/wp\/v2\/product\/3008","targetHints":{"allow":["GET"]}}],"collection":[{"href":"https:\/\/tammetorubbq.ee\/fi\/wp-json\/wp\/v2\/product"}],"about":[{"href":"https:\/\/tammetorubbq.ee\/fi\/wp-json\/wp\/v2\/types\/product"}],"replies":[{"embeddable":true,"href":"https:\/\/tammetorubbq.ee\/fi\/wp-json\/wp\/v2\/comments?post=3008"}],"wp:featuredmedia":[{"embeddable":true,"href":"https:\/\/tammetorubbq.ee\/fi\/wp-json\/wp\/v2\/media\/6464"}],"wp:attachment":[{"href":"https:\/\/tammetorubbq.ee\/fi\/wp-json\/wp\/v2\/media?parent=3008"}],"wp:term":[{"taxonomy":"pwb-brand","embeddable":true,"href":"https:\/\/tammetorubbq.ee\/fi\/wp-json\/wp\/v2\/pwb-brand?post=3008"},{"taxonomy":"product_brand","embeddable":true,"href":"https:\/\/tammetorubbq.ee\/fi\/wp-json\/wp\/v2\/product_brand?post=3008"},{"taxonomy":"product_cat","embeddable":true,"href":"https:\/\/tammetorubbq.ee\/fi\/wp-json\/wp\/v2\/product_cat?post=3008"},{"taxonomy":"product_tag","embeddable":true,"href":"https:\/\/tammetorubbq.ee\/fi\/wp-json\/wp\/v2\/product_tag?post=3008"}],"curies":[{"name":"wp","href":"https:\/\/api.w.org\/{rel}","templated":true}]}}