{"id":3070,"date":"2025-04-28T21:49:38","date_gmt":"2025-04-28T18:49:38","guid":{"rendered":"https:\/\/tammetorubbq.ee\/?post_type=product&#038;p=3070"},"modified":"2026-04-15T03:00:08","modified_gmt":"2026-04-15T00:00:08","slug":"heath-riles-simple-citrus-rub-340g","status":"publish","type":"product","link":"https:\/\/tammetorubbq.ee\/fi\/product-2\/heath-riles-simple-citrus-rub-340g\/","title":{"rendered":"Heath Riles Simple Citrus Rub 340g"},"content":{"rendered":"<p>Ainesosat: suola, sokeri, natriumglutamaatti, mausteet, kuivattu valkosipuli, sitruunahappo, kiteytetty sitruuna (sitruuna\u00f6ljy, sitruunamehu), sitruunankuorijauhe, puhdistettu soija\u00f6ljy, kurkumauute, luontainen aromi ja alle 2% trikalsiumfosfaattia paakkuuntumisen est\u00e4miseksi.<\/p>","protected":false},"excerpt":{"rendered":"<p><strong data-start=\"63\" data-end=\"96\">Heath Riles Simple Citrus Rub<\/strong> on raikas ja kirpe\u00e4 maustesekoitus, joka tuo ruokiin puhtaita sitrusvivahteita. T\u00e4m\u00e4 tasapainoinen sekoitus sopii erinomaisesti kanan, kalan, kyljysten, katkarapujen ja vihannesten kanssa, sill\u00e4 se tarjoaa kirkkaan ja mehukkaan maun. Ihanteellinen grillaukseen, uunissa kypsent\u00e4miseen tai kevyeen maustamiseen.<\/p>\n<p><strong data-start=\"402\" data-end=\"414\">\ud83d\udca1 Pro-vinkki:<\/strong> kokeile sit\u00e4 kalan kanssa - et tule katumaan!<\/p>\n<p><img loading=\"lazy\" decoding=\"async\" class=\"alignnone wp-image-5481\" src=\"https:\/\/tammetorubbq.ee\/wp-content\/uploads\/2024\/02\/Heath-Riles-Logo-SQ-300x300.png\" alt=\"\" width=\"204\" height=\"204\" srcset=\"https:\/\/tammetorubbq.ee\/wp-content\/uploads\/2024\/02\/Heath-Riles-Logo-SQ-300x300.png 300w, https:\/\/tammetorubbq.ee\/wp-content\/uploads\/2024\/02\/Heath-Riles-Logo-SQ-150x150.png 150w, https:\/\/tammetorubbq.ee\/wp-content\/uploads\/2024\/02\/Heath-Riles-Logo-SQ-768x768.png 768w, https:\/\/tammetorubbq.ee\/wp-content\/uploads\/2024\/02\/Heath-Riles-Logo-SQ-12x12.png 12w, https:\/\/tammetorubbq.ee\/wp-content\/uploads\/2024\/02\/Heath-Riles-Logo-SQ-600x600.png 600w, https:\/\/tammetorubbq.ee\/wp-content\/uploads\/2024\/02\/Heath-Riles-Logo-SQ-64x64.png 64w, https:\/\/tammetorubbq.ee\/wp-content\/uploads\/2024\/02\/Heath-Riles-Logo-SQ.png 1000w\" sizes=\"auto, (max-width: 204px) 100vw, 204px\" \/><\/p>","protected":false},"featured_media":3071,"comment_status":"open","ping_status":"closed","template":"","meta":{"_uf_show_specific_survey":0,"_uf_disable_surveys":false},"pwb-brand":[84],"product_brand":[],"product_cat":[21],"product_tag":[347,163,118,121,170,120],"class_list":{"0":"post-3070","1":"product","2":"type-product","3":"status-publish","4":"has-post-thumbnail","6":"pwb-brand-heath-riles","7":"product_cat-maitseainesegud","8":"product_tag-heath-riles","9":"product_tag-kala","10":"product_tag-kanaliha","11":"product_tag-koogiviljad","12":"product_tag-krevetid","13":"product_tag-mereannid","15":"first","16":"instock","17":"taxable","18":"shipping-taxable","19":"purchasable","20":"product-type-simple"},"brands":[{"id":84,"name":"Heath Riles","slug":"heath-riles"}],"_links":{"self":[{"href":"https:\/\/tammetorubbq.ee\/fi\/wp-json\/wp\/v2\/product\/3070","targetHints":{"allow":["GET"]}}],"collection":[{"href":"https:\/\/tammetorubbq.ee\/fi\/wp-json\/wp\/v2\/product"}],"about":[{"href":"https:\/\/tammetorubbq.ee\/fi\/wp-json\/wp\/v2\/types\/product"}],"replies":[{"embeddable":true,"href":"https:\/\/tammetorubbq.ee\/fi\/wp-json\/wp\/v2\/comments?post=3070"}],"wp:featuredmedia":[{"embeddable":true,"href":"https:\/\/tammetorubbq.ee\/fi\/wp-json\/wp\/v2\/media\/3071"}],"wp:attachment":[{"href":"https:\/\/tammetorubbq.ee\/fi\/wp-json\/wp\/v2\/media?parent=3070"}],"wp:term":[{"taxonomy":"pwb-brand","embeddable":true,"href":"https:\/\/tammetorubbq.ee\/fi\/wp-json\/wp\/v2\/pwb-brand?post=3070"},{"taxonomy":"product_brand","embeddable":true,"href":"https:\/\/tammetorubbq.ee\/fi\/wp-json\/wp\/v2\/product_brand?post=3070"},{"taxonomy":"product_cat","embeddable":true,"href":"https:\/\/tammetorubbq.ee\/fi\/wp-json\/wp\/v2\/product_cat?post=3070"},{"taxonomy":"product_tag","embeddable":true,"href":"https:\/\/tammetorubbq.ee\/fi\/wp-json\/wp\/v2\/product_tag?post=3070"}],"curies":[{"name":"wp","href":"https:\/\/api.w.org\/{rel}","templated":true}]}}