{"id":3084,"date":"2025-04-28T22:21:24","date_gmt":"2025-04-28T19:21:24","guid":{"rendered":"https:\/\/tammetorubbq.ee\/?post_type=product&#038;p=3084"},"modified":"2026-04-15T00:00:11","modified_gmt":"2026-04-14T21:00:11","slug":"tuffy-stone-sweet-rub-340g","status":"publish","type":"product","link":"https:\/\/tammetorubbq.ee\/fi\/product-2\/tuffy-stone-sweet-rub-340g\/","title":{"rendered":"Tuffy Stone Sweet Rub 340g"},"content":{"rendered":"<p><strong data-start=\"88\" data-end=\"104\">Ainesosat: <\/strong>sokeri, suola, ruskea sokeri, paprika, valkosipulijauhe, sipulijauhe, mausteet, mustapippuri, sellerijauhe, luontaiset mausteet, piidioksidi (paakkuuntumisen est\u00e4miseksi).<\/p>","protected":false},"excerpt":{"rendered":"<p class=\"\" data-start=\"91\" data-end=\"363\"><strong data-start=\"91\" data-end=\"116\">Tuffy Stone Sweet Rub<\/strong> on tasapainoinen sekoitus, jossa on rikas makuprofiili, jossa yhdistyv\u00e4t hento makeus, liev\u00e4 suolaisuus ja hienovarainen mausteisuus. BBQ-mestarit ovat luoneet t\u00e4m\u00e4n rubin, joka tuo esiin lihan luonnolliset maut ilman, ett\u00e4 se on liian voimakas.<\/p>\n<p class=\"\" data-start=\"365\" data-end=\"630\">Tuffy Stone Sweet Rub sopii erinomaisesti sianlihan, kanan, ribsien ja jopa vihannesten maustamiseen, sill\u00e4 se luo kauniin karamellimaisen kuoren ja syv\u00e4n, suussa sulavan maun. K\u00e4ytitp\u00e4 sitten grilli\u00e4, savustinta tai uunissa paistamista, t\u00e4m\u00e4 rub auttaa sinua saavuttamaan t\u00e4ydellisen lopputuloksen.<\/p>\n<p class=\"\" data-start=\"632\" data-end=\"769\"><strong data-start=\"632\" data-end=\"644\">\ud83d\udca1 Pro-vinkki:<\/strong> K\u00e4yt\u00e4 sit\u00e4 kylkiluiden tai revityn porsaanlihan kanssa, jotta saat t\u00e4ydellisen tasapainon makean ja suolaisen v\u00e4lill\u00e4 ja saat jokaisen suupalan loistamaan.<\/p>\n<p><img loading=\"lazy\" decoding=\"async\" class=\"wp-image-2029\" src=\"http:\/\/tammetorubbq.ee\/wp-content\/uploads\/2024\/11\/Tuffy-Stone-Logo-300x300.webp\" alt=\"Tuffy Stone -logo\" width=\"170\" height=\"170\" srcset=\"https:\/\/tammetorubbq.ee\/wp-content\/uploads\/2024\/11\/Tuffy-Stone-Logo-300x300.webp 300w, https:\/\/tammetorubbq.ee\/wp-content\/uploads\/2024\/11\/Tuffy-Stone-Logo-150x150.webp 150w, https:\/\/tammetorubbq.ee\/wp-content\/uploads\/2024\/11\/Tuffy-Stone-Logo-768x768.webp 768w, https:\/\/tammetorubbq.ee\/wp-content\/uploads\/2024\/11\/Tuffy-Stone-Logo-12x12.webp 12w, https:\/\/tammetorubbq.ee\/wp-content\/uploads\/2024\/11\/Tuffy-Stone-Logo-600x600.webp 600w, https:\/\/tammetorubbq.ee\/wp-content\/uploads\/2024\/11\/Tuffy-Stone-Logo-64x64.webp 64w, https:\/\/tammetorubbq.ee\/wp-content\/uploads\/2024\/11\/Tuffy-Stone-Logo.webp 1000w\" sizes=\"auto, (max-width: 170px) 100vw, 170px\" \/><\/p>","protected":false},"featured_media":3085,"comment_status":"open","ping_status":"closed","template":"","meta":{"_uf_show_specific_survey":0,"_uf_disable_surveys":false},"pwb-brand":[171],"product_brand":[],"product_cat":[21],"product_tag":[118,121,166,114,122],"class_list":{"0":"post-3084","1":"product","2":"type-product","3":"status-publish","4":"has-post-thumbnail","6":"pwb-brand-tuffy-stone","7":"product_cat-maitseainesegud","8":"product_tag-kanaliha","9":"product_tag-koogiviljad","10":"product_tag-rebitudliha","11":"product_tag-sealiha","12":"product_tag-searibi","14":"first","15":"instock","16":"taxable","17":"shipping-taxable","18":"purchasable","19":"product-type-simple"},"brands":[{"id":171,"name":"Tuffy Stone","slug":"tuffy-stone"}],"_links":{"self":[{"href":"https:\/\/tammetorubbq.ee\/fi\/wp-json\/wp\/v2\/product\/3084","targetHints":{"allow":["GET"]}}],"collection":[{"href":"https:\/\/tammetorubbq.ee\/fi\/wp-json\/wp\/v2\/product"}],"about":[{"href":"https:\/\/tammetorubbq.ee\/fi\/wp-json\/wp\/v2\/types\/product"}],"replies":[{"embeddable":true,"href":"https:\/\/tammetorubbq.ee\/fi\/wp-json\/wp\/v2\/comments?post=3084"}],"wp:featuredmedia":[{"embeddable":true,"href":"https:\/\/tammetorubbq.ee\/fi\/wp-json\/wp\/v2\/media\/3085"}],"wp:attachment":[{"href":"https:\/\/tammetorubbq.ee\/fi\/wp-json\/wp\/v2\/media?parent=3084"}],"wp:term":[{"taxonomy":"pwb-brand","embeddable":true,"href":"https:\/\/tammetorubbq.ee\/fi\/wp-json\/wp\/v2\/pwb-brand?post=3084"},{"taxonomy":"product_brand","embeddable":true,"href":"https:\/\/tammetorubbq.ee\/fi\/wp-json\/wp\/v2\/product_brand?post=3084"},{"taxonomy":"product_cat","embeddable":true,"href":"https:\/\/tammetorubbq.ee\/fi\/wp-json\/wp\/v2\/product_cat?post=3084"},{"taxonomy":"product_tag","embeddable":true,"href":"https:\/\/tammetorubbq.ee\/fi\/wp-json\/wp\/v2\/product_tag?post=3084"}],"curies":[{"name":"wp","href":"https:\/\/api.w.org\/{rel}","templated":true}]}}