{"id":3088,"date":"2025-04-28T22:39:58","date_gmt":"2025-04-28T19:39:58","guid":{"rendered":"https:\/\/tammetorubbq.ee\/?post_type=product&#038;p=3088"},"modified":"2026-04-29T15:00:06","modified_gmt":"2026-04-29T12:00:06","slug":"napoleon-premium-14%e2%80%b3-kaasugrilli","status":"publish","type":"product","link":"https:\/\/tammetorubbq.ee\/fi\/toode\/napoleon-premium-14%e2%80%b3-kaasaskantav-soegrill\/","title":{"rendered":"Napoleon Premium 14\u2033 kannettava hiiligrilli"},"content":{"rendered":"<p><strong data-start=\"74\" data-end=\"85\">Mitat<\/strong>: (korkeus \u00d7 pituus \u00d7 leveys): 45,7 \u00d7 35,6 \u00d7 35,6 cm.<br data-start=\"121\" data-end=\"124\" \/><strong data-start=\"124\" data-end=\"138\">Grillipind<\/strong>: ~920 cm\u00b2<br data-start=\"148\" data-end=\"151\" \/><strong data-start=\"151\" data-end=\"163\" data-is-only-node=\"\">Materiaali per\u00e4isin<\/strong>: emaloitu ter\u00e4s<\/p>\n<p class=\"\" data-start=\"86\" data-end=\"117\"><strong data-start=\"86\" data-end=\"117\">Miksi valita Napoleon Grilli?<\/strong><\/p>\n<p class=\"\" data-start=\"119\" data-end=\"387\">Napoleon on kanadalainen perheyritys, joka on tunnettu laadustaan ja innovaatioistaan. Napoleon on vuosikymmenien ajan keskittynyt kehitt\u00e4m\u00e4\u00e4n huippuluokan grillaus- ja ulkokeittoratkaisuja ja toimittanut tuotteita, joihin kokit ymp\u00e4ri maailmaa luottavat.<\/p>\n<p class=\"\" data-start=\"389\" data-end=\"770\">Jokainen Napoleon-grilli on suunniteltu tarjoamaan tarkkaa l\u00e4mm\u00f6ns\u00e4\u00e4t\u00f6\u00e4, kest\u00e4v\u00e4\u00e4 rakennetta ja harkittua helppok\u00e4ytt\u00f6isyytt\u00e4. Tuotemerkin tuotteissa yhdistyv\u00e4t moderni muotoilu ja k\u00e4yt\u00e4nn\u00f6lliset ratkaisut: ruostumattomasta ter\u00e4ksest\u00e4 valmistetut polttimet, valurautagrillit, <strong data-start=\"632\" data-end=\"657\">JETFIRE\u2122-sytytysj\u00e4rjestelm\u00e4<\/strong>, <strong data-start=\"659\" data-end=\"686\">ACCU-PROBE\u2122-l\u00e4mp\u00f6mittari<\/strong> ja \u00e4lykk\u00e4it\u00e4 s\u00e4ilytysratkaisuja - kaikki mit\u00e4 tarvitset t\u00e4ydellisen grillauskokemuksen luomiseen.<\/p>\n<p class=\"\" data-start=\"772\" data-end=\"1031\">Napoleonin tuotevalikoima kattaa kaikki tarpeet - pienikokoisista kannettavista malleista t\u00e4ysimittaisiin ulkokeitti\u00f6ihin. Jos arvostat luotettavuutta, toimivuutta ja monipuolisuutta, Napoleonin grillit tarjoavat luotettavan ratkaisun ymp\u00e4rivuotiseen k\u00e4ytt\u00f6\u00f6n.<\/p>","protected":false},"excerpt":{"rendered":"<p class=\"\" data-start=\"104\" data-end=\"460\"><strong data-start=\"104\" data-end=\"150\">Napoleon Premium 14\u2033 kannettava hiiligrilli<\/strong> on ihanteellinen ratkaisu, jos etsit laadukasta ja kompaktia grilli\u00e4 pienemp\u00e4\u00e4n puutarhaan, parvekkeelle tai vaelluksille ja piknikille. Sen py\u00f6ristetyn levynmuotoisen rungon ja integroidun kahvan ansiosta grilli on helposti kannettava. Lukittava kansi pit\u00e4\u00e4 l\u00e4mm\u00f6n sis\u00e4ll\u00e4, joten grillausprosessi on tarkasti hallittu.<\/p>\n<p class=\"\" data-start=\"462\" data-end=\"704\">Grilliss\u00e4 on s\u00e4\u00e4dett\u00e4v\u00e4t tuuletusaukot, jotka mahdollistavat savustuksen ja grillauksen tarkan hallinnan halutun maku- ja ruskistustuloksen saavuttamiseksi. Kromatut grilliritil\u00e4t on helppo puhdistaa ja ne takaavat vertaansa vailla olevan grillauslaadun.<\/p>\n<p class=\"\" data-start=\"706\" data-end=\"1172\"><strong data-start=\"706\" data-end=\"752\">Harkittuja ratkaisuja k\u00e4ytt\u00e4j\u00e4n mukavuuden parantamiseksi:<\/strong><br data-start=\"752\" data-end=\"755\" \/>- <strong data-start=\"757\" data-end=\"777\">Kompakti rakenne<\/strong> - ihanteellinen siirrett\u00e4vyyden kannalta<br data-start=\"805\" data-end=\"808\" \/>- <strong data-start=\"810\" data-end=\"829\">Lukittava kansi<\/strong> integroidulla kahvalla<br data-start=\"860\" data-end=\"863\" \/>- <strong data-start=\"865\" data-end=\"890\">Kromatut s\u00e4leik\u00f6t<\/strong> - helppo hoito ja rusketustulokset<br data-start=\"930\" data-end=\"933\" \/>- <strong data-start=\"935\" data-end=\"958\">Kaksiosainen hiilikori<\/strong> - Sopii sek\u00e4 suoraan ett\u00e4 ep\u00e4suoraan grillaukseen<br data-start=\"1005\" data-end=\"1008\" \/>- <strong data-start=\"1010\" data-end=\"1036\">S\u00e4\u00e4dett\u00e4v\u00e4t ilma-aukot<\/strong> - tarkka l\u00e4mp\u00f6tilan s\u00e4\u00e4t\u00f6<br data-start=\"1065\" data-end=\"1068\" \/>- <strong data-start=\"1070\" data-end=\"1096\">Alumiininen takalevy<\/strong> - helppo puhdistaa<br data-start=\"1115\" data-end=\"1118\" \/>- <strong data-start=\"1120\" data-end=\"1147\">Ruosteen kest\u00e4v\u00e4 viimeistely<\/strong> - alhaisemmat huoltotarpeet<\/p>\n<p><img loading=\"lazy\" decoding=\"async\" class=\"wp-image-2098\" src=\"http:\/\/tammetorubbq.ee\/wp-content\/uploads\/2024\/11\/napoleon-gas-grills-logo-vector-1-300x124.png\" alt=\"napoleon kaasugrillit logo vektori\" width=\"167\" height=\"69\" srcset=\"https:\/\/tammetorubbq.ee\/wp-content\/uploads\/2024\/11\/napoleon-gas-grills-logo-vector-1-300x124.png 300w, https:\/\/tammetorubbq.ee\/wp-content\/uploads\/2024\/11\/napoleon-gas-grills-logo-vector-1-768x317.png 768w, https:\/\/tammetorubbq.ee\/wp-content\/uploads\/2024\/11\/napoleon-gas-grills-logo-vector-1-18x7.png 18w, https:\/\/tammetorubbq.ee\/wp-content\/uploads\/2024\/11\/napoleon-gas-grills-logo-vector-1-600x248.png 600w, https:\/\/tammetorubbq.ee\/wp-content\/uploads\/2024\/11\/napoleon-gas-grills-logo-vector-1-64x26.png 64w, https:\/\/tammetorubbq.ee\/wp-content\/uploads\/2024\/11\/napoleon-gas-grills-logo-vector-1.png 847w\" sizes=\"auto, (max-width: 167px) 100vw, 167px\" \/><\/p>","protected":false},"featured_media":3089,"comment_status":"open","ping_status":"closed","template":"","meta":{"_uf_show_specific_survey":0,"_uf_disable_surveys":false},"pwb-brand":[101],"product_brand":[389],"product_cat":[169],"product_tag":[317,78],"class_list":{"0":"post-3088","1":"product","2":"type-product","3":"status-publish","4":"has-post-thumbnail","6":"pwb-brand-napoleon","7":"product_brand-napoleon","8":"product_cat-soegrillid","9":"product_tag-napoleon-soegrill","10":"product_tag-soegrill","12":"first","13":"instock","14":"taxable","15":"shipping-taxable","16":"purchasable","17":"product-type-simple"},"brands":[{"id":101,"name":"Napoleon","slug":"napoleon"}],"_links":{"self":[{"href":"https:\/\/tammetorubbq.ee\/fi\/wp-json\/wp\/v2\/product\/3088","targetHints":{"allow":["GET"]}}],"collection":[{"href":"https:\/\/tammetorubbq.ee\/fi\/wp-json\/wp\/v2\/product"}],"about":[{"href":"https:\/\/tammetorubbq.ee\/fi\/wp-json\/wp\/v2\/types\/product"}],"replies":[{"embeddable":true,"href":"https:\/\/tammetorubbq.ee\/fi\/wp-json\/wp\/v2\/comments?post=3088"}],"wp:featuredmedia":[{"embeddable":true,"href":"https:\/\/tammetorubbq.ee\/fi\/wp-json\/wp\/v2\/media\/3089"}],"wp:attachment":[{"href":"https:\/\/tammetorubbq.ee\/fi\/wp-json\/wp\/v2\/media?parent=3088"}],"wp:term":[{"taxonomy":"pwb-brand","embeddable":true,"href":"https:\/\/tammetorubbq.ee\/fi\/wp-json\/wp\/v2\/pwb-brand?post=3088"},{"taxonomy":"product_brand","embeddable":true,"href":"https:\/\/tammetorubbq.ee\/fi\/wp-json\/wp\/v2\/product_brand?post=3088"},{"taxonomy":"product_cat","embeddable":true,"href":"https:\/\/tammetorubbq.ee\/fi\/wp-json\/wp\/v2\/product_cat?post=3088"},{"taxonomy":"product_tag","embeddable":true,"href":"https:\/\/tammetorubbq.ee\/fi\/wp-json\/wp\/v2\/product_tag?post=3088"}],"curies":[{"name":"wp","href":"https:\/\/api.w.org\/{rel}","templated":true}]}}