{"id":3091,"date":"2025-04-28T22:46:08","date_gmt":"2025-04-28T19:46:08","guid":{"rendered":"https:\/\/tammetorubbq.ee\/?post_type=product&#038;p=3091"},"modified":"2026-05-01T11:00:04","modified_gmt":"2026-05-01T08:00:04","slug":"napoleon-premium-18%e2%80%b3-47-cm-soegrilli","status":"publish","type":"product","link":"https:\/\/tammetorubbq.ee\/fi\/toode\/napoleon-premium-18%e2%80%b3-47-cm-soegrill\/","title":{"rendered":"Napoleon Premium 18\" (47 cm) hiiligrilli"},"content":{"rendered":"<p><strong data-start=\"989\" data-end=\"1001\">Mitat:<\/strong>\u00a0(korkeus \u00d7 pituus \u00d7 leveys): 97,8 \u00d7 62,2 \u00d7 53,3 cm.<br data-start=\"1036\" data-end=\"1039\" \/><strong data-start=\"1039\" data-end=\"1054\">Grillipind:<\/strong>\u00a0~1548 cm\u00b2<br data-start=\"1074\" data-end=\"1077\" \/><strong data-start=\"1118\" data-end=\"1131\">Materiaali:<\/strong>\u00a0emaloitu ter\u00e4s, ruostumattomasta ter\u00e4ksest\u00e4 valmistetut osat<\/p>\n<h3 class=\"\" data-start=\"285\" data-end=\"318\">Miksi valita Napoleonin grillit?<\/h3>\n<p class=\"\" data-start=\"320\" data-end=\"703\">Jos etsit <strong data-start=\"330\" data-end=\"353\">laadukas grilli<\/strong>, jossa yhdistyv\u00e4t luotettavuus, innovatiivisuus ja pitk\u00e4 k\u00e4ytt\u00f6ik\u00e4. <strong data-start=\"421\" data-end=\"441\">Napoleonin grillit<\/strong> vankka valinta. <strong data-start=\"456\" data-end=\"468\">Napoleon<\/strong> on kanadalainen perheyritys, joka on yli 40 vuoden ajan luonut maailmanluokan... <strong data-start=\"535\" data-end=\"568\">grillit ja ulkokeitti\u00f6ratkaisut<\/strong>. Vankka rakenne, tarkka l\u00e4mm\u00f6ns\u00e4\u00e4t\u00f6 ja harkitut yksityiskohdat tekev\u00e4t Napoleonista yhden grillimaailman tunnetuimmista tuotemerkeist\u00e4.<\/p>\n<p class=\"\" data-start=\"705\" data-end=\"1078\">Mik\u00e4 tahansa <strong data-start=\"709\" data-end=\"727\">Napoleonin grilli<\/strong> - Olipa kyseess\u00e4 hiili-, kaasu- tai pellettigrilli, se tarjoaa modernia muotoilua ja k\u00e4yt\u00e4nn\u00f6llisi\u00e4 ratkaisuja:<br data-start=\"819\" data-end=\"822\" \/>- <strong data-start=\"824\" data-end=\"857\">Ruostumattomasta ter\u00e4ksest\u00e4 valmistetut polttimet<\/strong><br data-start=\"857\" data-end=\"860\" \/>- <strong data-start=\"862\" data-end=\"885\">Valurautaiset grilliritil\u00e4t<\/strong><br data-start=\"885\" data-end=\"888\" \/>- <strong data-start=\"890\" data-end=\"915\">JETFIRE\u2122-sytytysj\u00e4rjestelm\u00e4<\/strong> nopea ja helppo sytytys<br data-start=\"947\" data-end=\"950\" data-is-only-node=\"\" \/>- <strong data-start=\"952\" data-end=\"979\">ACCU-PROBE\u2122-l\u00e4mp\u00f6mittari<\/strong> tarkkaa l\u00e4mp\u00f6tilan s\u00e4\u00e4t\u00f6\u00e4 varten<br data-start=\"1011\" data-end=\"1014\" \/>- <strong data-start=\"1016\" data-end=\"1042\">\u00c4lykk\u00e4\u00e4t varastointiratkaisut<\/strong> optimaalisen tilank\u00e4yt\u00f6n varmistaminen<\/p>\n<p class=\"\" data-start=\"1080\" data-end=\"1257\"><strong data-start=\"1080\" data-end=\"1112\">Napoleon-grillivalikoima<\/strong> jotka vaihtelevat pienikokoisista kannettavista malleista t\u00e4ysratkaisuihin. <strong data-start=\"1184\" data-end=\"1201\">keitti\u00f6ihin<\/strong>, joka sopii sek\u00e4 kaupunkiasuntoihin ett\u00e4 suurille terasseille.<\/p>\n<p class=\"\" data-start=\"1259\" data-end=\"1398\">Jos haluat <strong data-start=\"1270\" data-end=\"1311\">grillaa monipuolisesti ymp\u00e4ri vuoden<\/strong>arvioitaessa luotettavuutta ja helppok\u00e4ytt\u00f6isyytt\u00e4, ovat. <strong data-start=\"1367\" data-end=\"1397\">Napoleonin paras grilli<\/strong>.<\/p>","protected":false},"excerpt":{"rendered":"<p class=\"\" data-start=\"88\" data-end=\"421\"><strong data-start=\"88\" data-end=\"129\">Napoleon Premium 18\" (47 cm) hiiligrilli<\/strong> tarjoaa klassisen grillauskokemuksen modernilla twistill\u00e4. T\u00e4m\u00e4 tukeva ja toimiva grilli on suunniteltu niille, jotka arvostavat tarkkuutta, laatua ja helppok\u00e4ytt\u00f6isyytt\u00e4. Halkaisijaltaan 47 cm:n (~1650 cm\u00b2) grilli sopii t\u00e4ydellisesti niin pienempiin kokoontumisiin kuin suurempiinkin grillijuhliin.<\/p>\n<p class=\"\" data-start=\"423\" data-end=\"784\">Kevyt mutta kest\u00e4v\u00e4 emaloitu ter\u00e4srunko takaa pitk\u00e4n k\u00e4ytt\u00f6i\u00e4n ja helpon huollon. S\u00e4\u00e4dett\u00e4v\u00e4t tuuletusaukot mahdollistavat l\u00e4mm\u00f6n ja savun tarkan hallinnan, jolloin jokaisesta ruoasta saadaan t\u00e4ydellinen tulos. Kaksiosainen hiilikori mahdollistaa vaivattoman vaihtamisen suoran ja ep\u00e4suoran grillauksen v\u00e4lill\u00e4, ja alumiininen tuhkalaatikko tekee puhdistamisesta nopeaa ja helppoa.<\/p>\n<p class=\"\" data-start=\"786\" data-end=\"1171\"><strong data-start=\"786\" data-end=\"811\">Hienostuneet ominaisuudet:<\/strong><br data-start=\"811\" data-end=\"814\" \/>- Kompakti ja vankka rakenne<br data-start=\"841\" data-end=\"844\" \/>- Emaloitu ter\u00e4s - ruosteen- ja l\u00e4mm\u00f6nkest\u00e4v\u00e4<br data-start=\"887\" data-end=\"890\" \/>- S\u00e4\u00e4dett\u00e4v\u00e4t tuuletusaukot tarkkaa l\u00e4mp\u00f6tilan s\u00e4\u00e4t\u00f6\u00e4 varten<br data-start=\"946\" data-end=\"949\" \/>- Lukittava kansi, jossa on integroitu kahva<br data-start=\"992\" data-end=\"995\" \/>- Kromattu grilli - helppo huoltaa ja kest\u00e4v\u00e4<br data-start=\"1051\" data-end=\"1054\" \/>- Kaksiosainen hiilikori suoraa ja ep\u00e4suoraa kypsennyst\u00e4 varten.<br data-start=\"1110\" data-end=\"1113\" \/>- Irrotettava alumiininen takalevy k\u00e4tev\u00e4\u00e4 puhdistusta varten<\/p>\n<p data-start=\"786\" data-end=\"1171\"><img decoding=\"async\" class=\"emoji\" role=\"img\" draggable=\"false\" src=\"https:\/\/s.w.org\/images\/core\/emoji\/17.0.2\/svg\/27a1.svg\" alt=\"\u27a1\ufe0f\" \/>\u00a0<strong><a href=\"https:\/\/tammetorubbq.ee\/fi\/product-2\/napoleon-jalgadega-soegrilli-ilmastikukindel-grillikate\/\">Ilmastikukindel grillikate<\/a><\/strong>\u00a0\u00a0<img decoding=\"async\" class=\"emoji\" role=\"img\" draggable=\"false\" src=\"https:\/\/s.w.org\/images\/core\/emoji\/17.0.2\/svg\/2b05.svg\" alt=\"\u2b05\ufe0f\" \/><\/p>\n<p><img loading=\"lazy\" decoding=\"async\" class=\"wp-image-2098\" src=\"http:\/\/tammetorubbq.ee\/wp-content\/uploads\/2024\/11\/napoleon-gas-grills-logo-vector-1-300x124.png\" alt=\"napoleon kaasugrillit logo vektori\" width=\"179\" height=\"74\" srcset=\"https:\/\/tammetorubbq.ee\/wp-content\/uploads\/2024\/11\/napoleon-gas-grills-logo-vector-1-300x124.png 300w, https:\/\/tammetorubbq.ee\/wp-content\/uploads\/2024\/11\/napoleon-gas-grills-logo-vector-1-768x317.png 768w, https:\/\/tammetorubbq.ee\/wp-content\/uploads\/2024\/11\/napoleon-gas-grills-logo-vector-1-18x7.png 18w, https:\/\/tammetorubbq.ee\/wp-content\/uploads\/2024\/11\/napoleon-gas-grills-logo-vector-1-600x248.png 600w, https:\/\/tammetorubbq.ee\/wp-content\/uploads\/2024\/11\/napoleon-gas-grills-logo-vector-1-64x26.png 64w, https:\/\/tammetorubbq.ee\/wp-content\/uploads\/2024\/11\/napoleon-gas-grills-logo-vector-1.png 847w\" sizes=\"auto, (max-width: 179px) 100vw, 179px\" \/><\/p>","protected":false},"featured_media":3099,"comment_status":"open","ping_status":"closed","template":"","meta":{"_uf_show_specific_survey":0,"_uf_disable_surveys":false},"pwb-brand":[101],"product_brand":[389],"product_cat":[169],"product_tag":[317,78],"class_list":{"0":"post-3091","1":"product","2":"type-product","3":"status-publish","4":"has-post-thumbnail","6":"pwb-brand-napoleon","7":"product_brand-napoleon","8":"product_cat-soegrillid","9":"product_tag-napoleon-soegrill","10":"product_tag-soegrill","12":"first","13":"instock","14":"taxable","15":"shipping-taxable","16":"purchasable","17":"product-type-simple"},"brands":[{"id":101,"name":"Napoleon","slug":"napoleon"}],"_links":{"self":[{"href":"https:\/\/tammetorubbq.ee\/fi\/wp-json\/wp\/v2\/product\/3091","targetHints":{"allow":["GET"]}}],"collection":[{"href":"https:\/\/tammetorubbq.ee\/fi\/wp-json\/wp\/v2\/product"}],"about":[{"href":"https:\/\/tammetorubbq.ee\/fi\/wp-json\/wp\/v2\/types\/product"}],"replies":[{"embeddable":true,"href":"https:\/\/tammetorubbq.ee\/fi\/wp-json\/wp\/v2\/comments?post=3091"}],"wp:featuredmedia":[{"embeddable":true,"href":"https:\/\/tammetorubbq.ee\/fi\/wp-json\/wp\/v2\/media\/3099"}],"wp:attachment":[{"href":"https:\/\/tammetorubbq.ee\/fi\/wp-json\/wp\/v2\/media?parent=3091"}],"wp:term":[{"taxonomy":"pwb-brand","embeddable":true,"href":"https:\/\/tammetorubbq.ee\/fi\/wp-json\/wp\/v2\/pwb-brand?post=3091"},{"taxonomy":"product_brand","embeddable":true,"href":"https:\/\/tammetorubbq.ee\/fi\/wp-json\/wp\/v2\/product_brand?post=3091"},{"taxonomy":"product_cat","embeddable":true,"href":"https:\/\/tammetorubbq.ee\/fi\/wp-json\/wp\/v2\/product_cat?post=3091"},{"taxonomy":"product_tag","embeddable":true,"href":"https:\/\/tammetorubbq.ee\/fi\/wp-json\/wp\/v2\/product_tag?post=3091"}],"curies":[{"name":"wp","href":"https:\/\/api.w.org\/{rel}","templated":true}]}}