{"id":3094,"date":"2025-04-28T22:53:36","date_gmt":"2025-04-28T19:53:36","guid":{"rendered":"https:\/\/tammetorubbq.ee\/?post_type=product&#038;p=3094"},"modified":"2026-05-01T10:00:17","modified_gmt":"2026-05-01T07:00:17","slug":"napoleon-pro-18%e2%80%b3-47cm-grilligrilli","status":"publish","type":"product","link":"https:\/\/tammetorubbq.ee\/fi\/toode\/napoleon-pro-18%e2%80%b3-47cm-soegrill\/","title":{"rendered":"Napoleon PRO 18\u2033 (47cm) hiiligrilli"},"content":{"rendered":"<p><strong data-start=\"1194\" data-end=\"1206\">Mitat:<\/strong>\u00a0(korkeus \u00d7 pituus \u00d7 leveys): 100,3 \u00d7 63,5 \u00d7 53,3 cm.<br data-start=\"1242\" data-end=\"1245\" \/><strong data-start=\"1245\" data-end=\"1260\">Grillipind:<\/strong>\u00a0~2353 cm\u00b2<br data-start=\"1280\" data-end=\"1283\" \/><strong data-start=\"1325\" data-end=\"1338\">Materiaali:<\/strong>\u00a0posliinipinnoitettu ter\u00e4s, valurauta grilliritil\u00e4t<\/p>\n<h3 class=\"\" data-start=\"93\" data-end=\"124\">Miksi valita Napoleon Grilli?<\/h3>\n<p class=\"\" data-start=\"126\" data-end=\"367\"><strong data-start=\"126\" data-end=\"146\">Napoleonin grillit<\/strong> on luotettavuuden, laadun ja innovaation symboli. T\u00e4m\u00e4 kanadalainen perheyritys on vuosikymmenien ajan keskittynyt... <strong data-start=\"264\" data-end=\"314\">laadukkaat grillit ja ulkokeittoratkaisut<\/strong> ja on saanut tunnustusta maailmanlaajuisesti.<\/p>\n<p class=\"\" data-start=\"369\" data-end=\"688\">Mik\u00e4 tahansa <strong data-start=\"373\" data-end=\"391\">Napoleonin grilli<\/strong> tarjouksia:<br data-start=\"398\" data-end=\"401\" \/>- Tarkka l\u00e4mm\u00f6nhallinta<br data-start=\"427\" data-end=\"430\" \/>- Vahva ja kest\u00e4v\u00e4 rakenne<br data-start=\"471\" data-end=\"474\" \/>- Hienostunut helppok\u00e4ytt\u00f6isyys<br data-start=\"503\" data-end=\"506\" \/>- Nykyaikainen muotoilu ja k\u00e4yt\u00e4nn\u00f6lliset ratkaisut, kuten ruostumattomasta ter\u00e4ksest\u00e4 valmistetut polttimet ja valurautagrillit, <strong data-start=\"607\" data-end=\"632\">JETFIRE\u2122-sytytysj\u00e4rjestelm\u00e4<\/strong>, <strong data-start=\"634\" data-end=\"661\">ACCU-PROBE\u2122-l\u00e4mp\u00f6mittari<\/strong> ja \u00e4lykk\u00e4it\u00e4 varastointiratkaisuja.<\/p>\n<p class=\"\" data-start=\"690\" data-end=\"970\"><strong data-start=\"690\" data-end=\"718\">Napoleonin laaja tuotevalikoima<\/strong> kattaa kaikki tarpeet - pienikokoisista, kannettavista malleista t\u00e4ysratkaisuisiin kentt\u00e4keitti\u00f6ihin. Olipa kyseess\u00e4 sitten hiili-, kaasu- tai pellettigrilli. <strong data-start=\"873\" data-end=\"885\">Napoleon<\/strong> yhdistyv\u00e4t luotettavuus ja monipuolisuus, joten voit nauttia seuraavista eduista <strong data-start=\"943\" data-end=\"969\">grillaus ymp\u00e4ri vuoden<\/strong>.<\/p>\n<p class=\"\" data-start=\"972\" data-end=\"1064\">Jos etsit <strong data-start=\"982\" data-end=\"1000\">paras grilliruoka<\/strong> puutarhassa, terassilla tai vaelluksella. <strong data-start=\"1038\" data-end=\"1063\">Napoleon on varma valinta<\/strong>!<\/p>\n<p><iframe loading=\"lazy\" title=\"Napoleon PRO Charcoal Kettle Grill\" width=\"500\" height=\"281\" src=\"https:\/\/www.youtube.com\/embed\/4SvNiWkkqC8?feature=oembed&#038;enablejsapi=1&#038;origin=https:\/\/tammetorubbq.ee\" frameborder=\"0\" allow=\"accelerometer; autoplay; clipboard-write; encrypted-media; gyroscope; picture-in-picture; web-share\" referrerpolicy=\"strict-origin-when-cross-origin\" allowfullscreen><\/iframe><\/p>","protected":false},"excerpt":{"rendered":"<p class=\"\" data-start=\"162\" data-end=\"462\"><strong data-start=\"162\" data-end=\"191\">Napoleon PRO 18\u2033 hiiligrilli<\/strong> vie klassisen hiiligrillauksen uudelle tasolle yhdist\u00e4m\u00e4ll\u00e4 ajattoman ruoanlaiton nykyaikaisiin ja \u00e4lykk\u00e4isiin ratkaisuihin. Kest\u00e4v\u00e4 posliinimaalatusta ter\u00e4ksest\u00e4 valmistettu runko, irrotettava tuhka-astia ja korotetulla savukorilla varustettu kansi takaavat paremman l\u00e4mp\u00f6tilan s\u00e4\u00e4d\u00f6n ja pidemm\u00e4n k\u00e4ytt\u00f6i\u00e4n.<\/p>\n<p class=\"\" data-start=\"464\" data-end=\"723\"><strong data-start=\"464\" data-end=\"500\">Valurautaiset grilliritil\u00e4t, joissa on saranat<\/strong> mahdollistavat hiilien helpon lis\u00e4\u00e4misen kypsennyksen aikana ja tukevat sek\u00e4 suoraa ett\u00e4 ep\u00e4suoraa grillausta. Integroitujen l\u00e4mp\u00f6mittarin reikien avulla voit seurata lihan sis\u00e4l\u00e4mp\u00f6tilaa avaamatta kantta, mik\u00e4 takaa tarkemmat tulokset.<\/p>\n<p class=\"\" data-start=\"725\" data-end=\"1281\"><strong data-start=\"725\" data-end=\"749\">T\u00e4rkeimm\u00e4t ominaisuudet:<\/strong><br data-start=\"749\" data-end=\"752\" \/>- Kest\u00e4v\u00e4 posliiniseoksella emaloitu ter\u00e4srunko ja kansi, jossa on savuhormin s\u00e4leikk\u00f6<br data-start=\"819\" data-end=\"822\" \/>- Saranoidut valurautaiset ritil\u00e4t - k\u00e4tev\u00e4 lis\u00e4t\u00e4 ja vaihtaa kypsennysmenetelm\u00e4\u00e4.<br data-start=\"904\" data-end=\"907\" \/>- Integroidut aukot l\u00e4mp\u00f6mittarille - tarkista lihan sis\u00e4l\u00e4mp\u00f6tila avaamatta kantta.<br data-start=\"994\" data-end=\"997\" \/>- <strong data-start=\"999\" data-end=\"1026\">Vortex Heat Management\u2122<\/strong> - tasaisempi l\u00e4mp\u00f6 ja parempi polttoainetehokkuus<br data-start=\"1067\" data-end=\"1070\" \/>- Ruostumattomasta ter\u00e4ksest\u00e4 valmistettu nousurengas rotaatiosarjaa varten<br data-start=\"1138\" data-end=\"1141\" \/>- Ovet, jotka peitt\u00e4v\u00e4t sauva-aukot - parempi l\u00e4mp\u00f6tilan s\u00e4\u00e4t\u00f6 ja mukavuus.<br data-start=\"1209\" data-end=\"1212\" \/>- Tukeva runko ja suuret s\u00e4\u00e4nkest\u00e4v\u00e4t py\u00f6r\u00e4t helpottavat liikkumista.<\/p>\n<p class=\"\" data-start=\"1283\" data-end=\"1427\"><strong data-start=\"1283\" data-end=\"1312\">Napoleon PRO 18\u2033 hiiligrilli<\/strong> on ihanteellinen kaikille, jotka haluavat nauttia klassisista hiilimakuista nykyaikaisella luotettavuudella ja mukavuudella.<\/p>\n<p data-start=\"1283\" data-end=\"1427\"><img decoding=\"async\" class=\"emoji\" role=\"img\" draggable=\"false\" src=\"https:\/\/s.w.org\/images\/core\/emoji\/17.0.2\/svg\/27a1.svg\" alt=\"\u27a1\ufe0f\" \/>\u00a0<strong><a href=\"https:\/\/tammetorubbq.ee\/fi\/product-2\/napoleon-jalgadega-soegrilli-ilmastikukindel-grillikate\/\">Ilmastikukindel grillikate<\/a><\/strong>\u00a0\u00a0<img decoding=\"async\" class=\"emoji\" role=\"img\" draggable=\"false\" src=\"https:\/\/s.w.org\/images\/core\/emoji\/17.0.2\/svg\/2b05.svg\" alt=\"\u2b05\ufe0f\" \/><\/p>\n<p><img loading=\"lazy\" decoding=\"async\" class=\"wp-image-2098\" src=\"http:\/\/www.tammetorubbq.ee\/wp-content\/uploads\/2024\/11\/napoleon-gas-grills-logo-vector-1-300x124.png\" alt=\"napoleon kaasugrillit logo vektori\" width=\"179\" height=\"74\" srcset=\"https:\/\/tammetorubbq.ee\/wp-content\/uploads\/2024\/11\/napoleon-gas-grills-logo-vector-1-300x124.png 300w, https:\/\/tammetorubbq.ee\/wp-content\/uploads\/2024\/11\/napoleon-gas-grills-logo-vector-1-768x317.png 768w, https:\/\/tammetorubbq.ee\/wp-content\/uploads\/2024\/11\/napoleon-gas-grills-logo-vector-1-18x7.png 18w, https:\/\/tammetorubbq.ee\/wp-content\/uploads\/2024\/11\/napoleon-gas-grills-logo-vector-1-600x248.png 600w, https:\/\/tammetorubbq.ee\/wp-content\/uploads\/2024\/11\/napoleon-gas-grills-logo-vector-1-64x26.png 64w, https:\/\/tammetorubbq.ee\/wp-content\/uploads\/2024\/11\/napoleon-gas-grills-logo-vector-1.png 847w\" sizes=\"auto, (max-width: 179px) 100vw, 179px\" \/><\/p>","protected":false},"featured_media":3095,"comment_status":"open","ping_status":"closed","template":"","meta":{"_uf_show_specific_survey":0,"_uf_disable_surveys":false},"pwb-brand":[101],"product_brand":[389],"product_cat":[169],"product_tag":[317,78],"class_list":{"0":"post-3094","1":"product","2":"type-product","3":"status-publish","4":"has-post-thumbnail","6":"pwb-brand-napoleon","7":"product_brand-napoleon","8":"product_cat-soegrillid","9":"product_tag-napoleon-soegrill","10":"product_tag-soegrill","12":"first","13":"instock","14":"taxable","15":"shipping-taxable","16":"purchasable","17":"product-type-simple"},"brands":[{"id":101,"name":"Napoleon","slug":"napoleon"}],"_links":{"self":[{"href":"https:\/\/tammetorubbq.ee\/fi\/wp-json\/wp\/v2\/product\/3094","targetHints":{"allow":["GET"]}}],"collection":[{"href":"https:\/\/tammetorubbq.ee\/fi\/wp-json\/wp\/v2\/product"}],"about":[{"href":"https:\/\/tammetorubbq.ee\/fi\/wp-json\/wp\/v2\/types\/product"}],"replies":[{"embeddable":true,"href":"https:\/\/tammetorubbq.ee\/fi\/wp-json\/wp\/v2\/comments?post=3094"}],"wp:featuredmedia":[{"embeddable":true,"href":"https:\/\/tammetorubbq.ee\/fi\/wp-json\/wp\/v2\/media\/3095"}],"wp:attachment":[{"href":"https:\/\/tammetorubbq.ee\/fi\/wp-json\/wp\/v2\/media?parent=3094"}],"wp:term":[{"taxonomy":"pwb-brand","embeddable":true,"href":"https:\/\/tammetorubbq.ee\/fi\/wp-json\/wp\/v2\/pwb-brand?post=3094"},{"taxonomy":"product_brand","embeddable":true,"href":"https:\/\/tammetorubbq.ee\/fi\/wp-json\/wp\/v2\/product_brand?post=3094"},{"taxonomy":"product_cat","embeddable":true,"href":"https:\/\/tammetorubbq.ee\/fi\/wp-json\/wp\/v2\/product_cat?post=3094"},{"taxonomy":"product_tag","embeddable":true,"href":"https:\/\/tammetorubbq.ee\/fi\/wp-json\/wp\/v2\/product_tag?post=3094"}],"curies":[{"name":"wp","href":"https:\/\/api.w.org\/{rel}","templated":true}]}}