{"id":3100,"date":"2025-04-28T23:03:26","date_gmt":"2025-04-28T20:03:26","guid":{"rendered":"https:\/\/tammetorubbq.ee\/?post_type=product&#038;p=3100"},"modified":"2026-04-29T11:00:21","modified_gmt":"2026-04-29T08:00:21","slug":"napoleon-pro-22%e2%80%b3-57-cm-grilligrilli","status":"publish","type":"product","link":"https:\/\/tammetorubbq.ee\/fi\/toode\/napoleon-pro-22%e2%80%b3-57-cm-soegrill\/","title":{"rendered":"Napoleon PRO 22\u2033 (57 cm) hiiligrilli"},"content":{"rendered":"<p><strong data-start=\"1159\" data-end=\"1171\">Mitat:<\/strong>\u00a0(korkeus \u00d7 pituus \u00d7 leveys): 106,7 \u00d7 72,4 \u00d7 58,4 cm.<br data-start=\"1207\" data-end=\"1210\" \/><strong data-start=\"1210\" data-end=\"1225\">Grillipind:<\/strong>\u00a0 ~2353 cm\u00b2<br data-start=\"1245\" data-end=\"1248\" \/><strong data-start=\"1248\" data-end=\"1262\">Grillin lepo:<\/strong>\u00a021,5 \u00d7 21,5 tuumaa \/ valurauta<br data-start=\"1293\" data-end=\"1296\" \/><strong data-start=\"1338\" data-end=\"1351\">Materiaali:<\/strong>\u00a0posliinipinnoitettu ter\u00e4s, valurauta grilliritil\u00e4t<\/p>\n<h3 class=\"\" data-start=\"121\" data-end=\"152\">Miksi valita Napoleon Grilli?<\/h3>\n<p class=\"\" data-start=\"154\" data-end=\"369\"><strong data-start=\"154\" data-end=\"166\">Napoleon<\/strong> on kanadalainen perheyritys, joka on kehitt\u00e4nyt korkealaatuisia grillej\u00e4 ja ulkokeittoratkaisuja vuosikymmeni\u00e4. Br\u00e4ndi on maailmanlaajuisesti tunnettu luotettavuudestaan, innovatiivisuudestaan ja pitk\u00e4ik\u00e4isyydest\u00e4\u00e4n.<\/p>\n<p class=\"\" data-start=\"371\" data-end=\"751\">Mik\u00e4 tahansa <strong data-start=\"375\" data-end=\"394\">Napoleonin grilli<\/strong> on suunniteltu tarjoamaan tarkkaa l\u00e4mm\u00f6ns\u00e4\u00e4t\u00f6\u00e4, vankkaa rakennetta ja miellytt\u00e4v\u00e4\u00e4 k\u00e4ytt\u00f6kokemusta. Olipa kyseess\u00e4 hiili-, kaasu- tai pellettigrilli, Napoleon yhdist\u00e4\u00e4 modernin muotoilun k\u00e4yt\u00e4nn\u00f6llisiin ratkaisuihin: ruostumattomasta ter\u00e4ksest\u00e4 valmistetut polttimet, valurautagrillit, JETFIRE\u2122-sytytysj\u00e4rjestelm\u00e4, ACCU-PROBE\u2122-l\u00e4mp\u00f6mittari ja \u00e4lykk\u00e4\u00e4t s\u00e4ilytysvaihtoehdot ovat vain muutamia esimerkkej\u00e4.<\/p>\n<p class=\"\" data-start=\"753\" data-end=\"994\"><strong data-start=\"753\" data-end=\"777\">Napoleonin tuotevalikoima<\/strong> kattaa kaikki tarpeet - kannettavista malleista t\u00e4ydellisiin ulkokeitti\u00f6ratkaisuihin. Jos arvostat luotettavuutta, toiminnallisuutta ja monipuolisuutta grillaamiseen ymp\u00e4ri vuoden, Napoleon on oikea valinta.<\/p>\n<p><iframe loading=\"lazy\" title=\"Napoleon PRO Charcoal Kettle Grill\" width=\"500\" height=\"281\" src=\"https:\/\/www.youtube.com\/embed\/4SvNiWkkqC8?feature=oembed&#038;enablejsapi=1&#038;origin=https:\/\/tammetorubbq.ee\" frameborder=\"0\" allow=\"accelerometer; autoplay; clipboard-write; encrypted-media; gyroscope; picture-in-picture; web-share\" referrerpolicy=\"strict-origin-when-cross-origin\" allowfullscreen><\/iframe><\/p>","protected":false},"excerpt":{"rendered":"<p class=\"\" data-start=\"133\" data-end=\"459\"><strong data-start=\"133\" data-end=\"162\">Napoleon PRO 22\u2033 hiiligrilli<\/strong> on isompi ja tehokkaampi valinta todellisille grilliherkuille. Halkaisijaltaan 57 cm:n (~2550 cm\u00b2) grillauspinnalla on tilaa suuremmille lihapaloille ja runsaalle ruokam\u00e4\u00e4r\u00e4lle kerralla. Posliiniseostetusta ter\u00e4ksest\u00e4 valmistettu runko ja korotettu savukorin kansi takaavat kest\u00e4vyyden ja optimaalisen l\u00e4mp\u00f6tilan hallinnan.<\/p>\n<p class=\"\" data-start=\"461\" data-end=\"821\"><strong data-start=\"461\" data-end=\"497\">Saranoidut valurautaiset grilliritil\u00e4t<\/strong> mahdollistavat hiilien lis\u00e4\u00e4misen k\u00e4tev\u00e4sti grillauksen aikana ja helpottavat sek\u00e4 suoraa ett\u00e4 ep\u00e4suoraa kypsent\u00e4mist\u00e4. Parannettu <strong data-start=\"614\" data-end=\"641\">Vortex Heat Management\u2122<\/strong> j\u00e4rjestelm\u00e4 takaa tasaisen l\u00e4mm\u00f6n ja maksimoi savusuojauksen. Ruostumattomasta ter\u00e4ksest\u00e4 valmistettu korotusrengas mahdollistaa rotisserie-tankoj\u00e4rjestelmien k\u00e4yt\u00f6n, mik\u00e4 laajentaa grillausmahdollisuuksia entisest\u00e4\u00e4n.<\/p>\n<p class=\"\" data-start=\"823\" data-end=\"1419\"><strong data-start=\"823\" data-end=\"847\">T\u00e4rkeimm\u00e4t ominaisuudet:<\/strong><br data-start=\"847\" data-end=\"850\" \/>- Suuri 57 cm:n grillauspinta (~2550 cm\u00b2) - ihanteellinen my\u00f6s suurempiin tapahtumiin.<br data-start=\"922\" data-end=\"925\" \/>- Kest\u00e4v\u00e4 posliiniseoksella emaloitu ter\u00e4srunko ja kansi, jossa on savuhormin s\u00e4leikk\u00f6<br data-start=\"992\" data-end=\"995\" \/>- Saranoidut valurautaiset ritil\u00e4t - helppo lis\u00e4t\u00e4 hiilt\u00e4 ja ep\u00e4suoraa kypsent\u00e4mist\u00e4 varten<br data-start=\"1074\" data-end=\"1077\" \/>- Vortex Heat Management\u2122 - tasaisempi l\u00e4mp\u00f6 ja tehokkaampi polttoaineen k\u00e4ytt\u00f6.<br data-start=\"1145\" data-end=\"1148\" \/>- Integroidut aukot l\u00e4mp\u00f6mittarille - seuraa l\u00e4mp\u00f6tilaa avaamatta kantta.<br data-start=\"1228\" data-end=\"1231\" \/>- Ruostumattomasta ter\u00e4ksest\u00e4 valmistettu nostorengas paistopaketteja varten<br data-start=\"1295\" data-end=\"1298\" \/>- Kest\u00e4v\u00e4 runko ja suuret s\u00e4\u00e4nkest\u00e4v\u00e4t py\u00f6r\u00e4t liikkuvuutta varten<br data-start=\"1361\" data-end=\"1364\" \/>- Irrotettava takalevy nopeaa ja helppoa puhdistusta varten<\/p>\n<p class=\"\" data-start=\"1421\" data-end=\"1559\"><strong data-start=\"1421\" data-end=\"1450\">Napoleon PRO 22\u2033 hiiligrilli<\/strong> on ihanteellinen valinta, jos tarvitset suuremman ty\u00f6tason ja haluat nauttia aidosta puuhiilen mausta ammattimaisella otteella.<\/p>\n<p data-start=\"1421\" data-end=\"1559\"><img decoding=\"async\" class=\"emoji\" role=\"img\" draggable=\"false\" src=\"https:\/\/s.w.org\/images\/core\/emoji\/17.0.2\/svg\/27a1.svg\" alt=\"\u27a1\ufe0f\" \/>\u00a0<strong><a href=\"https:\/\/tammetorubbq.ee\/fi\/product-2\/napoleon-jalgadega-soegrilli-ilmastikukindel-grillikate\/\">Ilmastikukindel grillikate<\/a><\/strong>\u00a0\u00a0<img decoding=\"async\" class=\"emoji\" role=\"img\" draggable=\"false\" src=\"https:\/\/s.w.org\/images\/core\/emoji\/17.0.2\/svg\/2b05.svg\" alt=\"\u2b05\ufe0f\" \/><\/p>\n<p><img loading=\"lazy\" decoding=\"async\" class=\"wp-image-2098\" src=\"http:\/\/tammetorubbq.ee\/wp-content\/uploads\/2024\/11\/napoleon-gas-grills-logo-vector-1-300x124.png\" alt=\"napoleon kaasugrillit logo vektori\" width=\"174\" height=\"72\" srcset=\"https:\/\/tammetorubbq.ee\/wp-content\/uploads\/2024\/11\/napoleon-gas-grills-logo-vector-1-300x124.png 300w, https:\/\/tammetorubbq.ee\/wp-content\/uploads\/2024\/11\/napoleon-gas-grills-logo-vector-1-768x317.png 768w, https:\/\/tammetorubbq.ee\/wp-content\/uploads\/2024\/11\/napoleon-gas-grills-logo-vector-1-18x7.png 18w, https:\/\/tammetorubbq.ee\/wp-content\/uploads\/2024\/11\/napoleon-gas-grills-logo-vector-1-600x248.png 600w, https:\/\/tammetorubbq.ee\/wp-content\/uploads\/2024\/11\/napoleon-gas-grills-logo-vector-1-64x26.png 64w, https:\/\/tammetorubbq.ee\/wp-content\/uploads\/2024\/11\/napoleon-gas-grills-logo-vector-1.png 847w\" sizes=\"auto, (max-width: 174px) 100vw, 174px\" \/><\/p>","protected":false},"featured_media":3101,"comment_status":"open","ping_status":"closed","template":"","meta":{"_uf_show_specific_survey":0,"_uf_disable_surveys":false},"pwb-brand":[101],"product_brand":[389],"product_cat":[169],"product_tag":[317,78],"class_list":{"0":"post-3100","1":"product","2":"type-product","3":"status-publish","4":"has-post-thumbnail","6":"pwb-brand-napoleon","7":"product_brand-napoleon","8":"product_cat-soegrillid","9":"product_tag-napoleon-soegrill","10":"product_tag-soegrill","12":"first","13":"instock","14":"taxable","15":"shipping-taxable","16":"purchasable","17":"product-type-simple"},"brands":[{"id":101,"name":"Napoleon","slug":"napoleon"}],"_links":{"self":[{"href":"https:\/\/tammetorubbq.ee\/fi\/wp-json\/wp\/v2\/product\/3100","targetHints":{"allow":["GET"]}}],"collection":[{"href":"https:\/\/tammetorubbq.ee\/fi\/wp-json\/wp\/v2\/product"}],"about":[{"href":"https:\/\/tammetorubbq.ee\/fi\/wp-json\/wp\/v2\/types\/product"}],"replies":[{"embeddable":true,"href":"https:\/\/tammetorubbq.ee\/fi\/wp-json\/wp\/v2\/comments?post=3100"}],"wp:featuredmedia":[{"embeddable":true,"href":"https:\/\/tammetorubbq.ee\/fi\/wp-json\/wp\/v2\/media\/3101"}],"wp:attachment":[{"href":"https:\/\/tammetorubbq.ee\/fi\/wp-json\/wp\/v2\/media?parent=3100"}],"wp:term":[{"taxonomy":"pwb-brand","embeddable":true,"href":"https:\/\/tammetorubbq.ee\/fi\/wp-json\/wp\/v2\/pwb-brand?post=3100"},{"taxonomy":"product_brand","embeddable":true,"href":"https:\/\/tammetorubbq.ee\/fi\/wp-json\/wp\/v2\/product_brand?post=3100"},{"taxonomy":"product_cat","embeddable":true,"href":"https:\/\/tammetorubbq.ee\/fi\/wp-json\/wp\/v2\/product_cat?post=3100"},{"taxonomy":"product_tag","embeddable":true,"href":"https:\/\/tammetorubbq.ee\/fi\/wp-json\/wp\/v2\/product_tag?post=3100"}],"curies":[{"name":"wp","href":"https:\/\/api.w.org\/{rel}","templated":true}]}}