{"id":3103,"date":"2025-04-28T23:18:54","date_gmt":"2025-04-28T20:18:54","guid":{"rendered":"https:\/\/tammetorubbq.ee\/?post_type=product&#038;p=3103"},"modified":"2026-04-20T12:00:55","modified_gmt":"2026-04-20T09:00:55","slug":"napoleon-premium-grilli-soijapapurinta-5kg","status":"publish","type":"product","link":"https:\/\/tammetorubbq.ee\/fi\/product-2\/napoleon-premium-grilli-soijapapurinta-5kg\/","title":{"rendered":"Napoleon Premium briketit 5kg"},"content":{"rendered":"<h3 class=\"\" data-start=\"121\" data-end=\"194\">Napoleonin puuhiili ja briketit - laatu tunnetaan kaikkialla maailmassa.<\/h3>\n<p class=\"\" data-start=\"196\" data-end=\"489\"><strong data-start=\"196\" data-end=\"208\">Napoleon<\/strong> on kansainv\u00e4lisesti tunnettu tuotemerkki, jonka tuotteet tunnetaan luotettavuudestaan, innovatiivisuudestaan ja laadustaan. Vuodesta 1976 l\u00e4htien Napoleon on kehitt\u00e4nyt monipuolisen valikoiman l\u00e4mmittimi\u00e4 ja grillaustuotteita, joihin kuuluu laadukkaita <strong data-start=\"458\" data-end=\"472\">grillihiilet<\/strong> ja <strong data-start=\"476\" data-end=\"488\">briketit<\/strong>.<\/p>\n<p class=\"\" data-start=\"491\" data-end=\"816\">Napoleonin puuhiili, grillibriketit ja kookosbriketit on suunniteltu vaativille grillaajille, jotka odottavat hiililt\u00e4 muutakin kuin pelkk\u00e4\u00e4 l\u00e4mp\u00f6\u00e4. Kaikki Napoleon-tuotteet valmistetaan 100% luonnollisista raaka-aineista, kuten lehtipuusta ja kookosp\u00e4hkin\u00e4n kuorista. Niille on ominaista tasainen palaminen, pitk\u00e4 k\u00e4ytt\u00f6ik\u00e4 ja v\u00e4h\u00e4inen savun- ja tuhkanmuodostus.<\/p>\n<ul data-start=\"818\" data-end=\"1213\">\n<li class=\"\" data-start=\"818\" data-end=\"942\">\n<p class=\"\" data-start=\"820\" data-end=\"942\"><strong data-start=\"820\" data-end=\"834\">Grillihiili<\/strong> - klassinen valinta nopeaan ja kuumaan grillaukseen. Suuri palakoko takaa vahvan ja vakaan palamisen.<\/p>\n<\/li>\n<li class=\"\" data-start=\"943\" data-end=\"1065\">\n<p class=\"\" data-start=\"945\" data-end=\"1065\"><strong data-start=\"945\" data-end=\"962\">Grillibriketit<\/strong> - puristettua kovapuulastua, joka palaa pidemp\u00e4\u00e4n ja soveltuu my\u00f6s pidemp\u00e4\u00e4n grillaamiseen matalalla l\u00e4mm\u00f6ll\u00e4.<\/p>\n<\/li>\n<li class=\"\" data-start=\"1066\" data-end=\"1213\">\n<p class=\"\" data-start=\"1068\" data-end=\"1213\"><strong data-start=\"1068\" data-end=\"1086\">Kookosbriketti<\/strong> - kest\u00e4v\u00e4 vaihtoehto perinteisille briketeille. Eritt\u00e4in pitk\u00e4kestoinen ja savuton, ihanteellinen matalissa l\u00e4mp\u00f6tiloissa tapahtuvaan ruoanlaittoon.<\/p>\n<\/li>\n<\/ul>","protected":false},"excerpt":{"rendered":"<p class=\"\" data-start=\"814\" data-end=\"977\"><strong data-start=\"814\" data-end=\"843\">Napoleon Premium -briketit<\/strong> on loistava valinta kaikille, jotka haluavat saada grillist\u00e4 parhaan mahdollisen tuloksen luonnollisen puuhiilen (lehtipuun) maun ja vakaan l\u00e4mm\u00f6n ansiosta. T\u00e4ydellinen sek\u00e4 lyhyeen ett\u00e4 pitk\u00e4\u00e4n grillaukseen.<\/p>\n<p class=\"\" data-start=\"205\" data-end=\"545\"><strong data-start=\"205\" data-end=\"242\">Napoleon Premium grillibriketit<\/strong> on valmistettu korkealaatuisesta, puhtaasta luonnonhiilest\u00e4 ilman kemiallisia lis\u00e4- ja t\u00e4yteaineita. Suuren tiheytens\u00e4 ja tasaisen kokonsa ansiosta n\u00e4m\u00e4 briketit palavat pidemp\u00e4\u00e4n, antavat tasaisen ja tasaisen l\u00e4mm\u00f6n ja ovat ihanteellisia sek\u00e4 suoraan ett\u00e4 ep\u00e4suoraan grillaukseen ja savustukseen.<\/p>\n<p class=\"\" data-start=\"547\" data-end=\"812\"><strong data-start=\"547\" data-end=\"560\">Ominaisuudet:<\/strong><br data-start=\"560\" data-end=\"563\" \/>- Valmistettu luonnollisesta puuhiilest\u00e4 - puhdasta ja kemikaalivapaata.<br data-start=\"620\" data-end=\"623\" \/>- Pitk\u00e4 paloaika ja tasainen l\u00e4mm\u00f6n jakautuminen<br data-start=\"658\" data-end=\"661\" \/>- V\u00e4hemm\u00e4n tuhkaa - helpompi puhdistaa<br data-start=\"693\" data-end=\"696\" \/>- Soveltuu sek\u00e4 hiiligrilleihin ett\u00e4 savustusuuneihin.<br data-start=\"743\" data-end=\"746\" \/>- Ihanteellinen matalaan ja hitaaseen tai korkeaan ja nopeaan grillaukseen.<\/p>\n<p data-start=\"547\" data-end=\"812\"><strong>Luotettava valinta, jos etsit luonnollista ja voimakasta l\u00e4mp\u00f6\u00e4 grilliin!<\/strong><\/p>\n<p><img loading=\"lazy\" decoding=\"async\" class=\"wp-image-2098\" src=\"http:\/\/tammetorubbq.ee\/wp-content\/uploads\/2024\/11\/napoleon-gas-grills-logo-vector-1-300x124.png\" alt=\"napoleon kaasugrillit logo vektori\" width=\"167\" height=\"69\" srcset=\"https:\/\/tammetorubbq.ee\/wp-content\/uploads\/2024\/11\/napoleon-gas-grills-logo-vector-1-300x124.png 300w, https:\/\/tammetorubbq.ee\/wp-content\/uploads\/2024\/11\/napoleon-gas-grills-logo-vector-1-768x317.png 768w, https:\/\/tammetorubbq.ee\/wp-content\/uploads\/2024\/11\/napoleon-gas-grills-logo-vector-1-18x7.png 18w, https:\/\/tammetorubbq.ee\/wp-content\/uploads\/2024\/11\/napoleon-gas-grills-logo-vector-1-600x248.png 600w, https:\/\/tammetorubbq.ee\/wp-content\/uploads\/2024\/11\/napoleon-gas-grills-logo-vector-1-64x26.png 64w, https:\/\/tammetorubbq.ee\/wp-content\/uploads\/2024\/11\/napoleon-gas-grills-logo-vector-1.png 847w\" sizes=\"auto, (max-width: 167px) 100vw, 167px\" \/><\/p>","protected":false},"featured_media":3104,"comment_status":"open","ping_status":"closed","template":"","meta":{"_uf_show_specific_survey":0,"_uf_disable_surveys":false},"pwb-brand":[101],"product_brand":[],"product_cat":[58],"product_tag":[172,130],"class_list":{"0":"post-3103","1":"product","2":"type-product","3":"status-publish","4":"has-post-thumbnail","6":"pwb-brand-napoleon","7":"product_cat-grillssusi","8":"product_tag-grillsoebrikett","9":"product_tag-grillsusi","11":"first","12":"instock","13":"taxable","14":"shipping-taxable","15":"purchasable","16":"product-type-simple"},"brands":[{"id":101,"name":"Napoleon","slug":"napoleon"}],"_links":{"self":[{"href":"https:\/\/tammetorubbq.ee\/fi\/wp-json\/wp\/v2\/product\/3103","targetHints":{"allow":["GET"]}}],"collection":[{"href":"https:\/\/tammetorubbq.ee\/fi\/wp-json\/wp\/v2\/product"}],"about":[{"href":"https:\/\/tammetorubbq.ee\/fi\/wp-json\/wp\/v2\/types\/product"}],"replies":[{"embeddable":true,"href":"https:\/\/tammetorubbq.ee\/fi\/wp-json\/wp\/v2\/comments?post=3103"}],"wp:featuredmedia":[{"embeddable":true,"href":"https:\/\/tammetorubbq.ee\/fi\/wp-json\/wp\/v2\/media\/3104"}],"wp:attachment":[{"href":"https:\/\/tammetorubbq.ee\/fi\/wp-json\/wp\/v2\/media?parent=3103"}],"wp:term":[{"taxonomy":"pwb-brand","embeddable":true,"href":"https:\/\/tammetorubbq.ee\/fi\/wp-json\/wp\/v2\/pwb-brand?post=3103"},{"taxonomy":"product_brand","embeddable":true,"href":"https:\/\/tammetorubbq.ee\/fi\/wp-json\/wp\/v2\/product_brand?post=3103"},{"taxonomy":"product_cat","embeddable":true,"href":"https:\/\/tammetorubbq.ee\/fi\/wp-json\/wp\/v2\/product_cat?post=3103"},{"taxonomy":"product_tag","embeddable":true,"href":"https:\/\/tammetorubbq.ee\/fi\/wp-json\/wp\/v2\/product_tag?post=3103"}],"curies":[{"name":"wp","href":"https:\/\/api.w.org\/{rel}","templated":true}]}}