{"id":3105,"date":"2025-04-28T23:46:57","date_gmt":"2025-04-28T20:46:57","guid":{"rendered":"https:\/\/tammetorubbq.ee\/?post_type=product&#038;p=3105"},"modified":"2026-04-15T00:00:11","modified_gmt":"2026-04-14T21:00:11","slug":"bbq-sauvasarja-6kpl","status":"publish","type":"product","link":"https:\/\/tammetorubbq.ee\/fi\/product-2\/bbq-sauvasarja-6kpl\/","title":{"rendered":"BBQ vartaat setti 6kpl"},"content":{"rendered":"<p class=\"\" data-start=\"164\" data-end=\"199\"><strong data-start=\"164\" data-end=\"199\">Miksi valita U-muotoiset tangot?<\/strong><\/p>\n<p class=\"\" data-start=\"201\" data-end=\"573\">U-muotoiset hakkuritikut tarjoavat todellista grillausmukavuutta: ruoka ei v\u00e4\u00e4nny tikun varassa, vaan kypsyy tasaisesti ja yhdelt\u00e4 puolelta. Tasomaisen muotoilun ansiosta voit helposti k\u00e4\u00e4nt\u00e4\u00e4 ruokaa, jolloin saavutat t\u00e4ydellisen lopputuloksen joka kerta. Lis\u00e4ksi U-muotoiset sauvat ovat vahvoja ja vakaita - t\u00e4ydellinen valinta raskaammille lihapaloille tai tiheille vihannestikuille. <strong>Grillaa kuin ammattilainen!<\/strong><\/p>","protected":false},"excerpt":{"rendered":"<p class=\"\" data-start=\"208\" data-end=\"518\"><strong data-start=\"208\" data-end=\"243\">BBQ vartaat asetettu<\/strong> on v\u00e4ltt\u00e4m\u00e4t\u00f6n jokaiselle todelliselle shakin yst\u00e4v\u00e4lle. N\u00e4m\u00e4 tukevat U-muotoiset sauvat sopivat erinomaisesti lihan, vihannesten ja merenel\u00e4vien grillaamiseen suoralla liekill\u00e4.<br data-start=\"407\" data-end=\"410\" \/>U-muotoinen muotoilu est\u00e4\u00e4 ruokaa py\u00f6rim\u00e4st\u00e4 tangon p\u00e4\u00e4ll\u00e4 ja tekee grillin k\u00e4ynnist\u00e4misest\u00e4 helppoa ja k\u00e4tev\u00e4\u00e4.<\/p>\n<p class=\"\" data-start=\"520\" data-end=\"714\">Sauvat on valmistettu <strong data-start=\"542\" data-end=\"581\">korkealaatuinen ruostumaton ter\u00e4s<\/strong>, mik\u00e4 takaa niiden kest\u00e4vyyden ja ruostumattomuuden. Lis\u00e4ksi sauvat ovat <strong data-start=\"647\" data-end=\"676\">astianpesukoneen kest\u00e4v\u00e4<\/strong>, mik\u00e4 tekee puhdistamisesta erityisen helppoa.<\/p>\n<p class=\"\" data-start=\"716\" data-end=\"838\"><strong data-start=\"716\" data-end=\"738\">Setti sis\u00e4lt\u00e4\u00e4:<\/strong><br data-start=\"738\" data-end=\"741\" \/>- 6 U-muotoista grilli\u00e4<br data-start=\"769\" data-end=\"772\" \/>- Tyylik\u00e4s samettilaukku k\u00e4tev\u00e4\u00e4 s\u00e4ilytyst\u00e4 ja siirrett\u00e4vyytt\u00e4 varten.<\/p>\n<p class=\"\" data-start=\"840\" data-end=\"877\"><strong data-start=\"840\" data-end=\"851\">Mitat:<\/strong><br data-start=\"851\" data-end=\"854\" \/>- Sauvan pituus: 30,5 cm<\/p>\n<p class=\"\" data-start=\"879\" data-end=\"968\"><strong data-start=\"879\" data-end=\"900\">Sopii t\u00e4ydellisesti:<\/strong> shashlik-vartaita, kebabeja, vihanneksia ja erilaisia sataita.<\/p>\n<p data-start=\"140\" data-end=\"154\"><strong>\ud83d\udca1 Pro-vinkki: <\/strong>Ennen kuin asetat ruokaa vartaisiin, voitele vartaat kevyesti \u00f6ljyll\u00e4 - t\u00e4m\u00e4 est\u00e4\u00e4 ruokaa tarttumasta kiinni ja tekee kypsien lihapalojen irrottamisesta erityisen helppoa.<\/p>\n<p data-start=\"140\" data-end=\"154\"><strong>Grillaa kuin ammattilainen!<\/strong><\/p>","protected":false},"featured_media":3108,"comment_status":"open","ping_status":"closed","template":"","meta":{"_uf_show_specific_survey":0,"_uf_disable_surveys":false},"pwb-brand":[],"product_brand":[],"product_cat":[30,20],"product_tag":[134,361],"class_list":{"0":"post-3105","1":"product","2":"type-product","3":"status-publish","4":"has-post-thumbnail","6":"product_cat-grillimise-tarvikud","7":"product_cat-kampaania","8":"product_tag-grillimise-tarvikud","9":"product_tag-grillvardad","11":"first","12":"instock","13":"sale","14":"taxable","15":"shipping-taxable","16":"purchasable","17":"product-type-simple"},"brands":[],"_links":{"self":[{"href":"https:\/\/tammetorubbq.ee\/fi\/wp-json\/wp\/v2\/product\/3105","targetHints":{"allow":["GET"]}}],"collection":[{"href":"https:\/\/tammetorubbq.ee\/fi\/wp-json\/wp\/v2\/product"}],"about":[{"href":"https:\/\/tammetorubbq.ee\/fi\/wp-json\/wp\/v2\/types\/product"}],"replies":[{"embeddable":true,"href":"https:\/\/tammetorubbq.ee\/fi\/wp-json\/wp\/v2\/comments?post=3105"}],"wp:featuredmedia":[{"embeddable":true,"href":"https:\/\/tammetorubbq.ee\/fi\/wp-json\/wp\/v2\/media\/3108"}],"wp:attachment":[{"href":"https:\/\/tammetorubbq.ee\/fi\/wp-json\/wp\/v2\/media?parent=3105"}],"wp:term":[{"taxonomy":"pwb-brand","embeddable":true,"href":"https:\/\/tammetorubbq.ee\/fi\/wp-json\/wp\/v2\/pwb-brand?post=3105"},{"taxonomy":"product_brand","embeddable":true,"href":"https:\/\/tammetorubbq.ee\/fi\/wp-json\/wp\/v2\/product_brand?post=3105"},{"taxonomy":"product_cat","embeddable":true,"href":"https:\/\/tammetorubbq.ee\/fi\/wp-json\/wp\/v2\/product_cat?post=3105"},{"taxonomy":"product_tag","embeddable":true,"href":"https:\/\/tammetorubbq.ee\/fi\/wp-json\/wp\/v2\/product_tag?post=3105"}],"curies":[{"name":"wp","href":"https:\/\/api.w.org\/{rel}","templated":true}]}}