{"id":3127,"date":"2025-05-01T12:02:49","date_gmt":"2025-05-01T09:02:49","guid":{"rendered":"https:\/\/tammetorubbq.ee\/?post_type=product&#038;p=3127"},"modified":"2026-04-15T06:00:02","modified_gmt":"2026-04-15T03:00:02","slug":"char-griller-grand-champ","status":"publish","type":"product","link":"https:\/\/tammetorubbq.ee\/fi\/product-2\/char-griller-grand-champ\/","title":{"rendered":"Char-Griller Grand Champ"},"content":{"rendered":"<h3 class=\"\" data-start=\"161\" data-end=\"213\"><strong data-start=\"168\" data-end=\"213\">Tekniset tiedot - Grand Champ BBQ Grilli<\/strong><\/h3>\n<ul data-start=\"215\" data-end=\"781\">\n<li class=\"\" data-start=\"215\" data-end=\"287\">\n<p class=\"\" data-start=\"217\" data-end=\"287\"><strong data-start=\"217\" data-end=\"229\">Materiaali per\u00e4isin<\/strong>: kest\u00e4v\u00e4\u00e4 ja korkealaatuista ter\u00e4st\u00e4 - suunniteltu kest\u00e4m\u00e4\u00e4n vuosikausia.<\/p>\n<\/li>\n<li class=\"\" data-start=\"288\" data-end=\"365\">\n<p class=\"\" data-start=\"290\" data-end=\"365\"><strong data-start=\"290\" data-end=\"303\">Grilli<\/strong>: Vahvistettu ter\u00e4sverkko lis\u00e4\u00e4 vakautta ja l\u00e4mm\u00f6nkest\u00e4vyytt\u00e4.<\/p>\n<\/li>\n<li class=\"\" data-start=\"366\" data-end=\"425\">\n<p class=\"\" data-start=\"368\" data-end=\"425\"><strong data-start=\"368\" data-end=\"377\">Polttoaine<\/strong>: klassinen <strong data-start=\"393\" data-end=\"401\">hiilet<\/strong> - varmistaa aitouden<\/p>\n<\/li>\n<li class=\"\" data-start=\"135\" data-end=\"188\">\n<p class=\"\" data-start=\"137\" data-end=\"188\"><strong data-start=\"137\" data-end=\"146\">Paino:<\/strong> 116 kg - vakavasti otettava grilli vakavasti otettavalle tekij\u00e4lle.<\/p>\n<\/li>\n<li class=\"\" data-start=\"189\" data-end=\"262\">\n<p class=\"\" data-start=\"191\" data-end=\"262\"><strong data-start=\"191\" data-end=\"203\">Mitat:<\/strong> 180 \u00d7 89 \u00d7 145 cm (L \u00d7 S \u00d7 K) - tilaa viev\u00e4 mutta k\u00e4yt\u00e4nn\u00f6llinen.<\/p>\n<\/li>\n<li class=\"\" data-start=\"426\" data-end=\"781\">\n<p class=\"\" data-start=\"428\" data-end=\"445\"><strong data-start=\"428\" data-end=\"444\">Ominaisuudet<\/strong>:<\/p>\n<ul data-start=\"448\" data-end=\"781\">\n<li class=\"\" data-start=\"448\" data-end=\"506\">\n<p class=\"\" data-start=\"450\" data-end=\"506\"><strong data-start=\"450\" data-end=\"472\">Off-set-savustamo<\/strong> - matalalla l\u00e4mm\u00f6ll\u00e4 savustamiseen<\/p>\n<\/li>\n<li class=\"\" data-start=\"509\" data-end=\"586\">\n<p class=\"\" data-start=\"511\" data-end=\"586\"><strong data-start=\"511\" data-end=\"532\">Suuri grillialue<\/strong> - ihanteellinen sek\u00e4 perheaterioihin ett\u00e4 sosiaalisiin tilaisuuksiin<\/p>\n<\/li>\n<li class=\"\" data-start=\"589\" data-end=\"631\">\n<p class=\"\" data-start=\"591\" data-end=\"631\"><strong data-start=\"591\" data-end=\"605\">Tuhkimo<\/strong> - helppo ja puhdas huolto<\/p>\n<\/li>\n<li class=\"\" data-start=\"634\" data-end=\"695\">\n<p class=\"\" data-start=\"636\" data-end=\"695\"><strong data-start=\"636\" data-end=\"665\">Sis\u00e4\u00e4nrakennettu l\u00e4mp\u00f6mittari<\/strong> - tarkkaa l\u00e4mm\u00f6n seurantaa varten<\/p>\n<\/li>\n<li class=\"\" data-start=\"698\" data-end=\"781\">\n<p class=\"\" data-start=\"700\" data-end=\"781\"><strong data-start=\"700\" data-end=\"726\">J\u00e4ljell\u00e4 oleva hissin t\u00e4ydellinen sarja<\/strong> - turvalliseen ja mukavaan k\u00e4ytt\u00f6\u00f6n kuumalla grillill\u00e4<\/p>\n<\/li>\n<\/ul>\n<\/li>\n<\/ul>\n<h2 data-start=\"193\" data-end=\"250\"><\/h2>\n<h2 class=\"\" data-start=\"193\" data-end=\"250\">Grillin valmistelu ennen ensimm\u00e4ist\u00e4 k\u00e4ytt\u00f6kertaa<\/h2>\n<p class=\"\" data-start=\"252\" data-end=\"529\"><strong data-start=\"252\" data-end=\"264\">T\u00e4rke\u00e4\u00e4:<\/strong> Ennen kuin asetat ensimm\u00e4isen paalun verkkoon, sinun on teht\u00e4v\u00e4 hieman pohjaty\u00f6t\u00e4. Sinun on nimitt\u00e4in poltettava grilliritil\u00e4t ja k\u00e4sitelt\u00e4v\u00e4 grillin sis\u00e4pinnat. N\u00e4in luodaan suojakerros, v\u00e4hennet\u00e4\u00e4n ruostumisen mahdollisuutta ja estet\u00e4\u00e4n vieraiden makujen pilaantuminen.<\/p>\n<hr class=\"\" data-start=\"531\" data-end=\"534\" \/>\n<h3 class=\"\" data-start=\"536\" data-end=\"564\">\ud83d\udee0 Vaiheittainen opas:<\/h3>\n<h4 class=\"\" data-start=\"566\" data-end=\"597\">1. P\u00e4\u00e4llyst\u00e4 sis\u00e4pinnat \u00f6ljyll\u00e4<\/h4>\n<p class=\"\" data-start=\"598\" data-end=\"813\">Suihkuta tai k\u00e4\u00e4ri <strong data-start=\"616\" data-end=\"630\">kasvi\u00f6ljyll\u00e4<\/strong> kaikki grillin sis\u00e4pinnat - keittotelineet, tuliritil\u00e4, rummun sis\u00e4pinta ja savukammio.<br data-start=\"715\" data-end=\"718\" \/>\ud83d\udca1 <em data-start=\"721\" data-end=\"733\">Vinkki:<\/em> k\u00e4yt\u00e4 \u00f6ljysumutinta, mutta v\u00e4lt\u00e4 k\u00e4ytt\u00e4m\u00e4st\u00e4 sit\u00e4 suoraan kuumien hiilien tai liekin p\u00e4\u00e4ll\u00e4.<\/p>\n<h4 class=\"\" data-start=\"815\" data-end=\"843\">2. Valmistele hiilet etuk\u00e4teen<\/h4>\n<p class=\"\" data-start=\"844\" data-end=\"979\">Laosin grilliruoka <strong data-start=\"858\" data-end=\"886\">tulipyramidi arinalla<\/strong> (ei grillin pohjalle!) ja tulta. Odota, ett\u00e4 hiilet muuttuvat <strong data-start=\"944\" data-end=\"978\">harmaa ja tasaisesti hehkuva<\/strong>.<\/p>\n<h4 class=\"\" data-start=\"981\" data-end=\"1010\">3. Ensimm\u00e4inen l\u00e4mmitys<\/h4>\n<p class=\"\" data-start=\"1011\" data-end=\"1101\">Levit\u00e4 hiilet, laita ritil\u00e4t p\u00e4\u00e4lle ja sulje kansi. <strong data-start=\"1061\" data-end=\"1101\">Kypsenn\u00e4 noin 120 \u00b0C:ssa 2 tuntia.<\/strong><\/p>\n<h4 class=\"\" data-start=\"1103\" data-end=\"1144\">4. Toinen \u00f6ljy\u00e4minen ja j\u00e4lkipoltto<\/h4>\n<p class=\"\" data-start=\"1145\" data-end=\"1297\">Irrota ritil\u00e4t (k\u00e4yt\u00e4 grillik\u00e4sineit\u00e4!), anna j\u00e4\u00e4hty\u00e4, <strong data-start=\"1203\" data-end=\"1227\">kevyesti uudelleen \u00f6ljy\u00e4<\/strong> ja laita se takaisin. Esil\u00e4mmit\u00e4 grilli <strong data-start=\"1261\" data-end=\"1297\">noin 95 \u00b0C:ssa viel\u00e4 2 tuntia.<\/strong><\/p>\n<h4 class=\"\" data-start=\"1299\" data-end=\"1327\">5. Ulkopuolinen kunnossapito<\/h4>\n<p class=\"\" data-start=\"1328\" data-end=\"1458\">Kun grilli on viel\u00e4 l\u00e4mmin, k\u00e4\u00e4ri grilli hyvin sis\u00e4\u00e4n. <strong data-start=\"1360\" data-end=\"1392\">ulkopinta kevyesti kasvi\u00f6ljyll\u00e4.<\/strong> T\u00e4m\u00e4 auttaa suojaamaan pintak\u00e4sittely\u00e4 ja antaa grillille hieman ylim\u00e4\u00e4r\u00e4ist\u00e4 kiiltoa.<\/p>\n<hr class=\"\" data-start=\"1460\" data-end=\"1463\" \/>\n<h3 class=\"\" data-start=\"1465\" data-end=\"1485\">\u26a0\ufe0f T\u00e4rke\u00e4\u00e4 tiet\u00e4\u00e4:<\/h3>\n<ul data-start=\"1487\" data-end=\"1725\">\n<li class=\"\" data-start=\"1487\" data-end=\"1537\">\n<p class=\"\" data-start=\"1489\" data-end=\"1537\">\u00d6ljy <strong data-start=\"1493\" data-end=\"1517\">voi aluksi tippua<\/strong> - t\u00e4m\u00e4 on normaalia.<\/p>\n<\/li>\n<li class=\"\" data-start=\"1538\" data-end=\"1629\">\n<p class=\"\" data-start=\"1540\" data-end=\"1629\">V\u00e4lt\u00e4 grillin ylikuumenemista <strong data-start=\"1569\" data-end=\"1579\">200 \u00b0C<\/strong> - liiallinen kuumuus voi vaurioittaa viimeistely\u00e4.<\/p>\n<\/li>\n<li class=\"\" data-start=\"1630\" data-end=\"1725\">\n<p class=\"\" data-start=\"1632\" data-end=\"1725\"><strong data-start=\"1632\" data-end=\"1669\">Takuu ei kata maalikerrosta.<\/strong> K\u00e4ytt\u00e4j\u00e4n vastuulla on suojata grilli ruosteelta.<\/p>\n<\/li>\n<\/ul>","protected":false},"excerpt":{"rendered":"<p>Grand Champ on suurin Char-Griller Off-Set puuhiili-\/savugrilli, jonka grillauspinta-ala on... <strong data-start=\"634\" data-end=\"646\">7742 cm\u00b2<\/strong>.<\/p>\n<p>Todellinen amerikkalaistyylinen BBQ-grilli, jossa yhdistyv\u00e4t klassinen hiiligrilli ja tehokas savustin. T\u00e4m\u00e4 malli soveltuu sek\u00e4 nopeaan grillaukseen ett\u00e4 hitaaseen savustukseen matalalla l\u00e4mm\u00f6ll\u00e4. Grand Champ tarjoaa ammattimaisia tuloksia my\u00f6s kotik\u00e4ytt\u00e4j\u00e4lle - halusitpa sitten mehukkaita hampurilaisia tai pitk\u00e4\u00e4n savustettua lihaa.<\/p>\n<p><strong>Grand Champ - todellinen amerikkalainen BBQ-kokemus puutarhassasi!<\/strong><\/p>\n<h3 class=\"\" data-start=\"213\" data-end=\"258\"><strong data-start=\"219\" data-end=\"258\">T\u00e4rkeimm\u00e4t ominaisuudet - Grand Champ BBQ<\/strong><\/h3>\n<p class=\"\" data-start=\"260\" data-end=\"417\">\ud83d\udd25 <strong data-start=\"263\" data-end=\"285\">Kaksi yhdess\u00e4 ratkaisussa<\/strong> - klassinen hiiligrilli ja tehokas savustusuuni. Grillaa nopeasti tai savusta hitaasti - valitse tyyli, liha kiitt\u00e4\u00e4!<\/p>\n<p class=\"\" data-start=\"419\" data-end=\"529\">\ud83d\udee0\ufe0f <strong data-start=\"423\" data-end=\"448\">Tehokas muotoilu<\/strong> - 2,5 mm paksu terrazzosein\u00e4 takaa kest\u00e4vyyden, joka ei pelk\u00e4\u00e4 kuumaa eik\u00e4 kylm\u00e4\u00e4.<\/p>\n<p class=\"\" data-start=\"531\" data-end=\"663\">\ud83c\udf21\ufe0f <strong data-start=\"535\" data-end=\"568\">Eristetty keittokammio<\/strong> - s\u00e4ilytt\u00e4\u00e4 l\u00e4mp\u00f6\u00e4 kuin iso\u00e4idin pataruoka ja pit\u00e4\u00e4 l\u00e4mp\u00f6tilan vakaana koko kypsennyksen ajan.<\/p>\n<p class=\"\" data-start=\"665\" data-end=\"799\">\ud83c\udf56 <strong data-start=\"668\" data-end=\"698\">Suuri grillauspinta-ala - 7742 cm\u00b2<\/strong> - Riitt\u00e4\u00e4 koko jalkapallojoukkueen ruokkimiseen tai vain kunnon grillimaratoniin viikonlopuksi.<\/p>\n<p class=\"\" data-start=\"801\" data-end=\"945\">\ud83d\udccf <strong data-start=\"804\" data-end=\"833\">Integroitu l\u00e4mp\u00f6mittari<\/strong> - kantta ei tarvitse nostaa eik\u00e4 l\u00e4mp\u00f6\u00e4 tarvitse menett\u00e4\u00e4 - l\u00e4mp\u00f6tila s\u00e4ilyy ja liha saa juuri sen, mit\u00e4 se tarvitsee.<\/p>\n<p class=\"\" data-start=\"947\" data-end=\"1062\">\ud83d\udca8 <strong data-start=\"950\" data-end=\"975\">Ilmanvaihtoaukot (dempereid)<\/strong> - s\u00e4\u00e4d\u00e4 l\u00e4mp\u00f6\u00e4 kuin ammattilainen - enemm\u00e4n ilmaa, enemm\u00e4n liekki\u00e4; v\u00e4hemm\u00e4n ilmaa, enemm\u00e4n savua.<\/p>\n<p class=\"\" data-start=\"1064\" data-end=\"1152\">\ud83e\uddf9 <strong data-start=\"1067\" data-end=\"1091\">EasyDump\u2122-tuhkakuppi<\/strong> - siivoamisen ei tarvitse olla ty\u00f6l\u00e4st\u00e4. Tuhka pois, grilli p\u00e4\u00e4lle.<\/p>\n<p class=\"\" data-start=\"1154\" data-end=\"1256\">\ud83d\udd25 <strong data-start=\"1157\" data-end=\"1176\">L\u00e4mp\u00f6tyyny<\/strong> - kaikki valmiina kerralla, kaikki p\u00f6yd\u00e4ll\u00e4 kerralla. Kuuma ruoka = onnellinen grillaus.<\/p>\n<p class=\"\" data-start=\"1258\" data-end=\"1351\">\ud83d\udee0\ufe0f <strong data-start=\"1262\" data-end=\"1284\">Restorer mukana<\/strong> - kuuman grillin kanssa puuhastelun ei tarvitse tarkoittaa palaneita sormia.<\/p>\n<p class=\"\" data-start=\"1353\" data-end=\"1440\">\ud83d\ude9c <strong data-start=\"1356\" data-end=\"1374\">Vahvat py\u00f6r\u00e4t<\/strong> - Grilli kulkee mukanasi, olipa se sitten terassilla, puutarhassa tai mets\u00e4n reunalla.<\/p>\n<p data-start=\"1353\" data-end=\"1440\"><span style=\"color: #000000;\"><strong>Nauti aidoista BBQ-mauista.\u00a0<\/strong><\/span><\/p>\n<p data-start=\"1353\" data-end=\"1440\"><em>Katso esite <strong><a href=\"https:\/\/youtu.be\/Y3QJJYPXZ94?si=PVfrVfRWnUxsqdRf\">VIDEO<\/a><\/strong>.\u00a0<\/em><\/p>\n<p><img loading=\"lazy\" decoding=\"async\" class=\"wp-image-1726\" src=\"http:\/\/tammetorubbq.ee\/wp-content\/uploads\/2024\/05\/char-griller_brandmark_1x.png\" alt=\"hiillostin\" width=\"131\" height=\"131\" srcset=\"https:\/\/tammetorubbq.ee\/wp-content\/uploads\/2024\/05\/char-griller_brandmark_1x.png 195w, https:\/\/tammetorubbq.ee\/wp-content\/uploads\/2024\/05\/char-griller_brandmark_1x-150x150.png 150w, https:\/\/tammetorubbq.ee\/wp-content\/uploads\/2024\/05\/char-griller_brandmark_1x-12x12.png 12w, https:\/\/tammetorubbq.ee\/wp-content\/uploads\/2024\/05\/char-griller_brandmark_1x-64x64.png 64w\" sizes=\"auto, (max-width: 131px) 100vw, 131px\" \/><\/p>\n<p><a href=\"https:\/\/tammetorubbq.ee\/fi\/maksa-myohemmin\/\"><strong>OSTA NYT, MAKSA MY\u00d6HEMMIN<\/strong><\/a>\u00a0- korotonta!<\/p>\n<p><img loading=\"lazy\" decoding=\"async\" class=\"alignnone wp-image-2646\" src=\"http:\/\/tammetorubbq.ee\/wp-content\/uploads\/2023\/12\/inbank-wordmark.png\" alt=\"Inbank\" width=\"169\" height=\"76\" srcset=\"https:\/\/tammetorubbq.ee\/wp-content\/uploads\/2023\/12\/inbank-wordmark.png 300w, https:\/\/tammetorubbq.ee\/wp-content\/uploads\/2023\/12\/inbank-wordmark-18x8.png 18w, https:\/\/tammetorubbq.ee\/wp-content\/uploads\/2023\/12\/inbank-wordmark-64x29.png 64w\" sizes=\"auto, (max-width: 169px) 100vw, 169px\" \/><\/p>\n<p>Tarjoamme my\u00f6s mahdollisuuden maksaa my\u00f6hemmin - yhdess\u00e4, kahdessa tai kolmessa samansuuruisessa er\u00e4ss\u00e4 ilman korkoa tai lis\u00e4maksua.<\/p>\n<p>L\u00f6yd\u00e4t valikoiman eri maksuvaihtoehtoja ostoskoristamme.<\/p>","protected":false},"featured_media":3137,"comment_status":"open","ping_status":"closed","template":"","meta":{"_uf_show_specific_survey":0,"_uf_disable_surveys":false},"pwb-brand":[95],"product_brand":[],"product_cat":[53,57,169],"product_tag":[77,140,78,76],"class_list":{"0":"post-3127","1":"product","2":"type-product","3":"status-publish","4":"has-post-thumbnail","6":"pwb-brand-chargriller","7":"product_cat-grillid","8":"product_cat-bbq-suitsuahjud","9":"product_cat-soegrillid","10":"product_tag-bbq-ahi","11":"product_tag-chargriller","12":"product_tag-soegrill","13":"product_tag-suitsuahi","15":"first","16":"instock","17":"taxable","18":"shipping-taxable","19":"purchasable","20":"product-type-simple"},"brands":[{"id":95,"name":"CharGriller","slug":"chargriller"}],"_links":{"self":[{"href":"https:\/\/tammetorubbq.ee\/fi\/wp-json\/wp\/v2\/product\/3127","targetHints":{"allow":["GET"]}}],"collection":[{"href":"https:\/\/tammetorubbq.ee\/fi\/wp-json\/wp\/v2\/product"}],"about":[{"href":"https:\/\/tammetorubbq.ee\/fi\/wp-json\/wp\/v2\/types\/product"}],"replies":[{"embeddable":true,"href":"https:\/\/tammetorubbq.ee\/fi\/wp-json\/wp\/v2\/comments?post=3127"}],"wp:featuredmedia":[{"embeddable":true,"href":"https:\/\/tammetorubbq.ee\/fi\/wp-json\/wp\/v2\/media\/3137"}],"wp:attachment":[{"href":"https:\/\/tammetorubbq.ee\/fi\/wp-json\/wp\/v2\/media?parent=3127"}],"wp:term":[{"taxonomy":"pwb-brand","embeddable":true,"href":"https:\/\/tammetorubbq.ee\/fi\/wp-json\/wp\/v2\/pwb-brand?post=3127"},{"taxonomy":"product_brand","embeddable":true,"href":"https:\/\/tammetorubbq.ee\/fi\/wp-json\/wp\/v2\/product_brand?post=3127"},{"taxonomy":"product_cat","embeddable":true,"href":"https:\/\/tammetorubbq.ee\/fi\/wp-json\/wp\/v2\/product_cat?post=3127"},{"taxonomy":"product_tag","embeddable":true,"href":"https:\/\/tammetorubbq.ee\/fi\/wp-json\/wp\/v2\/product_tag?post=3127"}],"curies":[{"name":"wp","href":"https:\/\/api.w.org\/{rel}","templated":true}]}}