{"id":3183,"date":"2025-05-21T11:41:17","date_gmt":"2025-05-21T08:41:17","guid":{"rendered":"https:\/\/tammetorubbq.ee\/?post_type=product&#038;p=3183"},"modified":"2026-04-15T04:00:05","modified_gmt":"2026-04-15T01:00:05","slug":"turnpike-kookos-chili-rub-235g","status":"publish","type":"product","link":"https:\/\/tammetorubbq.ee\/fi\/product-2\/turnpike-kookos-chili-rub-235g\/","title":{"rendered":"Turnpike Coconut Chili Rub 235g"},"content":{"rendered":"<p><strong data-start=\"0\" data-end=\"31\" data-is-only-node=\"\">Ainesosat: <\/strong>Maltodekstriini, sokeri, suola, curry, mausteet (korianteri, juustokumina, kurkuma, valkopippuri, inkiv\u00e4\u00e4ri, paprika, sarviapila, chilijauhe), suola, vihannekset (valkosipulijauhe, sipulijauhe), chilipippuri, inkiv\u00e4\u00e4ri, korianteri, kookos, kookosmaitojauhe (maitoproteiini, kookosmaito), valkosipuli, luontainen aromi.<\/p>","protected":false},"excerpt":{"rendered":"<p class=\"\" data-start=\"42\" data-end=\"108\"><strong data-start=\"42\" data-end=\"106\">Kookos-chilimauste - Aasialainen trooppinen herkku<\/strong><\/p>\n<p class=\"\" data-start=\"110\" data-end=\"381\">Tutustu aasialaisvaikutteiseen keitti\u00f6\u00f6n <strong data-start=\"143\" data-end=\"175\">Kookos Chili mausteseos<\/strong>, jossa yhdistyv\u00e4t kookosp\u00e4hkin\u00e4n trooppinen makeus ja chilin herkk\u00e4 ter\u00e4vyys. T\u00e4m\u00e4 herkullinen sekoitus sopii t\u00e4ydellisesti <strong data-start=\"291\" data-end=\"314\">sianlihaa ja kanaa<\/strong> maustamiseen - joko kuivamarinadina tai yksinkertaisesti mausteena.<\/p>\n<p class=\"\" data-start=\"383\" data-end=\"557\">Haluatko jotain erilaista grillijuhliin?<br data-start=\"418\" data-end=\"421\" \/><strong data-start=\"421\" data-end=\"471\">Sekoita mausteseos kookosmaitoon tai liemeen.<\/strong> ja valmistaa herkullisen <strong data-start=\"497\" data-end=\"512\">curry-caste<\/strong> - ihanteellinen sek\u00e4 lihalle ett\u00e4 vihanneksille!<\/p>\n<p class=\"\" data-start=\"559\" data-end=\"728\"><strong data-start=\"559\" data-end=\"581\">K\u00e4ytt\u00f6suositukset:<\/strong><br data-start=\"581\" data-end=\"584\" \/>\u2714\ufe0f Sianlihan ja kananlihan mausteet<br data-start=\"618\" data-end=\"621\" \/>\u2714\ufe0f Kuivat marinadit<br data-start=\"639\" data-end=\"642\" \/>\u2714\ufe0f Grillattuja ruokia varten<br data-start=\"660\" data-end=\"663\" \/>\u2714\ufe0f Currykastikkeen valmistaminen (kookosmaidosta tai liemest\u00e4).<\/p>\n<p class=\"\" data-start=\"730\" data-end=\"818\"><strong data-start=\"730\" data-end=\"818\">Tuo eksoottisia makuja keitti\u00f6\u00f6si - kokeile Coconut Chili -mausteseosta jo t\u00e4n\u00e4\u00e4n!<\/strong><\/p>\n<p data-start=\"730\" data-end=\"818\"><strong data-start=\"93\" data-end=\"108\">\ud83d\udca1 Pro-vinkki: <\/strong>Sekoita 2 ruokalusikallista <strong data-start=\"133\" data-end=\"165\">Kookos Chili mausteseos<\/strong> 200 ml <strong data-start=\"173\" data-end=\"190\">kookosmaidon kanssa<\/strong> ja anna kastikkeen hautua miedolla l\u00e4mm\u00f6ll\u00e4 5-10 minuuttia - saat nopean ja maukkaan kastikkeen. <strong data-start=\"276\" data-end=\"285\" data-is-only-node=\"\">karri<\/strong>, joka sopii erinomaisesti kanan, katkarapujen ja vihannesten kanssa. Tarjoile riisin tai nuudeleiden kanssa!<\/p>\n<p><img loading=\"lazy\" decoding=\"async\" class=\"wp-image-2719\" src=\"http:\/\/tammetorubbq.ee\/wp-content\/uploads\/2025\/04\/Turnpike-BBQ-logo-300x300.webp\" alt=\"Turnpike BBQ -logo\" width=\"174\" height=\"174\" srcset=\"https:\/\/tammetorubbq.ee\/wp-content\/uploads\/2025\/04\/Turnpike-BBQ-logo-300x300.webp 300w, https:\/\/tammetorubbq.ee\/wp-content\/uploads\/2025\/04\/Turnpike-BBQ-logo-150x150.webp 150w, https:\/\/tammetorubbq.ee\/wp-content\/uploads\/2025\/04\/Turnpike-BBQ-logo-12x12.webp 12w, https:\/\/tammetorubbq.ee\/wp-content\/uploads\/2025\/04\/Turnpike-BBQ-logo-600x600.webp 600w, https:\/\/tammetorubbq.ee\/wp-content\/uploads\/2025\/04\/Turnpike-BBQ-logo-64x64.webp 64w, https:\/\/tammetorubbq.ee\/wp-content\/uploads\/2025\/04\/Turnpike-BBQ-logo.webp 720w\" sizes=\"auto, (max-width: 174px) 100vw, 174px\" \/><\/p>","protected":false},"featured_media":3184,"comment_status":"open","ping_status":"closed","template":"","meta":{"_uf_show_specific_survey":0,"_uf_disable_surveys":false},"pwb-brand":[117],"product_brand":[],"product_cat":[21,20],"product_tag":[118,175,114],"class_list":{"0":"post-3183","1":"product","2":"type-product","3":"status-publish","4":"has-post-thumbnail","6":"pwb-brand-turnpike-bbq","7":"product_cat-maitseainesegud","8":"product_cat-kampaania","9":"product_tag-kanaliha","10":"product_tag-sealih","11":"product_tag-sealiha","13":"first","14":"instock","15":"sale","16":"taxable","17":"shipping-taxable","18":"purchasable","19":"product-type-simple"},"brands":[{"id":117,"name":"Turnpike BBQ","slug":"turnpike-bbq"}],"_links":{"self":[{"href":"https:\/\/tammetorubbq.ee\/fi\/wp-json\/wp\/v2\/product\/3183","targetHints":{"allow":["GET"]}}],"collection":[{"href":"https:\/\/tammetorubbq.ee\/fi\/wp-json\/wp\/v2\/product"}],"about":[{"href":"https:\/\/tammetorubbq.ee\/fi\/wp-json\/wp\/v2\/types\/product"}],"replies":[{"embeddable":true,"href":"https:\/\/tammetorubbq.ee\/fi\/wp-json\/wp\/v2\/comments?post=3183"}],"wp:featuredmedia":[{"embeddable":true,"href":"https:\/\/tammetorubbq.ee\/fi\/wp-json\/wp\/v2\/media\/3184"}],"wp:attachment":[{"href":"https:\/\/tammetorubbq.ee\/fi\/wp-json\/wp\/v2\/media?parent=3183"}],"wp:term":[{"taxonomy":"pwb-brand","embeddable":true,"href":"https:\/\/tammetorubbq.ee\/fi\/wp-json\/wp\/v2\/pwb-brand?post=3183"},{"taxonomy":"product_brand","embeddable":true,"href":"https:\/\/tammetorubbq.ee\/fi\/wp-json\/wp\/v2\/product_brand?post=3183"},{"taxonomy":"product_cat","embeddable":true,"href":"https:\/\/tammetorubbq.ee\/fi\/wp-json\/wp\/v2\/product_cat?post=3183"},{"taxonomy":"product_tag","embeddable":true,"href":"https:\/\/tammetorubbq.ee\/fi\/wp-json\/wp\/v2\/product_tag?post=3183"}],"curies":[{"name":"wp","href":"https:\/\/api.w.org\/{rel}","templated":true}]}}