{"id":3189,"date":"2025-05-21T14:57:40","date_gmt":"2025-05-21T11:57:40","guid":{"rendered":"https:\/\/tammetorubbq.ee\/?post_type=product&#038;p=3189"},"modified":"2026-04-15T06:00:14","modified_gmt":"2026-04-15T03:00:14","slug":"turnpike-bbq-ridiculous-chicken-rub-235g","status":"publish","type":"product","link":"https:\/\/tammetorubbq.ee\/fi\/product-2\/turnpike-bbq-ridiculous-chicken-rub-235g\/","title":{"rendered":"Turnpike BBQ Ridiculous Chicken Rub 235g"},"content":{"rendered":"<p><strong>Ainesosat:<\/strong> suola, riisijauho, yrtit\/mausteet (paprika, korianteri, valkopippuri, kurkuma, juustokumina, inkiv\u00e4\u00e4ri, fenkoli, sinapinsiemenet, chili), vehn\u00e4jauho, mauste, E621, v\u00e4ri, E160C, voi sis\u00e4lt\u00e4\u00e4 pieni\u00e4 m\u00e4\u00e4ri\u00e4 maitoa ja gluteenia.<\/p>\n<p><strong><a href=\"https:\/\/tammetorubbq.ee\/fi\/product-2\/turnpike-bbq-ridiculous-kanahieronta-700g\/\">Saatavana my\u00f6s 700 g:n pakkauksissa<\/a><\/strong><\/p>","protected":false},"excerpt":{"rendered":"<p class=\"\" data-start=\"70\" data-end=\"154\"><strong data-start=\"70\" data-end=\"152\">Turnpike Smokers Ridiculous Chicken BBQ Rub - T\u00e4ydellinen makuherkku kananlihalle<\/strong><\/p>\n<p class=\"\" data-start=\"156\" data-end=\"401\">Tutustu kanan todelliseen potentiaaliin t\u00e4m\u00e4n ainutlaatuisen BBQ-mausteseoksen avulla! <strong data-start=\"231\" data-end=\"261\">Naurettava kana BBQ Rub<\/strong> on suunniteltu erityisesti tuomaan esiin parhaat aromit <strong data-start=\"325\" data-end=\"362\">kanan siiviss\u00e4, jaloissa, jaloissa, jaloissa, jaloissa<\/strong> ja kaikissa muissa siipikarjan ruokalajeissa.<\/p>\n<p class=\"\" data-start=\"403\" data-end=\"541\">Kypsennettiinp\u00e4 lihaa uunissa, grilliss\u00e4 tai pannulla, t\u00e4m\u00e4 sekoitus antaa lihalle t\u00e4ytel\u00e4isen, savuisen ja hieman makean BBQ-maun, joka saa kielesi loksahtamaan.<\/p>\n<p class=\"\" data-start=\"543\" data-end=\"671\"><strong data-start=\"543\" data-end=\"564\">Sopii t\u00e4ydellisesti:<\/strong><br data-start=\"564\" data-end=\"567\" \/>\u2714\ufe0f Kanariansaarille<br data-start=\"583\" data-end=\"586\" \/>\u2714\ufe0f Jaloille ja varpaille<br data-start=\"612\" data-end=\"615\" \/>\u2714\ufe0f Terveellist\u00e4 grillausta varten<br data-start=\"637\" data-end=\"640\" \/>\u2714\ufe0f Kanafileet ja vartaat<\/p>\n<p class=\"\" data-start=\"673\" data-end=\"910\"><strong data-start=\"673\" data-end=\"688\">\ud83d\udca1 Pro-vinkki: <\/strong>Voitele kana ensin kevyesti oliivi\u00f6ljyll\u00e4, hiero sitten mausteseos tasaisesti kanan p\u00e4\u00e4lle ja anna seist\u00e4 v\u00e4hint\u00e4\u00e4n 30 minuuttia (tai y\u00f6n yli) - n\u00e4in kaikki maut imeytyv\u00e4t syv\u00e4lle lihaan, ja lopputulos on erityisen mehev\u00e4 ja aromaattinen!<\/p>\n<p class=\"\" data-start=\"912\" data-end=\"1044\"><strong data-start=\"912\" data-end=\"1044\">Nosta kotigrillauksesi seuraavalle tasolle - kokeile Ridiculous Chicken BBQ Rubia ja valmista ravintolalaatua!<\/strong><\/p>\n<p><img loading=\"lazy\" decoding=\"async\" class=\"wp-image-2719\" src=\"http:\/\/tammetorubbq.ee\/wp-content\/uploads\/2025\/04\/Turnpike-BBQ-logo-300x300.webp\" alt=\"Turnpike BBQ -logo\" width=\"136\" height=\"136\" srcset=\"https:\/\/tammetorubbq.ee\/wp-content\/uploads\/2025\/04\/Turnpike-BBQ-logo-300x300.webp 300w, https:\/\/tammetorubbq.ee\/wp-content\/uploads\/2025\/04\/Turnpike-BBQ-logo-150x150.webp 150w, https:\/\/tammetorubbq.ee\/wp-content\/uploads\/2025\/04\/Turnpike-BBQ-logo-12x12.webp 12w, https:\/\/tammetorubbq.ee\/wp-content\/uploads\/2025\/04\/Turnpike-BBQ-logo-600x600.webp 600w, https:\/\/tammetorubbq.ee\/wp-content\/uploads\/2025\/04\/Turnpike-BBQ-logo-64x64.webp 64w, https:\/\/tammetorubbq.ee\/wp-content\/uploads\/2025\/04\/Turnpike-BBQ-logo.webp 720w\" sizes=\"auto, (max-width: 136px) 100vw, 136px\" \/><\/p>","protected":false},"featured_media":3190,"comment_status":"open","ping_status":"closed","template":"","meta":{"_uf_show_specific_survey":0,"_uf_disable_surveys":false},"pwb-brand":[117],"product_brand":[],"product_cat":[21],"product_tag":[159],"class_list":{"0":"post-3189","1":"product","2":"type-product","3":"status-publish","4":"has-post-thumbnail","6":"pwb-brand-turnpike-bbq","7":"product_cat-maitseainesegud","8":"product_tag-kanatiivad","10":"first","11":"instock","12":"taxable","13":"shipping-taxable","14":"purchasable","15":"product-type-simple"},"brands":[{"id":117,"name":"Turnpike BBQ","slug":"turnpike-bbq"}],"_links":{"self":[{"href":"https:\/\/tammetorubbq.ee\/fi\/wp-json\/wp\/v2\/product\/3189","targetHints":{"allow":["GET"]}}],"collection":[{"href":"https:\/\/tammetorubbq.ee\/fi\/wp-json\/wp\/v2\/product"}],"about":[{"href":"https:\/\/tammetorubbq.ee\/fi\/wp-json\/wp\/v2\/types\/product"}],"replies":[{"embeddable":true,"href":"https:\/\/tammetorubbq.ee\/fi\/wp-json\/wp\/v2\/comments?post=3189"}],"wp:featuredmedia":[{"embeddable":true,"href":"https:\/\/tammetorubbq.ee\/fi\/wp-json\/wp\/v2\/media\/3190"}],"wp:attachment":[{"href":"https:\/\/tammetorubbq.ee\/fi\/wp-json\/wp\/v2\/media?parent=3189"}],"wp:term":[{"taxonomy":"pwb-brand","embeddable":true,"href":"https:\/\/tammetorubbq.ee\/fi\/wp-json\/wp\/v2\/pwb-brand?post=3189"},{"taxonomy":"product_brand","embeddable":true,"href":"https:\/\/tammetorubbq.ee\/fi\/wp-json\/wp\/v2\/product_brand?post=3189"},{"taxonomy":"product_cat","embeddable":true,"href":"https:\/\/tammetorubbq.ee\/fi\/wp-json\/wp\/v2\/product_cat?post=3189"},{"taxonomy":"product_tag","embeddable":true,"href":"https:\/\/tammetorubbq.ee\/fi\/wp-json\/wp\/v2\/product_tag?post=3189"}],"curies":[{"name":"wp","href":"https:\/\/api.w.org\/{rel}","templated":true}]}}