{"id":3191,"date":"2025-05-21T15:19:07","date_gmt":"2025-05-21T12:19:07","guid":{"rendered":"https:\/\/tammetorubbq.ee\/?post_type=product&#038;p=3191"},"modified":"2026-04-15T04:00:02","modified_gmt":"2026-04-15T01:00:02","slug":"suuttimet-grillaukseen-ja-puun-suuttimiin","status":"publish","type":"product","link":"https:\/\/tammetorubbq.ee\/fi\/product-2\/suuttimet-grillaukseen-ja-puun-suuttimiin\/","title":{"rendered":"Tulitikkuja grillihiili\u00e4 ja puunpolttoa varten."},"content":{"rendered":"<p><strong>Pakkaus<\/strong>: minipahvilaatikko (n. 1 kg \/ 80 kpl)<\/p>","protected":false},"excerpt":{"rendered":"<h5 data-start=\"60\" data-end=\"142\"><strong data-start=\"107\" data-end=\"142\">Luonnollinen ja tehokas sytytys<\/strong><\/h5>\n<p class=\"\" data-start=\"144\" data-end=\"408\">Ekologiset tulitikut on valmistettu. <strong data-start=\"190\" data-end=\"207\">puulastut<\/strong>, joka on <strong data-start=\"216\" data-end=\"247\">kyll\u00e4stetty luonnonvahalla<\/strong> - t\u00e4ysin kemikaaliton ja hajuton.<\/p>\n<p class=\"\" data-start=\"144\" data-end=\"408\">Yksi laatikko sis\u00e4lt\u00e4\u00e4 noin <strong data-start=\"312\" data-end=\"327\">80 aluketta<\/strong>, mik\u00e4 tekee siit\u00e4 erityisen <strong data-start=\"352\" data-end=\"383\">pitk\u00e4ik\u00e4inen ja edullinen valinta<\/strong> jokap\u00e4iv\u00e4iseen k\u00e4ytt\u00f6\u00f6n.<\/p>\n<p><strong>Sopii t\u00e4ydellisesti:<\/strong><\/p>\n<ul>\n<li>Kaminatesse<\/li>\n<li>Ahjudesse<\/li>\n<li>Grillide ja BBQ-de s\u00fc\u00fctamiseks<\/li>\n<li>Puuk\u00fcttekateldesse<\/li>\n<li>S\u00fcte ja brikettide s\u00fc\u00fctamiseks<\/li>\n<\/ul>\n<p class=\"\" data-start=\"751\" data-end=\"864\"><strong data-start=\"751\" data-end=\"773\">Vain yksi sytytystulppa <\/strong>riitt\u00e4\u00e4 nuotion sytytt\u00e4miseen, jos k\u00e4yt\u00e4t my\u00f6s sytykkeit\u00e4 (esim. hienoa puuta tai tikkuja).<\/p>\n<p data-start=\"751\" data-end=\"864\"><strong data-start=\"871\" data-end=\"886\">Pro-vinkki: <\/strong>Hoia karp s\u00fc\u00fctepulkasid alati k\u00e4ep\u00e4rast \u2013 need on ideaalsed ka matkale, l\u00f5kkeplatsile v\u00f5i suvilasse kaasa v\u00f5tmiseks! Ei mingeid kemikaale, suitsu ega ebameeldivat l\u00f5hna \u2013 ainult puhas ja kindel s\u00fc\u00fcde igas olukorras.<\/p>\n<p><img loading=\"lazy\" decoding=\"async\" class=\"wp-image-2719\" src=\"http:\/\/tammetorubbq.ee\/wp-content\/uploads\/2025\/04\/Turnpike-BBQ-logo-300x300.webp\" alt=\"Turnpike BBQ -logo\" width=\"141\" height=\"141\" srcset=\"https:\/\/tammetorubbq.ee\/wp-content\/uploads\/2025\/04\/Turnpike-BBQ-logo-300x300.webp 300w, https:\/\/tammetorubbq.ee\/wp-content\/uploads\/2025\/04\/Turnpike-BBQ-logo-150x150.webp 150w, https:\/\/tammetorubbq.ee\/wp-content\/uploads\/2025\/04\/Turnpike-BBQ-logo-12x12.webp 12w, https:\/\/tammetorubbq.ee\/wp-content\/uploads\/2025\/04\/Turnpike-BBQ-logo-600x600.webp 600w, https:\/\/tammetorubbq.ee\/wp-content\/uploads\/2025\/04\/Turnpike-BBQ-logo-64x64.webp 64w, https:\/\/tammetorubbq.ee\/wp-content\/uploads\/2025\/04\/Turnpike-BBQ-logo.webp 720w\" sizes=\"auto, (max-width: 141px) 100vw, 141px\" \/><\/p>","protected":false},"featured_media":3192,"comment_status":"open","ping_status":"closed","template":"","meta":{"_uf_show_specific_survey":0,"_uf_disable_surveys":false},"pwb-brand":[117],"product_brand":[],"product_cat":[60],"product_tag":[],"class_list":{"0":"post-3191","1":"product","2":"type-product","3":"status-publish","4":"has-post-thumbnail","6":"pwb-brand-turnpike-bbq","7":"product_cat-suutepulgad","9":"first","10":"instock","11":"taxable","12":"shipping-taxable","13":"purchasable","14":"product-type-simple"},"brands":[{"id":117,"name":"Turnpike BBQ","slug":"turnpike-bbq"}],"_links":{"self":[{"href":"https:\/\/tammetorubbq.ee\/fi\/wp-json\/wp\/v2\/product\/3191","targetHints":{"allow":["GET"]}}],"collection":[{"href":"https:\/\/tammetorubbq.ee\/fi\/wp-json\/wp\/v2\/product"}],"about":[{"href":"https:\/\/tammetorubbq.ee\/fi\/wp-json\/wp\/v2\/types\/product"}],"replies":[{"embeddable":true,"href":"https:\/\/tammetorubbq.ee\/fi\/wp-json\/wp\/v2\/comments?post=3191"}],"wp:featuredmedia":[{"embeddable":true,"href":"https:\/\/tammetorubbq.ee\/fi\/wp-json\/wp\/v2\/media\/3192"}],"wp:attachment":[{"href":"https:\/\/tammetorubbq.ee\/fi\/wp-json\/wp\/v2\/media?parent=3191"}],"wp:term":[{"taxonomy":"pwb-brand","embeddable":true,"href":"https:\/\/tammetorubbq.ee\/fi\/wp-json\/wp\/v2\/pwb-brand?post=3191"},{"taxonomy":"product_brand","embeddable":true,"href":"https:\/\/tammetorubbq.ee\/fi\/wp-json\/wp\/v2\/product_brand?post=3191"},{"taxonomy":"product_cat","embeddable":true,"href":"https:\/\/tammetorubbq.ee\/fi\/wp-json\/wp\/v2\/product_cat?post=3191"},{"taxonomy":"product_tag","embeddable":true,"href":"https:\/\/tammetorubbq.ee\/fi\/wp-json\/wp\/v2\/product_tag?post=3191"}],"curies":[{"name":"wp","href":"https:\/\/api.w.org\/{rel}","templated":true}]}}