{"id":3194,"date":"2025-05-21T15:45:16","date_gmt":"2025-05-21T12:45:16","guid":{"rendered":"https:\/\/tammetorubbq.ee\/?post_type=product&#038;p=3194"},"modified":"2026-04-15T03:00:18","modified_gmt":"2026-04-15T00:00:18","slug":"savuharkko-puusta-25kg","status":"publish","type":"product","link":"https:\/\/tammetorubbq.ee\/fi\/product-2\/savuharkko-puusta-25kg\/","title":{"rendered":"Turnpike BBQ suitsuklots \u2013 \u00f5unapuust 2,5kg"},"content":{"rendered":"<p><strong>Pakkaus<\/strong>: 2,5 kg, 8 litraa<\/p>","protected":false},"excerpt":{"rendered":"<p class=\"\" data-start=\"60\" data-end=\"120\"><strong data-start=\"60\" data-end=\"118\">Omenapuun savuhake - herkk\u00e4 ja makea savun maku!<\/strong><\/p>\n<p class=\"\" data-start=\"122\" data-end=\"373\"><strong data-start=\"122\" data-end=\"139\">Omenapuun savu<\/strong> antaa lihaa <strong data-start=\"153\" data-end=\"186\">herkk\u00e4 ja hieman makea maku<\/strong>, joka soveltuu erityisen hyvin <strong data-start=\"210\" data-end=\"240\">sianliha, kala ja siipikarja<\/strong> tupakointiin. Savu ei ole koskaan liian voimakasta, vaan se on juuri oikeassa tasapainossa raaka-aineiden luonnollisen maun korostamiseksi.<\/p>\n<p class=\"\" data-start=\"375\" data-end=\"538\">Vaikka <strong data-start=\"381\" data-end=\"431\">omenapuun savun maku tunkeutuu lihaan hitaasti.<\/strong>, k\u00e4rsiv\u00e4llisyys kannattaa - pidemm\u00e4n savuttelun aikana saat todella syv\u00e4n ja hienovaraisen makuel\u00e4myksen.<\/p>\n<p class=\"\" data-start=\"540\" data-end=\"685\"><strong data-start=\"540\" data-end=\"559\">Tuotteen ominaisuudet:<\/strong><br data-start=\"559\" data-end=\"562\" \/>\u2714\ufe0f Tuottaa savua nopeasti<br data-start=\"587\" data-end=\"590\" \/>\u2714\ufe0f Palaa suhteellisen pitk\u00e4\u00e4n<br data-start=\"615\" data-end=\"618\" \/>\u2714\ufe0f Ei tarvetta tihe\u00e4\u00e4n lis\u00e4ykseen - ihanteellinen. <strong data-start=\"658\" data-end=\"685\">pidemp\u00e4\u00e4n tupakointiin<\/strong><\/p>\n<p class=\"\" data-start=\"687\" data-end=\"822\"><strong data-start=\"687\" data-end=\"710\">Sopii:<\/strong><br data-start=\"710\" data-end=\"713\" \/>- Kivihiili- tai brikettipolttoinen<br data-start=\"738\" data-end=\"741\" \/>- Ihanteellinen k\u00e4ytett\u00e4v\u00e4ksi, kun lis\u00e4t\u00e4\u00e4n polttoainetta tuleen<strong>\u00a0<a href=\"https:\/\/tammetorubbq.ee\/fi\/luokka\/grillit\/keraamiset-grillit\/\">Kamado Joe<\/a><\/strong>-s tai\u00a0<strong><a href=\"https:\/\/tammetorubbq.ee\/fi\/luokka\/grillit\/bbq-savustusuunit\/\">BBQ-uuni<\/a><\/strong>.<\/p>\n<p><img loading=\"lazy\" decoding=\"async\" class=\"wp-image-2719\" src=\"http:\/\/tammetorubbq.ee\/wp-content\/uploads\/2025\/04\/Turnpike-BBQ-logo-300x300.webp\" alt=\"Turnpike BBQ -logo\" width=\"137\" height=\"137\" srcset=\"https:\/\/tammetorubbq.ee\/wp-content\/uploads\/2025\/04\/Turnpike-BBQ-logo-300x300.webp 300w, https:\/\/tammetorubbq.ee\/wp-content\/uploads\/2025\/04\/Turnpike-BBQ-logo-150x150.webp 150w, https:\/\/tammetorubbq.ee\/wp-content\/uploads\/2025\/04\/Turnpike-BBQ-logo-12x12.webp 12w, https:\/\/tammetorubbq.ee\/wp-content\/uploads\/2025\/04\/Turnpike-BBQ-logo-600x600.webp 600w, https:\/\/tammetorubbq.ee\/wp-content\/uploads\/2025\/04\/Turnpike-BBQ-logo-64x64.webp 64w, https:\/\/tammetorubbq.ee\/wp-content\/uploads\/2025\/04\/Turnpike-BBQ-logo.webp 720w\" sizes=\"auto, (max-width: 137px) 100vw, 137px\" \/><\/p>\n<p>&nbsp;<\/p>","protected":false},"featured_media":3195,"comment_status":"open","ping_status":"closed","template":"","meta":{"_uf_show_specific_survey":0,"_uf_disable_surveys":false},"pwb-brand":[117],"product_brand":[391],"product_cat":[59],"product_tag":[163,118,114,124],"class_list":{"0":"post-3194","1":"product","2":"type-product","3":"status-publish","4":"has-post-thumbnail","6":"pwb-brand-turnpike-bbq","7":"product_brand-turnpike-bbq","8":"product_cat-suitsuklotsid","9":"product_tag-kala","10":"product_tag-kanaliha","11":"product_tag-sealiha","12":"product_tag-suitsuklots","14":"first","15":"instock","16":"taxable","17":"shipping-taxable","18":"purchasable","19":"product-type-simple"},"brands":[{"id":117,"name":"Turnpike BBQ","slug":"turnpike-bbq"}],"_links":{"self":[{"href":"https:\/\/tammetorubbq.ee\/fi\/wp-json\/wp\/v2\/product\/3194","targetHints":{"allow":["GET"]}}],"collection":[{"href":"https:\/\/tammetorubbq.ee\/fi\/wp-json\/wp\/v2\/product"}],"about":[{"href":"https:\/\/tammetorubbq.ee\/fi\/wp-json\/wp\/v2\/types\/product"}],"replies":[{"embeddable":true,"href":"https:\/\/tammetorubbq.ee\/fi\/wp-json\/wp\/v2\/comments?post=3194"}],"wp:featuredmedia":[{"embeddable":true,"href":"https:\/\/tammetorubbq.ee\/fi\/wp-json\/wp\/v2\/media\/3195"}],"wp:attachment":[{"href":"https:\/\/tammetorubbq.ee\/fi\/wp-json\/wp\/v2\/media?parent=3194"}],"wp:term":[{"taxonomy":"pwb-brand","embeddable":true,"href":"https:\/\/tammetorubbq.ee\/fi\/wp-json\/wp\/v2\/pwb-brand?post=3194"},{"taxonomy":"product_brand","embeddable":true,"href":"https:\/\/tammetorubbq.ee\/fi\/wp-json\/wp\/v2\/product_brand?post=3194"},{"taxonomy":"product_cat","embeddable":true,"href":"https:\/\/tammetorubbq.ee\/fi\/wp-json\/wp\/v2\/product_cat?post=3194"},{"taxonomy":"product_tag","embeddable":true,"href":"https:\/\/tammetorubbq.ee\/fi\/wp-json\/wp\/v2\/product_tag?post=3194"}],"curies":[{"name":"wp","href":"https:\/\/api.w.org\/{rel}","templated":true}]}}