{"id":3196,"date":"2025-05-21T16:07:35","date_gmt":"2025-05-21T13:07:35","guid":{"rendered":"https:\/\/tammetorubbq.ee\/?post_type=product&#038;p=3196"},"modified":"2026-04-15T04:00:05","modified_gmt":"2026-04-15T01:00:05","slug":"grillia-kaantymavayla","status":"publish","type":"product","link":"https:\/\/tammetorubbq.ee\/fi\/product-2\/grillia-kaantymavayla\/","title":{"rendered":"Turnpike grilltangid"},"content":{"rendered":"<p><strong data-start=\"607\" data-end=\"629\">Tekniset tiedot:<\/strong><br data-start=\"629\" data-end=\"632\" \/>- Materiaali: ruostumaton ter\u00e4s S\/S430<br data-start=\"667\" data-end=\"670\" \/>- Kahvan materiaali: teak<br data-start=\"700\" data-end=\"703\" \/>- Mitat: 42 \u00d7 5 \u00d7 4 cm<\/p>","protected":false},"excerpt":{"rendered":"<p class=\"\" data-start=\"79\" data-end=\"170\"><strong data-start=\"79\" data-end=\"168\">Ruostumattomasta ter\u00e4ksest\u00e4 valmistetut grillipihdit teak-kahvoilla - kest\u00e4v\u00e4t, tyylikk\u00e4\u00e4t ja k\u00e4tev\u00e4t.<\/strong><\/p>\n<p class=\"\" data-start=\"172\" data-end=\"520\">Tarve <strong data-start=\"177\" data-end=\"214\">ruostumattomasta ter\u00e4ksest\u00e4 valmistetut grillitangot<\/strong> on ihanteellinen v\u00e4line lihan ja vihannesten py\u00f6ritt\u00e4miseen ja siirt\u00e4miseen grilliss\u00e4. Valmistettu <strong data-start=\"309\" data-end=\"348\">korkealaatuinen ruostumaton ter\u00e4s<\/strong>, joka takaa kest\u00e4vyyden ja pitk\u00e4n k\u00e4ytt\u00f6i\u00e4n, ja varustettu seuraavilla ominaisuuksilla <strong data-start=\"409\" data-end=\"445\">vahvalla teak-kahvalla<\/strong>, joka pysyy tukevasti k\u00e4dess\u00e4 ja kest\u00e4\u00e4 hyvin l\u00e4mp\u00f6\u00e4 ja s\u00e4\u00e4olosuhteita.<\/p>\n<p class=\"\" data-start=\"522\" data-end=\"742\">Tangidit <strong data-start=\"530\" data-end=\"559\">kest\u00e4v\u00e4 rakenne<\/strong> mahdollistaa ruoan tarttumisen ja nostamisen turvallisesti rikkoutumatta tai putoamatta. Tyylik\u00e4s tiikkikahva lis\u00e4\u00e4 paitsi toiminnallisuutta my\u00f6s visuaalista arvoa grilliv\u00e4lineillesi.<\/p>\n<p class=\"\" data-start=\"744\" data-end=\"1043\"><strong data-start=\"744\" data-end=\"763\">Tuotteen ominaisuudet:<\/strong><br data-start=\"763\" data-end=\"766\" \/>\u2714\ufe0f Ruostumaton ter\u00e4s - vahva ja ruostumaton<br data-start=\"809\" data-end=\"812\" \/>\u2714\ufe0f Kest\u00e4v\u00e4 teak-kahva - tyylik\u00e4s ja l\u00e4mm\u00f6nkest\u00e4v\u00e4<br data-start=\"871\" data-end=\"874\" \/>\u2714\ufe0f K\u00e4yt\u00e4nn\u00f6llinen lukitusmekanismi - pihdit voidaan lukita s\u00e4ilytyst\u00e4 varten.<br data-start=\"941\" data-end=\"944\" \/>\u2714\ufe0f Nahkalenkki - k\u00e4tev\u00e4 ripustamiseen.<br data-start=\"978\" data-end=\"981\" \/>\u2714\ufe0f <strong>Pituus 42 cm<\/strong> (16,5\u2033) - pit\u00e4\u00e4 k\u00e4det turvallisen et\u00e4isyyden p\u00e4\u00e4ss\u00e4 kuumuudesta.<\/p>\n<p class=\"\" data-start=\"1045\" data-end=\"1141\"><strong data-start=\"1045\" data-end=\"1141\">T\u00e4ydellinen kumppani jokaiselle grillimestarille - yhdist\u00e4\u00e4 toiminnallisuuden ja tyylin yhdess\u00e4 ty\u00f6kalussa!<\/strong><\/p>\n<p class=\"\" data-start=\"0\" data-end=\"331\"><strong data-start=\"0\" data-end=\"15\">\ud83d\udca1 Pro-vinkki: <\/strong>Puhdista pihdit v\u00e4litt\u00f6m\u00e4sti jokaisen k\u00e4ytt\u00f6kerran j\u00e4lkeen l\u00e4mpim\u00e4ll\u00e4 vedell\u00e4 ja miedolla pesuaineella ja kuivaa ne huolellisesti - t\u00e4m\u00e4 auttaa s\u00e4ilytt\u00e4m\u00e4\u00e4n <strong data-start=\"136\" data-end=\"163\">ruostumattoman ter\u00e4ksen kiilto<\/strong> ja <strong data-start=\"167\" data-end=\"194\">teakin kest\u00e4vyys<\/strong> tulevina vuosina. Teak-puiden kunnossapitoa varten hankaa kahvaa ajoittain pienell\u00e4 m\u00e4\u00e4r\u00e4ll\u00e4 vett\u00e4. <strong data-start=\"267\" data-end=\"281\">ruoka\u00f6ljy<\/strong>jotta puu pysyy kosteutta kest\u00e4v\u00e4n\u00e4 ja halkeilemattomana.<\/p>\n<p class=\"\" data-start=\"333\" data-end=\"463\">Sauvat sopivat my\u00f6s erinomaisesti <strong data-start=\"365\" data-end=\"405\">grillattua parsaa tai maissinpoikasta<\/strong> k\u00e4\u00e4nt\u00e4miseen pitk\u00e4n varren ja tukevan otteen ansiosta!<\/p>\n<p><img loading=\"lazy\" decoding=\"async\" class=\"wp-image-2719\" src=\"http:\/\/tammetorubbq.ee\/wp-content\/uploads\/2025\/04\/Turnpike-BBQ-logo-300x300.webp\" alt=\"Turnpike BBQ -logo\" width=\"135\" height=\"135\" srcset=\"https:\/\/tammetorubbq.ee\/wp-content\/uploads\/2025\/04\/Turnpike-BBQ-logo-300x300.webp 300w, https:\/\/tammetorubbq.ee\/wp-content\/uploads\/2025\/04\/Turnpike-BBQ-logo-150x150.webp 150w, https:\/\/tammetorubbq.ee\/wp-content\/uploads\/2025\/04\/Turnpike-BBQ-logo-12x12.webp 12w, https:\/\/tammetorubbq.ee\/wp-content\/uploads\/2025\/04\/Turnpike-BBQ-logo-600x600.webp 600w, https:\/\/tammetorubbq.ee\/wp-content\/uploads\/2025\/04\/Turnpike-BBQ-logo-64x64.webp 64w, https:\/\/tammetorubbq.ee\/wp-content\/uploads\/2025\/04\/Turnpike-BBQ-logo.webp 720w\" sizes=\"auto, (max-width: 135px) 100vw, 135px\" \/><\/p>","protected":false},"featured_media":3197,"comment_status":"open","ping_status":"closed","template":"","meta":{"_uf_show_specific_survey":0,"_uf_disable_surveys":false},"pwb-brand":[117],"product_brand":[],"product_cat":[30,20],"product_tag":[134,355],"class_list":{"0":"post-3196","1":"product","2":"type-product","3":"status-publish","4":"has-post-thumbnail","6":"pwb-brand-turnpike-bbq","7":"product_cat-grillimise-tarvikud","8":"product_cat-kampaania","9":"product_tag-grillimise-tarvikud","10":"product_tag-grilltangid","12":"first","13":"instock","14":"sale","15":"taxable","16":"shipping-taxable","17":"purchasable","18":"product-type-simple"},"brands":[{"id":117,"name":"Turnpike BBQ","slug":"turnpike-bbq"}],"_links":{"self":[{"href":"https:\/\/tammetorubbq.ee\/fi\/wp-json\/wp\/v2\/product\/3196","targetHints":{"allow":["GET"]}}],"collection":[{"href":"https:\/\/tammetorubbq.ee\/fi\/wp-json\/wp\/v2\/product"}],"about":[{"href":"https:\/\/tammetorubbq.ee\/fi\/wp-json\/wp\/v2\/types\/product"}],"replies":[{"embeddable":true,"href":"https:\/\/tammetorubbq.ee\/fi\/wp-json\/wp\/v2\/comments?post=3196"}],"wp:featuredmedia":[{"embeddable":true,"href":"https:\/\/tammetorubbq.ee\/fi\/wp-json\/wp\/v2\/media\/3197"}],"wp:attachment":[{"href":"https:\/\/tammetorubbq.ee\/fi\/wp-json\/wp\/v2\/media?parent=3196"}],"wp:term":[{"taxonomy":"pwb-brand","embeddable":true,"href":"https:\/\/tammetorubbq.ee\/fi\/wp-json\/wp\/v2\/pwb-brand?post=3196"},{"taxonomy":"product_brand","embeddable":true,"href":"https:\/\/tammetorubbq.ee\/fi\/wp-json\/wp\/v2\/product_brand?post=3196"},{"taxonomy":"product_cat","embeddable":true,"href":"https:\/\/tammetorubbq.ee\/fi\/wp-json\/wp\/v2\/product_cat?post=3196"},{"taxonomy":"product_tag","embeddable":true,"href":"https:\/\/tammetorubbq.ee\/fi\/wp-json\/wp\/v2\/product_tag?post=3196"}],"curies":[{"name":"wp","href":"https:\/\/api.w.org\/{rel}","templated":true}]}}