{"id":3198,"date":"2025-05-21T16:16:15","date_gmt":"2025-05-21T13:16:15","guid":{"rendered":"https:\/\/tammetorubbq.ee\/?post_type=product&#038;p=3198"},"modified":"2026-04-14T22:00:40","modified_gmt":"2026-04-14T19:00:40","slug":"turnpike-bbq-lammonkestavat-grilli-kasineet","status":"publish","type":"product","link":"https:\/\/tammetorubbq.ee\/fi\/product-2\/turnpike-bbq-lammonkestavat-grilli-kasineet\/","title":{"rendered":"Turnpike BBQ l\u00e4mm\u00f6nkest\u00e4v\u00e4t grillik\u00e4sineet"},"content":{"rendered":"<ul>\n<li class=\"\" data-start=\"157\" data-end=\"236\">\n<p class=\"\" data-start=\"159\" data-end=\"236\"><strong>Materiaali:<\/strong> polyesteri-puuvillakangas, jossa on silikoni- ja puuvillavuori.<\/p>\n<\/li>\n<li class=\"\" data-start=\"237\" data-end=\"292\">\n<p class=\"\" data-start=\"239\" data-end=\"292\"><strong>Mitat:<\/strong> 31 \u00d7 16 \u00d7 1,5 cm (pituus \u00d7 leveys \u00d7 paksuus).<\/p>\n<\/li>\n<\/ul>","protected":false},"excerpt":{"rendered":"<p class=\"\" data-start=\"60\" data-end=\"135\"><strong data-start=\"60\" data-end=\"133\">Turnpike BBQ kuumuutta kest\u00e4v\u00e4t k\u00e4sineet - turvallisuutta ja mukavuutta grillauksen aikana.<\/strong><\/p>\n<p class=\"\" data-start=\"137\" data-end=\"418\">Turnpike BBQ -k\u00e4sineet on erityisesti suunniteltu kest\u00e4m\u00e4\u00e4n korkeita l\u00e4mp\u00f6tiloja. Valmistettu <strong data-start=\"232\" data-end=\"259\">vedenpit\u00e4v\u00e4 materiaali<\/strong>, joka suojaa k\u00e4si\u00e4si kuumuudelta ja kosteudelta. K\u00e4sineiss\u00e4 on <strong data-start=\"316\" data-end=\"360\">silikonikuvioitu pinta molemmin puolin<\/strong>, joka antaa tukevan otteen ja paremman hallinnan grillauksen aikana.<\/p>\n<p class=\"\" data-start=\"420\" data-end=\"524\">Lis\u00e4ksi n\u00e4m\u00e4 k\u00e4sineet soveltuvat sek\u00e4 <strong data-start=\"451\" data-end=\"483\">oikea- ja vasenk\u00e4tisille<\/strong>, joten se on k\u00e4tev\u00e4 ja helppok\u00e4ytt\u00f6inen.<\/p>\n<p class=\"\" data-start=\"526\" data-end=\"725\"><strong data-start=\"526\" data-end=\"548\">T\u00e4rkeimm\u00e4t ominaisuudet:<\/strong><br data-start=\"548\" data-end=\"551\" \/>\u2714\ufe0f Vedenpit\u00e4v\u00e4 ja l\u00e4mm\u00f6nkest\u00e4v\u00e4 materiaali<br data-start=\"588\" data-end=\"591\" \/>\u2714\ufe0f Silikonikuviot molemmin puolin - erinomainen pito.<br data-start=\"644\" data-end=\"647\" \/>\u2714\ufe0f Soveltuu vasen- ja oikeak\u00e4tiseen k\u00e4ytt\u00f6\u00f6n.<br data-start=\"684\" data-end=\"687\" \/>\u2714\ufe0f Ihanteellinen grilli- ja uunik\u00e4ytt\u00f6\u00f6n<\/p>\n<p data-start=\"526\" data-end=\"725\"><strong>Komplektis kaks kinnast!<\/strong><\/p>\n<p data-start=\"526\" data-end=\"725\"><strong data-start=\"732\" data-end=\"747\">\ud83d\udca1 Pro-vinkki: <\/strong>K\u00e4yt\u00e4 k\u00e4sineit\u00e4 grillipihtien kanssa, jotta saat parhaan mahdollisen hallinnan ja turvallisuuden, kun k\u00e4sittelet kuumaa ruokaa!<\/p>\n<p><img loading=\"lazy\" decoding=\"async\" class=\"wp-image-2719\" src=\"http:\/\/tammetorubbq.ee\/wp-content\/uploads\/2025\/04\/Turnpike-BBQ-logo-300x300.webp\" alt=\"Turnpike BBQ -logo\" width=\"128\" height=\"128\" srcset=\"https:\/\/tammetorubbq.ee\/wp-content\/uploads\/2025\/04\/Turnpike-BBQ-logo-300x300.webp 300w, https:\/\/tammetorubbq.ee\/wp-content\/uploads\/2025\/04\/Turnpike-BBQ-logo-150x150.webp 150w, https:\/\/tammetorubbq.ee\/wp-content\/uploads\/2025\/04\/Turnpike-BBQ-logo-12x12.webp 12w, https:\/\/tammetorubbq.ee\/wp-content\/uploads\/2025\/04\/Turnpike-BBQ-logo-600x600.webp 600w, https:\/\/tammetorubbq.ee\/wp-content\/uploads\/2025\/04\/Turnpike-BBQ-logo-64x64.webp 64w, https:\/\/tammetorubbq.ee\/wp-content\/uploads\/2025\/04\/Turnpike-BBQ-logo.webp 720w\" sizes=\"auto, (max-width: 128px) 100vw, 128px\" \/><\/p>","protected":false},"featured_media":3199,"comment_status":"open","ping_status":"closed","template":"","meta":{"_uf_show_specific_survey":0,"_uf_disable_surveys":false},"pwb-brand":[117],"product_brand":[],"product_cat":[30,20],"product_tag":[134,359],"class_list":{"0":"post-3198","1":"product","2":"type-product","3":"status-publish","4":"has-post-thumbnail","6":"pwb-brand-turnpike-bbq","7":"product_cat-grillimise-tarvikud","8":"product_cat-kampaania","9":"product_tag-grillimise-tarvikud","10":"product_tag-grillkindad","12":"first","13":"outofstock","14":"sale","15":"taxable","16":"shipping-taxable","17":"purchasable","18":"product-type-simple"},"brands":[{"id":117,"name":"Turnpike BBQ","slug":"turnpike-bbq"}],"_links":{"self":[{"href":"https:\/\/tammetorubbq.ee\/fi\/wp-json\/wp\/v2\/product\/3198","targetHints":{"allow":["GET"]}}],"collection":[{"href":"https:\/\/tammetorubbq.ee\/fi\/wp-json\/wp\/v2\/product"}],"about":[{"href":"https:\/\/tammetorubbq.ee\/fi\/wp-json\/wp\/v2\/types\/product"}],"replies":[{"embeddable":true,"href":"https:\/\/tammetorubbq.ee\/fi\/wp-json\/wp\/v2\/comments?post=3198"}],"wp:featuredmedia":[{"embeddable":true,"href":"https:\/\/tammetorubbq.ee\/fi\/wp-json\/wp\/v2\/media\/3199"}],"wp:attachment":[{"href":"https:\/\/tammetorubbq.ee\/fi\/wp-json\/wp\/v2\/media?parent=3198"}],"wp:term":[{"taxonomy":"pwb-brand","embeddable":true,"href":"https:\/\/tammetorubbq.ee\/fi\/wp-json\/wp\/v2\/pwb-brand?post=3198"},{"taxonomy":"product_brand","embeddable":true,"href":"https:\/\/tammetorubbq.ee\/fi\/wp-json\/wp\/v2\/product_brand?post=3198"},{"taxonomy":"product_cat","embeddable":true,"href":"https:\/\/tammetorubbq.ee\/fi\/wp-json\/wp\/v2\/product_cat?post=3198"},{"taxonomy":"product_tag","embeddable":true,"href":"https:\/\/tammetorubbq.ee\/fi\/wp-json\/wp\/v2\/product_tag?post=3198"}],"curies":[{"name":"wp","href":"https:\/\/api.w.org\/{rel}","templated":true}]}}