{"id":3227,"date":"2025-05-26T17:08:42","date_gmt":"2025-05-26T14:08:42","guid":{"rendered":"https:\/\/tammetorubbq.ee\/?post_type=product&#038;p=3227"},"modified":"2026-04-15T02:00:13","modified_gmt":"2026-04-14T23:00:13","slug":"lootn-booty-gold-star-kanahieronta-369g","status":"publish","type":"product","link":"https:\/\/tammetorubbq.ee\/fi\/product-2\/lootn-booty-gold-star-kanahieronta-369g\/","title":{"rendered":"Loot`n Booty Gold Star Chicken Rub 369 g"},"content":{"rendered":"<p><strong data-start=\"407\" data-end=\"435\">Ainesosat<\/strong>: suola; kuivattu valkosipuli, sipuli ja paprika; sokeri; mausteet, mukaan lukien chili; paprika; natriumglutamaatti; sinapinsiemenet; sellerinsiemenet; sitruunahappo; luonnollinen hikkorinsavuaromi; kurkumauute (v\u00e4ri); sitruuna\u00f6ljy; papaiinientsyymi; alle 2% trikalsiumfosfaattia paakkuuntumisen est\u00e4miseksi.<\/p>","protected":false},"excerpt":{"rendered":"<p><span class=\"relative -mx-px my-[-0.2rem] rounded px-px py-[0.2rem] transition-colors duration-100 ease-in-out\"><strong data-start=\"0\" data-end=\"39\" data-is-only-node=\"\">Loot N\u2019 Booty Gold Star Chicken Rub<\/strong> on auhinnatud maitseainesegu, mis on loodud spetsiaalselt kanaliha ja muu linnuliha maitsestamiseks.<\/span> <span class=\"relative -mx-px my-[-0.2rem] rounded px-px py-[0.2rem] transition-colors duration-100 ease-in-out\">Selle segu autor on pitmaster Sterling Smith, kes saavutas 2014. aastal American Royal World Series of Barbecue Invitational v\u00f5istlusel kana kategoorias t\u00e4iusliku 180-punktilise tulemuse, konkureerides 165 meistritiitliga v\u00f5istkonna vastu.<\/span><\/p>\n<p><strong data-start=\"187\" data-end=\"218\">V\u00f5istluskvaliteediga maitse<\/strong>: <span class=\"relative -mx-px my-[-0.2rem] rounded px-px py-[0.2rem] transition-colors duration-100 ease-in-out\">Loodud saavutama t\u00e4iuslikku maitset, mis on p\u00e4lvinud mitmeid auhindu BBQ v\u00f5istlustel.<\/span><\/p>\n<p><span class=\"relative -mx-px my-[-0.2rem] rounded px-px py-[0.2rem] transition-colors duration-100 ease-in-out\"><strong data-start=\"0\" data-end=\"39\" data-is-only-node=\"\">Loot N\u2019 Booty Gold Star Chicken Rub<\/strong> on ideaalne valik neile, kes soovivad oma linnuliharoogadele lisada professionaalse tasemega maitset.<\/span> <span class=\"relative -mx-px my-[-0.2rem] rounded px-px py-[0.2rem] transition-colors duration-100 ease-in-out\">Olgu see siis kodune \u00f5htus\u00f6\u00f6k v\u00f5i BBQ-v\u00f5istlus \u2013 see maitseainesegu aitab teil saavutada kuldtaseme tulemusi.<\/span><\/p>\n<p data-start=\"663\" data-end=\"678\">\ud83d\udca1<strong> Pro tip:<\/strong> <span class=\"relative -mx-px my-[-0.2rem] rounded px-px py-[0.2rem] transition-colors duration-100 ease-in-out\">Kandke <strong data-start=\"7\" data-end=\"32\">Gold Star Chicken Rub<\/strong> maitsestatavale kanale v\u00e4hemalt 30 minutit enne k\u00fcpsetamist, et maitsed saaksid s\u00fcgavamalt imenduda.<\/span> <span class=\"relative -mx-px my-[-0.2rem] rounded px-px py-[0.2rem] transition-colors duration-100 ease-in-out\">Veelgi intensiivsema maitse saavutamiseks laske lihal maitsestuda \u00fcle\u00f6\u00f6 k\u00fclmkapis.<\/span><\/p>\n<p><img loading=\"lazy\" decoding=\"async\" class=\" wp-image-1862\" src=\"http:\/\/tammetorubbq.ee\/wp-content\/uploads\/2024\/07\/Loot-n-Booty-logo.png\" alt=\"Loot-n-Booty logo\" width=\"145\" height=\"145\" srcset=\"https:\/\/tammetorubbq.ee\/wp-content\/uploads\/2024\/07\/Loot-n-Booty-logo.png 300w, https:\/\/tammetorubbq.ee\/wp-content\/uploads\/2024\/07\/Loot-n-Booty-logo-150x150.png 150w, https:\/\/tammetorubbq.ee\/wp-content\/uploads\/2024\/07\/Loot-n-Booty-logo-12x12.png 12w, https:\/\/tammetorubbq.ee\/wp-content\/uploads\/2024\/07\/Loot-n-Booty-logo-64x64.png 64w\" sizes=\"auto, (max-width: 145px) 100vw, 145px\" \/><\/p>\n","protected":false},"featured_media":3228,"comment_status":"open","ping_status":"closed","template":"","meta":{"_uf_show_specific_survey":0,"_uf_disable_surveys":false},"pwb-brand":[98],"product_brand":[],"product_cat":[21,20],"product_tag":[118],"class_list":{"0":"post-3227","1":"product","2":"type-product","3":"status-publish","4":"has-post-thumbnail","6":"pwb-brand-loot-n-booty-bbq","7":"product_cat-maitseainesegud","8":"product_cat-kampaania","9":"product_tag-kanaliha","11":"first","12":"instock","13":"sale","14":"taxable","15":"shipping-taxable","16":"purchasable","17":"product-type-simple"},"brands":[{"id":98,"name":"Loot N' Booty BBQ","slug":"loot-n-booty-bbq"}],"_links":{"self":[{"href":"https:\/\/tammetorubbq.ee\/fi\/wp-json\/wp\/v2\/product\/3227","targetHints":{"allow":["GET"]}}],"collection":[{"href":"https:\/\/tammetorubbq.ee\/fi\/wp-json\/wp\/v2\/product"}],"about":[{"href":"https:\/\/tammetorubbq.ee\/fi\/wp-json\/wp\/v2\/types\/product"}],"replies":[{"embeddable":true,"href":"https:\/\/tammetorubbq.ee\/fi\/wp-json\/wp\/v2\/comments?post=3227"}],"wp:featuredmedia":[{"embeddable":true,"href":"https:\/\/tammetorubbq.ee\/fi\/wp-json\/wp\/v2\/media\/3228"}],"wp:attachment":[{"href":"https:\/\/tammetorubbq.ee\/fi\/wp-json\/wp\/v2\/media?parent=3227"}],"wp:term":[{"taxonomy":"pwb-brand","embeddable":true,"href":"https:\/\/tammetorubbq.ee\/fi\/wp-json\/wp\/v2\/pwb-brand?post=3227"},{"taxonomy":"product_brand","embeddable":true,"href":"https:\/\/tammetorubbq.ee\/fi\/wp-json\/wp\/v2\/product_brand?post=3227"},{"taxonomy":"product_cat","embeddable":true,"href":"https:\/\/tammetorubbq.ee\/fi\/wp-json\/wp\/v2\/product_cat?post=3227"},{"taxonomy":"product_tag","embeddable":true,"href":"https:\/\/tammetorubbq.ee\/fi\/wp-json\/wp\/v2\/product_tag?post=3227"}],"curies":[{"name":"wp","href":"https:\/\/api.w.org\/{rel}","templated":true}]}}